{"id":15813,"date":"2025-01-27T14:17:31","date_gmt":"2025-01-27T13:17:31","guid":{"rendered":"https:\/\/grapil.pl\/?post_type=product&#038;p=15813"},"modified":"2025-01-27T14:17:31","modified_gmt":"2025-01-27T13:17:31","slug":"bhp-sweatshirt","status":"publish","type":"product","link":"https:\/\/grapil.pl\/de\/produkt\/bhp-sweatshirt\/","title":{"rendered":"BHP-Sweatshirt"},"content":{"rendered":"<p>Hier steht die Beschreibung. Die Inhalte f\u00fcr diesen Standort werden nach Projektannahme bearbeitet und implementiert. Die Beschreibung wird von unseren Textspezialisten verfasst. Hier steht die Beschreibung. Die Inhalte f\u00fcr diesen Standort werden bearbeitet. Hier steht die Beschreibung.<\/p>","protected":false},"excerpt":{"rendered":"<p>Hier steht die Beschreibung. Die Inhalte f\u00fcr diesen Standort werden nach Projektannahme bearbeitet und implementiert. Die Beschreibung wird von unseren Textspezialisten verfasst. Hier steht die Beschreibung. Die Inhalte f\u00fcr diesen Standort werden bearbeitet. Hier steht die Beschreibung.<\/p>","protected":false},"featured_media":15814,"template":"","meta":[],"product_brand":[],"product_cat":[86],"product_tag":[],"class_list":{"0":"post-15813","1":"product","2":"type-product","3":"status-publish","4":"has-post-thumbnail","6":"product_cat-sklepbhp","8":"first","9":"instock","10":"taxable","11":"shipping-taxable","12":"product-type-simple"},"yoast_head":"<!-- This site is optimized with the Yoast SEO plugin v25.3 - https:\/\/yoast.com\/wordpress\/plugins\/seo\/ -->\n<title>Bluza bhp - Grapil.pl \u2013 Profesjonalna Odzie\u017c S\u0142u\u017cbowa dla Bran\u017cy Kelnerskiej, HoReCa i Medycyny<\/title>\n<meta name=\"robots\" content=\"index, follow, max-snippet:-1, max-image-preview:large, max-video-preview:-1\" \/>\n<link rel=\"canonical\" href=\"https:\/\/grapil.pl\/de\/produkt\/bhp-sweatshirt\/\" \/>\n<meta property=\"og:locale\" content=\"de_DE\" \/>\n<meta property=\"og:type\" content=\"article\" \/>\n<meta property=\"og:title\" content=\"Bluza bhp - Grapil.pl \u2013 Profesjonalna Odzie\u017c S\u0142u\u017cbowa dla Bran\u017cy Kelnerskiej, HoReCa i Medycyny\" \/>\n<meta property=\"og:description\" content=\"W tym miejscu b\u0119dzie opis. Tre\u015b\u0107 do tego miejsca zostanie zredagowania i wdro\u017cona po akceptacji projektu. Opis b\u0119dzie napisany przez naszych specjalist\u00f3w copywriter\u00f3w. W tym miejscu b\u0119dzie opis. Tre\u015b\u0107 do tego miejsca zostanie zredagowania. W tym miejscu b\u0119dzie opis.\" \/>\n<meta property=\"og:url\" content=\"https:\/\/grapil.pl\/de\/produkt\/bhp-sweatshirt\/\" \/>\n<meta property=\"og:site_name\" content=\"Grapil.pl \u2013 Profesjonalna Odzie\u017c S\u0142u\u017cbowa dla Bran\u017cy Kelnerskiej, HoReCa i Medycyny\" \/>\n<meta property=\"og:image\" content=\"https:\/\/grapil.pl\/wp-content\/uploads\/2025\/01\/bluza-bhp.webp\" \/>\n\t<meta property=\"og:image:width\" content=\"700\" \/>\n\t<meta property=\"og:image:height\" content=\"800\" \/>\n\t<meta property=\"og:image:type\" content=\"image\/webp\" \/>\n<meta name=\"twitter:card\" content=\"summary_large_image\" \/>\n<script type=\"application\/ld+json\" class=\"yoast-schema-graph\">{\"@context\":\"https:\/\/schema.org\",\"@graph\":[{\"@type\":\"WebPage\",\"@id\":\"https:\/\/grapil.pl\/produkt\/bluza-bhp\/\",\"url\":\"https:\/\/grapil.pl\/produkt\/bluza-bhp\/\",\"name\":\"Bluza bhp - Grapil.pl \u2013 Profesjonalna Odzie\u017c S\u0142u\u017cbowa dla Bran\u017cy Kelnerskiej, HoReCa i Medycyny\",\"isPartOf\":{\"@id\":\"https:\/\/grapil.pl\/#website\"},\"primaryImageOfPage\":{\"@id\":\"https:\/\/grapil.pl\/produkt\/bluza-bhp\/#primaryimage\"},\"image\":{\"@id\":\"https:\/\/grapil.pl\/produkt\/bluza-bhp\/#primaryimage\"},\"thumbnailUrl\":\"https:\/\/grapil.pl\/wp-content\/uploads\/2025\/01\/bluza-bhp.webp\",\"datePublished\":\"2025-01-27T13:17:31+00:00\",\"breadcrumb\":{\"@id\":\"https:\/\/grapil.pl\/produkt\/bluza-bhp\/#breadcrumb\"},\"inLanguage\":\"de\",\"potentialAction\":[{\"@type\":\"ReadAction\",\"target\":[\"https:\/\/grapil.pl\/produkt\/bluza-bhp\/\"]}]},{\"@type\":\"ImageObject\",\"inLanguage\":\"de\",\"@id\":\"https:\/\/grapil.pl\/produkt\/bluza-bhp\/#primaryimage\",\"url\":\"https:\/\/grapil.pl\/wp-content\/uploads\/2025\/01\/bluza-bhp.webp\",\"contentUrl\":\"https:\/\/grapil.pl\/wp-content\/uploads\/2025\/01\/bluza-bhp.webp\",\"width\":700,\"height\":800},{\"@type\":\"BreadcrumbList\",\"@id\":\"https:\/\/grapil.pl\/produkt\/bluza-bhp\/#breadcrumb\",\"itemListElement\":[{\"@type\":\"ListItem\",\"position\":1,\"name\":\"Strona g\u0142\u00f3wna\",\"item\":\"https:\/\/grapil.pl\/\"},{\"@type\":\"ListItem\",\"position\":2,\"name\":\"sklep\",\"item\":\"https:\/\/grapil.pl\/sklep\/\"},{\"@type\":\"ListItem\",\"position\":3,\"name\":\"Bluza bhp\"}]},{\"@type\":\"WebSite\",\"@id\":\"https:\/\/grapil.pl\/#website\",\"url\":\"https:\/\/grapil.pl\/\",\"name\":\"Grapil.pl \u2013 Profesjonalna Odzie\u017c S\u0142u\u017cbowa dla Bran\u017cy Kelnerskiej, HoReCa i Medycyny\",\"description\":\"\",\"potentialAction\":[{\"@type\":\"SearchAction\",\"target\":{\"@type\":\"EntryPoint\",\"urlTemplate\":\"https:\/\/grapil.pl\/?s={search_term_string}\"},\"query-input\":{\"@type\":\"PropertyValueSpecification\",\"valueRequired\":true,\"valueName\":\"search_term_string\"}}],\"inLanguage\":\"de\"}]}<\/script>\n<!-- \/ Yoast SEO plugin. -->","yoast_head_json":{"title":"Bluza bhp - Grapil.pl \u2013 Profesjonalna Odzie\u017c S\u0142u\u017cbowa dla Bran\u017cy Kelnerskiej, HoReCa i Medycyny","robots":{"index":"index","follow":"follow","max-snippet":"max-snippet:-1","max-image-preview":"max-image-preview:large","max-video-preview":"max-video-preview:-1"},"canonical":"https:\/\/grapil.pl\/de\/produkt\/bhp-sweatshirt\/","og_locale":"de_DE","og_type":"article","og_title":"Bluza bhp - Grapil.pl \u2013 Profesjonalna Odzie\u017c S\u0142u\u017cbowa dla Bran\u017cy Kelnerskiej, HoReCa i Medycyny","og_description":"W tym miejscu b\u0119dzie opis. Tre\u015b\u0107 do tego miejsca zostanie zredagowania i wdro\u017cona po akceptacji projektu. Opis b\u0119dzie napisany przez naszych specjalist\u00f3w copywriter\u00f3w. W tym miejscu b\u0119dzie opis. Tre\u015b\u0107 do tego miejsca zostanie zredagowania. W tym miejscu b\u0119dzie opis.","og_url":"https:\/\/grapil.pl\/de\/produkt\/bhp-sweatshirt\/","og_site_name":"Grapil.pl \u2013 Profesjonalna Odzie\u017c S\u0142u\u017cbowa dla Bran\u017cy Kelnerskiej, HoReCa i Medycyny","og_image":[{"width":700,"height":800,"url":"https:\/\/grapil.pl\/wp-content\/uploads\/2025\/01\/bluza-bhp.webp","type":"image\/webp"}],"twitter_card":"summary_large_image","schema":{"@context":"https:\/\/schema.org","@graph":[{"@type":"WebPage","@id":"https:\/\/grapil.pl\/produkt\/bluza-bhp\/","url":"https:\/\/grapil.pl\/produkt\/bluza-bhp\/","name":"Bluza bhp - Grapil.pl \u2013 Profesjonalna Odzie\u017c S\u0142u\u017cbowa dla Bran\u017cy Kelnerskiej, HoReCa i Medycyny","isPartOf":{"@id":"https:\/\/grapil.pl\/#website"},"primaryImageOfPage":{"@id":"https:\/\/grapil.pl\/produkt\/bluza-bhp\/#primaryimage"},"image":{"@id":"https:\/\/grapil.pl\/produkt\/bluza-bhp\/#primaryimage"},"thumbnailUrl":"https:\/\/grapil.pl\/wp-content\/uploads\/2025\/01\/bluza-bhp.webp","datePublished":"2025-01-27T13:17:31+00:00","breadcrumb":{"@id":"https:\/\/grapil.pl\/produkt\/bluza-bhp\/#breadcrumb"},"inLanguage":"de","potentialAction":[{"@type":"ReadAction","target":["https:\/\/grapil.pl\/produkt\/bluza-bhp\/"]}]},{"@type":"ImageObject","inLanguage":"de","@id":"https:\/\/grapil.pl\/produkt\/bluza-bhp\/#primaryimage","url":"https:\/\/grapil.pl\/wp-content\/uploads\/2025\/01\/bluza-bhp.webp","contentUrl":"https:\/\/grapil.pl\/wp-content\/uploads\/2025\/01\/bluza-bhp.webp","width":700,"height":800},{"@type":"BreadcrumbList","@id":"https:\/\/grapil.pl\/produkt\/bluza-bhp\/#breadcrumb","itemListElement":[{"@type":"ListItem","position":1,"name":"Strona g\u0142\u00f3wna","item":"https:\/\/grapil.pl\/"},{"@type":"ListItem","position":2,"name":"sklep","item":"https:\/\/grapil.pl\/sklep\/"},{"@type":"ListItem","position":3,"name":"Bluza bhp"}]},{"@type":"WebSite","@id":"https:\/\/grapil.pl\/#website","url":"https:\/\/grapil.pl\/","name":"Grapil.pl \u2013 Profesjonalna Odzie\u017c S\u0142u\u017cbowa dla Bran\u017cy Kelnerskiej, HoReCa i Medycyny","description":"","potentialAction":[{"@type":"SearchAction","target":{"@type":"EntryPoint","urlTemplate":"https:\/\/grapil.pl\/?s={search_term_string}"},"query-input":{"@type":"PropertyValueSpecification","valueRequired":true,"valueName":"search_term_string"}}],"inLanguage":"de"}]}},"_links":{"self":[{"href":"https:\/\/grapil.pl\/de\/wp-json\/wp\/v2\/product\/15813","targetHints":{"allow":["GET"]}}],"collection":[{"href":"https:\/\/grapil.pl\/de\/wp-json\/wp\/v2\/product"}],"about":[{"href":"https:\/\/grapil.pl\/de\/wp-json\/wp\/v2\/types\/product"}],"version-history":[{"count":1,"href":"https:\/\/grapil.pl\/de\/wp-json\/wp\/v2\/product\/15813\/revisions"}],"predecessor-version":[{"id":15815,"href":"https:\/\/grapil.pl\/de\/wp-json\/wp\/v2\/product\/15813\/revisions\/15815"}],"wp:featuredmedia":[{"embeddable":true,"href":"https:\/\/grapil.pl\/de\/wp-json\/wp\/v2\/media\/15814"}],"wp:attachment":[{"href":"https:\/\/grapil.pl\/de\/wp-json\/wp\/v2\/media?parent=15813"}],"wp:term":[{"taxonomy":"product_brand","embeddable":true,"href":"https:\/\/grapil.pl\/de\/wp-json\/wp\/v2\/product_brand?post=15813"},{"taxonomy":"product_cat","embeddable":true,"href":"https:\/\/grapil.pl\/de\/wp-json\/wp\/v2\/product_cat?post=15813"},{"taxonomy":"product_tag","embeddable":true,"href":"https:\/\/grapil.pl\/de\/wp-json\/wp\/v2\/product_tag?post=15813"}],"curies":[{"name":"wp","href":"https:\/\/api.w.org\/{rel}","templated":true}]}}