{"id":17019,"date":"2025-04-09T17:31:54","date_gmt":"2025-04-09T15:31:54","guid":{"rendered":"https:\/\/grapil.pl\/produkt\/buty-robocze-kanion-s1wariant1\/"},"modified":"2025-04-09T17:31:54","modified_gmt":"2025-04-09T15:31:54","slug":"canyon-s1-arbeitsstiefel-variante-1","status":"publish","type":"product","link":"https:\/\/grapil.pl\/de\/produkt\/canyon-s1-arbeitsstiefel-variante-1\/","title":{"rendered":"Kanion S1 Arbeitsstiefel{variant1}"},"content":{"rendered":"<p>Kanion S1 Schuhe sind moderne Arbeitsschuhe<strong>\u00a0<\/strong>aus festen Materialien, gekennzeichnet durch\u00a0<strong>Sicherheit,<\/strong>\u00a0<strong>hohe Haltbarkeit<\/strong>\u00a0Und\u00a0<strong>gro\u00dfe Weichheit.\u00a0<\/strong>Schuhe erf\u00fcllen Standards\u00a0<strong>EN-20345. Klasse S1<\/strong>.<\/p>\n<p><strong>Zehenkappe aus Metall (200J)\u00a0<\/strong>sorgt f\u00fcr Fu\u00dfsicherheit beim Aufprall oder wenn der Fu\u00df durch ein Gewicht zerquetscht wird. Die Schuhe haben Eigenschaften\u00a0<strong>antistatisch<\/strong>\u00a0und sie sind<strong>\u00a0best\u00e4ndig gegen L\u00f6sungsmittel<\/strong>\u00a0<strong>Bio<\/strong>Komfort wird durch einen dynamischen Sto\u00dfd\u00e4mpfer gew\u00e4hrleistet<strong>\u00a0Sto\u00dfd\u00e4mpfer<\/strong>\u00a0Im Fersenbereich ist eine \u201eweiche\u201c Zunge platziert, und die Funktionseigenschaften und Haltbarkeit werden durch die geschlossene Ferse verbessert.<\/p>\n<p> Doppelt eingespritzte Polyurethansohle \u2013 ist extrem langlebig und macht das Schuhwerk leicht.<\/p>\n<p> Die Produktionsqualit\u00e4t wird durch das Integrierte Qualit\u00e4tsmanagementsystem ISO-9001:2000 \u00fcberwacht.<\/p>\n<p>\u00a0<\/p>","protected":false},"excerpt":{"rendered":"<p>Kanion S1-Schuhe sind moderne Arbeitsschuhe aus robusten Materialien, die sich durch Sicherheit, hohe Strapazierf\u00e4higkeit und hohe Weichheit auszeichnen. Die Schuhe entsprechen der Norm EN-20345. Klasse S1. Die Metallkappe (200J) bietet<\/p>","protected":false},"featured_media":17021,"template":"","meta":[],"product_brand":[85],"product_cat":[86,87],"product_tag":[],"class_list":{"0":"post-17019","1":"product","2":"type-product","3":"status-publish","4":"has-post-thumbnail","6":"product_brand-consorte","7":"product_cat-sklepbhp","8":"product_cat-obuwie-robocze","10":"first","11":"instock","12":"product-type-simple"},"yoast_head":"<!-- This site is optimized with the Yoast SEO plugin v25.3 - https:\/\/yoast.com\/wordpress\/plugins\/seo\/ -->\n<title>Buty robocze Kanion S1{wariant1} - Grapil.pl \u2013 Profesjonalna Odzie\u017c S\u0142u\u017cbowa dla Bran\u017cy Kelnerskiej, HoReCa i Medycyny<\/title>\n<meta name=\"robots\" content=\"index, follow, max-snippet:-1, max-image-preview:large, max-video-preview:-1\" \/>\n<link rel=\"canonical\" href=\"https:\/\/grapil.pl\/de\/produkt\/canyon-s1-arbeitsstiefel-variante-1\/\" \/>\n<meta property=\"og:locale\" content=\"de_DE\" \/>\n<meta property=\"og:type\" content=\"article\" \/>\n<meta property=\"og:title\" content=\"Buty robocze Kanion S1{wariant1} - Grapil.pl \u2013 Profesjonalna Odzie\u017c S\u0142u\u017cbowa dla Bran\u017cy Kelnerskiej, HoReCa i Medycyny\" \/>\n<meta property=\"og:description\" content=\"Buty Kanion S1 to nowoczesne obuwie robocze\u00a0wykonane z solidnych materia\u0142\u00f3w, charakteryzuj\u0105cych si\u0119\u00a0bezpiecze\u0144stwem,\u00a0wysok\u0105 wytrzyma\u0142o\u015bci\u0105\u00a0i\u00a0du\u017c\u0105 mi\u0119kko\u015bci\u0105.\u00a0Obuwie spe\u0142nia normy\u00a0EN-20345. Klasa\u00a0S1. Metalowy podnosek (200J)\u00a0zapewnia\" \/>\n<meta property=\"og:url\" content=\"https:\/\/grapil.pl\/de\/produkt\/canyon-s1-arbeitsstiefel-variante-1\/\" \/>\n<meta property=\"og:site_name\" content=\"Grapil.pl \u2013 Profesjonalna Odzie\u017c S\u0142u\u017cbowa dla Bran\u017cy Kelnerskiej, HoReCa i Medycyny\" \/>\n<meta property=\"og:image\" content=\"https:\/\/grapil.pl\/wp-content\/uploads\/2025\/04\/18573.jpg\" \/>\n\t<meta property=\"og:image:width\" content=\"2048\" \/>\n\t<meta property=\"og:image:height\" content=\"1699\" \/>\n\t<meta property=\"og:image:type\" content=\"image\/jpeg\" \/>\n<meta name=\"twitter:card\" content=\"summary_large_image\" \/>\n<meta name=\"twitter:label1\" content=\"Gesch\u00e4tzte Lesezeit\" \/>\n\t<meta name=\"twitter:data1\" content=\"1\u00a0Minute\" \/>\n<script type=\"application\/ld+json\" class=\"yoast-schema-graph\">{\"@context\":\"https:\/\/schema.org\",\"@graph\":[{\"@type\":\"WebPage\",\"@id\":\"https:\/\/grapil.pl\/produkt\/buty-robocze-kanion-s1wariant1\/\",\"url\":\"https:\/\/grapil.pl\/produkt\/buty-robocze-kanion-s1wariant1\/\",\"name\":\"Buty robocze Kanion S1{wariant1} - Grapil.pl \u2013 Profesjonalna Odzie\u017c S\u0142u\u017cbowa dla Bran\u017cy Kelnerskiej, HoReCa i Medycyny\",\"isPartOf\":{\"@id\":\"https:\/\/grapil.pl\/#website\"},\"primaryImageOfPage\":{\"@id\":\"https:\/\/grapil.pl\/produkt\/buty-robocze-kanion-s1wariant1\/#primaryimage\"},\"image\":{\"@id\":\"https:\/\/grapil.pl\/produkt\/buty-robocze-kanion-s1wariant1\/#primaryimage\"},\"thumbnailUrl\":\"https:\/\/grapil.pl\/wp-content\/uploads\/2025\/04\/18573.jpg\",\"datePublished\":\"2025-04-09T15:31:54+00:00\",\"breadcrumb\":{\"@id\":\"https:\/\/grapil.pl\/produkt\/buty-robocze-kanion-s1wariant1\/#breadcrumb\"},\"inLanguage\":\"de\",\"potentialAction\":[{\"@type\":\"ReadAction\",\"target\":[\"https:\/\/grapil.pl\/produkt\/buty-robocze-kanion-s1wariant1\/\"]}]},{\"@type\":\"ImageObject\",\"inLanguage\":\"de\",\"@id\":\"https:\/\/grapil.pl\/produkt\/buty-robocze-kanion-s1wariant1\/#primaryimage\",\"url\":\"https:\/\/grapil.pl\/wp-content\/uploads\/2025\/04\/18573.jpg\",\"contentUrl\":\"https:\/\/grapil.pl\/wp-content\/uploads\/2025\/04\/18573.jpg\",\"width\":2048,\"height\":1699},{\"@type\":\"BreadcrumbList\",\"@id\":\"https:\/\/grapil.pl\/produkt\/buty-robocze-kanion-s1wariant1\/#breadcrumb\",\"itemListElement\":[{\"@type\":\"ListItem\",\"position\":1,\"name\":\"Strona g\u0142\u00f3wna\",\"item\":\"https:\/\/grapil.pl\/\"},{\"@type\":\"ListItem\",\"position\":2,\"name\":\"sklep\",\"item\":\"https:\/\/grapil.pl\/sklep\/\"},{\"@type\":\"ListItem\",\"position\":3,\"name\":\"Buty robocze Kanion S1{wariant1}\"}]},{\"@type\":\"WebSite\",\"@id\":\"https:\/\/grapil.pl\/#website\",\"url\":\"https:\/\/grapil.pl\/\",\"name\":\"Grapil.pl \u2013 Profesjonalna Odzie\u017c S\u0142u\u017cbowa dla Bran\u017cy Kelnerskiej, HoReCa i Medycyny\",\"description\":\"\",\"potentialAction\":[{\"@type\":\"SearchAction\",\"target\":{\"@type\":\"EntryPoint\",\"urlTemplate\":\"https:\/\/grapil.pl\/?s={search_term_string}\"},\"query-input\":{\"@type\":\"PropertyValueSpecification\",\"valueRequired\":true,\"valueName\":\"search_term_string\"}}],\"inLanguage\":\"de\"}]}<\/script>\n<!-- \/ Yoast SEO plugin. -->","yoast_head_json":{"title":"Buty robocze Kanion S1{wariant1} - Grapil.pl \u2013 Profesjonalna Odzie\u017c S\u0142u\u017cbowa dla Bran\u017cy Kelnerskiej, HoReCa i Medycyny","robots":{"index":"index","follow":"follow","max-snippet":"max-snippet:-1","max-image-preview":"max-image-preview:large","max-video-preview":"max-video-preview:-1"},"canonical":"https:\/\/grapil.pl\/de\/produkt\/canyon-s1-arbeitsstiefel-variante-1\/","og_locale":"de_DE","og_type":"article","og_title":"Buty robocze Kanion S1{wariant1} - Grapil.pl \u2013 Profesjonalna Odzie\u017c S\u0142u\u017cbowa dla Bran\u017cy Kelnerskiej, HoReCa i Medycyny","og_description":"Buty Kanion S1 to nowoczesne obuwie robocze\u00a0wykonane z solidnych materia\u0142\u00f3w, charakteryzuj\u0105cych si\u0119\u00a0bezpiecze\u0144stwem,\u00a0wysok\u0105 wytrzyma\u0142o\u015bci\u0105\u00a0i\u00a0du\u017c\u0105 mi\u0119kko\u015bci\u0105.\u00a0Obuwie spe\u0142nia normy\u00a0EN-20345. Klasa\u00a0S1. Metalowy podnosek (200J)\u00a0zapewnia","og_url":"https:\/\/grapil.pl\/de\/produkt\/canyon-s1-arbeitsstiefel-variante-1\/","og_site_name":"Grapil.pl \u2013 Profesjonalna Odzie\u017c S\u0142u\u017cbowa dla Bran\u017cy Kelnerskiej, HoReCa i Medycyny","og_image":[{"width":2048,"height":1699,"url":"https:\/\/grapil.pl\/wp-content\/uploads\/2025\/04\/18573.jpg","type":"image\/jpeg"}],"twitter_card":"summary_large_image","twitter_misc":{"Gesch\u00e4tzte Lesezeit":"1\u00a0Minute"},"schema":{"@context":"https:\/\/schema.org","@graph":[{"@type":"WebPage","@id":"https:\/\/grapil.pl\/produkt\/buty-robocze-kanion-s1wariant1\/","url":"https:\/\/grapil.pl\/produkt\/buty-robocze-kanion-s1wariant1\/","name":"Buty robocze Kanion S1{wariant1} - Grapil.pl \u2013 Profesjonalna Odzie\u017c S\u0142u\u017cbowa dla Bran\u017cy Kelnerskiej, HoReCa i Medycyny","isPartOf":{"@id":"https:\/\/grapil.pl\/#website"},"primaryImageOfPage":{"@id":"https:\/\/grapil.pl\/produkt\/buty-robocze-kanion-s1wariant1\/#primaryimage"},"image":{"@id":"https:\/\/grapil.pl\/produkt\/buty-robocze-kanion-s1wariant1\/#primaryimage"},"thumbnailUrl":"https:\/\/grapil.pl\/wp-content\/uploads\/2025\/04\/18573.jpg","datePublished":"2025-04-09T15:31:54+00:00","breadcrumb":{"@id":"https:\/\/grapil.pl\/produkt\/buty-robocze-kanion-s1wariant1\/#breadcrumb"},"inLanguage":"de","potentialAction":[{"@type":"ReadAction","target":["https:\/\/grapil.pl\/produkt\/buty-robocze-kanion-s1wariant1\/"]}]},{"@type":"ImageObject","inLanguage":"de","@id":"https:\/\/grapil.pl\/produkt\/buty-robocze-kanion-s1wariant1\/#primaryimage","url":"https:\/\/grapil.pl\/wp-content\/uploads\/2025\/04\/18573.jpg","contentUrl":"https:\/\/grapil.pl\/wp-content\/uploads\/2025\/04\/18573.jpg","width":2048,"height":1699},{"@type":"BreadcrumbList","@id":"https:\/\/grapil.pl\/produkt\/buty-robocze-kanion-s1wariant1\/#breadcrumb","itemListElement":[{"@type":"ListItem","position":1,"name":"Strona g\u0142\u00f3wna","item":"https:\/\/grapil.pl\/"},{"@type":"ListItem","position":2,"name":"sklep","item":"https:\/\/grapil.pl\/sklep\/"},{"@type":"ListItem","position":3,"name":"Buty robocze Kanion S1{wariant1}"}]},{"@type":"WebSite","@id":"https:\/\/grapil.pl\/#website","url":"https:\/\/grapil.pl\/","name":"Grapil.pl \u2013 Profesjonalna Odzie\u017c S\u0142u\u017cbowa dla Bran\u017cy Kelnerskiej, HoReCa i Medycyny","description":"","potentialAction":[{"@type":"SearchAction","target":{"@type":"EntryPoint","urlTemplate":"https:\/\/grapil.pl\/?s={search_term_string}"},"query-input":{"@type":"PropertyValueSpecification","valueRequired":true,"valueName":"search_term_string"}}],"inLanguage":"de"}]}},"_links":{"self":[{"href":"https:\/\/grapil.pl\/de\/wp-json\/wp\/v2\/product\/17019","targetHints":{"allow":["GET"]}}],"collection":[{"href":"https:\/\/grapil.pl\/de\/wp-json\/wp\/v2\/product"}],"about":[{"href":"https:\/\/grapil.pl\/de\/wp-json\/wp\/v2\/types\/product"}],"version-history":[{"count":1,"href":"https:\/\/grapil.pl\/de\/wp-json\/wp\/v2\/product\/17019\/revisions"}],"predecessor-version":[{"id":17020,"href":"https:\/\/grapil.pl\/de\/wp-json\/wp\/v2\/product\/17019\/revisions\/17020"}],"wp:featuredmedia":[{"embeddable":true,"href":"https:\/\/grapil.pl\/de\/wp-json\/wp\/v2\/media\/17021"}],"wp:attachment":[{"href":"https:\/\/grapil.pl\/de\/wp-json\/wp\/v2\/media?parent=17019"}],"wp:term":[{"taxonomy":"product_brand","embeddable":true,"href":"https:\/\/grapil.pl\/de\/wp-json\/wp\/v2\/product_brand?post=17019"},{"taxonomy":"product_cat","embeddable":true,"href":"https:\/\/grapil.pl\/de\/wp-json\/wp\/v2\/product_cat?post=17019"},{"taxonomy":"product_tag","embeddable":true,"href":"https:\/\/grapil.pl\/de\/wp-json\/wp\/v2\/product_tag?post=17019"}],"curies":[{"name":"wp","href":"https:\/\/api.w.org\/{rel}","templated":true}]}}