{"id":17025,"date":"2025-04-09T17:31:54","date_gmt":"2025-04-09T15:31:54","guid":{"rendered":"https:\/\/grapil.pl\/produkt\/ocieplane-buty-robocze-urgent-106-sbwariant1\/"},"modified":"2025-04-09T17:31:59","modified_gmt":"2025-04-09T15:31:59","slug":"isolierte-arbeitsstiefel-urgent-106-sbvariant1","status":"publish","type":"product","link":"https:\/\/grapil.pl\/de\/produkt\/isolierte-arbeitsstiefel-urgent-106-sbvariant1\/","title":{"rendered":"Urgent 106 SB isolierte Arbeitsstiefel {Variante 1}"},"content":{"rendered":"<p><strong><span style=\"font-size:14pt;\">Urgent 106 SB Isolierte Winterstiefel<\/span><\/strong><\/p>\n<p>Die Schuhe sind aus soliden Materialien gefertigt, die sich durch Sicherheit, hohe Haltbarkeit und gro\u00dfe Weichheit auszeichnen. Die Schuhe haben <strong>SB-Sicherheitsklasse.<\/strong> <strong>Zehenkappe aus Metall<\/strong> Gew\u00e4hrleistet die Sicherheit des Fu\u00dfes bei St\u00f6\u00dfen oder bei Belastung durch das Fu\u00dfgewicht. Die Schuhe sind so konstruiert, dass der Fersenbereich maximal gesch\u00fctzt ist, was die Sicherheit deutlich erh\u00f6ht. Die rutschfeste Sohle besteht aus strapazierf\u00e4higem Polyurethan, das hohen und niedrigen Temperaturen standh\u00e4lt und Energie unter der Ferse absorbiert. Dank dieser Sohle versp\u00fcren wir weniger Erm\u00fcdung.<\/p>\n<p> <strong>Schaft\u00a0<\/strong><br \/> Hergestellt aus B\u00fcffelleder mit einer Dicke von mindestens 1,6 mm mit Eins\u00e4tzen aus synthetischen Materialien am Kn\u00f6chel. Erf\u00fcllt die Anforderungen der Norm: <strong>EN-ISO-20345:2004\/A1:2007<\/strong> Pers\u00f6nliche Schutzausr\u00fcstung \u2013 Sicherheitsschuhe.<\/p>\n<p>Sohle, einzig, alleinig<strong>\u00a0<\/strong>Die Au\u00dfen- und Innensohle besteht aus PU\/PU (zwei verschiedene Dichten von Polyurethan), die Au\u00dfensohle ist h\u00e4rter, die Innensohle ist weicher.<\/p>","protected":false},"excerpt":{"rendered":"<p>Urgent 106 SB Isolierte Winterstiefel. Die Schuhe sind aus soliden Materialien gefertigt, die sich durch Sicherheit, hohe Haltbarkeit und gro\u00dfe Weichheit auszeichnen.<\/p>","protected":false},"featured_media":17027,"template":"","meta":[],"product_brand":[88],"product_cat":[86,87],"product_tag":[],"class_list":{"0":"post-17025","1":"product","2":"type-product","3":"status-publish","4":"has-post-thumbnail","6":"product_brand-urgent","7":"product_cat-sklepbhp","8":"product_cat-obuwie-robocze","10":"first","11":"instock","12":"product-type-simple"},"yoast_head":"<!-- This site is optimized with the Yoast SEO plugin v25.3 - https:\/\/yoast.com\/wordpress\/plugins\/seo\/ -->\n<title>Ocieplane buty robocze Urgent 106 SB{wariant1} - Grapil.pl \u2013 Profesjonalna Odzie\u017c S\u0142u\u017cbowa dla Bran\u017cy Kelnerskiej, HoReCa i Medycyny<\/title>\n<meta name=\"robots\" content=\"index, follow, max-snippet:-1, max-image-preview:large, max-video-preview:-1\" \/>\n<link rel=\"canonical\" href=\"https:\/\/grapil.pl\/de\/produkt\/isolierte-arbeitsstiefel-urgent-106-sbvariant1\/\" \/>\n<meta property=\"og:locale\" content=\"de_DE\" \/>\n<meta property=\"og:type\" content=\"article\" \/>\n<meta property=\"og:title\" content=\"Ocieplane buty robocze Urgent 106 SB{wariant1} - Grapil.pl \u2013 Profesjonalna Odzie\u017c S\u0142u\u017cbowa dla Bran\u017cy Kelnerskiej, HoReCa i Medycyny\" \/>\n<meta property=\"og:description\" content=\"Ocieplane buty zimowe Urgent 106 SB Buty s\u0105 wykonane z solidnych materia\u0142\u00f3w, charakteryzuj\u0105cych si\u0119 bezpiecze\u0144stwem, wysok\u0105 wytrzyma\u0142o\u015bci\u0105 i du\u017c\u0105 mi\u0119kko\u015bci\u0105.\" \/>\n<meta property=\"og:url\" content=\"https:\/\/grapil.pl\/de\/produkt\/isolierte-arbeitsstiefel-urgent-106-sbvariant1\/\" \/>\n<meta property=\"og:site_name\" content=\"Grapil.pl \u2013 Profesjonalna Odzie\u017c S\u0142u\u017cbowa dla Bran\u017cy Kelnerskiej, HoReCa i Medycyny\" \/>\n<meta property=\"article:modified_time\" content=\"2025-04-09T15:31:59+00:00\" \/>\n<meta property=\"og:image\" content=\"https:\/\/grapil.pl\/wp-content\/uploads\/2025\/04\/18452.jpg\" \/>\n\t<meta property=\"og:image:width\" content=\"2048\" \/>\n\t<meta property=\"og:image:height\" content=\"1796\" \/>\n\t<meta property=\"og:image:type\" content=\"image\/jpeg\" \/>\n<meta name=\"twitter:card\" content=\"summary_large_image\" \/>\n<meta name=\"twitter:label1\" content=\"Gesch\u00e4tzte Lesezeit\" \/>\n\t<meta name=\"twitter:data1\" content=\"1\u00a0Minute\" \/>\n<script type=\"application\/ld+json\" class=\"yoast-schema-graph\">{\"@context\":\"https:\/\/schema.org\",\"@graph\":[{\"@type\":\"WebPage\",\"@id\":\"https:\/\/grapil.pl\/produkt\/ocieplane-buty-robocze-urgent-106-sbwariant1\/\",\"url\":\"https:\/\/grapil.pl\/produkt\/ocieplane-buty-robocze-urgent-106-sbwariant1\/\",\"name\":\"Ocieplane buty robocze Urgent 106 SB{wariant1} - Grapil.pl \u2013 Profesjonalna Odzie\u017c S\u0142u\u017cbowa dla Bran\u017cy Kelnerskiej, HoReCa i Medycyny\",\"isPartOf\":{\"@id\":\"https:\/\/grapil.pl\/#website\"},\"primaryImageOfPage\":{\"@id\":\"https:\/\/grapil.pl\/produkt\/ocieplane-buty-robocze-urgent-106-sbwariant1\/#primaryimage\"},\"image\":{\"@id\":\"https:\/\/grapil.pl\/produkt\/ocieplane-buty-robocze-urgent-106-sbwariant1\/#primaryimage\"},\"thumbnailUrl\":\"https:\/\/grapil.pl\/wp-content\/uploads\/2025\/04\/18452.jpg\",\"datePublished\":\"2025-04-09T15:31:54+00:00\",\"dateModified\":\"2025-04-09T15:31:59+00:00\",\"breadcrumb\":{\"@id\":\"https:\/\/grapil.pl\/produkt\/ocieplane-buty-robocze-urgent-106-sbwariant1\/#breadcrumb\"},\"inLanguage\":\"de\",\"potentialAction\":[{\"@type\":\"ReadAction\",\"target\":[\"https:\/\/grapil.pl\/produkt\/ocieplane-buty-robocze-urgent-106-sbwariant1\/\"]}]},{\"@type\":\"ImageObject\",\"inLanguage\":\"de\",\"@id\":\"https:\/\/grapil.pl\/produkt\/ocieplane-buty-robocze-urgent-106-sbwariant1\/#primaryimage\",\"url\":\"https:\/\/grapil.pl\/wp-content\/uploads\/2025\/04\/18452.jpg\",\"contentUrl\":\"https:\/\/grapil.pl\/wp-content\/uploads\/2025\/04\/18452.jpg\",\"width\":2048,\"height\":1796},{\"@type\":\"BreadcrumbList\",\"@id\":\"https:\/\/grapil.pl\/produkt\/ocieplane-buty-robocze-urgent-106-sbwariant1\/#breadcrumb\",\"itemListElement\":[{\"@type\":\"ListItem\",\"position\":1,\"name\":\"Strona g\u0142\u00f3wna\",\"item\":\"https:\/\/grapil.pl\/\"},{\"@type\":\"ListItem\",\"position\":2,\"name\":\"sklep\",\"item\":\"https:\/\/grapil.pl\/sklep\/\"},{\"@type\":\"ListItem\",\"position\":3,\"name\":\"Ocieplane buty robocze Urgent 106 SB{wariant1}\"}]},{\"@type\":\"WebSite\",\"@id\":\"https:\/\/grapil.pl\/#website\",\"url\":\"https:\/\/grapil.pl\/\",\"name\":\"Grapil.pl \u2013 Profesjonalna Odzie\u017c S\u0142u\u017cbowa dla Bran\u017cy Kelnerskiej, HoReCa i Medycyny\",\"description\":\"\",\"potentialAction\":[{\"@type\":\"SearchAction\",\"target\":{\"@type\":\"EntryPoint\",\"urlTemplate\":\"https:\/\/grapil.pl\/?s={search_term_string}\"},\"query-input\":{\"@type\":\"PropertyValueSpecification\",\"valueRequired\":true,\"valueName\":\"search_term_string\"}}],\"inLanguage\":\"de\"}]}<\/script>\n<!-- \/ Yoast SEO plugin. -->","yoast_head_json":{"title":"Ocieplane buty robocze Urgent 106 SB{wariant1} - Grapil.pl \u2013 Profesjonalna Odzie\u017c S\u0142u\u017cbowa dla Bran\u017cy Kelnerskiej, HoReCa i Medycyny","robots":{"index":"index","follow":"follow","max-snippet":"max-snippet:-1","max-image-preview":"max-image-preview:large","max-video-preview":"max-video-preview:-1"},"canonical":"https:\/\/grapil.pl\/de\/produkt\/isolierte-arbeitsstiefel-urgent-106-sbvariant1\/","og_locale":"de_DE","og_type":"article","og_title":"Ocieplane buty robocze Urgent 106 SB{wariant1} - Grapil.pl \u2013 Profesjonalna Odzie\u017c S\u0142u\u017cbowa dla Bran\u017cy Kelnerskiej, HoReCa i Medycyny","og_description":"Ocieplane buty zimowe Urgent 106 SB Buty s\u0105 wykonane z solidnych materia\u0142\u00f3w, charakteryzuj\u0105cych si\u0119 bezpiecze\u0144stwem, wysok\u0105 wytrzyma\u0142o\u015bci\u0105 i du\u017c\u0105 mi\u0119kko\u015bci\u0105.","og_url":"https:\/\/grapil.pl\/de\/produkt\/isolierte-arbeitsstiefel-urgent-106-sbvariant1\/","og_site_name":"Grapil.pl \u2013 Profesjonalna Odzie\u017c S\u0142u\u017cbowa dla Bran\u017cy Kelnerskiej, HoReCa i Medycyny","article_modified_time":"2025-04-09T15:31:59+00:00","og_image":[{"width":2048,"height":1796,"url":"https:\/\/grapil.pl\/wp-content\/uploads\/2025\/04\/18452.jpg","type":"image\/jpeg"}],"twitter_card":"summary_large_image","twitter_misc":{"Gesch\u00e4tzte Lesezeit":"1\u00a0Minute"},"schema":{"@context":"https:\/\/schema.org","@graph":[{"@type":"WebPage","@id":"https:\/\/grapil.pl\/produkt\/ocieplane-buty-robocze-urgent-106-sbwariant1\/","url":"https:\/\/grapil.pl\/produkt\/ocieplane-buty-robocze-urgent-106-sbwariant1\/","name":"Ocieplane buty robocze Urgent 106 SB{wariant1} - Grapil.pl \u2013 Profesjonalna Odzie\u017c S\u0142u\u017cbowa dla Bran\u017cy Kelnerskiej, HoReCa i Medycyny","isPartOf":{"@id":"https:\/\/grapil.pl\/#website"},"primaryImageOfPage":{"@id":"https:\/\/grapil.pl\/produkt\/ocieplane-buty-robocze-urgent-106-sbwariant1\/#primaryimage"},"image":{"@id":"https:\/\/grapil.pl\/produkt\/ocieplane-buty-robocze-urgent-106-sbwariant1\/#primaryimage"},"thumbnailUrl":"https:\/\/grapil.pl\/wp-content\/uploads\/2025\/04\/18452.jpg","datePublished":"2025-04-09T15:31:54+00:00","dateModified":"2025-04-09T15:31:59+00:00","breadcrumb":{"@id":"https:\/\/grapil.pl\/produkt\/ocieplane-buty-robocze-urgent-106-sbwariant1\/#breadcrumb"},"inLanguage":"de","potentialAction":[{"@type":"ReadAction","target":["https:\/\/grapil.pl\/produkt\/ocieplane-buty-robocze-urgent-106-sbwariant1\/"]}]},{"@type":"ImageObject","inLanguage":"de","@id":"https:\/\/grapil.pl\/produkt\/ocieplane-buty-robocze-urgent-106-sbwariant1\/#primaryimage","url":"https:\/\/grapil.pl\/wp-content\/uploads\/2025\/04\/18452.jpg","contentUrl":"https:\/\/grapil.pl\/wp-content\/uploads\/2025\/04\/18452.jpg","width":2048,"height":1796},{"@type":"BreadcrumbList","@id":"https:\/\/grapil.pl\/produkt\/ocieplane-buty-robocze-urgent-106-sbwariant1\/#breadcrumb","itemListElement":[{"@type":"ListItem","position":1,"name":"Strona g\u0142\u00f3wna","item":"https:\/\/grapil.pl\/"},{"@type":"ListItem","position":2,"name":"sklep","item":"https:\/\/grapil.pl\/sklep\/"},{"@type":"ListItem","position":3,"name":"Ocieplane buty robocze Urgent 106 SB{wariant1}"}]},{"@type":"WebSite","@id":"https:\/\/grapil.pl\/#website","url":"https:\/\/grapil.pl\/","name":"Grapil.pl \u2013 Profesjonalna Odzie\u017c S\u0142u\u017cbowa dla Bran\u017cy Kelnerskiej, HoReCa i Medycyny","description":"","potentialAction":[{"@type":"SearchAction","target":{"@type":"EntryPoint","urlTemplate":"https:\/\/grapil.pl\/?s={search_term_string}"},"query-input":{"@type":"PropertyValueSpecification","valueRequired":true,"valueName":"search_term_string"}}],"inLanguage":"de"}]}},"_links":{"self":[{"href":"https:\/\/grapil.pl\/de\/wp-json\/wp\/v2\/product\/17025","targetHints":{"allow":["GET"]}}],"collection":[{"href":"https:\/\/grapil.pl\/de\/wp-json\/wp\/v2\/product"}],"about":[{"href":"https:\/\/grapil.pl\/de\/wp-json\/wp\/v2\/types\/product"}],"version-history":[{"count":1,"href":"https:\/\/grapil.pl\/de\/wp-json\/wp\/v2\/product\/17025\/revisions"}],"predecessor-version":[{"id":17026,"href":"https:\/\/grapil.pl\/de\/wp-json\/wp\/v2\/product\/17025\/revisions\/17026"}],"wp:featuredmedia":[{"embeddable":true,"href":"https:\/\/grapil.pl\/de\/wp-json\/wp\/v2\/media\/17027"}],"wp:attachment":[{"href":"https:\/\/grapil.pl\/de\/wp-json\/wp\/v2\/media?parent=17025"}],"wp:term":[{"taxonomy":"product_brand","embeddable":true,"href":"https:\/\/grapil.pl\/de\/wp-json\/wp\/v2\/product_brand?post=17025"},{"taxonomy":"product_cat","embeddable":true,"href":"https:\/\/grapil.pl\/de\/wp-json\/wp\/v2\/product_cat?post=17025"},{"taxonomy":"product_tag","embeddable":true,"href":"https:\/\/grapil.pl\/de\/wp-json\/wp\/v2\/product_tag?post=17025"}],"curies":[{"name":"wp","href":"https:\/\/api.w.org\/{rel}","templated":true}]}}