{"id":17032,"date":"2025-04-09T17:31:54","date_gmt":"2025-04-09T15:31:54","guid":{"rendered":"https:\/\/grapil.pl\/produkt\/buty-robocze-urgent-101-sbwariant1\/"},"modified":"2025-04-09T17:32:02","modified_gmt":"2025-04-09T15:32:02","slug":"dringende-arbeitsschuhe-101-sbvariant1","status":"publish","type":"product","link":"https:\/\/grapil.pl\/de\/produkt\/dringende-arbeitsschuhe-101-sbvariant1\/","title":{"rendered":"Urgent 101 SB Arbeitsstiefel {Variante1}"},"content":{"rendered":"<p>Schuhe <strong>Dringend 101 SB<\/strong> sind moderne Sicherheitsarbeitsschuhe aus soliden Materialien, die sich durch\u00a0<strong>hohe Festigkeit und gro\u00dfe Weichheit<\/strong>Das Schuhwerk hat eine Sicherheitsklasse\u00a0<strong>SB<\/strong>.<\/p>\n<p><strong>Zehenkappe aus Metall<\/strong>\u00a0gew\u00e4hrleistet die Sicherheit des Fu\u00dfes bei St\u00f6\u00dfen oder beim Eindr\u00fccken durch ein Gewicht. Die Schuhe sind so gefertigt, dass sie den Fersenbereich maximal sch\u00fctzen, was die Sicherheit deutlich erh\u00f6ht.\u00a0<\/p>\n<p><strong>Rutschfeste Sohle<\/strong>\u00a0Es besteht aus strapazierf\u00e4higem Polyurethan, das hohen und niedrigen Temperaturen standh\u00e4lt und Energie unter der Ferse absorbiert.\u00a0<\/p>","protected":false},"excerpt":{"rendered":"<p>Urgent 101 SB sind moderne Sicherheitsschuhe aus robusten Materialien, die sich durch hohe Strapazierf\u00e4higkeit und Weichheit auszeichnen. Die Schuhe entsprechen der Sicherheitsklasse SB. Die Zehenkappe aus Metall sorgt f\u00fcr Fu\u00dfsicherheit.<\/p>","protected":false},"featured_media":17034,"template":"","meta":[],"product_brand":[88],"product_cat":[86,87,89],"product_tag":[],"class_list":{"0":"post-17032","1":"product","2":"type-product","3":"status-publish","4":"has-post-thumbnail","6":"product_brand-urgent","7":"product_cat-sklepbhp","8":"product_cat-obuwie-robocze","9":"product_cat-polbuty","11":"first","12":"instock","13":"product-type-simple"},"yoast_head":"<!-- This site is optimized with the Yoast SEO plugin v25.3 - https:\/\/yoast.com\/wordpress\/plugins\/seo\/ -->\n<title>Buty robocze Urgent 101 SB{wariant1} - Grapil.pl \u2013 Profesjonalna Odzie\u017c S\u0142u\u017cbowa dla Bran\u017cy Kelnerskiej, HoReCa i Medycyny<\/title>\n<meta name=\"robots\" content=\"index, follow, max-snippet:-1, max-image-preview:large, max-video-preview:-1\" \/>\n<link rel=\"canonical\" href=\"https:\/\/grapil.pl\/de\/produkt\/dringende-arbeitsschuhe-101-sbvariant1\/\" \/>\n<meta property=\"og:locale\" content=\"de_DE\" \/>\n<meta property=\"og:type\" content=\"article\" \/>\n<meta property=\"og:title\" content=\"Buty robocze Urgent 101 SB{wariant1} - Grapil.pl \u2013 Profesjonalna Odzie\u017c S\u0142u\u017cbowa dla Bran\u017cy Kelnerskiej, HoReCa i Medycyny\" \/>\n<meta property=\"og:description\" content=\"Buty Urgent 101 SB to nowoczesne\u00a0robocze\u00a0buty\u00a0bezpieczne\u00a0wykonane z solidnych materia\u0142\u00f3w charakteryzuj\u0105cej si\u0119\u00a0wysok\u0105 wytrzyma\u0142o\u015bci\u0105\u00a0i\u00a0du\u017c\u0105 mi\u0119kko\u015bci\u0105.\u00a0Obuwie posiada klas\u0119 bezpiecze\u0144stwa\u00a0SB. Metalowy podnosek\u00a0zapewnia bezpiecze\u0144stwo stopy\" \/>\n<meta property=\"og:url\" content=\"https:\/\/grapil.pl\/de\/produkt\/dringende-arbeitsschuhe-101-sbvariant1\/\" \/>\n<meta property=\"og:site_name\" content=\"Grapil.pl \u2013 Profesjonalna Odzie\u017c S\u0142u\u017cbowa dla Bran\u017cy Kelnerskiej, HoReCa i Medycyny\" \/>\n<meta property=\"article:modified_time\" content=\"2025-04-09T15:32:02+00:00\" \/>\n<meta property=\"og:image\" content=\"https:\/\/grapil.pl\/wp-content\/uploads\/2025\/04\/20499.jpg\" \/>\n\t<meta property=\"og:image:width\" content=\"720\" \/>\n\t<meta property=\"og:image:height\" content=\"720\" \/>\n\t<meta property=\"og:image:type\" content=\"image\/jpeg\" \/>\n<meta name=\"twitter:card\" content=\"summary_large_image\" \/>\n<script type=\"application\/ld+json\" class=\"yoast-schema-graph\">{\"@context\":\"https:\/\/schema.org\",\"@graph\":[{\"@type\":\"WebPage\",\"@id\":\"https:\/\/grapil.pl\/produkt\/buty-robocze-urgent-101-sbwariant1\/\",\"url\":\"https:\/\/grapil.pl\/produkt\/buty-robocze-urgent-101-sbwariant1\/\",\"name\":\"Buty robocze Urgent 101 SB{wariant1} - Grapil.pl \u2013 Profesjonalna Odzie\u017c S\u0142u\u017cbowa dla Bran\u017cy Kelnerskiej, HoReCa i Medycyny\",\"isPartOf\":{\"@id\":\"https:\/\/grapil.pl\/#website\"},\"primaryImageOfPage\":{\"@id\":\"https:\/\/grapil.pl\/produkt\/buty-robocze-urgent-101-sbwariant1\/#primaryimage\"},\"image\":{\"@id\":\"https:\/\/grapil.pl\/produkt\/buty-robocze-urgent-101-sbwariant1\/#primaryimage\"},\"thumbnailUrl\":\"https:\/\/grapil.pl\/wp-content\/uploads\/2025\/04\/20499.jpg\",\"datePublished\":\"2025-04-09T15:31:54+00:00\",\"dateModified\":\"2025-04-09T15:32:02+00:00\",\"breadcrumb\":{\"@id\":\"https:\/\/grapil.pl\/produkt\/buty-robocze-urgent-101-sbwariant1\/#breadcrumb\"},\"inLanguage\":\"de\",\"potentialAction\":[{\"@type\":\"ReadAction\",\"target\":[\"https:\/\/grapil.pl\/produkt\/buty-robocze-urgent-101-sbwariant1\/\"]}]},{\"@type\":\"ImageObject\",\"inLanguage\":\"de\",\"@id\":\"https:\/\/grapil.pl\/produkt\/buty-robocze-urgent-101-sbwariant1\/#primaryimage\",\"url\":\"https:\/\/grapil.pl\/wp-content\/uploads\/2025\/04\/20499.jpg\",\"contentUrl\":\"https:\/\/grapil.pl\/wp-content\/uploads\/2025\/04\/20499.jpg\",\"width\":720,\"height\":720},{\"@type\":\"BreadcrumbList\",\"@id\":\"https:\/\/grapil.pl\/produkt\/buty-robocze-urgent-101-sbwariant1\/#breadcrumb\",\"itemListElement\":[{\"@type\":\"ListItem\",\"position\":1,\"name\":\"Strona g\u0142\u00f3wna\",\"item\":\"https:\/\/grapil.pl\/\"},{\"@type\":\"ListItem\",\"position\":2,\"name\":\"sklep\",\"item\":\"https:\/\/grapil.pl\/sklep\/\"},{\"@type\":\"ListItem\",\"position\":3,\"name\":\"Buty robocze Urgent 101 SB{wariant1}\"}]},{\"@type\":\"WebSite\",\"@id\":\"https:\/\/grapil.pl\/#website\",\"url\":\"https:\/\/grapil.pl\/\",\"name\":\"Grapil.pl \u2013 Profesjonalna Odzie\u017c S\u0142u\u017cbowa dla Bran\u017cy Kelnerskiej, HoReCa i Medycyny\",\"description\":\"\",\"potentialAction\":[{\"@type\":\"SearchAction\",\"target\":{\"@type\":\"EntryPoint\",\"urlTemplate\":\"https:\/\/grapil.pl\/?s={search_term_string}\"},\"query-input\":{\"@type\":\"PropertyValueSpecification\",\"valueRequired\":true,\"valueName\":\"search_term_string\"}}],\"inLanguage\":\"de\"}]}<\/script>\n<!-- \/ Yoast SEO plugin. -->","yoast_head_json":{"title":"Buty robocze Urgent 101 SB{wariant1} - Grapil.pl \u2013 Profesjonalna Odzie\u017c S\u0142u\u017cbowa dla Bran\u017cy Kelnerskiej, HoReCa i Medycyny","robots":{"index":"index","follow":"follow","max-snippet":"max-snippet:-1","max-image-preview":"max-image-preview:large","max-video-preview":"max-video-preview:-1"},"canonical":"https:\/\/grapil.pl\/de\/produkt\/dringende-arbeitsschuhe-101-sbvariant1\/","og_locale":"de_DE","og_type":"article","og_title":"Buty robocze Urgent 101 SB{wariant1} - Grapil.pl \u2013 Profesjonalna Odzie\u017c S\u0142u\u017cbowa dla Bran\u017cy Kelnerskiej, HoReCa i Medycyny","og_description":"Buty Urgent 101 SB to nowoczesne\u00a0robocze\u00a0buty\u00a0bezpieczne\u00a0wykonane z solidnych materia\u0142\u00f3w charakteryzuj\u0105cej si\u0119\u00a0wysok\u0105 wytrzyma\u0142o\u015bci\u0105\u00a0i\u00a0du\u017c\u0105 mi\u0119kko\u015bci\u0105.\u00a0Obuwie posiada klas\u0119 bezpiecze\u0144stwa\u00a0SB. Metalowy podnosek\u00a0zapewnia bezpiecze\u0144stwo stopy","og_url":"https:\/\/grapil.pl\/de\/produkt\/dringende-arbeitsschuhe-101-sbvariant1\/","og_site_name":"Grapil.pl \u2013 Profesjonalna Odzie\u017c S\u0142u\u017cbowa dla Bran\u017cy Kelnerskiej, HoReCa i Medycyny","article_modified_time":"2025-04-09T15:32:02+00:00","og_image":[{"width":720,"height":720,"url":"https:\/\/grapil.pl\/wp-content\/uploads\/2025\/04\/20499.jpg","type":"image\/jpeg"}],"twitter_card":"summary_large_image","schema":{"@context":"https:\/\/schema.org","@graph":[{"@type":"WebPage","@id":"https:\/\/grapil.pl\/produkt\/buty-robocze-urgent-101-sbwariant1\/","url":"https:\/\/grapil.pl\/produkt\/buty-robocze-urgent-101-sbwariant1\/","name":"Buty robocze Urgent 101 SB{wariant1} - Grapil.pl \u2013 Profesjonalna Odzie\u017c S\u0142u\u017cbowa dla Bran\u017cy Kelnerskiej, HoReCa i Medycyny","isPartOf":{"@id":"https:\/\/grapil.pl\/#website"},"primaryImageOfPage":{"@id":"https:\/\/grapil.pl\/produkt\/buty-robocze-urgent-101-sbwariant1\/#primaryimage"},"image":{"@id":"https:\/\/grapil.pl\/produkt\/buty-robocze-urgent-101-sbwariant1\/#primaryimage"},"thumbnailUrl":"https:\/\/grapil.pl\/wp-content\/uploads\/2025\/04\/20499.jpg","datePublished":"2025-04-09T15:31:54+00:00","dateModified":"2025-04-09T15:32:02+00:00","breadcrumb":{"@id":"https:\/\/grapil.pl\/produkt\/buty-robocze-urgent-101-sbwariant1\/#breadcrumb"},"inLanguage":"de","potentialAction":[{"@type":"ReadAction","target":["https:\/\/grapil.pl\/produkt\/buty-robocze-urgent-101-sbwariant1\/"]}]},{"@type":"ImageObject","inLanguage":"de","@id":"https:\/\/grapil.pl\/produkt\/buty-robocze-urgent-101-sbwariant1\/#primaryimage","url":"https:\/\/grapil.pl\/wp-content\/uploads\/2025\/04\/20499.jpg","contentUrl":"https:\/\/grapil.pl\/wp-content\/uploads\/2025\/04\/20499.jpg","width":720,"height":720},{"@type":"BreadcrumbList","@id":"https:\/\/grapil.pl\/produkt\/buty-robocze-urgent-101-sbwariant1\/#breadcrumb","itemListElement":[{"@type":"ListItem","position":1,"name":"Strona g\u0142\u00f3wna","item":"https:\/\/grapil.pl\/"},{"@type":"ListItem","position":2,"name":"sklep","item":"https:\/\/grapil.pl\/sklep\/"},{"@type":"ListItem","position":3,"name":"Buty robocze Urgent 101 SB{wariant1}"}]},{"@type":"WebSite","@id":"https:\/\/grapil.pl\/#website","url":"https:\/\/grapil.pl\/","name":"Grapil.pl \u2013 Profesjonalna Odzie\u017c S\u0142u\u017cbowa dla Bran\u017cy Kelnerskiej, HoReCa i Medycyny","description":"","potentialAction":[{"@type":"SearchAction","target":{"@type":"EntryPoint","urlTemplate":"https:\/\/grapil.pl\/?s={search_term_string}"},"query-input":{"@type":"PropertyValueSpecification","valueRequired":true,"valueName":"search_term_string"}}],"inLanguage":"de"}]}},"_links":{"self":[{"href":"https:\/\/grapil.pl\/de\/wp-json\/wp\/v2\/product\/17032","targetHints":{"allow":["GET"]}}],"collection":[{"href":"https:\/\/grapil.pl\/de\/wp-json\/wp\/v2\/product"}],"about":[{"href":"https:\/\/grapil.pl\/de\/wp-json\/wp\/v2\/types\/product"}],"version-history":[{"count":1,"href":"https:\/\/grapil.pl\/de\/wp-json\/wp\/v2\/product\/17032\/revisions"}],"predecessor-version":[{"id":17033,"href":"https:\/\/grapil.pl\/de\/wp-json\/wp\/v2\/product\/17032\/revisions\/17033"}],"wp:featuredmedia":[{"embeddable":true,"href":"https:\/\/grapil.pl\/de\/wp-json\/wp\/v2\/media\/17034"}],"wp:attachment":[{"href":"https:\/\/grapil.pl\/de\/wp-json\/wp\/v2\/media?parent=17032"}],"wp:term":[{"taxonomy":"product_brand","embeddable":true,"href":"https:\/\/grapil.pl\/de\/wp-json\/wp\/v2\/product_brand?post=17032"},{"taxonomy":"product_cat","embeddable":true,"href":"https:\/\/grapil.pl\/de\/wp-json\/wp\/v2\/product_cat?post=17032"},{"taxonomy":"product_tag","embeddable":true,"href":"https:\/\/grapil.pl\/de\/wp-json\/wp\/v2\/product_tag?post=17032"}],"curies":[{"name":"wp","href":"https:\/\/api.w.org\/{rel}","templated":true}]}}