{"id":17044,"date":"2025-04-09T17:31:54","date_gmt":"2025-04-09T15:31:54","guid":{"rendered":"https:\/\/grapil.pl\/produkt\/spodnie-robocze-ogrodniczki-classicwariant1\/"},"modified":"2025-09-29T18:20:52","modified_gmt":"2025-09-29T16:20:52","slug":"arbeitshose-latzhose-classicvariante1","status":"publish","type":"product","link":"https:\/\/grapil.pl\/de\/produkt\/arbeitshose-latzhose-classicvariante1\/","title":{"rendered":"Klassische Arbeitslatzhose{variant1}"},"content":{"rendered":"<p>Die Classic Arbeitslatzhose ist zweifellos die perfekte L\u00f6sung f\u00fcr alle, die auf der Suche nach\u00a0<strong>hochwertige Verarbeitung<\/strong>\u00a0Und\u00a0<strong>Langlebigkeit zum g\u00fcnstigen Preis<\/strong>Unsere Hosen bestehen aus\u00a0<strong>Material, das die Gr\u00f6\u00dfe und Haltbarkeit des Stoffes f\u00fcr lange Zeit gew\u00e4hrleistet<\/strong>. Dank des verwendeten Materials h\u00e4lt die Hose\u00a0<strong>elegantes und \u00e4sthetisches Erscheinungsbild<\/strong>.<\/p>\n<p>Die Taschen sind zus\u00e4tzlich mit 600D-Polyestergewebe gegen Durchstiche durch scharfe Gegenst\u00e4nde verst\u00e4rkt, und Dreifachn\u00e4hte und Riegeln\u00e4hte verst\u00e4rken besonders rei\u00dfgef\u00e4hrdete Stellen zus\u00e4tzlich.\u00a0<\/p>\n<p>Klassische Latzhose \u2013 attraktives Design und hervorragende Funktionalit\u00e4t. Hergestellt aus sehr strapazierf\u00e4higem Spezialgewebe \u2013 Canvas (<strong>80% Polyester und 20% Baumwolle<\/strong>) mit sehr hoher Grammatur\u00a0<strong>270 +\/- 10 Gramm\/m2.<\/strong><\/p>\n<p>Arbeitshosen sind zertifiziert\u00a0<strong>CE Kat.I PN-EN ISO 13688:2013<\/strong><\/p>\n<p><strong><img fetchpriority=\"high\" decoding=\"async\" alt=\"\" height=\"421\" src=\"\/userdata\/public\/assets\/\/classic.PNG\" width=\"501\" \/><\/strong><\/p>\n<p>\u00a0<\/p>\n<p>Arbeitslatzhosen sind eine gute Wahl f\u00fcr alle, die Wert auf Komfort und Funktionalit\u00e4t legen. Dieses Modell bietet volle Bewegungsfreiheit und sch\u00fctzt gleichzeitig vor verschiedenen Gefahren, die auf einer Baustelle oder bei anderen k\u00f6rperlichen Arbeiten auftreten k\u00f6nnen. Zus\u00e4tzliche Verst\u00e4rkungen an den Taschen machen die Hose besonders rei\u00dffest und sch\u00fctzen so vor Verletzungen durch scharfe Werkzeuge.<\/p>\n<p>Klassische Latzhosen sind zertifizierte Arbeitsschutzkleidung, die die erforderlichen Eigenschaften und Qualit\u00e4tsstandards erf\u00fcllt. Sie sind langlebig, widerstandsf\u00e4hig und gleichzeitig \u00e4sthetisch. Diese professionelle Arbeitskleidung ist ein hervorragendes Aush\u00e4ngeschild f\u00fcr jedes Unternehmen mit Selbstachtung. In unserem Angebot finden Sie auch weitere Artikel der Arbeitsschutzkleidung f\u00fcr jede Jahreszeit, darunter Schutzschuhe, Jacken und Fleecejacken, Sicherheitsschuhe und reflektierende Kleidung. Wir laden Sie ein, sich mit dem gesamten Angebot unseres Online-Shops vertraut zu machen!<\/p>\n<p>M\u00f6glichkeit der Stickerei oder des Siebdrucks \u2013 bitte kontaktieren Sie uns! Dank des speziellen Schnitts zeichnet sich die Hose durch eine gro\u00dfe Gr\u00f6\u00dfentoleranz im Taillen- und Brustumfang aus. Die in der Tabelle angegebenen Ma\u00dfe gelten f\u00fcr Hosen.<\/p>\n<p>\u00a0<\/p>\n<div class=\"alpol - footer\" style=\"text-align:center;height:20px;\">\u00a0<\/div>","protected":false},"excerpt":{"rendered":"<p>Klassische Arbeitslatzhosen sind zweifellos die perfekte L\u00f6sung f\u00fcr alle, die hochwertige Verarbeitung und Langlebigkeit zu einem erschwinglichen Preis suchen. Unsere Hosen sind hergestellt<\/p>","protected":false},"featured_media":17046,"template":"","meta":[],"product_brand":[91],"product_cat":[86,92,93],"product_tag":[],"class_list":{"0":"post-17044","1":"product","2":"type-product","3":"status-publish","4":"has-post-thumbnail","6":"product_brand-artmas","7":"product_cat-sklepbhp","8":"product_cat-odziez-robocza","9":"product_cat-spodnie-robocze","11":"first","12":"instock","13":"product-type-simple"},"yoast_head":"<!-- This site is optimized with the Yoast SEO plugin v25.3 - https:\/\/yoast.com\/wordpress\/plugins\/seo\/ -->\n<title>Spodnie robocze ogrodniczki Classic{wariant1} - Grapil.pl \u2013 Profesjonalna Odzie\u017c S\u0142u\u017cbowa dla Bran\u017cy Kelnerskiej, HoReCa i Medycyny<\/title>\n<meta name=\"robots\" content=\"index, follow, max-snippet:-1, max-image-preview:large, max-video-preview:-1\" \/>\n<link rel=\"canonical\" href=\"https:\/\/grapil.pl\/de\/produkt\/arbeitshose-latzhose-classicvariante1\/\" \/>\n<meta property=\"og:locale\" content=\"de_DE\" \/>\n<meta property=\"og:type\" content=\"article\" \/>\n<meta property=\"og:title\" content=\"Spodnie robocze ogrodniczki Classic{wariant1} - Grapil.pl \u2013 Profesjonalna Odzie\u017c S\u0142u\u017cbowa dla Bran\u017cy Kelnerskiej, HoReCa i Medycyny\" \/>\n<meta property=\"og:description\" content=\"Ogrodniczki robocze Classic to\u00a0bez w\u0105tpienia idealne rozwi\u0105zanie dla tych kt\u00f3rzy szukaj\u0105\u00a0wysokiej jako\u015bci wykonania\u00a0oraz\u00a0trwa\u0142o\u015bci w przyst\u0119pnej cenie. Nasze spodnie wykonane zosta\u0142y\" \/>\n<meta property=\"og:url\" content=\"https:\/\/grapil.pl\/de\/produkt\/arbeitshose-latzhose-classicvariante1\/\" \/>\n<meta property=\"og:site_name\" content=\"Grapil.pl \u2013 Profesjonalna Odzie\u017c S\u0142u\u017cbowa dla Bran\u017cy Kelnerskiej, HoReCa i Medycyny\" \/>\n<meta property=\"article:modified_time\" content=\"2025-09-29T16:20:52+00:00\" \/>\n<meta property=\"og:image\" content=\"https:\/\/grapil.pl\/wp-content\/uploads\/2025\/04\/21007.jpg\" \/>\n\t<meta property=\"og:image:width\" content=\"1500\" \/>\n\t<meta property=\"og:image:height\" content=\"1500\" \/>\n\t<meta property=\"og:image:type\" content=\"image\/jpeg\" \/>\n<meta name=\"twitter:card\" content=\"summary_large_image\" \/>\n<meta name=\"twitter:label1\" content=\"Gesch\u00e4tzte Lesezeit\" \/>\n\t<meta name=\"twitter:data1\" content=\"2\u00a0Minuten\" \/>\n<script type=\"application\/ld+json\" class=\"yoast-schema-graph\">{\"@context\":\"https:\/\/schema.org\",\"@graph\":[{\"@type\":\"WebPage\",\"@id\":\"https:\/\/grapil.pl\/produkt\/spodnie-robocze-ogrodniczki-classicwariant1\/\",\"url\":\"https:\/\/grapil.pl\/produkt\/spodnie-robocze-ogrodniczki-classicwariant1\/\",\"name\":\"Spodnie robocze ogrodniczki Classic{wariant1} - Grapil.pl \u2013 Profesjonalna Odzie\u017c S\u0142u\u017cbowa dla Bran\u017cy Kelnerskiej, HoReCa i Medycyny\",\"isPartOf\":{\"@id\":\"https:\/\/grapil.pl\/#website\"},\"primaryImageOfPage\":{\"@id\":\"https:\/\/grapil.pl\/produkt\/spodnie-robocze-ogrodniczki-classicwariant1\/#primaryimage\"},\"image\":{\"@id\":\"https:\/\/grapil.pl\/produkt\/spodnie-robocze-ogrodniczki-classicwariant1\/#primaryimage\"},\"thumbnailUrl\":\"https:\/\/grapil.pl\/wp-content\/uploads\/2025\/04\/21007.jpg\",\"datePublished\":\"2025-04-09T15:31:54+00:00\",\"dateModified\":\"2025-09-29T16:20:52+00:00\",\"breadcrumb\":{\"@id\":\"https:\/\/grapil.pl\/produkt\/spodnie-robocze-ogrodniczki-classicwariant1\/#breadcrumb\"},\"inLanguage\":\"de\",\"potentialAction\":[{\"@type\":\"ReadAction\",\"target\":[\"https:\/\/grapil.pl\/produkt\/spodnie-robocze-ogrodniczki-classicwariant1\/\"]}]},{\"@type\":\"ImageObject\",\"inLanguage\":\"de\",\"@id\":\"https:\/\/grapil.pl\/produkt\/spodnie-robocze-ogrodniczki-classicwariant1\/#primaryimage\",\"url\":\"https:\/\/grapil.pl\/wp-content\/uploads\/2025\/04\/21007.jpg\",\"contentUrl\":\"https:\/\/grapil.pl\/wp-content\/uploads\/2025\/04\/21007.jpg\",\"width\":1500,\"height\":1500},{\"@type\":\"BreadcrumbList\",\"@id\":\"https:\/\/grapil.pl\/produkt\/spodnie-robocze-ogrodniczki-classicwariant1\/#breadcrumb\",\"itemListElement\":[{\"@type\":\"ListItem\",\"position\":1,\"name\":\"Strona g\u0142\u00f3wna\",\"item\":\"https:\/\/grapil.pl\/\"},{\"@type\":\"ListItem\",\"position\":2,\"name\":\"sklep\",\"item\":\"https:\/\/grapil.pl\/sklep\/\"},{\"@type\":\"ListItem\",\"position\":3,\"name\":\"Spodnie robocze ogrodniczki Classic{wariant1}\"}]},{\"@type\":\"WebSite\",\"@id\":\"https:\/\/grapil.pl\/#website\",\"url\":\"https:\/\/grapil.pl\/\",\"name\":\"Grapil.pl \u2013 Profesjonalna Odzie\u017c S\u0142u\u017cbowa dla Bran\u017cy Kelnerskiej, HoReCa i Medycyny\",\"description\":\"\",\"potentialAction\":[{\"@type\":\"SearchAction\",\"target\":{\"@type\":\"EntryPoint\",\"urlTemplate\":\"https:\/\/grapil.pl\/?s={search_term_string}\"},\"query-input\":{\"@type\":\"PropertyValueSpecification\",\"valueRequired\":true,\"valueName\":\"search_term_string\"}}],\"inLanguage\":\"de\"}]}<\/script>\n<!-- \/ Yoast SEO plugin. -->","yoast_head_json":{"title":"Spodnie robocze ogrodniczki Classic{wariant1} - Grapil.pl \u2013 Profesjonalna Odzie\u017c S\u0142u\u017cbowa dla Bran\u017cy Kelnerskiej, HoReCa i Medycyny","robots":{"index":"index","follow":"follow","max-snippet":"max-snippet:-1","max-image-preview":"max-image-preview:large","max-video-preview":"max-video-preview:-1"},"canonical":"https:\/\/grapil.pl\/de\/produkt\/arbeitshose-latzhose-classicvariante1\/","og_locale":"de_DE","og_type":"article","og_title":"Spodnie robocze ogrodniczki Classic{wariant1} - Grapil.pl \u2013 Profesjonalna Odzie\u017c S\u0142u\u017cbowa dla Bran\u017cy Kelnerskiej, HoReCa i Medycyny","og_description":"Ogrodniczki robocze Classic to\u00a0bez w\u0105tpienia idealne rozwi\u0105zanie dla tych kt\u00f3rzy szukaj\u0105\u00a0wysokiej jako\u015bci wykonania\u00a0oraz\u00a0trwa\u0142o\u015bci w przyst\u0119pnej cenie. Nasze spodnie wykonane zosta\u0142y","og_url":"https:\/\/grapil.pl\/de\/produkt\/arbeitshose-latzhose-classicvariante1\/","og_site_name":"Grapil.pl \u2013 Profesjonalna Odzie\u017c S\u0142u\u017cbowa dla Bran\u017cy Kelnerskiej, HoReCa i Medycyny","article_modified_time":"2025-09-29T16:20:52+00:00","og_image":[{"width":1500,"height":1500,"url":"https:\/\/grapil.pl\/wp-content\/uploads\/2025\/04\/21007.jpg","type":"image\/jpeg"}],"twitter_card":"summary_large_image","twitter_misc":{"Gesch\u00e4tzte Lesezeit":"2\u00a0Minuten"},"schema":{"@context":"https:\/\/schema.org","@graph":[{"@type":"WebPage","@id":"https:\/\/grapil.pl\/produkt\/spodnie-robocze-ogrodniczki-classicwariant1\/","url":"https:\/\/grapil.pl\/produkt\/spodnie-robocze-ogrodniczki-classicwariant1\/","name":"Spodnie robocze ogrodniczki Classic{wariant1} - Grapil.pl \u2013 Profesjonalna Odzie\u017c S\u0142u\u017cbowa dla Bran\u017cy Kelnerskiej, HoReCa i Medycyny","isPartOf":{"@id":"https:\/\/grapil.pl\/#website"},"primaryImageOfPage":{"@id":"https:\/\/grapil.pl\/produkt\/spodnie-robocze-ogrodniczki-classicwariant1\/#primaryimage"},"image":{"@id":"https:\/\/grapil.pl\/produkt\/spodnie-robocze-ogrodniczki-classicwariant1\/#primaryimage"},"thumbnailUrl":"https:\/\/grapil.pl\/wp-content\/uploads\/2025\/04\/21007.jpg","datePublished":"2025-04-09T15:31:54+00:00","dateModified":"2025-09-29T16:20:52+00:00","breadcrumb":{"@id":"https:\/\/grapil.pl\/produkt\/spodnie-robocze-ogrodniczki-classicwariant1\/#breadcrumb"},"inLanguage":"de","potentialAction":[{"@type":"ReadAction","target":["https:\/\/grapil.pl\/produkt\/spodnie-robocze-ogrodniczki-classicwariant1\/"]}]},{"@type":"ImageObject","inLanguage":"de","@id":"https:\/\/grapil.pl\/produkt\/spodnie-robocze-ogrodniczki-classicwariant1\/#primaryimage","url":"https:\/\/grapil.pl\/wp-content\/uploads\/2025\/04\/21007.jpg","contentUrl":"https:\/\/grapil.pl\/wp-content\/uploads\/2025\/04\/21007.jpg","width":1500,"height":1500},{"@type":"BreadcrumbList","@id":"https:\/\/grapil.pl\/produkt\/spodnie-robocze-ogrodniczki-classicwariant1\/#breadcrumb","itemListElement":[{"@type":"ListItem","position":1,"name":"Strona g\u0142\u00f3wna","item":"https:\/\/grapil.pl\/"},{"@type":"ListItem","position":2,"name":"sklep","item":"https:\/\/grapil.pl\/sklep\/"},{"@type":"ListItem","position":3,"name":"Spodnie robocze ogrodniczki Classic{wariant1}"}]},{"@type":"WebSite","@id":"https:\/\/grapil.pl\/#website","url":"https:\/\/grapil.pl\/","name":"Grapil.pl \u2013 Profesjonalna Odzie\u017c S\u0142u\u017cbowa dla Bran\u017cy Kelnerskiej, HoReCa i Medycyny","description":"","potentialAction":[{"@type":"SearchAction","target":{"@type":"EntryPoint","urlTemplate":"https:\/\/grapil.pl\/?s={search_term_string}"},"query-input":{"@type":"PropertyValueSpecification","valueRequired":true,"valueName":"search_term_string"}}],"inLanguage":"de"}]}},"_links":{"self":[{"href":"https:\/\/grapil.pl\/de\/wp-json\/wp\/v2\/product\/17044","targetHints":{"allow":["GET"]}}],"collection":[{"href":"https:\/\/grapil.pl\/de\/wp-json\/wp\/v2\/product"}],"about":[{"href":"https:\/\/grapil.pl\/de\/wp-json\/wp\/v2\/types\/product"}],"version-history":[{"count":1,"href":"https:\/\/grapil.pl\/de\/wp-json\/wp\/v2\/product\/17044\/revisions"}],"predecessor-version":[{"id":17045,"href":"https:\/\/grapil.pl\/de\/wp-json\/wp\/v2\/product\/17044\/revisions\/17045"}],"wp:featuredmedia":[{"embeddable":true,"href":"https:\/\/grapil.pl\/de\/wp-json\/wp\/v2\/media\/17046"}],"wp:attachment":[{"href":"https:\/\/grapil.pl\/de\/wp-json\/wp\/v2\/media?parent=17044"}],"wp:term":[{"taxonomy":"product_brand","embeddable":true,"href":"https:\/\/grapil.pl\/de\/wp-json\/wp\/v2\/product_brand?post=17044"},{"taxonomy":"product_cat","embeddable":true,"href":"https:\/\/grapil.pl\/de\/wp-json\/wp\/v2\/product_cat?post=17044"},{"taxonomy":"product_tag","embeddable":true,"href":"https:\/\/grapil.pl\/de\/wp-json\/wp\/v2\/product_tag?post=17044"}],"curies":[{"name":"wp","href":"https:\/\/api.w.org\/{rel}","templated":true}]}}