{"id":17053,"date":"2025-04-09T17:31:54","date_gmt":"2025-04-09T15:31:54","guid":{"rendered":"https:\/\/grapil.pl\/produkt\/spodnie-robocze-do-pasa-classicwariant1\/"},"modified":"2025-12-07T09:50:14","modified_gmt":"2025-12-07T08:50:14","slug":"arbeitshose-mit-klassischem-bundvariante1","status":"publish","type":"product","link":"https:\/\/grapil.pl\/de\/produkt\/arbeitshose-mit-klassischem-bundvariante1\/","title":{"rendered":"Arbeitshose mit klassischem Bund {Variante1}"},"content":{"rendered":"<p>Die klassische Arbeitshose ist zweifellos die perfekte L\u00f6sung f\u00fcr alle, die auf der Suche sind nach\u00a0<strong>hochwertige Verarbeitung<\/strong>\u00a0Und\u00a0<strong>Langlebigkeit zum g\u00fcnstigen Preis<\/strong>Unsere Hosen bestehen aus\u00a0<strong>Material, das die Gr\u00f6\u00dfe und Haltbarkeit des Stoffes f\u00fcr lange Zeit gew\u00e4hrleistet<\/strong>. Dank des verwendeten Materials h\u00e4lt die Hose\u00a0<strong>elegantes und \u00e4sthetisches Erscheinungsbild<\/strong>.<\/p>\n<p>Die Taschen sind zus\u00e4tzlich mit 600D-Polyestergewebe gegen Durchstiche durch scharfe Gegenst\u00e4nde verst\u00e4rkt, und Dreifachn\u00e4hte und Riegeln\u00e4hte verst\u00e4rken besonders rei\u00dfgef\u00e4hrdete Stellen zus\u00e4tzlich.\u00a0<\/p>\n<p>Hoseng\u00fcrtel\u00a0<strong>Klassiker<\/strong>\u00a0\u2013 attraktives Design und hervorragende Funktionalit\u00e4t. Hergestellt aus sehr strapazierf\u00e4higem Spezialgewebe \u2013 Canvas (<strong>80% Polyester und 20% Baumwolle<\/strong>) mit sehr hoher Grammatur\u00a0<strong>270 +\/-10 Gramm\/m2<\/strong>\u00a0und ein starkes, dichtes Gewebe.<\/p>\n<p>Arbeitshosen sind zertifiziert\u00a0<strong>CE Kat.I PN-EN ISO 13688:2013<\/strong><\/p>\n<p><strong><img fetchpriority=\"high\" decoding=\"async\" alt=\"\" height=\"401\" src=\"\/userdata\/public\/assets\/\/tabeka.JPG\" width=\"507\" \/><\/strong><\/p>\n<p>Die Arbeitshose Classic Waist ist nicht nur strapazierf\u00e4hig, sondern auch au\u00dfergew\u00f6hnlich funktional. Ihr unbestrittener Vorteil sind die gro\u00dfen Taschen vorne und mehrere kleinere Taschen, darunter auch solche mit praktischem Klettverschluss. So k\u00f6nnen Sie notwendige Werkzeuge, Messger\u00e4te oder anderes n\u00fctzliches Zubeh\u00f6r verstauen. Dank des speziellen Schnitts zeichnet sich die Hose durch eine gro\u00dfe Gr\u00f6\u00dfentoleranz im Taillen- und Brustumfang aus. Die in der Tabelle angegebenen Ma\u00dfe gelten f\u00fcr die Hose.<\/p>\n<p>Dank ihres \u00e4sthetischen und modischen Designs f\u00fcgen sich die h\u00fcftlangen Arbeitshosen perfekt in die Atmosph\u00e4re eines Produktionsbetriebs, einer Montageanlage oder einer Werkstatt ein. Als Arbeitskleidung, die den Gesundheits- und Sicherheitsstandards entspricht, ist sie ein wichtiges Element f\u00fcr den Markenaufbau.<\/p>\n<p>M\u00f6glichkeit einer Bestickung oder eines Siebdrucks \u2013 sprechen Sie uns gerne an!<\/p>","protected":false},"excerpt":{"rendered":"<p>Die klassische Arbeitshose ist zweifellos die perfekte L\u00f6sung f\u00fcr alle, die hochwertige Verarbeitung und Langlebigkeit zu einem erschwinglichen Preis suchen. Unsere Hosen<\/p>","protected":false},"featured_media":17055,"template":"","meta":[],"product_brand":[91],"product_cat":[86,92,93],"product_tag":[],"class_list":{"0":"post-17053","1":"product","2":"type-product","3":"status-publish","4":"has-post-thumbnail","6":"product_brand-artmas","7":"product_cat-sklepbhp","8":"product_cat-odziez-robocza","9":"product_cat-spodnie-robocze","11":"first","12":"instock","13":"product-type-simple"},"yoast_head":"<!-- This site is optimized with the Yoast SEO plugin v25.3 - https:\/\/yoast.com\/wordpress\/plugins\/seo\/ -->\n<title>Spodnie robocze do pasa Classic{wariant1} - Grapil.pl \u2013 Profesjonalna Odzie\u017c S\u0142u\u017cbowa dla Bran\u017cy Kelnerskiej, HoReCa i Medycyny<\/title>\n<meta name=\"robots\" content=\"index, follow, max-snippet:-1, max-image-preview:large, max-video-preview:-1\" \/>\n<link rel=\"canonical\" href=\"https:\/\/grapil.pl\/de\/produkt\/arbeitshose-mit-klassischem-bundvariante1\/\" \/>\n<meta property=\"og:locale\" content=\"de_DE\" \/>\n<meta property=\"og:type\" content=\"article\" \/>\n<meta property=\"og:title\" content=\"Spodnie robocze do pasa Classic{wariant1} - Grapil.pl \u2013 Profesjonalna Odzie\u017c S\u0142u\u017cbowa dla Bran\u017cy Kelnerskiej, HoReCa i Medycyny\" \/>\n<meta property=\"og:description\" content=\"Spodnie robocze do pasa Classic to\u00a0bez w\u0105tpienia idealne rozwi\u0105zanie dla tych kt\u00f3rzy szukaj\u0105\u00a0wysokiej jako\u015bci wykonania\u00a0oraz\u00a0trwa\u0142o\u015bci w przyst\u0119pnej cenie. Nasze spodnie\" \/>\n<meta property=\"og:url\" content=\"https:\/\/grapil.pl\/de\/produkt\/arbeitshose-mit-klassischem-bundvariante1\/\" \/>\n<meta property=\"og:site_name\" content=\"Grapil.pl \u2013 Profesjonalna Odzie\u017c S\u0142u\u017cbowa dla Bran\u017cy Kelnerskiej, HoReCa i Medycyny\" \/>\n<meta property=\"article:modified_time\" content=\"2025-12-07T08:50:14+00:00\" \/>\n<meta property=\"og:image\" content=\"https:\/\/grapil.pl\/wp-content\/uploads\/2025\/04\/20435.jpg\" \/>\n\t<meta property=\"og:image:width\" content=\"842\" \/>\n\t<meta property=\"og:image:height\" content=\"1500\" \/>\n\t<meta property=\"og:image:type\" content=\"image\/jpeg\" \/>\n<meta name=\"twitter:card\" content=\"summary_large_image\" \/>\n<meta name=\"twitter:label1\" content=\"Gesch\u00e4tzte Lesezeit\" \/>\n\t<meta name=\"twitter:data1\" content=\"1\u00a0Minute\" \/>\n<script type=\"application\/ld+json\" class=\"yoast-schema-graph\">{\"@context\":\"https:\/\/schema.org\",\"@graph\":[{\"@type\":\"WebPage\",\"@id\":\"https:\/\/grapil.pl\/produkt\/spodnie-robocze-do-pasa-classicwariant1\/\",\"url\":\"https:\/\/grapil.pl\/produkt\/spodnie-robocze-do-pasa-classicwariant1\/\",\"name\":\"Spodnie robocze do pasa Classic{wariant1} - Grapil.pl \u2013 Profesjonalna Odzie\u017c S\u0142u\u017cbowa dla Bran\u017cy Kelnerskiej, HoReCa i Medycyny\",\"isPartOf\":{\"@id\":\"https:\/\/grapil.pl\/#website\"},\"primaryImageOfPage\":{\"@id\":\"https:\/\/grapil.pl\/produkt\/spodnie-robocze-do-pasa-classicwariant1\/#primaryimage\"},\"image\":{\"@id\":\"https:\/\/grapil.pl\/produkt\/spodnie-robocze-do-pasa-classicwariant1\/#primaryimage\"},\"thumbnailUrl\":\"https:\/\/grapil.pl\/wp-content\/uploads\/2025\/04\/20435.jpg\",\"datePublished\":\"2025-04-09T15:31:54+00:00\",\"dateModified\":\"2025-12-07T08:50:14+00:00\",\"breadcrumb\":{\"@id\":\"https:\/\/grapil.pl\/produkt\/spodnie-robocze-do-pasa-classicwariant1\/#breadcrumb\"},\"inLanguage\":\"de\",\"potentialAction\":[{\"@type\":\"ReadAction\",\"target\":[\"https:\/\/grapil.pl\/produkt\/spodnie-robocze-do-pasa-classicwariant1\/\"]}]},{\"@type\":\"ImageObject\",\"inLanguage\":\"de\",\"@id\":\"https:\/\/grapil.pl\/produkt\/spodnie-robocze-do-pasa-classicwariant1\/#primaryimage\",\"url\":\"https:\/\/grapil.pl\/wp-content\/uploads\/2025\/04\/20435.jpg\",\"contentUrl\":\"https:\/\/grapil.pl\/wp-content\/uploads\/2025\/04\/20435.jpg\",\"width\":842,\"height\":1500},{\"@type\":\"BreadcrumbList\",\"@id\":\"https:\/\/grapil.pl\/produkt\/spodnie-robocze-do-pasa-classicwariant1\/#breadcrumb\",\"itemListElement\":[{\"@type\":\"ListItem\",\"position\":1,\"name\":\"Strona g\u0142\u00f3wna\",\"item\":\"https:\/\/grapil.pl\/\"},{\"@type\":\"ListItem\",\"position\":2,\"name\":\"sklep\",\"item\":\"https:\/\/grapil.pl\/sklep\/\"},{\"@type\":\"ListItem\",\"position\":3,\"name\":\"Spodnie robocze do pasa Classic{wariant1}\"}]},{\"@type\":\"WebSite\",\"@id\":\"https:\/\/grapil.pl\/#website\",\"url\":\"https:\/\/grapil.pl\/\",\"name\":\"Grapil.pl \u2013 Profesjonalna Odzie\u017c S\u0142u\u017cbowa dla Bran\u017cy Kelnerskiej, HoReCa i Medycyny\",\"description\":\"\",\"potentialAction\":[{\"@type\":\"SearchAction\",\"target\":{\"@type\":\"EntryPoint\",\"urlTemplate\":\"https:\/\/grapil.pl\/?s={search_term_string}\"},\"query-input\":{\"@type\":\"PropertyValueSpecification\",\"valueRequired\":true,\"valueName\":\"search_term_string\"}}],\"inLanguage\":\"de\"}]}<\/script>\n<!-- \/ Yoast SEO plugin. -->","yoast_head_json":{"title":"Spodnie robocze do pasa Classic{wariant1} - Grapil.pl \u2013 Profesjonalna Odzie\u017c S\u0142u\u017cbowa dla Bran\u017cy Kelnerskiej, HoReCa i Medycyny","robots":{"index":"index","follow":"follow","max-snippet":"max-snippet:-1","max-image-preview":"max-image-preview:large","max-video-preview":"max-video-preview:-1"},"canonical":"https:\/\/grapil.pl\/de\/produkt\/arbeitshose-mit-klassischem-bundvariante1\/","og_locale":"de_DE","og_type":"article","og_title":"Spodnie robocze do pasa Classic{wariant1} - Grapil.pl \u2013 Profesjonalna Odzie\u017c S\u0142u\u017cbowa dla Bran\u017cy Kelnerskiej, HoReCa i Medycyny","og_description":"Spodnie robocze do pasa Classic to\u00a0bez w\u0105tpienia idealne rozwi\u0105zanie dla tych kt\u00f3rzy szukaj\u0105\u00a0wysokiej jako\u015bci wykonania\u00a0oraz\u00a0trwa\u0142o\u015bci w przyst\u0119pnej cenie. Nasze spodnie","og_url":"https:\/\/grapil.pl\/de\/produkt\/arbeitshose-mit-klassischem-bundvariante1\/","og_site_name":"Grapil.pl \u2013 Profesjonalna Odzie\u017c S\u0142u\u017cbowa dla Bran\u017cy Kelnerskiej, HoReCa i Medycyny","article_modified_time":"2025-12-07T08:50:14+00:00","og_image":[{"width":842,"height":1500,"url":"https:\/\/grapil.pl\/wp-content\/uploads\/2025\/04\/20435.jpg","type":"image\/jpeg"}],"twitter_card":"summary_large_image","twitter_misc":{"Gesch\u00e4tzte Lesezeit":"1\u00a0Minute"},"schema":{"@context":"https:\/\/schema.org","@graph":[{"@type":"WebPage","@id":"https:\/\/grapil.pl\/produkt\/spodnie-robocze-do-pasa-classicwariant1\/","url":"https:\/\/grapil.pl\/produkt\/spodnie-robocze-do-pasa-classicwariant1\/","name":"Spodnie robocze do pasa Classic{wariant1} - Grapil.pl \u2013 Profesjonalna Odzie\u017c S\u0142u\u017cbowa dla Bran\u017cy Kelnerskiej, HoReCa i Medycyny","isPartOf":{"@id":"https:\/\/grapil.pl\/#website"},"primaryImageOfPage":{"@id":"https:\/\/grapil.pl\/produkt\/spodnie-robocze-do-pasa-classicwariant1\/#primaryimage"},"image":{"@id":"https:\/\/grapil.pl\/produkt\/spodnie-robocze-do-pasa-classicwariant1\/#primaryimage"},"thumbnailUrl":"https:\/\/grapil.pl\/wp-content\/uploads\/2025\/04\/20435.jpg","datePublished":"2025-04-09T15:31:54+00:00","dateModified":"2025-12-07T08:50:14+00:00","breadcrumb":{"@id":"https:\/\/grapil.pl\/produkt\/spodnie-robocze-do-pasa-classicwariant1\/#breadcrumb"},"inLanguage":"de","potentialAction":[{"@type":"ReadAction","target":["https:\/\/grapil.pl\/produkt\/spodnie-robocze-do-pasa-classicwariant1\/"]}]},{"@type":"ImageObject","inLanguage":"de","@id":"https:\/\/grapil.pl\/produkt\/spodnie-robocze-do-pasa-classicwariant1\/#primaryimage","url":"https:\/\/grapil.pl\/wp-content\/uploads\/2025\/04\/20435.jpg","contentUrl":"https:\/\/grapil.pl\/wp-content\/uploads\/2025\/04\/20435.jpg","width":842,"height":1500},{"@type":"BreadcrumbList","@id":"https:\/\/grapil.pl\/produkt\/spodnie-robocze-do-pasa-classicwariant1\/#breadcrumb","itemListElement":[{"@type":"ListItem","position":1,"name":"Strona g\u0142\u00f3wna","item":"https:\/\/grapil.pl\/"},{"@type":"ListItem","position":2,"name":"sklep","item":"https:\/\/grapil.pl\/sklep\/"},{"@type":"ListItem","position":3,"name":"Spodnie robocze do pasa Classic{wariant1}"}]},{"@type":"WebSite","@id":"https:\/\/grapil.pl\/#website","url":"https:\/\/grapil.pl\/","name":"Grapil.pl \u2013 Profesjonalna Odzie\u017c S\u0142u\u017cbowa dla Bran\u017cy Kelnerskiej, HoReCa i Medycyny","description":"","potentialAction":[{"@type":"SearchAction","target":{"@type":"EntryPoint","urlTemplate":"https:\/\/grapil.pl\/?s={search_term_string}"},"query-input":{"@type":"PropertyValueSpecification","valueRequired":true,"valueName":"search_term_string"}}],"inLanguage":"de"}]}},"_links":{"self":[{"href":"https:\/\/grapil.pl\/de\/wp-json\/wp\/v2\/product\/17053","targetHints":{"allow":["GET"]}}],"collection":[{"href":"https:\/\/grapil.pl\/de\/wp-json\/wp\/v2\/product"}],"about":[{"href":"https:\/\/grapil.pl\/de\/wp-json\/wp\/v2\/types\/product"}],"version-history":[{"count":1,"href":"https:\/\/grapil.pl\/de\/wp-json\/wp\/v2\/product\/17053\/revisions"}],"predecessor-version":[{"id":17054,"href":"https:\/\/grapil.pl\/de\/wp-json\/wp\/v2\/product\/17053\/revisions\/17054"}],"wp:featuredmedia":[{"embeddable":true,"href":"https:\/\/grapil.pl\/de\/wp-json\/wp\/v2\/media\/17055"}],"wp:attachment":[{"href":"https:\/\/grapil.pl\/de\/wp-json\/wp\/v2\/media?parent=17053"}],"wp:term":[{"taxonomy":"product_brand","embeddable":true,"href":"https:\/\/grapil.pl\/de\/wp-json\/wp\/v2\/product_brand?post=17053"},{"taxonomy":"product_cat","embeddable":true,"href":"https:\/\/grapil.pl\/de\/wp-json\/wp\/v2\/product_cat?post=17053"},{"taxonomy":"product_tag","embeddable":true,"href":"https:\/\/grapil.pl\/de\/wp-json\/wp\/v2\/product_tag?post=17053"}],"curies":[{"name":"wp","href":"https:\/\/api.w.org\/{rel}","templated":true}]}}