{"id":17069,"date":"2025-04-09T17:31:54","date_gmt":"2025-04-09T15:31:54","guid":{"rendered":"https:\/\/grapil.pl\/produkt\/ogrodniczki-robocze-euroclassicwariant1\/"},"modified":"2025-04-09T17:32:12","modified_gmt":"2025-04-09T15:32:12","slug":"euroclassic-arbeitslatzhosevariante1","status":"publish","type":"product","link":"https:\/\/grapil.pl\/de\/produkt\/euroclassic-arbeitslatzhosevariante1\/","title":{"rendered":"Euroclassic Arbeitslatzhose {Variante1}"},"content":{"rendered":"<h1>EUROCLASSIC ARBEITSOVERALLS<\/h1>\n<p>Art.-Mas Latzhosen sind zweifellos die perfekte L\u00f6sung f\u00fcr diejenigen, die suchen\u00a0<strong>hochwertige Verarbeitung<\/strong>\u00a0Und\u00a0<strong>Langlebigkeit zum fairen Preis<\/strong>Unsere Hosen bestehen aus\u00a0<strong>Material, das die Gr\u00f6\u00dfenbest\u00e4ndigkeit gew\u00e4hrleistet<\/strong>,\u00a0<strong>Farbe<\/strong>. Dank des verwendeten Materials ist die Hose\u00a0<strong>sie knittern nicht<\/strong>\u00a0und sie halten\u00a0<strong>elegantes und \u00e4sthetisches Erscheinungsbild<\/strong>.<\/p>\n<p>Arbeitshosen sind zertifiziert\u00a0<strong>CE Kat.I PN-EN ISO 13688:2013<\/strong><\/p>\n<p>Klassische Latzhose \u2013\u00a0<strong>attraktives Design und hervorragende Funktionalit\u00e4t<\/strong>.\u00a0<strong>Aus hochbest\u00e4ndigem Spezialgewebe<\/strong>\u00a0\u2013 Canvas (65% Polyester und 35% Baumwolle) mit sehr hoher Grammatur\u00a0<strong>270 +\/- 10 Gramm\/m2.<\/strong><\/p>\n<h2><span style=\"font-size:12pt;\">Reflektierende Elemente auf der Vorder- und R\u00fcckseite der Hose \u2013 erh\u00f6hen die Sicherheit des Tr\u00e4gers<\/span><\/h2>\n<p><strong>Merkmal:<\/strong><\/p>\n<ul>\n<li>professionelle N\u00e4harbeit und \u00e4sthetische Verarbeitung<\/li>\n<li>Zahlreiche massive Bolzen verst\u00e4rken zus\u00e4tzlich die besonders rei\u00dfgef\u00e4hrdeten Stellen<\/li>\n<li><strong>11 Taschen<\/strong>\u00a0davon zwei auf der R\u00fcckseite, eine zus\u00e4tzliche verst\u00e4rkte Tasche f\u00fcr ein Ma\u00dfband.<\/li>\n<li>2 aufgen\u00e4hte Knietaschen erm\u00f6glichen den Einsatz von auswechselbaren Kniepolstern<\/li>\n<li>Taschen<strong>\u00a0verst\u00e4rkt<\/strong>\u00a0sie sind Stoff<strong>\u00a0600D Oxford-Polyester<\/strong>, die durch eine gro\u00dfe\u00a0<strong>Ausdauer<\/strong>, Widerstand gegen\u00a0<strong>Abrieb<\/strong>\u00a0und Dehnen und\u00a0<strong>wasserdicht<\/strong>.<\/li>\n<li>breite Hosentr\u00e4ger mit straffem Gummi und stabilen Schnallen<\/li>\n<li>Sehr\u00a0<strong>niedrig<\/strong>\u00a0<strong>Kontraktilit\u00e4t<\/strong>, auch nach mehrmaligem Waschen<\/li>\n<li>Farbstabilit\u00e4t<\/li>\n<li>Rei\u00dfverschluss vorne\u00a0<strong>Schieberegler<\/strong><\/li>\n<li>komfortables und praktisches Taillenverstellsystem mit\u00a0<strong>Schaltfl\u00e4chen<\/strong><\/li>\n<\/ul>\n<table style=\"height:254px;width:307px;\">\n<tbody>\n<tr>\n<td style=\"width:60px;text-align:center;\">Gr\u00f6\u00dfe<\/td>\n<td style=\"width:70px;text-align:center;\">Hosenl\u00e4nge<\/td>\n<td style=\"width:75px;text-align:center;\">Schaltung<br \/>in den H\u00fcften<\/td>\n<td style=\"width:74px;text-align:center;\">Schaltung<br \/>in der Taille<\/td>\n<\/tr>\n<tr>\n<td style=\"width:60px;text-align:center;\">44<\/td>\n<td style=\"width:70px;text-align:center;\">105<\/td>\n<td style=\"width:75px;text-align:center;\">106<\/td>\n<td style=\"width:74px;text-align:center;\">84<\/td>\n<\/tr>\n<tr>\n<td style=\"width:60px;text-align:center;\">46<\/td>\n<td style=\"width:70px;text-align:center;\">107<\/td>\n<td style=\"width:75px;text-align:center;\">110<\/td>\n<td style=\"width:74px;text-align:center;\">88<\/td>\n<\/tr>\n<tr>\n<td style=\"width:60px;text-align:center;\">48<\/td>\n<td style=\"width:70px;text-align:center;\">107<\/td>\n<td style=\"width:75px;text-align:center;\">114<\/td>\n<td style=\"width:74px;text-align:center;\">92<\/td>\n<\/tr>\n<tr>\n<td style=\"width:60px;text-align:center;\">50<\/td>\n<td style=\"width:70px;text-align:center;\">109<\/td>\n<td style=\"width:75px;text-align:center;\">118<\/td>\n<td style=\"width:74px;text-align:center;\">96<\/td>\n<\/tr>\n<tr>\n<td style=\"width:60px;text-align:center;\">52<\/td>\n<td style=\"width:70px;text-align:center;\">111<\/td>\n<td style=\"width:75px;text-align:center;\">122<\/td>\n<td style=\"width:74px;text-align:center;\">100<\/td>\n<\/tr>\n<tr>\n<td style=\"width:60px;text-align:center;\">54<\/td>\n<td style=\"width:70px;text-align:center;\">111<\/td>\n<td style=\"width:75px;text-align:center;\">126<\/td>\n<td style=\"width:74px;text-align:center;\">104<\/td>\n<\/tr>\n<tr>\n<td style=\"width:60px;text-align:center;\">56<\/td>\n<td style=\"width:70px;text-align:center;\">112<\/td>\n<td style=\"width:75px;text-align:center;\">132<\/td>\n<td style=\"width:74px;text-align:center;\">108<\/td>\n<\/tr>\n<tr>\n<td style=\"width:60px;text-align:center;\">58<\/td>\n<td style=\"width:70px;text-align:center;\">115<\/td>\n<td style=\"width:75px;text-align:center;\">136<\/td>\n<td style=\"width:74px;text-align:center;\">116<\/td>\n<\/tr>\n<tr>\n<td style=\"width:60px;text-align:center;\">60<\/td>\n<td style=\"width:70px;text-align:center;\">115<\/td>\n<td style=\"width:75px;text-align:center;\">142<\/td>\n<td style=\"width:74px;text-align:center;\">120<\/td>\n<\/tr>\n<tr>\n<td style=\"width:60px;text-align:center;\">62<\/td>\n<td style=\"width:70px;text-align:center;\">119<\/td>\n<td style=\"width:75px;text-align:center;\">146<\/td>\n<td style=\"width:74px;text-align:center;\">126<\/td>\n<\/tr>\n<tr>\n<td style=\"width:60px;text-align:center;\">64<\/td>\n<td style=\"width:70px;text-align:center;\">119<\/td>\n<td style=\"width:75px;text-align:center;\">150<\/td>\n<td style=\"width:74px;text-align:center;\">130<\/td>\n<\/tr>\n<\/tbody>\n<\/table>\n<p>Dank des speziellen Schnitts zeichnet sich die Hose durch eine gro\u00dfe Gr\u00f6\u00dfentoleranz im Taillen- und Brustumfang aus. F\u00fcr die Hose gelten die in der Tabelle angegebenen Ma\u00dfe.<\/p>\n<p><span style=\"color:#ff0000;\">M\u00f6glichkeit einer Bestickung oder eines Siebdrucks \u2013 sprechen Sie uns gerne an!<\/span><\/p>\n<p style=\"text-align:center;\">\u00a0<\/p>","protected":false},"excerpt":{"rendered":"<p>EUROCLASSIC ARBEITSLATZHOSE Art.-Mas ist zweifellos die perfekte L\u00f6sung f\u00fcr alle, die hochwertige Verarbeitung und Langlebigkeit zu einem vern\u00fcnftigen Preis suchen.<\/p>","protected":false},"featured_media":17071,"template":"","meta":[],"product_brand":[91],"product_cat":[86,92,93],"product_tag":[],"class_list":{"0":"post-17069","1":"product","2":"type-product","3":"status-publish","4":"has-post-thumbnail","6":"product_brand-artmas","7":"product_cat-sklepbhp","8":"product_cat-odziez-robocza","9":"product_cat-spodnie-robocze","11":"first","12":"instock","13":"product-type-simple"},"yoast_head":"<!-- This site is optimized with the Yoast SEO plugin v25.3 - https:\/\/yoast.com\/wordpress\/plugins\/seo\/ -->\n<title>Ogrodniczki robocze Euroclassic{wariant1} - Grapil.pl \u2013 Profesjonalna Odzie\u017c S\u0142u\u017cbowa dla Bran\u017cy Kelnerskiej, HoReCa i Medycyny<\/title>\n<meta name=\"robots\" content=\"index, follow, max-snippet:-1, max-image-preview:large, max-video-preview:-1\" \/>\n<link rel=\"canonical\" href=\"https:\/\/grapil.pl\/de\/produkt\/euroclassic-arbeitslatzhosevariante1\/\" \/>\n<meta property=\"og:locale\" content=\"de_DE\" \/>\n<meta property=\"og:type\" content=\"article\" \/>\n<meta property=\"og:title\" content=\"Ogrodniczki robocze Euroclassic{wariant1} - Grapil.pl \u2013 Profesjonalna Odzie\u017c S\u0142u\u017cbowa dla Bran\u017cy Kelnerskiej, HoReCa i Medycyny\" \/>\n<meta property=\"og:description\" content=\"OGRODNICZKI ROBOCZE EUROCLASSIC Spodnie robocze ogrodniczki Art.-Mas to bez w\u0105tpienia idealne rozwi\u0105zanie dla tych kt\u00f3rzy szukaj\u0105\u00a0wysokiej jako\u015bci wykonania\u00a0oraz\u00a0trwa\u0142o\u015bci w rozs\u0105dnej\" \/>\n<meta property=\"og:url\" content=\"https:\/\/grapil.pl\/de\/produkt\/euroclassic-arbeitslatzhosevariante1\/\" \/>\n<meta property=\"og:site_name\" content=\"Grapil.pl \u2013 Profesjonalna Odzie\u017c S\u0142u\u017cbowa dla Bran\u017cy Kelnerskiej, HoReCa i Medycyny\" \/>\n<meta property=\"article:modified_time\" content=\"2025-04-09T15:32:12+00:00\" \/>\n<meta property=\"og:image\" content=\"https:\/\/grapil.pl\/wp-content\/uploads\/2025\/04\/18128.jpg\" \/>\n\t<meta property=\"og:image:width\" content=\"680\" \/>\n\t<meta property=\"og:image:height\" content=\"2046\" \/>\n\t<meta property=\"og:image:type\" content=\"image\/jpeg\" \/>\n<meta name=\"twitter:card\" content=\"summary_large_image\" \/>\n<meta name=\"twitter:label1\" content=\"Gesch\u00e4tzte Lesezeit\" \/>\n\t<meta name=\"twitter:data1\" content=\"1\u00a0Minute\" \/>\n<script type=\"application\/ld+json\" class=\"yoast-schema-graph\">{\"@context\":\"https:\/\/schema.org\",\"@graph\":[{\"@type\":\"WebPage\",\"@id\":\"https:\/\/grapil.pl\/produkt\/ogrodniczki-robocze-euroclassicwariant1\/\",\"url\":\"https:\/\/grapil.pl\/produkt\/ogrodniczki-robocze-euroclassicwariant1\/\",\"name\":\"Ogrodniczki robocze Euroclassic{wariant1} - Grapil.pl \u2013 Profesjonalna Odzie\u017c S\u0142u\u017cbowa dla Bran\u017cy Kelnerskiej, HoReCa i Medycyny\",\"isPartOf\":{\"@id\":\"https:\/\/grapil.pl\/#website\"},\"primaryImageOfPage\":{\"@id\":\"https:\/\/grapil.pl\/produkt\/ogrodniczki-robocze-euroclassicwariant1\/#primaryimage\"},\"image\":{\"@id\":\"https:\/\/grapil.pl\/produkt\/ogrodniczki-robocze-euroclassicwariant1\/#primaryimage\"},\"thumbnailUrl\":\"https:\/\/grapil.pl\/wp-content\/uploads\/2025\/04\/18128.jpg\",\"datePublished\":\"2025-04-09T15:31:54+00:00\",\"dateModified\":\"2025-04-09T15:32:12+00:00\",\"breadcrumb\":{\"@id\":\"https:\/\/grapil.pl\/produkt\/ogrodniczki-robocze-euroclassicwariant1\/#breadcrumb\"},\"inLanguage\":\"de\",\"potentialAction\":[{\"@type\":\"ReadAction\",\"target\":[\"https:\/\/grapil.pl\/produkt\/ogrodniczki-robocze-euroclassicwariant1\/\"]}]},{\"@type\":\"ImageObject\",\"inLanguage\":\"de\",\"@id\":\"https:\/\/grapil.pl\/produkt\/ogrodniczki-robocze-euroclassicwariant1\/#primaryimage\",\"url\":\"https:\/\/grapil.pl\/wp-content\/uploads\/2025\/04\/18128.jpg\",\"contentUrl\":\"https:\/\/grapil.pl\/wp-content\/uploads\/2025\/04\/18128.jpg\",\"width\":680,\"height\":2046},{\"@type\":\"BreadcrumbList\",\"@id\":\"https:\/\/grapil.pl\/produkt\/ogrodniczki-robocze-euroclassicwariant1\/#breadcrumb\",\"itemListElement\":[{\"@type\":\"ListItem\",\"position\":1,\"name\":\"Strona g\u0142\u00f3wna\",\"item\":\"https:\/\/grapil.pl\/\"},{\"@type\":\"ListItem\",\"position\":2,\"name\":\"sklep\",\"item\":\"https:\/\/grapil.pl\/sklep\/\"},{\"@type\":\"ListItem\",\"position\":3,\"name\":\"Ogrodniczki robocze Euroclassic{wariant1}\"}]},{\"@type\":\"WebSite\",\"@id\":\"https:\/\/grapil.pl\/#website\",\"url\":\"https:\/\/grapil.pl\/\",\"name\":\"Grapil.pl \u2013 Profesjonalna Odzie\u017c S\u0142u\u017cbowa dla Bran\u017cy Kelnerskiej, HoReCa i Medycyny\",\"description\":\"\",\"potentialAction\":[{\"@type\":\"SearchAction\",\"target\":{\"@type\":\"EntryPoint\",\"urlTemplate\":\"https:\/\/grapil.pl\/?s={search_term_string}\"},\"query-input\":{\"@type\":\"PropertyValueSpecification\",\"valueRequired\":true,\"valueName\":\"search_term_string\"}}],\"inLanguage\":\"de\"}]}<\/script>\n<!-- \/ Yoast SEO plugin. -->","yoast_head_json":{"title":"Ogrodniczki robocze Euroclassic{wariant1} - Grapil.pl \u2013 Profesjonalna Odzie\u017c S\u0142u\u017cbowa dla Bran\u017cy Kelnerskiej, HoReCa i Medycyny","robots":{"index":"index","follow":"follow","max-snippet":"max-snippet:-1","max-image-preview":"max-image-preview:large","max-video-preview":"max-video-preview:-1"},"canonical":"https:\/\/grapil.pl\/de\/produkt\/euroclassic-arbeitslatzhosevariante1\/","og_locale":"de_DE","og_type":"article","og_title":"Ogrodniczki robocze Euroclassic{wariant1} - Grapil.pl \u2013 Profesjonalna Odzie\u017c S\u0142u\u017cbowa dla Bran\u017cy Kelnerskiej, HoReCa i Medycyny","og_description":"OGRODNICZKI ROBOCZE EUROCLASSIC Spodnie robocze ogrodniczki Art.-Mas to bez w\u0105tpienia idealne rozwi\u0105zanie dla tych kt\u00f3rzy szukaj\u0105\u00a0wysokiej jako\u015bci wykonania\u00a0oraz\u00a0trwa\u0142o\u015bci w rozs\u0105dnej","og_url":"https:\/\/grapil.pl\/de\/produkt\/euroclassic-arbeitslatzhosevariante1\/","og_site_name":"Grapil.pl \u2013 Profesjonalna Odzie\u017c S\u0142u\u017cbowa dla Bran\u017cy Kelnerskiej, HoReCa i Medycyny","article_modified_time":"2025-04-09T15:32:12+00:00","og_image":[{"width":680,"height":2046,"url":"https:\/\/grapil.pl\/wp-content\/uploads\/2025\/04\/18128.jpg","type":"image\/jpeg"}],"twitter_card":"summary_large_image","twitter_misc":{"Gesch\u00e4tzte Lesezeit":"1\u00a0Minute"},"schema":{"@context":"https:\/\/schema.org","@graph":[{"@type":"WebPage","@id":"https:\/\/grapil.pl\/produkt\/ogrodniczki-robocze-euroclassicwariant1\/","url":"https:\/\/grapil.pl\/produkt\/ogrodniczki-robocze-euroclassicwariant1\/","name":"Ogrodniczki robocze Euroclassic{wariant1} - Grapil.pl \u2013 Profesjonalna Odzie\u017c S\u0142u\u017cbowa dla Bran\u017cy Kelnerskiej, HoReCa i Medycyny","isPartOf":{"@id":"https:\/\/grapil.pl\/#website"},"primaryImageOfPage":{"@id":"https:\/\/grapil.pl\/produkt\/ogrodniczki-robocze-euroclassicwariant1\/#primaryimage"},"image":{"@id":"https:\/\/grapil.pl\/produkt\/ogrodniczki-robocze-euroclassicwariant1\/#primaryimage"},"thumbnailUrl":"https:\/\/grapil.pl\/wp-content\/uploads\/2025\/04\/18128.jpg","datePublished":"2025-04-09T15:31:54+00:00","dateModified":"2025-04-09T15:32:12+00:00","breadcrumb":{"@id":"https:\/\/grapil.pl\/produkt\/ogrodniczki-robocze-euroclassicwariant1\/#breadcrumb"},"inLanguage":"de","potentialAction":[{"@type":"ReadAction","target":["https:\/\/grapil.pl\/produkt\/ogrodniczki-robocze-euroclassicwariant1\/"]}]},{"@type":"ImageObject","inLanguage":"de","@id":"https:\/\/grapil.pl\/produkt\/ogrodniczki-robocze-euroclassicwariant1\/#primaryimage","url":"https:\/\/grapil.pl\/wp-content\/uploads\/2025\/04\/18128.jpg","contentUrl":"https:\/\/grapil.pl\/wp-content\/uploads\/2025\/04\/18128.jpg","width":680,"height":2046},{"@type":"BreadcrumbList","@id":"https:\/\/grapil.pl\/produkt\/ogrodniczki-robocze-euroclassicwariant1\/#breadcrumb","itemListElement":[{"@type":"ListItem","position":1,"name":"Strona g\u0142\u00f3wna","item":"https:\/\/grapil.pl\/"},{"@type":"ListItem","position":2,"name":"sklep","item":"https:\/\/grapil.pl\/sklep\/"},{"@type":"ListItem","position":3,"name":"Ogrodniczki robocze Euroclassic{wariant1}"}]},{"@type":"WebSite","@id":"https:\/\/grapil.pl\/#website","url":"https:\/\/grapil.pl\/","name":"Grapil.pl \u2013 Profesjonalna Odzie\u017c S\u0142u\u017cbowa dla Bran\u017cy Kelnerskiej, HoReCa i Medycyny","description":"","potentialAction":[{"@type":"SearchAction","target":{"@type":"EntryPoint","urlTemplate":"https:\/\/grapil.pl\/?s={search_term_string}"},"query-input":{"@type":"PropertyValueSpecification","valueRequired":true,"valueName":"search_term_string"}}],"inLanguage":"de"}]}},"_links":{"self":[{"href":"https:\/\/grapil.pl\/de\/wp-json\/wp\/v2\/product\/17069","targetHints":{"allow":["GET"]}}],"collection":[{"href":"https:\/\/grapil.pl\/de\/wp-json\/wp\/v2\/product"}],"about":[{"href":"https:\/\/grapil.pl\/de\/wp-json\/wp\/v2\/types\/product"}],"version-history":[{"count":1,"href":"https:\/\/grapil.pl\/de\/wp-json\/wp\/v2\/product\/17069\/revisions"}],"predecessor-version":[{"id":17070,"href":"https:\/\/grapil.pl\/de\/wp-json\/wp\/v2\/product\/17069\/revisions\/17070"}],"wp:featuredmedia":[{"embeddable":true,"href":"https:\/\/grapil.pl\/de\/wp-json\/wp\/v2\/media\/17071"}],"wp:attachment":[{"href":"https:\/\/grapil.pl\/de\/wp-json\/wp\/v2\/media?parent=17069"}],"wp:term":[{"taxonomy":"product_brand","embeddable":true,"href":"https:\/\/grapil.pl\/de\/wp-json\/wp\/v2\/product_brand?post=17069"},{"taxonomy":"product_cat","embeddable":true,"href":"https:\/\/grapil.pl\/de\/wp-json\/wp\/v2\/product_cat?post=17069"},{"taxonomy":"product_tag","embeddable":true,"href":"https:\/\/grapil.pl\/de\/wp-json\/wp\/v2\/product_tag?post=17069"}],"curies":[{"name":"wp","href":"https:\/\/api.w.org\/{rel}","templated":true}]}}