{"id":17143,"date":"2025-04-09T17:32:18","date_gmt":"2025-04-09T15:32:18","guid":{"rendered":"https:\/\/grapil.pl\/produkt\/koszulka-damska-polo-bialawariant1\/"},"modified":"2025-04-09T17:32:21","modified_gmt":"2025-04-09T15:32:21","slug":"damen-poloshirt-weisvariante1","status":"publish","type":"product","link":"https:\/\/grapil.pl\/de\/produkt\/damen-poloshirt-weisvariante1\/","title":{"rendered":"Damen Poloshirt wei\u00df{variant1}"},"content":{"rendered":"<p><strong><span style=\"font-size:14pt;\">Poloshirt<\/span><\/strong><\/p>\n<p>vom Hersteller JHK zeichnet sich aus durch\u00a0<strong>h\u00f6chste Qualit\u00e4t<\/strong>\u00a0Leistung, die best\u00e4tigt\u00a0<strong>100% gek\u00e4mmte Baumwolle<\/strong>Das Hemd wird mit zwei Kn\u00f6pfen geschlossen, hat Manschetten an den \u00c4rmeln und Seitenschlitze. Doppel-PIQU\u00c9-Baumwolle ist eines der am h\u00e4ufigsten verwendeten Materialien bei der Herstellung von Poloshirts. Es zeichnet sich durch eine klare und sichtbare Webart aus und ist ein ideales Material zum Markieren von Kleidung. Dar\u00fcber hinaus ist es\u00a0<strong>sehr langlebig<\/strong>\u00a0Material.<\/p>\n<table style=\"height:254px;width:306px;\">\n<tbody>\n<tr>\n<td style=\"width:60px;text-align:center;\">Gr\u00f6\u00dfe<\/td>\n<td style=\"width:70.4489px;text-align:center;\">L\u00e4nge<\/td>\n<td style=\"width:74.5511px;text-align:center;\">Breite<\/td>\n<\/tr>\n<tr>\n<td style=\"width:60px;text-align:center;\">S<\/td>\n<td style=\"width:70.4489px;text-align:center;\">61<\/td>\n<td style=\"width:74.5511px;text-align:center;\">42<\/td>\n<\/tr>\n<tr>\n<td style=\"width:60px;text-align:center;\">M<\/td>\n<td style=\"width:70.4489px;text-align:center;\">63<\/td>\n<td style=\"width:74.5511px;text-align:center;\">44<\/td>\n<\/tr>\n<tr>\n<td style=\"width:60px;text-align:center;\">L<\/td>\n<td style=\"width:70.4489px;text-align:center;\">65<\/td>\n<td style=\"width:74.5511px;text-align:center;\">46<\/td>\n<\/tr>\n<tr>\n<td style=\"width:60px;text-align:center;\">XL<\/td>\n<td style=\"width:70.4489px;text-align:center;\">67<\/td>\n<td style=\"width:74.5511px;text-align:center;\">48<\/td>\n<\/tr>\n<tr>\n<td style=\"width:60px;text-align:center;\">XXL<\/td>\n<td style=\"width:70.4489px;text-align:center;\">69<\/td>\n<td style=\"width:74.5511px;text-align:center;\">50<\/td>\n<\/tr>\n<\/tbody>\n<\/table>\n<p><span style=\"color:#ff0000;\">M\u00f6glichkeit einer Bestickung oder eines Siebdrucks \u2013 sprechen Sie uns gerne an!<\/span><\/p>","protected":false},"excerpt":{"rendered":"<p>Das Poloshirt des Herstellers JHK zeichnet sich durch h\u00f6chste Verarbeitungsqualit\u00e4t aus, die durch gek\u00e4mmte Baumwolle 100% best\u00e4tigt wird. Das Hemd wird mit zwei Kn\u00f6pfen befestigt, hat Gummib\u00e4nder<\/p>","protected":false},"featured_media":17145,"template":"","meta":[],"product_brand":[94],"product_cat":[86,92,95,97],"product_tag":[],"class_list":{"0":"post-17143","1":"product","2":"type-product","3":"status-publish","4":"has-post-thumbnail","6":"product_brand-jhk","7":"product_cat-sklepbhp","8":"product_cat-odziez-robocza","9":"product_cat-koszulki","10":"product_cat-polo","12":"first","13":"instock","14":"product-type-simple"},"yoast_head":"<!-- This site is optimized with the Yoast SEO plugin v25.3 - https:\/\/yoast.com\/wordpress\/plugins\/seo\/ -->\n<title>Koszulka damska polo bia\u0142a{wariant1} - Grapil.pl \u2013 Profesjonalna Odzie\u017c S\u0142u\u017cbowa dla Bran\u017cy Kelnerskiej, HoReCa i Medycyny<\/title>\n<meta name=\"robots\" content=\"index, follow, max-snippet:-1, max-image-preview:large, max-video-preview:-1\" \/>\n<link rel=\"canonical\" href=\"https:\/\/grapil.pl\/de\/produkt\/damen-poloshirt-weisvariante1\/\" \/>\n<meta property=\"og:locale\" content=\"de_DE\" \/>\n<meta property=\"og:type\" content=\"article\" \/>\n<meta property=\"og:title\" content=\"Koszulka damska polo bia\u0142a{wariant1} - Grapil.pl \u2013 Profesjonalna Odzie\u017c S\u0142u\u017cbowa dla Bran\u017cy Kelnerskiej, HoReCa i Medycyny\" \/>\n<meta property=\"og:description\" content=\"Koszulka polo od producenta JHK charakteryzuje si\u0119\u00a0najwy\u017csz\u0105 jako\u015bci\u0105\u00a0wykonania, co potwierdza\u00a0100% bawe\u0142na czesankowa. Koszulka zapinana jest na dwa guziki, posiada \u015bci\u0105gacze\" \/>\n<meta property=\"og:url\" content=\"https:\/\/grapil.pl\/de\/produkt\/damen-poloshirt-weisvariante1\/\" \/>\n<meta property=\"og:site_name\" content=\"Grapil.pl \u2013 Profesjonalna Odzie\u017c S\u0142u\u017cbowa dla Bran\u017cy Kelnerskiej, HoReCa i Medycyny\" \/>\n<meta property=\"article:modified_time\" content=\"2025-04-09T15:32:21+00:00\" \/>\n<meta property=\"og:image\" content=\"https:\/\/grapil.pl\/wp-content\/uploads\/2025\/04\/20234.jpg\" \/>\n\t<meta property=\"og:image:width\" content=\"318\" \/>\n\t<meta property=\"og:image:height\" content=\"400\" \/>\n\t<meta property=\"og:image:type\" content=\"image\/jpeg\" \/>\n<meta name=\"twitter:card\" content=\"summary_large_image\" \/>\n<script type=\"application\/ld+json\" class=\"yoast-schema-graph\">{\"@context\":\"https:\/\/schema.org\",\"@graph\":[{\"@type\":\"WebPage\",\"@id\":\"https:\/\/grapil.pl\/produkt\/koszulka-damska-polo-bialawariant1\/\",\"url\":\"https:\/\/grapil.pl\/produkt\/koszulka-damska-polo-bialawariant1\/\",\"name\":\"Koszulka damska polo bia\u0142a{wariant1} - Grapil.pl \u2013 Profesjonalna Odzie\u017c S\u0142u\u017cbowa dla Bran\u017cy Kelnerskiej, HoReCa i Medycyny\",\"isPartOf\":{\"@id\":\"https:\/\/grapil.pl\/#website\"},\"primaryImageOfPage\":{\"@id\":\"https:\/\/grapil.pl\/produkt\/koszulka-damska-polo-bialawariant1\/#primaryimage\"},\"image\":{\"@id\":\"https:\/\/grapil.pl\/produkt\/koszulka-damska-polo-bialawariant1\/#primaryimage\"},\"thumbnailUrl\":\"https:\/\/grapil.pl\/wp-content\/uploads\/2025\/04\/20234.jpg\",\"datePublished\":\"2025-04-09T15:32:18+00:00\",\"dateModified\":\"2025-04-09T15:32:21+00:00\",\"breadcrumb\":{\"@id\":\"https:\/\/grapil.pl\/produkt\/koszulka-damska-polo-bialawariant1\/#breadcrumb\"},\"inLanguage\":\"de\",\"potentialAction\":[{\"@type\":\"ReadAction\",\"target\":[\"https:\/\/grapil.pl\/produkt\/koszulka-damska-polo-bialawariant1\/\"]}]},{\"@type\":\"ImageObject\",\"inLanguage\":\"de\",\"@id\":\"https:\/\/grapil.pl\/produkt\/koszulka-damska-polo-bialawariant1\/#primaryimage\",\"url\":\"https:\/\/grapil.pl\/wp-content\/uploads\/2025\/04\/20234.jpg\",\"contentUrl\":\"https:\/\/grapil.pl\/wp-content\/uploads\/2025\/04\/20234.jpg\",\"width\":318,\"height\":400},{\"@type\":\"BreadcrumbList\",\"@id\":\"https:\/\/grapil.pl\/produkt\/koszulka-damska-polo-bialawariant1\/#breadcrumb\",\"itemListElement\":[{\"@type\":\"ListItem\",\"position\":1,\"name\":\"Strona g\u0142\u00f3wna\",\"item\":\"https:\/\/grapil.pl\/\"},{\"@type\":\"ListItem\",\"position\":2,\"name\":\"sklep\",\"item\":\"https:\/\/grapil.pl\/sklep\/\"},{\"@type\":\"ListItem\",\"position\":3,\"name\":\"Koszulka damska polo bia\u0142a{wariant1}\"}]},{\"@type\":\"WebSite\",\"@id\":\"https:\/\/grapil.pl\/#website\",\"url\":\"https:\/\/grapil.pl\/\",\"name\":\"Grapil.pl \u2013 Profesjonalna Odzie\u017c S\u0142u\u017cbowa dla Bran\u017cy Kelnerskiej, HoReCa i Medycyny\",\"description\":\"\",\"potentialAction\":[{\"@type\":\"SearchAction\",\"target\":{\"@type\":\"EntryPoint\",\"urlTemplate\":\"https:\/\/grapil.pl\/?s={search_term_string}\"},\"query-input\":{\"@type\":\"PropertyValueSpecification\",\"valueRequired\":true,\"valueName\":\"search_term_string\"}}],\"inLanguage\":\"de\"}]}<\/script>\n<!-- \/ Yoast SEO plugin. -->","yoast_head_json":{"title":"Koszulka damska polo bia\u0142a{wariant1} - Grapil.pl \u2013 Profesjonalna Odzie\u017c S\u0142u\u017cbowa dla Bran\u017cy Kelnerskiej, HoReCa i Medycyny","robots":{"index":"index","follow":"follow","max-snippet":"max-snippet:-1","max-image-preview":"max-image-preview:large","max-video-preview":"max-video-preview:-1"},"canonical":"https:\/\/grapil.pl\/de\/produkt\/damen-poloshirt-weisvariante1\/","og_locale":"de_DE","og_type":"article","og_title":"Koszulka damska polo bia\u0142a{wariant1} - Grapil.pl \u2013 Profesjonalna Odzie\u017c S\u0142u\u017cbowa dla Bran\u017cy Kelnerskiej, HoReCa i Medycyny","og_description":"Koszulka polo od producenta JHK charakteryzuje si\u0119\u00a0najwy\u017csz\u0105 jako\u015bci\u0105\u00a0wykonania, co potwierdza\u00a0100% bawe\u0142na czesankowa. Koszulka zapinana jest na dwa guziki, posiada \u015bci\u0105gacze","og_url":"https:\/\/grapil.pl\/de\/produkt\/damen-poloshirt-weisvariante1\/","og_site_name":"Grapil.pl \u2013 Profesjonalna Odzie\u017c S\u0142u\u017cbowa dla Bran\u017cy Kelnerskiej, HoReCa i Medycyny","article_modified_time":"2025-04-09T15:32:21+00:00","og_image":[{"width":318,"height":400,"url":"https:\/\/grapil.pl\/wp-content\/uploads\/2025\/04\/20234.jpg","type":"image\/jpeg"}],"twitter_card":"summary_large_image","schema":{"@context":"https:\/\/schema.org","@graph":[{"@type":"WebPage","@id":"https:\/\/grapil.pl\/produkt\/koszulka-damska-polo-bialawariant1\/","url":"https:\/\/grapil.pl\/produkt\/koszulka-damska-polo-bialawariant1\/","name":"Koszulka damska polo bia\u0142a{wariant1} - Grapil.pl \u2013 Profesjonalna Odzie\u017c S\u0142u\u017cbowa dla Bran\u017cy Kelnerskiej, HoReCa i Medycyny","isPartOf":{"@id":"https:\/\/grapil.pl\/#website"},"primaryImageOfPage":{"@id":"https:\/\/grapil.pl\/produkt\/koszulka-damska-polo-bialawariant1\/#primaryimage"},"image":{"@id":"https:\/\/grapil.pl\/produkt\/koszulka-damska-polo-bialawariant1\/#primaryimage"},"thumbnailUrl":"https:\/\/grapil.pl\/wp-content\/uploads\/2025\/04\/20234.jpg","datePublished":"2025-04-09T15:32:18+00:00","dateModified":"2025-04-09T15:32:21+00:00","breadcrumb":{"@id":"https:\/\/grapil.pl\/produkt\/koszulka-damska-polo-bialawariant1\/#breadcrumb"},"inLanguage":"de","potentialAction":[{"@type":"ReadAction","target":["https:\/\/grapil.pl\/produkt\/koszulka-damska-polo-bialawariant1\/"]}]},{"@type":"ImageObject","inLanguage":"de","@id":"https:\/\/grapil.pl\/produkt\/koszulka-damska-polo-bialawariant1\/#primaryimage","url":"https:\/\/grapil.pl\/wp-content\/uploads\/2025\/04\/20234.jpg","contentUrl":"https:\/\/grapil.pl\/wp-content\/uploads\/2025\/04\/20234.jpg","width":318,"height":400},{"@type":"BreadcrumbList","@id":"https:\/\/grapil.pl\/produkt\/koszulka-damska-polo-bialawariant1\/#breadcrumb","itemListElement":[{"@type":"ListItem","position":1,"name":"Strona g\u0142\u00f3wna","item":"https:\/\/grapil.pl\/"},{"@type":"ListItem","position":2,"name":"sklep","item":"https:\/\/grapil.pl\/sklep\/"},{"@type":"ListItem","position":3,"name":"Koszulka damska polo bia\u0142a{wariant1}"}]},{"@type":"WebSite","@id":"https:\/\/grapil.pl\/#website","url":"https:\/\/grapil.pl\/","name":"Grapil.pl \u2013 Profesjonalna Odzie\u017c S\u0142u\u017cbowa dla Bran\u017cy Kelnerskiej, HoReCa i Medycyny","description":"","potentialAction":[{"@type":"SearchAction","target":{"@type":"EntryPoint","urlTemplate":"https:\/\/grapil.pl\/?s={search_term_string}"},"query-input":{"@type":"PropertyValueSpecification","valueRequired":true,"valueName":"search_term_string"}}],"inLanguage":"de"}]}},"_links":{"self":[{"href":"https:\/\/grapil.pl\/de\/wp-json\/wp\/v2\/product\/17143","targetHints":{"allow":["GET"]}}],"collection":[{"href":"https:\/\/grapil.pl\/de\/wp-json\/wp\/v2\/product"}],"about":[{"href":"https:\/\/grapil.pl\/de\/wp-json\/wp\/v2\/types\/product"}],"version-history":[{"count":1,"href":"https:\/\/grapil.pl\/de\/wp-json\/wp\/v2\/product\/17143\/revisions"}],"predecessor-version":[{"id":17144,"href":"https:\/\/grapil.pl\/de\/wp-json\/wp\/v2\/product\/17143\/revisions\/17144"}],"wp:featuredmedia":[{"embeddable":true,"href":"https:\/\/grapil.pl\/de\/wp-json\/wp\/v2\/media\/17145"}],"wp:attachment":[{"href":"https:\/\/grapil.pl\/de\/wp-json\/wp\/v2\/media?parent=17143"}],"wp:term":[{"taxonomy":"product_brand","embeddable":true,"href":"https:\/\/grapil.pl\/de\/wp-json\/wp\/v2\/product_brand?post=17143"},{"taxonomy":"product_cat","embeddable":true,"href":"https:\/\/grapil.pl\/de\/wp-json\/wp\/v2\/product_cat?post=17143"},{"taxonomy":"product_tag","embeddable":true,"href":"https:\/\/grapil.pl\/de\/wp-json\/wp\/v2\/product_tag?post=17143"}],"curies":[{"name":"wp","href":"https:\/\/api.w.org\/{rel}","templated":true}]}}