{"id":17164,"date":"2025-04-09T17:32:18","date_gmt":"2025-04-09T15:32:18","guid":{"rendered":"https:\/\/grapil.pl\/produkt\/ocieplany-bezrekawnik-urgent-br-1430-zielony\/"},"modified":"2025-04-09T17:32:23","modified_gmt":"2025-04-09T15:32:23","slug":"isolierte-armellose-jacke-urgent-br-1430-grun","status":"publish","type":"product","link":"https:\/\/grapil.pl\/de\/produkt\/isolierte-armellose-jacke-urgent-br-1430-grun\/","title":{"rendered":"Urgent BR-1430 Gr\u00fcne isolierte \u00e4rmellose Jacke"},"content":{"rendered":"<h2 class=\"h3\">Urgent BR-1430 Isolierte \u00e4rmellose Jacke<\/h2>\n<p><strong>Isoliert<\/strong> Urgent \u00e4rmellose Jacke mit Rei\u00dfverschluss <strong>aus Polyester<\/strong>. Sorgf\u00e4ltig gefertigt, bietet es hohen Nutzungskomfort. Von <strong>Innenseite mit 100% Polyester veredelt<\/strong>.<strong>\u00a0<\/strong>Die Weste wird mit einem Rei\u00dfverschluss geschlossen und hat unten einen Kordelzug. Sie verf\u00fcgt \u00fcber zwei seitliche Au\u00dfentaschen mit Rei\u00dfverschluss und eine Innentasche.<\/p>\n<p><span style=\"color:#ff0000;\">Stickereien m\u00f6glich \u2013 bitte kontaktieren Sie uns!<\/span><\/p>","protected":false},"excerpt":{"rendered":"<p>Urgent BR-1430 Isolierte \u00e4rmellose Jacke Urgent BR-1430 Isolierte \u00e4rmellose Jacke aus Polyester mit Rei\u00dfverschluss. Sorgf\u00e4ltig verarbeitet, bietet sie hohen Tragekomfort. Von<\/p>","protected":false},"featured_media":17166,"template":"","meta":[],"product_brand":[88],"product_cat":[86,92,100],"product_tag":[],"class_list":{"0":"post-17164","1":"product","2":"type-product","3":"status-publish","4":"has-post-thumbnail","6":"product_brand-urgent","7":"product_cat-sklepbhp","8":"product_cat-odziez-robocza","9":"product_cat-polary-i-bluzy-robocze","11":"first","12":"instock","13":"product-type-simple"},"yoast_head":"<!-- This site is optimized with the Yoast SEO plugin v25.3 - https:\/\/yoast.com\/wordpress\/plugins\/seo\/ -->\n<title>Ocieplany bezr\u0119kawnik Urgent BR-1430 zielony - Grapil.pl \u2013 Profesjonalna Odzie\u017c S\u0142u\u017cbowa dla Bran\u017cy Kelnerskiej, HoReCa i Medycyny<\/title>\n<meta name=\"robots\" content=\"index, follow, max-snippet:-1, max-image-preview:large, max-video-preview:-1\" \/>\n<link rel=\"canonical\" href=\"https:\/\/grapil.pl\/de\/produkt\/isolierte-armellose-jacke-urgent-br-1430-grun\/\" \/>\n<meta property=\"og:locale\" content=\"de_DE\" \/>\n<meta property=\"og:type\" content=\"article\" \/>\n<meta property=\"og:title\" content=\"Ocieplany bezr\u0119kawnik Urgent BR-1430 zielony - Grapil.pl \u2013 Profesjonalna Odzie\u017c S\u0142u\u017cbowa dla Bran\u017cy Kelnerskiej, HoReCa i Medycyny\" \/>\n<meta property=\"og:description\" content=\"Ocieplany bezr\u0119kawnik Urgent BR-1430 Ocieplany bezr\u0119kawnik firmy Urgent zapinany na suwak wykonany z poliestru. Starannie wykonany zapewnia wysoki komfort u\u017cytkowania.\u00a0Od\" \/>\n<meta property=\"og:url\" content=\"https:\/\/grapil.pl\/de\/produkt\/isolierte-armellose-jacke-urgent-br-1430-grun\/\" \/>\n<meta property=\"og:site_name\" content=\"Grapil.pl \u2013 Profesjonalna Odzie\u017c S\u0142u\u017cbowa dla Bran\u017cy Kelnerskiej, HoReCa i Medycyny\" \/>\n<meta property=\"article:modified_time\" content=\"2025-04-09T15:32:23+00:00\" \/>\n<meta property=\"og:image\" content=\"https:\/\/grapil.pl\/wp-content\/uploads\/2025\/04\/7828.jpg\" \/>\n\t<meta property=\"og:image:width\" content=\"198\" \/>\n\t<meta property=\"og:image:height\" content=\"286\" \/>\n\t<meta property=\"og:image:type\" content=\"image\/jpeg\" \/>\n<meta name=\"twitter:card\" content=\"summary_large_image\" \/>\n<script type=\"application\/ld+json\" class=\"yoast-schema-graph\">{\"@context\":\"https:\/\/schema.org\",\"@graph\":[{\"@type\":\"WebPage\",\"@id\":\"https:\/\/grapil.pl\/produkt\/ocieplany-bezrekawnik-urgent-br-1430-zielony\/\",\"url\":\"https:\/\/grapil.pl\/produkt\/ocieplany-bezrekawnik-urgent-br-1430-zielony\/\",\"name\":\"Ocieplany bezr\u0119kawnik Urgent BR-1430 zielony - Grapil.pl \u2013 Profesjonalna Odzie\u017c S\u0142u\u017cbowa dla Bran\u017cy Kelnerskiej, HoReCa i Medycyny\",\"isPartOf\":{\"@id\":\"https:\/\/grapil.pl\/#website\"},\"primaryImageOfPage\":{\"@id\":\"https:\/\/grapil.pl\/produkt\/ocieplany-bezrekawnik-urgent-br-1430-zielony\/#primaryimage\"},\"image\":{\"@id\":\"https:\/\/grapil.pl\/produkt\/ocieplany-bezrekawnik-urgent-br-1430-zielony\/#primaryimage\"},\"thumbnailUrl\":\"https:\/\/grapil.pl\/wp-content\/uploads\/2025\/04\/7828.jpg\",\"datePublished\":\"2025-04-09T15:32:18+00:00\",\"dateModified\":\"2025-04-09T15:32:23+00:00\",\"breadcrumb\":{\"@id\":\"https:\/\/grapil.pl\/produkt\/ocieplany-bezrekawnik-urgent-br-1430-zielony\/#breadcrumb\"},\"inLanguage\":\"de\",\"potentialAction\":[{\"@type\":\"ReadAction\",\"target\":[\"https:\/\/grapil.pl\/produkt\/ocieplany-bezrekawnik-urgent-br-1430-zielony\/\"]}]},{\"@type\":\"ImageObject\",\"inLanguage\":\"de\",\"@id\":\"https:\/\/grapil.pl\/produkt\/ocieplany-bezrekawnik-urgent-br-1430-zielony\/#primaryimage\",\"url\":\"https:\/\/grapil.pl\/wp-content\/uploads\/2025\/04\/7828.jpg\",\"contentUrl\":\"https:\/\/grapil.pl\/wp-content\/uploads\/2025\/04\/7828.jpg\",\"width\":198,\"height\":286},{\"@type\":\"BreadcrumbList\",\"@id\":\"https:\/\/grapil.pl\/produkt\/ocieplany-bezrekawnik-urgent-br-1430-zielony\/#breadcrumb\",\"itemListElement\":[{\"@type\":\"ListItem\",\"position\":1,\"name\":\"Strona g\u0142\u00f3wna\",\"item\":\"https:\/\/grapil.pl\/\"},{\"@type\":\"ListItem\",\"position\":2,\"name\":\"sklep\",\"item\":\"https:\/\/grapil.pl\/sklep\/\"},{\"@type\":\"ListItem\",\"position\":3,\"name\":\"Ocieplany bezr\u0119kawnik Urgent BR-1430 zielony\"}]},{\"@type\":\"WebSite\",\"@id\":\"https:\/\/grapil.pl\/#website\",\"url\":\"https:\/\/grapil.pl\/\",\"name\":\"Grapil.pl \u2013 Profesjonalna Odzie\u017c S\u0142u\u017cbowa dla Bran\u017cy Kelnerskiej, HoReCa i Medycyny\",\"description\":\"\",\"potentialAction\":[{\"@type\":\"SearchAction\",\"target\":{\"@type\":\"EntryPoint\",\"urlTemplate\":\"https:\/\/grapil.pl\/?s={search_term_string}\"},\"query-input\":{\"@type\":\"PropertyValueSpecification\",\"valueRequired\":true,\"valueName\":\"search_term_string\"}}],\"inLanguage\":\"de\"}]}<\/script>\n<!-- \/ Yoast SEO plugin. -->","yoast_head_json":{"title":"Ocieplany bezr\u0119kawnik Urgent BR-1430 zielony - Grapil.pl \u2013 Profesjonalna Odzie\u017c S\u0142u\u017cbowa dla Bran\u017cy Kelnerskiej, HoReCa i Medycyny","robots":{"index":"index","follow":"follow","max-snippet":"max-snippet:-1","max-image-preview":"max-image-preview:large","max-video-preview":"max-video-preview:-1"},"canonical":"https:\/\/grapil.pl\/de\/produkt\/isolierte-armellose-jacke-urgent-br-1430-grun\/","og_locale":"de_DE","og_type":"article","og_title":"Ocieplany bezr\u0119kawnik Urgent BR-1430 zielony - Grapil.pl \u2013 Profesjonalna Odzie\u017c S\u0142u\u017cbowa dla Bran\u017cy Kelnerskiej, HoReCa i Medycyny","og_description":"Ocieplany bezr\u0119kawnik Urgent BR-1430 Ocieplany bezr\u0119kawnik firmy Urgent zapinany na suwak wykonany z poliestru. Starannie wykonany zapewnia wysoki komfort u\u017cytkowania.\u00a0Od","og_url":"https:\/\/grapil.pl\/de\/produkt\/isolierte-armellose-jacke-urgent-br-1430-grun\/","og_site_name":"Grapil.pl \u2013 Profesjonalna Odzie\u017c S\u0142u\u017cbowa dla Bran\u017cy Kelnerskiej, HoReCa i Medycyny","article_modified_time":"2025-04-09T15:32:23+00:00","og_image":[{"width":198,"height":286,"url":"https:\/\/grapil.pl\/wp-content\/uploads\/2025\/04\/7828.jpg","type":"image\/jpeg"}],"twitter_card":"summary_large_image","schema":{"@context":"https:\/\/schema.org","@graph":[{"@type":"WebPage","@id":"https:\/\/grapil.pl\/produkt\/ocieplany-bezrekawnik-urgent-br-1430-zielony\/","url":"https:\/\/grapil.pl\/produkt\/ocieplany-bezrekawnik-urgent-br-1430-zielony\/","name":"Ocieplany bezr\u0119kawnik Urgent BR-1430 zielony - Grapil.pl \u2013 Profesjonalna Odzie\u017c S\u0142u\u017cbowa dla Bran\u017cy Kelnerskiej, HoReCa i Medycyny","isPartOf":{"@id":"https:\/\/grapil.pl\/#website"},"primaryImageOfPage":{"@id":"https:\/\/grapil.pl\/produkt\/ocieplany-bezrekawnik-urgent-br-1430-zielony\/#primaryimage"},"image":{"@id":"https:\/\/grapil.pl\/produkt\/ocieplany-bezrekawnik-urgent-br-1430-zielony\/#primaryimage"},"thumbnailUrl":"https:\/\/grapil.pl\/wp-content\/uploads\/2025\/04\/7828.jpg","datePublished":"2025-04-09T15:32:18+00:00","dateModified":"2025-04-09T15:32:23+00:00","breadcrumb":{"@id":"https:\/\/grapil.pl\/produkt\/ocieplany-bezrekawnik-urgent-br-1430-zielony\/#breadcrumb"},"inLanguage":"de","potentialAction":[{"@type":"ReadAction","target":["https:\/\/grapil.pl\/produkt\/ocieplany-bezrekawnik-urgent-br-1430-zielony\/"]}]},{"@type":"ImageObject","inLanguage":"de","@id":"https:\/\/grapil.pl\/produkt\/ocieplany-bezrekawnik-urgent-br-1430-zielony\/#primaryimage","url":"https:\/\/grapil.pl\/wp-content\/uploads\/2025\/04\/7828.jpg","contentUrl":"https:\/\/grapil.pl\/wp-content\/uploads\/2025\/04\/7828.jpg","width":198,"height":286},{"@type":"BreadcrumbList","@id":"https:\/\/grapil.pl\/produkt\/ocieplany-bezrekawnik-urgent-br-1430-zielony\/#breadcrumb","itemListElement":[{"@type":"ListItem","position":1,"name":"Strona g\u0142\u00f3wna","item":"https:\/\/grapil.pl\/"},{"@type":"ListItem","position":2,"name":"sklep","item":"https:\/\/grapil.pl\/sklep\/"},{"@type":"ListItem","position":3,"name":"Ocieplany bezr\u0119kawnik Urgent BR-1430 zielony"}]},{"@type":"WebSite","@id":"https:\/\/grapil.pl\/#website","url":"https:\/\/grapil.pl\/","name":"Grapil.pl \u2013 Profesjonalna Odzie\u017c S\u0142u\u017cbowa dla Bran\u017cy Kelnerskiej, HoReCa i Medycyny","description":"","potentialAction":[{"@type":"SearchAction","target":{"@type":"EntryPoint","urlTemplate":"https:\/\/grapil.pl\/?s={search_term_string}"},"query-input":{"@type":"PropertyValueSpecification","valueRequired":true,"valueName":"search_term_string"}}],"inLanguage":"de"}]}},"_links":{"self":[{"href":"https:\/\/grapil.pl\/de\/wp-json\/wp\/v2\/product\/17164","targetHints":{"allow":["GET"]}}],"collection":[{"href":"https:\/\/grapil.pl\/de\/wp-json\/wp\/v2\/product"}],"about":[{"href":"https:\/\/grapil.pl\/de\/wp-json\/wp\/v2\/types\/product"}],"version-history":[{"count":1,"href":"https:\/\/grapil.pl\/de\/wp-json\/wp\/v2\/product\/17164\/revisions"}],"predecessor-version":[{"id":17165,"href":"https:\/\/grapil.pl\/de\/wp-json\/wp\/v2\/product\/17164\/revisions\/17165"}],"wp:featuredmedia":[{"embeddable":true,"href":"https:\/\/grapil.pl\/de\/wp-json\/wp\/v2\/media\/17166"}],"wp:attachment":[{"href":"https:\/\/grapil.pl\/de\/wp-json\/wp\/v2\/media?parent=17164"}],"wp:term":[{"taxonomy":"product_brand","embeddable":true,"href":"https:\/\/grapil.pl\/de\/wp-json\/wp\/v2\/product_brand?post=17164"},{"taxonomy":"product_cat","embeddable":true,"href":"https:\/\/grapil.pl\/de\/wp-json\/wp\/v2\/product_cat?post=17164"},{"taxonomy":"product_tag","embeddable":true,"href":"https:\/\/grapil.pl\/de\/wp-json\/wp\/v2\/product_tag?post=17164"}],"curies":[{"name":"wp","href":"https:\/\/api.w.org\/{rel}","templated":true}]}}