{"id":17194,"date":"2025-04-09T17:32:26","date_gmt":"2025-04-09T15:32:26","guid":{"rendered":"https:\/\/grapil.pl\/produkt\/buty-robocze-urgent-205-s1wariant1\/"},"modified":"2025-10-13T08:06:52","modified_gmt":"2025-10-13T06:06:52","slug":"arbeitsschuhe-urgent-205-s1variante1","status":"publish","type":"product","link":"https:\/\/grapil.pl\/de\/produkt\/arbeitsschuhe-urgent-205-s1variante1\/","title":{"rendered":"Arbeitsschuhe Urgent 205 S1{variante1}"},"content":{"rendered":"<p><span style=\"font-size: 14pt;\"><strong>URGENT 205 S1 Arbeitsschuhe<\/strong><\/span><\/p>\n<div class=\"_1bo4a _xu6h2 _1ylmp _2d49e_YrWCD\">\n<div class=\"_1voj4 _z9prt _1xzdi _ai5yc _5d6n2 _15lj1\">\n<div class=\"_2d49e_5pK0q\">\n<div class=\"_1bo4a _xu6h2 _1ylmp _2d49e_YrWCD\">\n<div class=\"_1voj4 _z9prt _1xzdi _ai5yc _5d6n2 _15lj1\">\n<div class=\"_2d49e_5pK0q\">\n<p>Obermaterial aus Wildleder-Rindsleder, Futter aus Schweinsleder (im Vergleich zu synthetischem Futter l\u00e4sst es Wasserdampf viel besser durch und ist angenehmer f\u00fcr den Fu\u00df).<\/p>\n<\/div>\n<\/div>\n<\/div>\n<div class=\"_1bo4a _xu6h2 _1ylmp _2d49e_YrWCD\">\n<div class=\"_1voj4 _z9prt _1xzdi _ai5yc _5d6n2 _15lj1\">\n<div class=\"_2d49e_5pK0q\">\n<p><strong>Die Au\u00dfen- und Innensohlen bestehen aus PU\/PU<\/strong> (zwei verschiedene Dichten von Polyurethan), die Laufsohle ist h\u00e4rter, die Innensohle ist weicher.<\/p>\n<\/div>\n<\/div>\n<\/div>\n<ul>\n<li>Sicherheitsschuh mit Metallkappe,<\/li>\n<li>geschlossener Fersenbereich,<\/li>\n<li>Eigenschaften <strong>antistatisch,<\/strong><\/li>\n<li>Energieabsorption in der Ferse.<\/li>\n<\/ul>\n<\/div>\n<\/div>\n<\/div>\n<div class=\"_1bo4a _xu6h2 _1ylmp _2d49e_YrWCD\">Urgent Sicherheitsschuhe sind universell einsetzbar und in vielen Gr\u00f6\u00dfen erh\u00e4ltlich. Das bedeutet, dass sie sowohl von Frauen als auch von M\u00e4nnern getragen werden k\u00f6nnen.<\/div>\n<div class=\"_1bo4a _xu6h2 _1ylmp _2d49e_YrWCD\"><\/div>\n<div class=\"_1bo4a _xu6h2 _1ylmp _2d49e_YrWCD\">Der Schuhk\u00f6rper und das Obermaterial sind widerstandsf\u00e4hig gegen mechanische Besch\u00e4digungen und zeichnen sich durch hohe Haltbarkeit auch nach l\u00e4ngerem Tragen aus. Sie bieten zudem einen hohen Fu\u00dfschutz, insbesondere da sie in einer Ausf\u00fchrung mit Metallkappe (S1) erh\u00e4ltlich sind. Dar\u00fcber hinaus sind die Sicherheitsschuhe von Urgent perforiert, was den Feuchtigkeitstransport erleichtert, die Atmungsaktivit\u00e4t der F\u00fc\u00dfe gew\u00e4hrleistet und so vor \u00dcberhitzung sch\u00fctzt.<\/div>\n<div class=\"_1bo4a _xu6h2 _1ylmp _2d49e_YrWCD\"><\/div>\n<div class=\"_1bo4a _xu6h2 _1ylmp _2d49e_YrWCD\">Die Anti-Rutsch-Sohle sorgt f\u00fcr zus\u00e4tzliche Sicherheit bei Arbeiten auf rutschigem und nassem Untergrund. Ihr Material passt sich von innen an die Fu\u00dfform an und sorgt so auch nach vielen Stunden f\u00fcr angenehmen Gehkomfort.<\/div>\n<div class=\"_1bo4a _xu6h2 _1ylmp _2d49e_YrWCD\"><\/div>\n<div class=\"_1bo4a _xu6h2 _1ylmp _2d49e_YrWCD\">Urgent S1 ist ein bequemer Arbeitsschuh zum Schn\u00fcren f\u00fcr die Arbeit im Innen- und Au\u00dfenbereich.<\/div>","protected":false},"excerpt":{"rendered":"<p>URGENT 205 S1 Arbeitsschuhe Obermaterial aus Velours-Rindsleder, Futter aus Schweinsleder (im Vergleich zum Futter aus Schweinsleder)<\/p>","protected":false},"featured_media":17196,"template":"","meta":[],"product_brand":[88],"product_cat":[86,87,89],"product_tag":[],"class_list":{"0":"post-17194","1":"product","2":"type-product","3":"status-publish","4":"has-post-thumbnail","6":"product_brand-urgent","7":"product_cat-sklepbhp","8":"product_cat-obuwie-robocze","9":"product_cat-polbuty","11":"first","12":"instock","13":"product-type-simple"},"yoast_head":"<!-- This site is optimized with the Yoast SEO plugin v25.3 - https:\/\/yoast.com\/wordpress\/plugins\/seo\/ -->\n<title>Buty Robocze Urgent 205 S1{wariant1} - Grapil.pl \u2013 Profesjonalna Odzie\u017c S\u0142u\u017cbowa dla Bran\u017cy Kelnerskiej, HoReCa i Medycyny<\/title>\n<meta name=\"robots\" content=\"index, follow, max-snippet:-1, max-image-preview:large, max-video-preview:-1\" \/>\n<link rel=\"canonical\" href=\"https:\/\/grapil.pl\/de\/produkt\/arbeitsschuhe-urgent-205-s1variante1\/\" \/>\n<meta property=\"og:locale\" content=\"de_DE\" \/>\n<meta property=\"og:type\" content=\"article\" \/>\n<meta property=\"og:title\" content=\"Buty Robocze Urgent 205 S1{wariant1} - Grapil.pl \u2013 Profesjonalna Odzie\u017c S\u0142u\u017cbowa dla Bran\u017cy Kelnerskiej, HoReCa i Medycyny\" \/>\n<meta property=\"og:description\" content=\"Obuwie robocze URGENT 205 S1 Cholewka wykonana z zamszowej bydl\u0119cej sk\u00f3ry, wy\u015bci\u00f3\u0142ka ze sk\u00f3ry \u015bwini ( w por\u00f3wnaniu z wy\u015bci\u00f3\u0142k\u0105\" \/>\n<meta property=\"og:url\" content=\"https:\/\/grapil.pl\/de\/produkt\/arbeitsschuhe-urgent-205-s1variante1\/\" \/>\n<meta property=\"og:site_name\" content=\"Grapil.pl \u2013 Profesjonalna Odzie\u017c S\u0142u\u017cbowa dla Bran\u017cy Kelnerskiej, HoReCa i Medycyny\" \/>\n<meta property=\"article:modified_time\" content=\"2025-10-13T06:06:52+00:00\" \/>\n<meta property=\"og:image\" content=\"https:\/\/grapil.pl\/wp-content\/uploads\/2025\/04\/19750.jpg\" \/>\n\t<meta property=\"og:image:width\" content=\"1200\" \/>\n\t<meta property=\"og:image:height\" content=\"1200\" \/>\n\t<meta property=\"og:image:type\" content=\"image\/jpeg\" \/>\n<meta name=\"twitter:card\" content=\"summary_large_image\" \/>\n<meta name=\"twitter:label1\" content=\"Gesch\u00e4tzte Lesezeit\" \/>\n\t<meta name=\"twitter:data1\" content=\"2\u00a0Minuten\" \/>\n<script type=\"application\/ld+json\" class=\"yoast-schema-graph\">{\"@context\":\"https:\/\/schema.org\",\"@graph\":[{\"@type\":\"WebPage\",\"@id\":\"https:\/\/grapil.pl\/produkt\/buty-robocze-urgent-205-s1wariant1\/\",\"url\":\"https:\/\/grapil.pl\/produkt\/buty-robocze-urgent-205-s1wariant1\/\",\"name\":\"Buty Robocze Urgent 205 S1{wariant1} - Grapil.pl \u2013 Profesjonalna Odzie\u017c S\u0142u\u017cbowa dla Bran\u017cy Kelnerskiej, HoReCa i Medycyny\",\"isPartOf\":{\"@id\":\"https:\/\/grapil.pl\/#website\"},\"primaryImageOfPage\":{\"@id\":\"https:\/\/grapil.pl\/produkt\/buty-robocze-urgent-205-s1wariant1\/#primaryimage\"},\"image\":{\"@id\":\"https:\/\/grapil.pl\/produkt\/buty-robocze-urgent-205-s1wariant1\/#primaryimage\"},\"thumbnailUrl\":\"https:\/\/grapil.pl\/wp-content\/uploads\/2025\/04\/19750.jpg\",\"datePublished\":\"2025-04-09T15:32:26+00:00\",\"dateModified\":\"2025-10-13T06:06:52+00:00\",\"breadcrumb\":{\"@id\":\"https:\/\/grapil.pl\/produkt\/buty-robocze-urgent-205-s1wariant1\/#breadcrumb\"},\"inLanguage\":\"de\",\"potentialAction\":[{\"@type\":\"ReadAction\",\"target\":[\"https:\/\/grapil.pl\/produkt\/buty-robocze-urgent-205-s1wariant1\/\"]}]},{\"@type\":\"ImageObject\",\"inLanguage\":\"de\",\"@id\":\"https:\/\/grapil.pl\/produkt\/buty-robocze-urgent-205-s1wariant1\/#primaryimage\",\"url\":\"https:\/\/grapil.pl\/wp-content\/uploads\/2025\/04\/19750.jpg\",\"contentUrl\":\"https:\/\/grapil.pl\/wp-content\/uploads\/2025\/04\/19750.jpg\",\"width\":1200,\"height\":1200},{\"@type\":\"BreadcrumbList\",\"@id\":\"https:\/\/grapil.pl\/produkt\/buty-robocze-urgent-205-s1wariant1\/#breadcrumb\",\"itemListElement\":[{\"@type\":\"ListItem\",\"position\":1,\"name\":\"Strona g\u0142\u00f3wna\",\"item\":\"https:\/\/grapil.pl\/\"},{\"@type\":\"ListItem\",\"position\":2,\"name\":\"sklep\",\"item\":\"https:\/\/grapil.pl\/sklep\/\"},{\"@type\":\"ListItem\",\"position\":3,\"name\":\"Buty Robocze Urgent 205 S1{wariant1}\"}]},{\"@type\":\"WebSite\",\"@id\":\"https:\/\/grapil.pl\/#website\",\"url\":\"https:\/\/grapil.pl\/\",\"name\":\"Grapil.pl \u2013 Profesjonalna Odzie\u017c S\u0142u\u017cbowa dla Bran\u017cy Kelnerskiej, HoReCa i Medycyny\",\"description\":\"\",\"potentialAction\":[{\"@type\":\"SearchAction\",\"target\":{\"@type\":\"EntryPoint\",\"urlTemplate\":\"https:\/\/grapil.pl\/?s={search_term_string}\"},\"query-input\":{\"@type\":\"PropertyValueSpecification\",\"valueRequired\":true,\"valueName\":\"search_term_string\"}}],\"inLanguage\":\"de\"}]}<\/script>\n<!-- \/ Yoast SEO plugin. -->","yoast_head_json":{"title":"Buty Robocze Urgent 205 S1{wariant1} - Grapil.pl \u2013 Profesjonalna Odzie\u017c S\u0142u\u017cbowa dla Bran\u017cy Kelnerskiej, HoReCa i Medycyny","robots":{"index":"index","follow":"follow","max-snippet":"max-snippet:-1","max-image-preview":"max-image-preview:large","max-video-preview":"max-video-preview:-1"},"canonical":"https:\/\/grapil.pl\/de\/produkt\/arbeitsschuhe-urgent-205-s1variante1\/","og_locale":"de_DE","og_type":"article","og_title":"Buty Robocze Urgent 205 S1{wariant1} - Grapil.pl \u2013 Profesjonalna Odzie\u017c S\u0142u\u017cbowa dla Bran\u017cy Kelnerskiej, HoReCa i Medycyny","og_description":"Obuwie robocze URGENT 205 S1 Cholewka wykonana z zamszowej bydl\u0119cej sk\u00f3ry, wy\u015bci\u00f3\u0142ka ze sk\u00f3ry \u015bwini ( w por\u00f3wnaniu z wy\u015bci\u00f3\u0142k\u0105","og_url":"https:\/\/grapil.pl\/de\/produkt\/arbeitsschuhe-urgent-205-s1variante1\/","og_site_name":"Grapil.pl \u2013 Profesjonalna Odzie\u017c S\u0142u\u017cbowa dla Bran\u017cy Kelnerskiej, HoReCa i Medycyny","article_modified_time":"2025-10-13T06:06:52+00:00","og_image":[{"width":1200,"height":1200,"url":"https:\/\/grapil.pl\/wp-content\/uploads\/2025\/04\/19750.jpg","type":"image\/jpeg"}],"twitter_card":"summary_large_image","twitter_misc":{"Gesch\u00e4tzte Lesezeit":"2\u00a0Minuten"},"schema":{"@context":"https:\/\/schema.org","@graph":[{"@type":"WebPage","@id":"https:\/\/grapil.pl\/produkt\/buty-robocze-urgent-205-s1wariant1\/","url":"https:\/\/grapil.pl\/produkt\/buty-robocze-urgent-205-s1wariant1\/","name":"Buty Robocze Urgent 205 S1{wariant1} - Grapil.pl \u2013 Profesjonalna Odzie\u017c S\u0142u\u017cbowa dla Bran\u017cy Kelnerskiej, HoReCa i Medycyny","isPartOf":{"@id":"https:\/\/grapil.pl\/#website"},"primaryImageOfPage":{"@id":"https:\/\/grapil.pl\/produkt\/buty-robocze-urgent-205-s1wariant1\/#primaryimage"},"image":{"@id":"https:\/\/grapil.pl\/produkt\/buty-robocze-urgent-205-s1wariant1\/#primaryimage"},"thumbnailUrl":"https:\/\/grapil.pl\/wp-content\/uploads\/2025\/04\/19750.jpg","datePublished":"2025-04-09T15:32:26+00:00","dateModified":"2025-10-13T06:06:52+00:00","breadcrumb":{"@id":"https:\/\/grapil.pl\/produkt\/buty-robocze-urgent-205-s1wariant1\/#breadcrumb"},"inLanguage":"de","potentialAction":[{"@type":"ReadAction","target":["https:\/\/grapil.pl\/produkt\/buty-robocze-urgent-205-s1wariant1\/"]}]},{"@type":"ImageObject","inLanguage":"de","@id":"https:\/\/grapil.pl\/produkt\/buty-robocze-urgent-205-s1wariant1\/#primaryimage","url":"https:\/\/grapil.pl\/wp-content\/uploads\/2025\/04\/19750.jpg","contentUrl":"https:\/\/grapil.pl\/wp-content\/uploads\/2025\/04\/19750.jpg","width":1200,"height":1200},{"@type":"BreadcrumbList","@id":"https:\/\/grapil.pl\/produkt\/buty-robocze-urgent-205-s1wariant1\/#breadcrumb","itemListElement":[{"@type":"ListItem","position":1,"name":"Strona g\u0142\u00f3wna","item":"https:\/\/grapil.pl\/"},{"@type":"ListItem","position":2,"name":"sklep","item":"https:\/\/grapil.pl\/sklep\/"},{"@type":"ListItem","position":3,"name":"Buty Robocze Urgent 205 S1{wariant1}"}]},{"@type":"WebSite","@id":"https:\/\/grapil.pl\/#website","url":"https:\/\/grapil.pl\/","name":"Grapil.pl \u2013 Profesjonalna Odzie\u017c S\u0142u\u017cbowa dla Bran\u017cy Kelnerskiej, HoReCa i Medycyny","description":"","potentialAction":[{"@type":"SearchAction","target":{"@type":"EntryPoint","urlTemplate":"https:\/\/grapil.pl\/?s={search_term_string}"},"query-input":{"@type":"PropertyValueSpecification","valueRequired":true,"valueName":"search_term_string"}}],"inLanguage":"de"}]}},"_links":{"self":[{"href":"https:\/\/grapil.pl\/de\/wp-json\/wp\/v2\/product\/17194","targetHints":{"allow":["GET"]}}],"collection":[{"href":"https:\/\/grapil.pl\/de\/wp-json\/wp\/v2\/product"}],"about":[{"href":"https:\/\/grapil.pl\/de\/wp-json\/wp\/v2\/types\/product"}],"version-history":[{"count":2,"href":"https:\/\/grapil.pl\/de\/wp-json\/wp\/v2\/product\/17194\/revisions"}],"predecessor-version":[{"id":25610,"href":"https:\/\/grapil.pl\/de\/wp-json\/wp\/v2\/product\/17194\/revisions\/25610"}],"wp:featuredmedia":[{"embeddable":true,"href":"https:\/\/grapil.pl\/de\/wp-json\/wp\/v2\/media\/17196"}],"wp:attachment":[{"href":"https:\/\/grapil.pl\/de\/wp-json\/wp\/v2\/media?parent=17194"}],"wp:term":[{"taxonomy":"product_brand","embeddable":true,"href":"https:\/\/grapil.pl\/de\/wp-json\/wp\/v2\/product_brand?post=17194"},{"taxonomy":"product_cat","embeddable":true,"href":"https:\/\/grapil.pl\/de\/wp-json\/wp\/v2\/product_cat?post=17194"},{"taxonomy":"product_tag","embeddable":true,"href":"https:\/\/grapil.pl\/de\/wp-json\/wp\/v2\/product_tag?post=17194"}],"curies":[{"name":"wp","href":"https:\/\/api.w.org\/{rel}","templated":true}]}}