{"id":17206,"date":"2025-04-09T17:32:26","date_gmt":"2025-04-09T15:32:26","guid":{"rendered":"https:\/\/grapil.pl\/produkt\/sandaly-robocze-urgent-305-s1wariant1\/"},"modified":"2025-06-11T16:19:31","modified_gmt":"2025-06-11T14:19:31","slug":"urgent-305-s1-arbeitssandale-variante-1","status":"publish","type":"product","link":"https:\/\/grapil.pl\/de\/produkt\/urgent-305-s1-arbeitssandale-variante-1\/","title":{"rendered":"Urgent 305 S1 Arbeitssandalen{variant1}"},"content":{"rendered":"<p>Sicherheitssandalen mit <strong>Zehenkappe aus Metall<\/strong>. Geschlossener Fersenbereich, antistatische Eigenschaften, Energieabsorption in der Ferse.\u00a0<strong>Obermaterial aus Wildleder<\/strong> 2 mm dick. Die Laufsohle aus farblosem TPU (thermoplastisches Polyurethan) ist im Vergleich zur PU-Sohle flexibler (\u201efunktioniert\u201c auch bei niedrigen Temperaturen), kratzt nicht an der Oberfl\u00e4che und ist abriebfest. Sie ist langlebiger bei Arbeiten bei Frost oder Schnee und bei Temperaturen bis zu 130 Grad Celsius. <strong>Innensohle aus PU (Polyurethan)<\/strong> mit geringerer Dichte, damit es weicher ist und sich besser an den Fu\u00df anpasst.<\/p>","protected":false},"excerpt":{"rendered":"<p>Sicherheitssandale mit Metallkappe. Geschlossener Fersenbereich, antistatische Eigenschaften, Energieabsorption in der Ferse. Obermaterial aus Wildleder mit einer Dicke von<\/p>","protected":false},"featured_media":17208,"template":"","meta":[],"product_brand":[88],"product_cat":[86,87,89],"product_tag":[],"class_list":{"0":"post-17206","1":"product","2":"type-product","3":"status-publish","4":"has-post-thumbnail","6":"product_brand-urgent","7":"product_cat-sklepbhp","8":"product_cat-obuwie-robocze","9":"product_cat-polbuty","11":"first","12":"instock","13":"product-type-simple"},"yoast_head":"<!-- This site is optimized with the Yoast SEO plugin v25.3 - https:\/\/yoast.com\/wordpress\/plugins\/seo\/ -->\n<title>Sanda\u0142y robocze Urgent 305 S1{wariant1} - Grapil.pl \u2013 Profesjonalna Odzie\u017c S\u0142u\u017cbowa dla Bran\u017cy Kelnerskiej, HoReCa i Medycyny<\/title>\n<meta name=\"robots\" content=\"index, follow, max-snippet:-1, max-image-preview:large, max-video-preview:-1\" \/>\n<link rel=\"canonical\" href=\"https:\/\/grapil.pl\/de\/produkt\/urgent-305-s1-arbeitssandale-variante-1\/\" \/>\n<meta property=\"og:locale\" content=\"de_DE\" \/>\n<meta property=\"og:type\" content=\"article\" \/>\n<meta property=\"og:title\" content=\"Sanda\u0142y robocze Urgent 305 S1{wariant1} - Grapil.pl \u2013 Profesjonalna Odzie\u017c S\u0142u\u017cbowa dla Bran\u017cy Kelnerskiej, HoReCa i Medycyny\" \/>\n<meta property=\"og:description\" content=\"Sanda\u0142y bezpieczne z metalowym podnoskiem. Zamkni\u0119ty obszar pi\u0119ty, w\u0142a\u015bciwo\u015bci antyelektrostatyczne, absorpcja energii w pi\u0119cie.\u00a0Cholewka wykonana ze sk\u00f3ry zamszowej o grubo\u015bci\" \/>\n<meta property=\"og:url\" content=\"https:\/\/grapil.pl\/de\/produkt\/urgent-305-s1-arbeitssandale-variante-1\/\" \/>\n<meta property=\"og:site_name\" content=\"Grapil.pl \u2013 Profesjonalna Odzie\u017c S\u0142u\u017cbowa dla Bran\u017cy Kelnerskiej, HoReCa i Medycyny\" \/>\n<meta property=\"article:modified_time\" content=\"2025-06-11T14:19:31+00:00\" \/>\n<meta property=\"og:image\" content=\"https:\/\/grapil.pl\/wp-content\/uploads\/2025\/04\/19746.jpg\" \/>\n\t<meta property=\"og:image:width\" content=\"800\" \/>\n\t<meta property=\"og:image:height\" content=\"800\" \/>\n\t<meta property=\"og:image:type\" content=\"image\/jpeg\" \/>\n<meta name=\"twitter:card\" content=\"summary_large_image\" \/>\n<meta name=\"twitter:label1\" content=\"Gesch\u00e4tzte Lesezeit\" \/>\n\t<meta name=\"twitter:data1\" content=\"1\u00a0Minute\" \/>\n<script type=\"application\/ld+json\" class=\"yoast-schema-graph\">{\"@context\":\"https:\/\/schema.org\",\"@graph\":[{\"@type\":\"WebPage\",\"@id\":\"https:\/\/grapil.pl\/produkt\/sandaly-robocze-urgent-305-s1wariant1\/\",\"url\":\"https:\/\/grapil.pl\/produkt\/sandaly-robocze-urgent-305-s1wariant1\/\",\"name\":\"Sanda\u0142y robocze Urgent 305 S1{wariant1} - Grapil.pl \u2013 Profesjonalna Odzie\u017c S\u0142u\u017cbowa dla Bran\u017cy Kelnerskiej, HoReCa i Medycyny\",\"isPartOf\":{\"@id\":\"https:\/\/grapil.pl\/#website\"},\"primaryImageOfPage\":{\"@id\":\"https:\/\/grapil.pl\/produkt\/sandaly-robocze-urgent-305-s1wariant1\/#primaryimage\"},\"image\":{\"@id\":\"https:\/\/grapil.pl\/produkt\/sandaly-robocze-urgent-305-s1wariant1\/#primaryimage\"},\"thumbnailUrl\":\"https:\/\/grapil.pl\/wp-content\/uploads\/2025\/04\/19746.jpg\",\"datePublished\":\"2025-04-09T15:32:26+00:00\",\"dateModified\":\"2025-06-11T14:19:31+00:00\",\"breadcrumb\":{\"@id\":\"https:\/\/grapil.pl\/produkt\/sandaly-robocze-urgent-305-s1wariant1\/#breadcrumb\"},\"inLanguage\":\"de\",\"potentialAction\":[{\"@type\":\"ReadAction\",\"target\":[\"https:\/\/grapil.pl\/produkt\/sandaly-robocze-urgent-305-s1wariant1\/\"]}]},{\"@type\":\"ImageObject\",\"inLanguage\":\"de\",\"@id\":\"https:\/\/grapil.pl\/produkt\/sandaly-robocze-urgent-305-s1wariant1\/#primaryimage\",\"url\":\"https:\/\/grapil.pl\/wp-content\/uploads\/2025\/04\/19746.jpg\",\"contentUrl\":\"https:\/\/grapil.pl\/wp-content\/uploads\/2025\/04\/19746.jpg\",\"width\":800,\"height\":800},{\"@type\":\"BreadcrumbList\",\"@id\":\"https:\/\/grapil.pl\/produkt\/sandaly-robocze-urgent-305-s1wariant1\/#breadcrumb\",\"itemListElement\":[{\"@type\":\"ListItem\",\"position\":1,\"name\":\"Strona g\u0142\u00f3wna\",\"item\":\"https:\/\/grapil.pl\/\"},{\"@type\":\"ListItem\",\"position\":2,\"name\":\"sklep\",\"item\":\"https:\/\/grapil.pl\/sklep\/\"},{\"@type\":\"ListItem\",\"position\":3,\"name\":\"Sanda\u0142y robocze Urgent 305 S1{wariant1}\"}]},{\"@type\":\"WebSite\",\"@id\":\"https:\/\/grapil.pl\/#website\",\"url\":\"https:\/\/grapil.pl\/\",\"name\":\"Grapil.pl \u2013 Profesjonalna Odzie\u017c S\u0142u\u017cbowa dla Bran\u017cy Kelnerskiej, HoReCa i Medycyny\",\"description\":\"\",\"potentialAction\":[{\"@type\":\"SearchAction\",\"target\":{\"@type\":\"EntryPoint\",\"urlTemplate\":\"https:\/\/grapil.pl\/?s={search_term_string}\"},\"query-input\":{\"@type\":\"PropertyValueSpecification\",\"valueRequired\":true,\"valueName\":\"search_term_string\"}}],\"inLanguage\":\"de\"}]}<\/script>\n<!-- \/ Yoast SEO plugin. -->","yoast_head_json":{"title":"Sanda\u0142y robocze Urgent 305 S1{wariant1} - Grapil.pl \u2013 Profesjonalna Odzie\u017c S\u0142u\u017cbowa dla Bran\u017cy Kelnerskiej, HoReCa i Medycyny","robots":{"index":"index","follow":"follow","max-snippet":"max-snippet:-1","max-image-preview":"max-image-preview:large","max-video-preview":"max-video-preview:-1"},"canonical":"https:\/\/grapil.pl\/de\/produkt\/urgent-305-s1-arbeitssandale-variante-1\/","og_locale":"de_DE","og_type":"article","og_title":"Sanda\u0142y robocze Urgent 305 S1{wariant1} - Grapil.pl \u2013 Profesjonalna Odzie\u017c S\u0142u\u017cbowa dla Bran\u017cy Kelnerskiej, HoReCa i Medycyny","og_description":"Sanda\u0142y bezpieczne z metalowym podnoskiem. Zamkni\u0119ty obszar pi\u0119ty, w\u0142a\u015bciwo\u015bci antyelektrostatyczne, absorpcja energii w pi\u0119cie.\u00a0Cholewka wykonana ze sk\u00f3ry zamszowej o grubo\u015bci","og_url":"https:\/\/grapil.pl\/de\/produkt\/urgent-305-s1-arbeitssandale-variante-1\/","og_site_name":"Grapil.pl \u2013 Profesjonalna Odzie\u017c S\u0142u\u017cbowa dla Bran\u017cy Kelnerskiej, HoReCa i Medycyny","article_modified_time":"2025-06-11T14:19:31+00:00","og_image":[{"width":800,"height":800,"url":"https:\/\/grapil.pl\/wp-content\/uploads\/2025\/04\/19746.jpg","type":"image\/jpeg"}],"twitter_card":"summary_large_image","twitter_misc":{"Gesch\u00e4tzte Lesezeit":"1\u00a0Minute"},"schema":{"@context":"https:\/\/schema.org","@graph":[{"@type":"WebPage","@id":"https:\/\/grapil.pl\/produkt\/sandaly-robocze-urgent-305-s1wariant1\/","url":"https:\/\/grapil.pl\/produkt\/sandaly-robocze-urgent-305-s1wariant1\/","name":"Sanda\u0142y robocze Urgent 305 S1{wariant1} - Grapil.pl \u2013 Profesjonalna Odzie\u017c S\u0142u\u017cbowa dla Bran\u017cy Kelnerskiej, HoReCa i Medycyny","isPartOf":{"@id":"https:\/\/grapil.pl\/#website"},"primaryImageOfPage":{"@id":"https:\/\/grapil.pl\/produkt\/sandaly-robocze-urgent-305-s1wariant1\/#primaryimage"},"image":{"@id":"https:\/\/grapil.pl\/produkt\/sandaly-robocze-urgent-305-s1wariant1\/#primaryimage"},"thumbnailUrl":"https:\/\/grapil.pl\/wp-content\/uploads\/2025\/04\/19746.jpg","datePublished":"2025-04-09T15:32:26+00:00","dateModified":"2025-06-11T14:19:31+00:00","breadcrumb":{"@id":"https:\/\/grapil.pl\/produkt\/sandaly-robocze-urgent-305-s1wariant1\/#breadcrumb"},"inLanguage":"de","potentialAction":[{"@type":"ReadAction","target":["https:\/\/grapil.pl\/produkt\/sandaly-robocze-urgent-305-s1wariant1\/"]}]},{"@type":"ImageObject","inLanguage":"de","@id":"https:\/\/grapil.pl\/produkt\/sandaly-robocze-urgent-305-s1wariant1\/#primaryimage","url":"https:\/\/grapil.pl\/wp-content\/uploads\/2025\/04\/19746.jpg","contentUrl":"https:\/\/grapil.pl\/wp-content\/uploads\/2025\/04\/19746.jpg","width":800,"height":800},{"@type":"BreadcrumbList","@id":"https:\/\/grapil.pl\/produkt\/sandaly-robocze-urgent-305-s1wariant1\/#breadcrumb","itemListElement":[{"@type":"ListItem","position":1,"name":"Strona g\u0142\u00f3wna","item":"https:\/\/grapil.pl\/"},{"@type":"ListItem","position":2,"name":"sklep","item":"https:\/\/grapil.pl\/sklep\/"},{"@type":"ListItem","position":3,"name":"Sanda\u0142y robocze Urgent 305 S1{wariant1}"}]},{"@type":"WebSite","@id":"https:\/\/grapil.pl\/#website","url":"https:\/\/grapil.pl\/","name":"Grapil.pl \u2013 Profesjonalna Odzie\u017c S\u0142u\u017cbowa dla Bran\u017cy Kelnerskiej, HoReCa i Medycyny","description":"","potentialAction":[{"@type":"SearchAction","target":{"@type":"EntryPoint","urlTemplate":"https:\/\/grapil.pl\/?s={search_term_string}"},"query-input":{"@type":"PropertyValueSpecification","valueRequired":true,"valueName":"search_term_string"}}],"inLanguage":"de"}]}},"_links":{"self":[{"href":"https:\/\/grapil.pl\/de\/wp-json\/wp\/v2\/product\/17206","targetHints":{"allow":["GET"]}}],"collection":[{"href":"https:\/\/grapil.pl\/de\/wp-json\/wp\/v2\/product"}],"about":[{"href":"https:\/\/grapil.pl\/de\/wp-json\/wp\/v2\/types\/product"}],"version-history":[{"count":1,"href":"https:\/\/grapil.pl\/de\/wp-json\/wp\/v2\/product\/17206\/revisions"}],"predecessor-version":[{"id":17207,"href":"https:\/\/grapil.pl\/de\/wp-json\/wp\/v2\/product\/17206\/revisions\/17207"}],"wp:featuredmedia":[{"embeddable":true,"href":"https:\/\/grapil.pl\/de\/wp-json\/wp\/v2\/media\/17208"}],"wp:attachment":[{"href":"https:\/\/grapil.pl\/de\/wp-json\/wp\/v2\/media?parent=17206"}],"wp:term":[{"taxonomy":"product_brand","embeddable":true,"href":"https:\/\/grapil.pl\/de\/wp-json\/wp\/v2\/product_brand?post=17206"},{"taxonomy":"product_cat","embeddable":true,"href":"https:\/\/grapil.pl\/de\/wp-json\/wp\/v2\/product_cat?post=17206"},{"taxonomy":"product_tag","embeddable":true,"href":"https:\/\/grapil.pl\/de\/wp-json\/wp\/v2\/product_tag?post=17206"}],"curies":[{"name":"wp","href":"https:\/\/api.w.org\/{rel}","templated":true}]}}