{"id":17212,"date":"2025-04-09T17:32:26","date_gmt":"2025-04-09T15:32:26","guid":{"rendered":"https:\/\/grapil.pl\/produkt\/buty-robocze-urgent-120-s1-wariant1\/"},"modified":"2025-04-09T17:32:34","modified_gmt":"2025-04-09T15:32:34","slug":"urgent-120-s1-arbeitsschuhe-variante1","status":"publish","type":"product","link":"https:\/\/grapil.pl\/de\/produkt\/urgent-120-s1-arbeitsschuhe-variante1\/","title":{"rendered":"Urgent 120 S1 Arbeitsstiefel {Variante1}"},"content":{"rendered":"<h2 class=\"h3\"><strong><span style=\"font-size:14pt;\">Urgent 120 S1 Arbeitsschuhe<\/span><\/strong><\/h2>\n<p>Sicherheitsschuhe mit Metallkappe. Geschlossener Fersenbereich, <strong>antistatische Eigenschaften<\/strong>, Energieabsorption in der Ferse. Es besteht aus Crazy Horse Rindsleder mit einer Dicke von nicht weniger als 2,2 mm. Die Konstruktion des Obermaterials ist au\u00dfergew\u00f6hnlich <strong>fu\u00dffreundlich, auch bei l\u00e4ngerem Tragen<\/strong>Die Innensohle ist der Fu\u00dfform angepasst und absorbiert Feuchtigkeit. Die Laufsohle besteht aus farblosem TPU (thermoplastisches Polyurethan), im Vergleich zur PU-Sohle ist sie flexibler (\u201efunktioniert\u201c auch bei niedrigen Temperaturen), kratzt nicht an der Oberfl\u00e4che und ist abriebfest. Sie ist langlebiger bei Arbeiten bei Frost oder Schnee und bei Temperaturen bis zu 130 Grad Celsius. Die Innensohle besteht aus PU (Polyurethan) mit geringerer Dichte, um weicher zu sein und sich besser an den Fu\u00df anzupassen.<\/p>\n<p>\u00a0<\/p>\n<ul>\n<li><span style=\"color:#000000;\">Sto\u00df- und sto\u00dffeste Zehenkappe,<\/span><\/li>\n<li><strong><span style=\"color:#000000;\">Best\u00e4ndig gegen mechanische Besch\u00e4digungen und Risse, 2,2 mm dickes Oberleder,<\/span><\/strong><\/li>\n<li><span style=\"color:#000000;\">Sohle best\u00e4ndig gegen hohe und niedrige Temperaturen,<\/span><\/li>\n<li><span style=\"color:#000000;\">Geschlossener Fersenbereich,<\/span><\/li>\n<li><span style=\"color:#000000;\">Die Einlegesohle ist der Fu\u00dfform angepasst und nimmt Feuchtigkeit auf.<\/span><\/li>\n<li><span style=\"color:#000000;\"><strong>Au\u00dfensohle aus thermoplastischem Polyurethan (TPU), Innensohle aus Polyurethan (PU)<\/strong>,<\/span><\/li>\n<li><span style=\"color:#000000;\">Energieabsorption in der Ferse,<\/span><\/li>\n<li><span style=\"color:#000000;\">Antistatische Eigenschaften.<\/span><\/li>\n<\/ul>","protected":false},"excerpt":{"rendered":"<p>Urgent 120 S1 Arbeitsschuhe Sicherheitsschuhe mit Metallkappe. Geschlossener Fersenbereich, antistatische Eigenschaften, Energieabsorption in der Ferse. Hergestellt aus<\/p>","protected":false},"featured_media":17214,"template":"","meta":[],"product_brand":[88],"product_cat":[86,87,90],"product_tag":[],"class_list":{"0":"post-17212","1":"product","2":"type-product","3":"status-publish","4":"has-post-thumbnail","6":"product_brand-urgent","7":"product_cat-sklepbhp","8":"product_cat-obuwie-robocze","9":"product_cat-trzewiki","11":"first","12":"instock","13":"product-type-simple"},"yoast_head":"<!-- This site is optimized with the Yoast SEO plugin v25.3 - https:\/\/yoast.com\/wordpress\/plugins\/seo\/ -->\n<title>Buty robocze Urgent 120 S1 {wariant1} - Grapil.pl \u2013 Profesjonalna Odzie\u017c S\u0142u\u017cbowa dla Bran\u017cy Kelnerskiej, HoReCa i Medycyny<\/title>\n<meta name=\"robots\" content=\"index, follow, max-snippet:-1, max-image-preview:large, max-video-preview:-1\" \/>\n<link rel=\"canonical\" href=\"https:\/\/grapil.pl\/de\/produkt\/urgent-120-s1-arbeitsschuhe-variante1\/\" \/>\n<meta property=\"og:locale\" content=\"de_DE\" \/>\n<meta property=\"og:type\" content=\"article\" \/>\n<meta property=\"og:title\" content=\"Buty robocze Urgent 120 S1 {wariant1} - Grapil.pl \u2013 Profesjonalna Odzie\u017c S\u0142u\u017cbowa dla Bran\u017cy Kelnerskiej, HoReCa i Medycyny\" \/>\n<meta property=\"og:description\" content=\"Buty robocze Urgent 120 S1 Trzewiki bezpieczne z metalowym podnoskiem. Zamkni\u0119ty obszar pi\u0119ty, w\u0142a\u015bciwo\u015bci antyelektrostatyczne, absorpcja energii w pi\u0119cie.\u00a0Wykonana zosta\u0142a\" \/>\n<meta property=\"og:url\" content=\"https:\/\/grapil.pl\/de\/produkt\/urgent-120-s1-arbeitsschuhe-variante1\/\" \/>\n<meta property=\"og:site_name\" content=\"Grapil.pl \u2013 Profesjonalna Odzie\u017c S\u0142u\u017cbowa dla Bran\u017cy Kelnerskiej, HoReCa i Medycyny\" \/>\n<meta property=\"article:modified_time\" content=\"2025-04-09T15:32:34+00:00\" \/>\n<meta property=\"og:image\" content=\"https:\/\/grapil.pl\/wp-content\/uploads\/2025\/04\/20660.jpg\" \/>\n\t<meta property=\"og:image:width\" content=\"1000\" \/>\n\t<meta property=\"og:image:height\" content=\"1000\" \/>\n\t<meta property=\"og:image:type\" content=\"image\/jpeg\" \/>\n<meta name=\"twitter:card\" content=\"summary_large_image\" \/>\n<meta name=\"twitter:label1\" content=\"Gesch\u00e4tzte Lesezeit\" \/>\n\t<meta name=\"twitter:data1\" content=\"1\u00a0Minute\" \/>\n<script type=\"application\/ld+json\" class=\"yoast-schema-graph\">{\"@context\":\"https:\/\/schema.org\",\"@graph\":[{\"@type\":\"WebPage\",\"@id\":\"https:\/\/grapil.pl\/produkt\/buty-robocze-urgent-120-s1-wariant1\/\",\"url\":\"https:\/\/grapil.pl\/produkt\/buty-robocze-urgent-120-s1-wariant1\/\",\"name\":\"Buty robocze Urgent 120 S1 {wariant1} - Grapil.pl \u2013 Profesjonalna Odzie\u017c S\u0142u\u017cbowa dla Bran\u017cy Kelnerskiej, HoReCa i Medycyny\",\"isPartOf\":{\"@id\":\"https:\/\/grapil.pl\/#website\"},\"primaryImageOfPage\":{\"@id\":\"https:\/\/grapil.pl\/produkt\/buty-robocze-urgent-120-s1-wariant1\/#primaryimage\"},\"image\":{\"@id\":\"https:\/\/grapil.pl\/produkt\/buty-robocze-urgent-120-s1-wariant1\/#primaryimage\"},\"thumbnailUrl\":\"https:\/\/grapil.pl\/wp-content\/uploads\/2025\/04\/20660.jpg\",\"datePublished\":\"2025-04-09T15:32:26+00:00\",\"dateModified\":\"2025-04-09T15:32:34+00:00\",\"breadcrumb\":{\"@id\":\"https:\/\/grapil.pl\/produkt\/buty-robocze-urgent-120-s1-wariant1\/#breadcrumb\"},\"inLanguage\":\"de\",\"potentialAction\":[{\"@type\":\"ReadAction\",\"target\":[\"https:\/\/grapil.pl\/produkt\/buty-robocze-urgent-120-s1-wariant1\/\"]}]},{\"@type\":\"ImageObject\",\"inLanguage\":\"de\",\"@id\":\"https:\/\/grapil.pl\/produkt\/buty-robocze-urgent-120-s1-wariant1\/#primaryimage\",\"url\":\"https:\/\/grapil.pl\/wp-content\/uploads\/2025\/04\/20660.jpg\",\"contentUrl\":\"https:\/\/grapil.pl\/wp-content\/uploads\/2025\/04\/20660.jpg\",\"width\":1000,\"height\":1000},{\"@type\":\"BreadcrumbList\",\"@id\":\"https:\/\/grapil.pl\/produkt\/buty-robocze-urgent-120-s1-wariant1\/#breadcrumb\",\"itemListElement\":[{\"@type\":\"ListItem\",\"position\":1,\"name\":\"Strona g\u0142\u00f3wna\",\"item\":\"https:\/\/grapil.pl\/\"},{\"@type\":\"ListItem\",\"position\":2,\"name\":\"sklep\",\"item\":\"https:\/\/grapil.pl\/sklep\/\"},{\"@type\":\"ListItem\",\"position\":3,\"name\":\"Buty robocze Urgent 120 S1 {wariant1}\"}]},{\"@type\":\"WebSite\",\"@id\":\"https:\/\/grapil.pl\/#website\",\"url\":\"https:\/\/grapil.pl\/\",\"name\":\"Grapil.pl \u2013 Profesjonalna Odzie\u017c S\u0142u\u017cbowa dla Bran\u017cy Kelnerskiej, HoReCa i Medycyny\",\"description\":\"\",\"potentialAction\":[{\"@type\":\"SearchAction\",\"target\":{\"@type\":\"EntryPoint\",\"urlTemplate\":\"https:\/\/grapil.pl\/?s={search_term_string}\"},\"query-input\":{\"@type\":\"PropertyValueSpecification\",\"valueRequired\":true,\"valueName\":\"search_term_string\"}}],\"inLanguage\":\"de\"}]}<\/script>\n<!-- \/ Yoast SEO plugin. -->","yoast_head_json":{"title":"Buty robocze Urgent 120 S1 {wariant1} - Grapil.pl \u2013 Profesjonalna Odzie\u017c S\u0142u\u017cbowa dla Bran\u017cy Kelnerskiej, HoReCa i Medycyny","robots":{"index":"index","follow":"follow","max-snippet":"max-snippet:-1","max-image-preview":"max-image-preview:large","max-video-preview":"max-video-preview:-1"},"canonical":"https:\/\/grapil.pl\/de\/produkt\/urgent-120-s1-arbeitsschuhe-variante1\/","og_locale":"de_DE","og_type":"article","og_title":"Buty robocze Urgent 120 S1 {wariant1} - Grapil.pl \u2013 Profesjonalna Odzie\u017c S\u0142u\u017cbowa dla Bran\u017cy Kelnerskiej, HoReCa i Medycyny","og_description":"Buty robocze Urgent 120 S1 Trzewiki bezpieczne z metalowym podnoskiem. Zamkni\u0119ty obszar pi\u0119ty, w\u0142a\u015bciwo\u015bci antyelektrostatyczne, absorpcja energii w pi\u0119cie.\u00a0Wykonana zosta\u0142a","og_url":"https:\/\/grapil.pl\/de\/produkt\/urgent-120-s1-arbeitsschuhe-variante1\/","og_site_name":"Grapil.pl \u2013 Profesjonalna Odzie\u017c S\u0142u\u017cbowa dla Bran\u017cy Kelnerskiej, HoReCa i Medycyny","article_modified_time":"2025-04-09T15:32:34+00:00","og_image":[{"width":1000,"height":1000,"url":"https:\/\/grapil.pl\/wp-content\/uploads\/2025\/04\/20660.jpg","type":"image\/jpeg"}],"twitter_card":"summary_large_image","twitter_misc":{"Gesch\u00e4tzte Lesezeit":"1\u00a0Minute"},"schema":{"@context":"https:\/\/schema.org","@graph":[{"@type":"WebPage","@id":"https:\/\/grapil.pl\/produkt\/buty-robocze-urgent-120-s1-wariant1\/","url":"https:\/\/grapil.pl\/produkt\/buty-robocze-urgent-120-s1-wariant1\/","name":"Buty robocze Urgent 120 S1 {wariant1} - Grapil.pl \u2013 Profesjonalna Odzie\u017c S\u0142u\u017cbowa dla Bran\u017cy Kelnerskiej, HoReCa i Medycyny","isPartOf":{"@id":"https:\/\/grapil.pl\/#website"},"primaryImageOfPage":{"@id":"https:\/\/grapil.pl\/produkt\/buty-robocze-urgent-120-s1-wariant1\/#primaryimage"},"image":{"@id":"https:\/\/grapil.pl\/produkt\/buty-robocze-urgent-120-s1-wariant1\/#primaryimage"},"thumbnailUrl":"https:\/\/grapil.pl\/wp-content\/uploads\/2025\/04\/20660.jpg","datePublished":"2025-04-09T15:32:26+00:00","dateModified":"2025-04-09T15:32:34+00:00","breadcrumb":{"@id":"https:\/\/grapil.pl\/produkt\/buty-robocze-urgent-120-s1-wariant1\/#breadcrumb"},"inLanguage":"de","potentialAction":[{"@type":"ReadAction","target":["https:\/\/grapil.pl\/produkt\/buty-robocze-urgent-120-s1-wariant1\/"]}]},{"@type":"ImageObject","inLanguage":"de","@id":"https:\/\/grapil.pl\/produkt\/buty-robocze-urgent-120-s1-wariant1\/#primaryimage","url":"https:\/\/grapil.pl\/wp-content\/uploads\/2025\/04\/20660.jpg","contentUrl":"https:\/\/grapil.pl\/wp-content\/uploads\/2025\/04\/20660.jpg","width":1000,"height":1000},{"@type":"BreadcrumbList","@id":"https:\/\/grapil.pl\/produkt\/buty-robocze-urgent-120-s1-wariant1\/#breadcrumb","itemListElement":[{"@type":"ListItem","position":1,"name":"Strona g\u0142\u00f3wna","item":"https:\/\/grapil.pl\/"},{"@type":"ListItem","position":2,"name":"sklep","item":"https:\/\/grapil.pl\/sklep\/"},{"@type":"ListItem","position":3,"name":"Buty robocze Urgent 120 S1 {wariant1}"}]},{"@type":"WebSite","@id":"https:\/\/grapil.pl\/#website","url":"https:\/\/grapil.pl\/","name":"Grapil.pl \u2013 Profesjonalna Odzie\u017c S\u0142u\u017cbowa dla Bran\u017cy Kelnerskiej, HoReCa i Medycyny","description":"","potentialAction":[{"@type":"SearchAction","target":{"@type":"EntryPoint","urlTemplate":"https:\/\/grapil.pl\/?s={search_term_string}"},"query-input":{"@type":"PropertyValueSpecification","valueRequired":true,"valueName":"search_term_string"}}],"inLanguage":"de"}]}},"_links":{"self":[{"href":"https:\/\/grapil.pl\/de\/wp-json\/wp\/v2\/product\/17212","targetHints":{"allow":["GET"]}}],"collection":[{"href":"https:\/\/grapil.pl\/de\/wp-json\/wp\/v2\/product"}],"about":[{"href":"https:\/\/grapil.pl\/de\/wp-json\/wp\/v2\/types\/product"}],"version-history":[{"count":1,"href":"https:\/\/grapil.pl\/de\/wp-json\/wp\/v2\/product\/17212\/revisions"}],"predecessor-version":[{"id":17213,"href":"https:\/\/grapil.pl\/de\/wp-json\/wp\/v2\/product\/17212\/revisions\/17213"}],"wp:featuredmedia":[{"embeddable":true,"href":"https:\/\/grapil.pl\/de\/wp-json\/wp\/v2\/media\/17214"}],"wp:attachment":[{"href":"https:\/\/grapil.pl\/de\/wp-json\/wp\/v2\/media?parent=17212"}],"wp:term":[{"taxonomy":"product_brand","embeddable":true,"href":"https:\/\/grapil.pl\/de\/wp-json\/wp\/v2\/product_brand?post=17212"},{"taxonomy":"product_cat","embeddable":true,"href":"https:\/\/grapil.pl\/de\/wp-json\/wp\/v2\/product_cat?post=17212"},{"taxonomy":"product_tag","embeddable":true,"href":"https:\/\/grapil.pl\/de\/wp-json\/wp\/v2\/product_tag?post=17212"}],"curies":[{"name":"wp","href":"https:\/\/api.w.org\/{rel}","templated":true}]}}