{"id":17218,"date":"2025-04-09T17:32:26","date_gmt":"2025-04-09T15:32:26","guid":{"rendered":"https:\/\/grapil.pl\/produkt\/buty-robocze-grindlow-3163\/"},"modified":"2025-04-09T17:32:36","modified_gmt":"2025-04-09T15:32:36","slug":"grindlow-3163-arbeitsstiefel","status":"publish","type":"product","link":"https:\/\/grapil.pl\/de\/produkt\/grindlow-3163-arbeitsstiefel\/","title":{"rendered":"Grindlow 3163 Arbeitsschuhe"},"content":{"rendered":"<h2 class=\"h3\">Grindlow 3163 Arbeitsschuhe<\/h2>\n<p>Perfektes Schuhwerk f\u00fcr anspruchsvolle Werkstatt- oder Produktionsarbeiten. Der sportliche Schnitt und die gute Strapazierf\u00e4higkeit erm\u00f6glichen es Ihnen, Grindlow G3163 Schuhe auch au\u00dferhalb der Arbeit zu tragen. Der Schuh passt sich perfekt dem Fu\u00df an. Nubukleder im Obermaterial sch\u00fctzt vor eindringender Feuchtigkeit und leitet Schwei\u00df ab. Die Sohle besteht aus einer Kombination aus Polyurethan und Gummi \u2013 dadurch sind die Schuhe langlebig und robust und bieten gleichzeitig die n\u00f6tige Flexibilit\u00e4t f\u00fcr bequemes Gehen.<\/p>\n<ul>\n<li>Aus Nubuk-Rindsleder<\/li>\n<li><strong>Zehenkappe aus Verbundwerkstoff<\/strong><\/li>\n<li><strong>Kevlar\u00ae-Pannenschutzeinlage<\/strong><\/li>\n<li>Atmungsaktives Mesh-Futter<\/li>\n<li>Gepolsterte Zunge<\/li>\n<li>Anatomische Innensohle<\/li>\n<li>Nase mit Verst\u00e4rkung vor dem Eingraben<\/li>\n<li><strong>SRC-Antirutscheigenschaften<\/strong><\/li>\n<li>Erf\u00fcllt die Anforderungen der Norm: <strong>EN-20345<\/strong><\/li>\n<\/ul>","protected":false},"excerpt":{"rendered":"<p>Grindlow 3163 Arbeitsschuhe Ideales Schuhwerk f\u00fcr anspruchsvolle Werkstatt- oder Produktionsarbeiten. Der sportliche Schnitt und die gute Haltbarkeit erm\u00f6glichen das Tragen von Schuhen<\/p>","protected":false},"featured_media":17220,"template":"","meta":[],"product_brand":[],"product_cat":[86,87,89],"product_tag":[],"class_list":{"0":"post-17218","1":"product","2":"type-product","3":"status-publish","4":"has-post-thumbnail","6":"product_cat-sklepbhp","7":"product_cat-obuwie-robocze","8":"product_cat-polbuty","10":"first","11":"instock","12":"product-type-simple"},"yoast_head":"<!-- This site is optimized with the Yoast SEO plugin v25.3 - https:\/\/yoast.com\/wordpress\/plugins\/seo\/ -->\n<title>Buty robocze Grindlow 3163 - Grapil.pl \u2013 Profesjonalna Odzie\u017c S\u0142u\u017cbowa dla Bran\u017cy Kelnerskiej, HoReCa i Medycyny<\/title>\n<meta name=\"robots\" content=\"index, follow, max-snippet:-1, max-image-preview:large, max-video-preview:-1\" \/>\n<link rel=\"canonical\" href=\"https:\/\/grapil.pl\/de\/produkt\/grindlow-3163-arbeitsstiefel\/\" \/>\n<meta property=\"og:locale\" content=\"de_DE\" \/>\n<meta property=\"og:type\" content=\"article\" \/>\n<meta property=\"og:title\" content=\"Buty robocze Grindlow 3163 - Grapil.pl \u2013 Profesjonalna Odzie\u017c S\u0142u\u017cbowa dla Bran\u017cy Kelnerskiej, HoReCa i Medycyny\" \/>\n<meta property=\"og:description\" content=\"Buty robocze Grindlow 3163 Idealne obuwie do wymagaj\u0105cych prac warsztatowych lub produkcyjnych. Sportowy kr\u00f3j i dobra wytrzyma\u0142o\u015b\u0107 pozwalaj\u0105 nosi\u0107 buty\" \/>\n<meta property=\"og:url\" content=\"https:\/\/grapil.pl\/de\/produkt\/grindlow-3163-arbeitsstiefel\/\" \/>\n<meta property=\"og:site_name\" content=\"Grapil.pl \u2013 Profesjonalna Odzie\u017c S\u0142u\u017cbowa dla Bran\u017cy Kelnerskiej, HoReCa i Medycyny\" \/>\n<meta property=\"article:modified_time\" content=\"2025-04-09T15:32:36+00:00\" \/>\n<meta property=\"og:image\" content=\"https:\/\/grapil.pl\/wp-content\/uploads\/2025\/04\/66bd9e6cd76db73f190bc9d829295277.jpg\" \/>\n\t<meta property=\"og:image:width\" content=\"603\" \/>\n\t<meta property=\"og:image:height\" content=\"374\" \/>\n\t<meta property=\"og:image:type\" content=\"image\/jpeg\" \/>\n<meta name=\"twitter:card\" content=\"summary_large_image\" \/>\n<meta name=\"twitter:label1\" content=\"Gesch\u00e4tzte Lesezeit\" \/>\n\t<meta name=\"twitter:data1\" content=\"1\u00a0Minute\" \/>\n<script type=\"application\/ld+json\" class=\"yoast-schema-graph\">{\"@context\":\"https:\/\/schema.org\",\"@graph\":[{\"@type\":\"WebPage\",\"@id\":\"https:\/\/grapil.pl\/produkt\/buty-robocze-grindlow-3163\/\",\"url\":\"https:\/\/grapil.pl\/produkt\/buty-robocze-grindlow-3163\/\",\"name\":\"Buty robocze Grindlow 3163 - Grapil.pl \u2013 Profesjonalna Odzie\u017c S\u0142u\u017cbowa dla Bran\u017cy Kelnerskiej, HoReCa i Medycyny\",\"isPartOf\":{\"@id\":\"https:\/\/grapil.pl\/#website\"},\"primaryImageOfPage\":{\"@id\":\"https:\/\/grapil.pl\/produkt\/buty-robocze-grindlow-3163\/#primaryimage\"},\"image\":{\"@id\":\"https:\/\/grapil.pl\/produkt\/buty-robocze-grindlow-3163\/#primaryimage\"},\"thumbnailUrl\":\"https:\/\/grapil.pl\/wp-content\/uploads\/2025\/04\/66bd9e6cd76db73f190bc9d829295277.jpg\",\"datePublished\":\"2025-04-09T15:32:26+00:00\",\"dateModified\":\"2025-04-09T15:32:36+00:00\",\"breadcrumb\":{\"@id\":\"https:\/\/grapil.pl\/produkt\/buty-robocze-grindlow-3163\/#breadcrumb\"},\"inLanguage\":\"de\",\"potentialAction\":[{\"@type\":\"ReadAction\",\"target\":[\"https:\/\/grapil.pl\/produkt\/buty-robocze-grindlow-3163\/\"]}]},{\"@type\":\"ImageObject\",\"inLanguage\":\"de\",\"@id\":\"https:\/\/grapil.pl\/produkt\/buty-robocze-grindlow-3163\/#primaryimage\",\"url\":\"https:\/\/grapil.pl\/wp-content\/uploads\/2025\/04\/66bd9e6cd76db73f190bc9d829295277.jpg\",\"contentUrl\":\"https:\/\/grapil.pl\/wp-content\/uploads\/2025\/04\/66bd9e6cd76db73f190bc9d829295277.jpg\",\"width\":603,\"height\":374},{\"@type\":\"BreadcrumbList\",\"@id\":\"https:\/\/grapil.pl\/produkt\/buty-robocze-grindlow-3163\/#breadcrumb\",\"itemListElement\":[{\"@type\":\"ListItem\",\"position\":1,\"name\":\"Strona g\u0142\u00f3wna\",\"item\":\"https:\/\/grapil.pl\/\"},{\"@type\":\"ListItem\",\"position\":2,\"name\":\"sklep\",\"item\":\"https:\/\/grapil.pl\/sklep\/\"},{\"@type\":\"ListItem\",\"position\":3,\"name\":\"Buty robocze Grindlow 3163\"}]},{\"@type\":\"WebSite\",\"@id\":\"https:\/\/grapil.pl\/#website\",\"url\":\"https:\/\/grapil.pl\/\",\"name\":\"Grapil.pl \u2013 Profesjonalna Odzie\u017c S\u0142u\u017cbowa dla Bran\u017cy Kelnerskiej, HoReCa i Medycyny\",\"description\":\"\",\"potentialAction\":[{\"@type\":\"SearchAction\",\"target\":{\"@type\":\"EntryPoint\",\"urlTemplate\":\"https:\/\/grapil.pl\/?s={search_term_string}\"},\"query-input\":{\"@type\":\"PropertyValueSpecification\",\"valueRequired\":true,\"valueName\":\"search_term_string\"}}],\"inLanguage\":\"de\"}]}<\/script>\n<!-- \/ Yoast SEO plugin. -->","yoast_head_json":{"title":"Buty robocze Grindlow 3163 - Grapil.pl \u2013 Profesjonalna Odzie\u017c S\u0142u\u017cbowa dla Bran\u017cy Kelnerskiej, HoReCa i Medycyny","robots":{"index":"index","follow":"follow","max-snippet":"max-snippet:-1","max-image-preview":"max-image-preview:large","max-video-preview":"max-video-preview:-1"},"canonical":"https:\/\/grapil.pl\/de\/produkt\/grindlow-3163-arbeitsstiefel\/","og_locale":"de_DE","og_type":"article","og_title":"Buty robocze Grindlow 3163 - Grapil.pl \u2013 Profesjonalna Odzie\u017c S\u0142u\u017cbowa dla Bran\u017cy Kelnerskiej, HoReCa i Medycyny","og_description":"Buty robocze Grindlow 3163 Idealne obuwie do wymagaj\u0105cych prac warsztatowych lub produkcyjnych. Sportowy kr\u00f3j i dobra wytrzyma\u0142o\u015b\u0107 pozwalaj\u0105 nosi\u0107 buty","og_url":"https:\/\/grapil.pl\/de\/produkt\/grindlow-3163-arbeitsstiefel\/","og_site_name":"Grapil.pl \u2013 Profesjonalna Odzie\u017c S\u0142u\u017cbowa dla Bran\u017cy Kelnerskiej, HoReCa i Medycyny","article_modified_time":"2025-04-09T15:32:36+00:00","og_image":[{"width":603,"height":374,"url":"https:\/\/grapil.pl\/wp-content\/uploads\/2025\/04\/66bd9e6cd76db73f190bc9d829295277.jpg","type":"image\/jpeg"}],"twitter_card":"summary_large_image","twitter_misc":{"Gesch\u00e4tzte Lesezeit":"1\u00a0Minute"},"schema":{"@context":"https:\/\/schema.org","@graph":[{"@type":"WebPage","@id":"https:\/\/grapil.pl\/produkt\/buty-robocze-grindlow-3163\/","url":"https:\/\/grapil.pl\/produkt\/buty-robocze-grindlow-3163\/","name":"Buty robocze Grindlow 3163 - Grapil.pl \u2013 Profesjonalna Odzie\u017c S\u0142u\u017cbowa dla Bran\u017cy Kelnerskiej, HoReCa i Medycyny","isPartOf":{"@id":"https:\/\/grapil.pl\/#website"},"primaryImageOfPage":{"@id":"https:\/\/grapil.pl\/produkt\/buty-robocze-grindlow-3163\/#primaryimage"},"image":{"@id":"https:\/\/grapil.pl\/produkt\/buty-robocze-grindlow-3163\/#primaryimage"},"thumbnailUrl":"https:\/\/grapil.pl\/wp-content\/uploads\/2025\/04\/66bd9e6cd76db73f190bc9d829295277.jpg","datePublished":"2025-04-09T15:32:26+00:00","dateModified":"2025-04-09T15:32:36+00:00","breadcrumb":{"@id":"https:\/\/grapil.pl\/produkt\/buty-robocze-grindlow-3163\/#breadcrumb"},"inLanguage":"de","potentialAction":[{"@type":"ReadAction","target":["https:\/\/grapil.pl\/produkt\/buty-robocze-grindlow-3163\/"]}]},{"@type":"ImageObject","inLanguage":"de","@id":"https:\/\/grapil.pl\/produkt\/buty-robocze-grindlow-3163\/#primaryimage","url":"https:\/\/grapil.pl\/wp-content\/uploads\/2025\/04\/66bd9e6cd76db73f190bc9d829295277.jpg","contentUrl":"https:\/\/grapil.pl\/wp-content\/uploads\/2025\/04\/66bd9e6cd76db73f190bc9d829295277.jpg","width":603,"height":374},{"@type":"BreadcrumbList","@id":"https:\/\/grapil.pl\/produkt\/buty-robocze-grindlow-3163\/#breadcrumb","itemListElement":[{"@type":"ListItem","position":1,"name":"Strona g\u0142\u00f3wna","item":"https:\/\/grapil.pl\/"},{"@type":"ListItem","position":2,"name":"sklep","item":"https:\/\/grapil.pl\/sklep\/"},{"@type":"ListItem","position":3,"name":"Buty robocze Grindlow 3163"}]},{"@type":"WebSite","@id":"https:\/\/grapil.pl\/#website","url":"https:\/\/grapil.pl\/","name":"Grapil.pl \u2013 Profesjonalna Odzie\u017c S\u0142u\u017cbowa dla Bran\u017cy Kelnerskiej, HoReCa i Medycyny","description":"","potentialAction":[{"@type":"SearchAction","target":{"@type":"EntryPoint","urlTemplate":"https:\/\/grapil.pl\/?s={search_term_string}"},"query-input":{"@type":"PropertyValueSpecification","valueRequired":true,"valueName":"search_term_string"}}],"inLanguage":"de"}]}},"_links":{"self":[{"href":"https:\/\/grapil.pl\/de\/wp-json\/wp\/v2\/product\/17218","targetHints":{"allow":["GET"]}}],"collection":[{"href":"https:\/\/grapil.pl\/de\/wp-json\/wp\/v2\/product"}],"about":[{"href":"https:\/\/grapil.pl\/de\/wp-json\/wp\/v2\/types\/product"}],"version-history":[{"count":1,"href":"https:\/\/grapil.pl\/de\/wp-json\/wp\/v2\/product\/17218\/revisions"}],"predecessor-version":[{"id":17219,"href":"https:\/\/grapil.pl\/de\/wp-json\/wp\/v2\/product\/17218\/revisions\/17219"}],"wp:featuredmedia":[{"embeddable":true,"href":"https:\/\/grapil.pl\/de\/wp-json\/wp\/v2\/media\/17220"}],"wp:attachment":[{"href":"https:\/\/grapil.pl\/de\/wp-json\/wp\/v2\/media?parent=17218"}],"wp:term":[{"taxonomy":"product_brand","embeddable":true,"href":"https:\/\/grapil.pl\/de\/wp-json\/wp\/v2\/product_brand?post=17218"},{"taxonomy":"product_cat","embeddable":true,"href":"https:\/\/grapil.pl\/de\/wp-json\/wp\/v2\/product_cat?post=17218"},{"taxonomy":"product_tag","embeddable":true,"href":"https:\/\/grapil.pl\/de\/wp-json\/wp\/v2\/product_tag?post=17218"}],"curies":[{"name":"wp","href":"https:\/\/api.w.org\/{rel}","templated":true}]}}