{"id":17226,"date":"2025-04-09T17:32:26","date_gmt":"2025-04-09T15:32:26","guid":{"rendered":"https:\/\/grapil.pl\/produkt\/buty-robocze-72nwariant1\/"},"modified":"2025-04-09T17:32:37","modified_gmt":"2025-04-09T15:32:37","slug":"arbeitsschuhe-72nvariant1","status":"publish","type":"product","link":"https:\/\/grapil.pl\/de\/produkt\/arbeitsschuhe-72nvariant1\/","title":{"rendered":"Arbeitsstiefel 72N{variant1}"},"content":{"rendered":"<ul>\n<li>Zweischichtsohle (PU\/TPU): Lauffl\u00e4che aus massivem, transparentem thermoplastischem Polyurethan, Zwischensohle aus gesch\u00e4umtem Zell-Polyurethan, best\u00e4ndig gegen \u00d6le, Benzin und andere organische L\u00f6sungsmittel<\/li>\n<li>kratzt nicht die Oberfl\u00e4che<\/li>\n<li>sehr gute Rutschhemmung (SRC-Klasse), besonders empfohlen f\u00fcr Arbeiten auf glatten Oberfl\u00e4chen moderner Produktionshallen<\/li>\n<li>nicht f\u00fcr den Einsatz auf Eis und Schnee empfohlen<\/li>\n<li>hervorragende Flexibilit\u00e4t und Elastizit\u00e4t, auch bei niedrigen Temperaturen<\/li>\n<li>leicht, langlebig und robust, gleicht Unebenheiten effektiv aus<\/li>\n<li>sehr abrieb-, schnitt- und rissfest, sch\u00fctzt vor Vertiefung von Kratzern durch mechanische Besch\u00e4digung der Sohle<\/li>\n<li>temperaturbest\u00e4ndig bei kurzzeitigem Kontakt bis 120\u00b0C<\/li>\n<li>Die Sohlenkonstruktion sch\u00fctzt das Leder des Schuhs im vorderen Bereich<\/li>\n<li>Energieabsorption im Fersenbereich<\/li>\n<li>Die Technologie, mit der die Sohle mit dem Obermaterial verbunden wird \u2013 direkte, zweistufige Injektion von Polyurethan und thermoplastischem Polyurethan \u2013 sorgt daf\u00fcr<\/li>\n<li>Haltbarkeit der Verbindung zwischen Sohle und Obermaterial und Wasserdichtigkeit des Schuhwerks vom Boden<\/li>\n<li>hohe Stabilit\u00e4t der Sohle<\/li>\n<li>die Ausformung der Sohlenspitze bietet zus\u00e4tzlichen Schutz vor dem Abrutschen bei Arbeiten auf schr\u00e4gen Fl\u00e4chen<\/li>\n<li>Obermaterial aus Nubukleder und Velours mit einem hohen Wasserdampfdurchl\u00e4ssigkeitskoeffizienten, der 15-mal h\u00f6her ist als die Anforderungen der Norm<\/li>\n<li>mit einer Einlage aus atmungsaktivem Material<\/li>\n<li>Futter aus Schuhvliesstoffen mit hoher Wasserdampfdurchl\u00e4ssigkeit und Abriebfestigkeit<\/li>\n<li>Easy Roller Schnellschn\u00fcrsystem<\/li>\n<li>sehr gute hygienische Eigenschaften des Schuhwerks<\/li>\n<li>verst\u00e4rkt mit Metallschutz gegen Verletzungen mit einer Aufprallenergie von bis zu 200J oder einem Druck von 15kN<\/li>\n<li>ausgestattet mit einem herausnehmbaren hygroskopischen Futter mit sehr guten Antitranspirant-Eigenschaften<\/li>\n<li>antistatisch<\/li>\n<li>Breite \u2013 H \u00bd<br \/>\u00a0<\/li>\n<\/ul>\n<p>Norm: PN-EN 20345<\/p>\n<p>Kategorie: S1, SRC<\/p>\n<p>\u00a0<\/p>","protected":false},"excerpt":{"rendered":"<p>Zweischichtsohle (PU\/TPU): Lauffl\u00e4che aus massivem, transparentem thermoplastischem Polyurethan, Zwischensohle aus gesch\u00e4umtem Zell-Polyurethan, \u00f6l- und benzinbest\u00e4ndig<\/p>","protected":false},"featured_media":17228,"template":"","meta":[],"product_brand":[103],"product_cat":[86,87,90],"product_tag":[],"class_list":{"0":"post-17226","1":"product","2":"type-product","3":"status-publish","4":"has-post-thumbnail","6":"product_brand-ppo","7":"product_cat-sklepbhp","8":"product_cat-obuwie-robocze","9":"product_cat-trzewiki","11":"first","12":"outofstock","13":"product-type-simple"},"yoast_head":"<!-- This site is optimized with the Yoast SEO plugin v25.3 - https:\/\/yoast.com\/wordpress\/plugins\/seo\/ -->\n<title>Buty robocze 72N{wariant1} - Grapil.pl \u2013 Profesjonalna Odzie\u017c S\u0142u\u017cbowa dla Bran\u017cy Kelnerskiej, HoReCa i Medycyny<\/title>\n<meta name=\"robots\" content=\"index, follow, max-snippet:-1, max-image-preview:large, max-video-preview:-1\" \/>\n<link rel=\"canonical\" href=\"https:\/\/grapil.pl\/de\/produkt\/arbeitsschuhe-72nvariant1\/\" \/>\n<meta property=\"og:locale\" content=\"de_DE\" \/>\n<meta property=\"og:type\" content=\"article\" \/>\n<meta property=\"og:title\" content=\"Buty robocze 72N{wariant1} - Grapil.pl \u2013 Profesjonalna Odzie\u017c S\u0142u\u017cbowa dla Bran\u017cy Kelnerskiej, HoReCa i Medycyny\" \/>\n<meta property=\"og:description\" content=\"podeszwa dwuwarstwowa (PU\/TPU): bie\u017cnik wykonany z litego transparentnego poliuretanu termoplastycznego, mi\u0119dzypodeszwa wykonana ze spienionego poliuretanu kom\u00f3rkowego, odporna na oleje, benzyn\u0119\" \/>\n<meta property=\"og:url\" content=\"https:\/\/grapil.pl\/de\/produkt\/arbeitsschuhe-72nvariant1\/\" \/>\n<meta property=\"og:site_name\" content=\"Grapil.pl \u2013 Profesjonalna Odzie\u017c S\u0142u\u017cbowa dla Bran\u017cy Kelnerskiej, HoReCa i Medycyny\" \/>\n<meta property=\"article:modified_time\" content=\"2025-04-09T15:32:37+00:00\" \/>\n<meta property=\"og:image\" content=\"https:\/\/grapil.pl\/wp-content\/uploads\/2025\/04\/20530.jpg\" \/>\n\t<meta property=\"og:image:width\" content=\"748\" \/>\n\t<meta property=\"og:image:height\" content=\"557\" \/>\n\t<meta property=\"og:image:type\" content=\"image\/jpeg\" \/>\n<meta name=\"twitter:card\" content=\"summary_large_image\" \/>\n<meta name=\"twitter:label1\" content=\"Gesch\u00e4tzte Lesezeit\" \/>\n\t<meta name=\"twitter:data1\" content=\"1\u00a0Minute\" \/>\n<script type=\"application\/ld+json\" class=\"yoast-schema-graph\">{\"@context\":\"https:\/\/schema.org\",\"@graph\":[{\"@type\":\"WebPage\",\"@id\":\"https:\/\/grapil.pl\/produkt\/buty-robocze-72nwariant1\/\",\"url\":\"https:\/\/grapil.pl\/produkt\/buty-robocze-72nwariant1\/\",\"name\":\"Buty robocze 72N{wariant1} - Grapil.pl \u2013 Profesjonalna Odzie\u017c S\u0142u\u017cbowa dla Bran\u017cy Kelnerskiej, HoReCa i Medycyny\",\"isPartOf\":{\"@id\":\"https:\/\/grapil.pl\/#website\"},\"primaryImageOfPage\":{\"@id\":\"https:\/\/grapil.pl\/produkt\/buty-robocze-72nwariant1\/#primaryimage\"},\"image\":{\"@id\":\"https:\/\/grapil.pl\/produkt\/buty-robocze-72nwariant1\/#primaryimage\"},\"thumbnailUrl\":\"https:\/\/grapil.pl\/wp-content\/uploads\/2025\/04\/20530.jpg\",\"datePublished\":\"2025-04-09T15:32:26+00:00\",\"dateModified\":\"2025-04-09T15:32:37+00:00\",\"breadcrumb\":{\"@id\":\"https:\/\/grapil.pl\/produkt\/buty-robocze-72nwariant1\/#breadcrumb\"},\"inLanguage\":\"de\",\"potentialAction\":[{\"@type\":\"ReadAction\",\"target\":[\"https:\/\/grapil.pl\/produkt\/buty-robocze-72nwariant1\/\"]}]},{\"@type\":\"ImageObject\",\"inLanguage\":\"de\",\"@id\":\"https:\/\/grapil.pl\/produkt\/buty-robocze-72nwariant1\/#primaryimage\",\"url\":\"https:\/\/grapil.pl\/wp-content\/uploads\/2025\/04\/20530.jpg\",\"contentUrl\":\"https:\/\/grapil.pl\/wp-content\/uploads\/2025\/04\/20530.jpg\",\"width\":748,\"height\":557},{\"@type\":\"BreadcrumbList\",\"@id\":\"https:\/\/grapil.pl\/produkt\/buty-robocze-72nwariant1\/#breadcrumb\",\"itemListElement\":[{\"@type\":\"ListItem\",\"position\":1,\"name\":\"Strona g\u0142\u00f3wna\",\"item\":\"https:\/\/grapil.pl\/\"},{\"@type\":\"ListItem\",\"position\":2,\"name\":\"sklep\",\"item\":\"https:\/\/grapil.pl\/sklep\/\"},{\"@type\":\"ListItem\",\"position\":3,\"name\":\"Buty robocze 72N{wariant1}\"}]},{\"@type\":\"WebSite\",\"@id\":\"https:\/\/grapil.pl\/#website\",\"url\":\"https:\/\/grapil.pl\/\",\"name\":\"Grapil.pl \u2013 Profesjonalna Odzie\u017c S\u0142u\u017cbowa dla Bran\u017cy Kelnerskiej, HoReCa i Medycyny\",\"description\":\"\",\"potentialAction\":[{\"@type\":\"SearchAction\",\"target\":{\"@type\":\"EntryPoint\",\"urlTemplate\":\"https:\/\/grapil.pl\/?s={search_term_string}\"},\"query-input\":{\"@type\":\"PropertyValueSpecification\",\"valueRequired\":true,\"valueName\":\"search_term_string\"}}],\"inLanguage\":\"de\"}]}<\/script>\n<!-- \/ Yoast SEO plugin. -->","yoast_head_json":{"title":"Buty robocze 72N{wariant1} - Grapil.pl \u2013 Profesjonalna Odzie\u017c S\u0142u\u017cbowa dla Bran\u017cy Kelnerskiej, HoReCa i Medycyny","robots":{"index":"index","follow":"follow","max-snippet":"max-snippet:-1","max-image-preview":"max-image-preview:large","max-video-preview":"max-video-preview:-1"},"canonical":"https:\/\/grapil.pl\/de\/produkt\/arbeitsschuhe-72nvariant1\/","og_locale":"de_DE","og_type":"article","og_title":"Buty robocze 72N{wariant1} - Grapil.pl \u2013 Profesjonalna Odzie\u017c S\u0142u\u017cbowa dla Bran\u017cy Kelnerskiej, HoReCa i Medycyny","og_description":"podeszwa dwuwarstwowa (PU\/TPU): bie\u017cnik wykonany z litego transparentnego poliuretanu termoplastycznego, mi\u0119dzypodeszwa wykonana ze spienionego poliuretanu kom\u00f3rkowego, odporna na oleje, benzyn\u0119","og_url":"https:\/\/grapil.pl\/de\/produkt\/arbeitsschuhe-72nvariant1\/","og_site_name":"Grapil.pl \u2013 Profesjonalna Odzie\u017c S\u0142u\u017cbowa dla Bran\u017cy Kelnerskiej, HoReCa i Medycyny","article_modified_time":"2025-04-09T15:32:37+00:00","og_image":[{"width":748,"height":557,"url":"https:\/\/grapil.pl\/wp-content\/uploads\/2025\/04\/20530.jpg","type":"image\/jpeg"}],"twitter_card":"summary_large_image","twitter_misc":{"Gesch\u00e4tzte Lesezeit":"1\u00a0Minute"},"schema":{"@context":"https:\/\/schema.org","@graph":[{"@type":"WebPage","@id":"https:\/\/grapil.pl\/produkt\/buty-robocze-72nwariant1\/","url":"https:\/\/grapil.pl\/produkt\/buty-robocze-72nwariant1\/","name":"Buty robocze 72N{wariant1} - Grapil.pl \u2013 Profesjonalna Odzie\u017c S\u0142u\u017cbowa dla Bran\u017cy Kelnerskiej, HoReCa i Medycyny","isPartOf":{"@id":"https:\/\/grapil.pl\/#website"},"primaryImageOfPage":{"@id":"https:\/\/grapil.pl\/produkt\/buty-robocze-72nwariant1\/#primaryimage"},"image":{"@id":"https:\/\/grapil.pl\/produkt\/buty-robocze-72nwariant1\/#primaryimage"},"thumbnailUrl":"https:\/\/grapil.pl\/wp-content\/uploads\/2025\/04\/20530.jpg","datePublished":"2025-04-09T15:32:26+00:00","dateModified":"2025-04-09T15:32:37+00:00","breadcrumb":{"@id":"https:\/\/grapil.pl\/produkt\/buty-robocze-72nwariant1\/#breadcrumb"},"inLanguage":"de","potentialAction":[{"@type":"ReadAction","target":["https:\/\/grapil.pl\/produkt\/buty-robocze-72nwariant1\/"]}]},{"@type":"ImageObject","inLanguage":"de","@id":"https:\/\/grapil.pl\/produkt\/buty-robocze-72nwariant1\/#primaryimage","url":"https:\/\/grapil.pl\/wp-content\/uploads\/2025\/04\/20530.jpg","contentUrl":"https:\/\/grapil.pl\/wp-content\/uploads\/2025\/04\/20530.jpg","width":748,"height":557},{"@type":"BreadcrumbList","@id":"https:\/\/grapil.pl\/produkt\/buty-robocze-72nwariant1\/#breadcrumb","itemListElement":[{"@type":"ListItem","position":1,"name":"Strona g\u0142\u00f3wna","item":"https:\/\/grapil.pl\/"},{"@type":"ListItem","position":2,"name":"sklep","item":"https:\/\/grapil.pl\/sklep\/"},{"@type":"ListItem","position":3,"name":"Buty robocze 72N{wariant1}"}]},{"@type":"WebSite","@id":"https:\/\/grapil.pl\/#website","url":"https:\/\/grapil.pl\/","name":"Grapil.pl \u2013 Profesjonalna Odzie\u017c S\u0142u\u017cbowa dla Bran\u017cy Kelnerskiej, HoReCa i Medycyny","description":"","potentialAction":[{"@type":"SearchAction","target":{"@type":"EntryPoint","urlTemplate":"https:\/\/grapil.pl\/?s={search_term_string}"},"query-input":{"@type":"PropertyValueSpecification","valueRequired":true,"valueName":"search_term_string"}}],"inLanguage":"de"}]}},"_links":{"self":[{"href":"https:\/\/grapil.pl\/de\/wp-json\/wp\/v2\/product\/17226","targetHints":{"allow":["GET"]}}],"collection":[{"href":"https:\/\/grapil.pl\/de\/wp-json\/wp\/v2\/product"}],"about":[{"href":"https:\/\/grapil.pl\/de\/wp-json\/wp\/v2\/types\/product"}],"version-history":[{"count":1,"href":"https:\/\/grapil.pl\/de\/wp-json\/wp\/v2\/product\/17226\/revisions"}],"predecessor-version":[{"id":17227,"href":"https:\/\/grapil.pl\/de\/wp-json\/wp\/v2\/product\/17226\/revisions\/17227"}],"wp:featuredmedia":[{"embeddable":true,"href":"https:\/\/grapil.pl\/de\/wp-json\/wp\/v2\/media\/17228"}],"wp:attachment":[{"href":"https:\/\/grapil.pl\/de\/wp-json\/wp\/v2\/media?parent=17226"}],"wp:term":[{"taxonomy":"product_brand","embeddable":true,"href":"https:\/\/grapil.pl\/de\/wp-json\/wp\/v2\/product_brand?post=17226"},{"taxonomy":"product_cat","embeddable":true,"href":"https:\/\/grapil.pl\/de\/wp-json\/wp\/v2\/product_cat?post=17226"},{"taxonomy":"product_tag","embeddable":true,"href":"https:\/\/grapil.pl\/de\/wp-json\/wp\/v2\/product_tag?post=17226"}],"curies":[{"name":"wp","href":"https:\/\/api.w.org\/{rel}","templated":true}]}}