{"id":17248,"date":"2025-04-09T17:32:26","date_gmt":"2025-04-09T15:32:26","guid":{"rendered":"https:\/\/grapil.pl\/produkt\/buty-robocze-marble-s3wariant1\/"},"modified":"2025-04-09T17:32:40","modified_gmt":"2025-04-09T15:32:40","slug":"marmor-arbeitsschuhe-s3variante1","status":"publish","type":"product","link":"https:\/\/grapil.pl\/de\/produkt\/marmor-arbeitsschuhe-s3variante1\/","title":{"rendered":"Marble S3 Arbeitsschuhe{variant1}"},"content":{"rendered":"<p><span style=\"font-size:14pt;\"><strong>Schuhe\u00a0<\/strong><\/span><span style=\"font-size:14pt;\"><strong>Marmor S3\u00a0<\/strong><\/span><span style=\"font-size:14pt;\"><strong>mit Stahlkappe und Einlage.<\/strong><\/span><\/p>\n<ul>\n<li>hydrophobiertes Obermaterial aus strapazierf\u00e4higem Rindsleder, glatt, gepr\u00e4gt<\/li>\n<li><strong>Stahlkappe, die St\u00f6\u00dfen mit einer Energie von 200 J und Quetschkr\u00e4ften bis zu 15 kN standh\u00e4lt<\/strong><\/li>\n<li>Durchstichschutzeinlage aus Stahl <strong>sch\u00fctzt den Fu\u00df vor Durchstichen mit einem Druck von 1100N<\/strong><\/li>\n<li>Lederst\u00e4rke im Oberleder 1,6-1,8 mm<\/li>\n<li>Schafth\u00f6he mit Sohle 15 cm<\/li>\n<li>Sohle aus Polyurethan <strong>PU-PU, rutschhemmend, \u00f6lbest\u00e4ndig, antistatisch<\/strong><\/li>\n<li>Rutschfestigkeit auf SLS-Keramikbodenfliesen und Glycerinstahlboden<\/li>\n<li>antistatische Eigenschaften<\/li>\n<li>Energieabsorption im Fersenbereich<\/li>\n<li>geschlossene Ferse<\/li>\n<li>den Standard erf\u00fcllen <strong>Gesundheit und Sicherheit EN ISO 388 20345<\/strong><\/li>\n<li>Gesch\u00fctzte Kategorie <strong>S3<\/strong><\/li>\n<\/ul>","protected":false},"excerpt":{"rendered":"<p>Marble S3 Stiefeletten mit Stahlkappe und Innensohle. Hydrophobes Obermaterial aus strapazierf\u00e4higem Rindsleder, glatt, gepr\u00e4gt, Stahlkappe, die St\u00f6\u00dfen mit einer Energie von 200J standh\u00e4lt und<\/p>","protected":false},"featured_media":17250,"template":"","meta":[],"product_brand":[101],"product_cat":[86,87,90],"product_tag":[],"class_list":{"0":"post-17248","1":"product","2":"type-product","3":"status-publish","4":"has-post-thumbnail","6":"product_brand-cxs-canis","7":"product_cat-sklepbhp","8":"product_cat-obuwie-robocze","9":"product_cat-trzewiki","11":"first","12":"instock","13":"product-type-simple"},"yoast_head":"<!-- This site is optimized with the Yoast SEO plugin v25.3 - https:\/\/yoast.com\/wordpress\/plugins\/seo\/ -->\n<title>Buty robocze Marble S3{wariant1} - Grapil.pl \u2013 Profesjonalna Odzie\u017c S\u0142u\u017cbowa dla Bran\u017cy Kelnerskiej, HoReCa i Medycyny<\/title>\n<meta name=\"robots\" content=\"index, follow, max-snippet:-1, max-image-preview:large, max-video-preview:-1\" \/>\n<link rel=\"canonical\" href=\"https:\/\/grapil.pl\/de\/produkt\/marmor-arbeitsschuhe-s3variante1\/\" \/>\n<meta property=\"og:locale\" content=\"de_DE\" \/>\n<meta property=\"og:type\" content=\"article\" \/>\n<meta property=\"og:title\" content=\"Buty robocze Marble S3{wariant1} - Grapil.pl \u2013 Profesjonalna Odzie\u017c S\u0142u\u017cbowa dla Bran\u017cy Kelnerskiej, HoReCa i Medycyny\" \/>\n<meta property=\"og:description\" content=\"Trzewiki\u00a0Marble S3\u00a0ze stalowym podnoskiem i wk\u0142adk\u0105. cholewka hydrofobowa z wytrzyma\u0142ej sk\u00f3ry bydl\u0119cej, licowa, t\u0142oczona podnosek stalowy wytrzymuj\u0105cy uderzenia z energi\u0105\u00a0200J\u00a0oraz\" \/>\n<meta property=\"og:url\" content=\"https:\/\/grapil.pl\/de\/produkt\/marmor-arbeitsschuhe-s3variante1\/\" \/>\n<meta property=\"og:site_name\" content=\"Grapil.pl \u2013 Profesjonalna Odzie\u017c S\u0142u\u017cbowa dla Bran\u017cy Kelnerskiej, HoReCa i Medycyny\" \/>\n<meta property=\"article:modified_time\" content=\"2025-04-09T15:32:40+00:00\" \/>\n<meta property=\"og:image\" content=\"https:\/\/grapil.pl\/wp-content\/uploads\/2025\/04\/19777.jpg\" \/>\n\t<meta property=\"og:image:width\" content=\"728\" \/>\n\t<meta property=\"og:image:height\" content=\"706\" \/>\n\t<meta property=\"og:image:type\" content=\"image\/jpeg\" \/>\n<meta name=\"twitter:card\" content=\"summary_large_image\" \/>\n<meta name=\"twitter:label1\" content=\"Gesch\u00e4tzte Lesezeit\" \/>\n\t<meta name=\"twitter:data1\" content=\"1\u00a0Minute\" \/>\n<script type=\"application\/ld+json\" class=\"yoast-schema-graph\">{\"@context\":\"https:\/\/schema.org\",\"@graph\":[{\"@type\":\"WebPage\",\"@id\":\"https:\/\/grapil.pl\/produkt\/buty-robocze-marble-s3wariant1\/\",\"url\":\"https:\/\/grapil.pl\/produkt\/buty-robocze-marble-s3wariant1\/\",\"name\":\"Buty robocze Marble S3{wariant1} - Grapil.pl \u2013 Profesjonalna Odzie\u017c S\u0142u\u017cbowa dla Bran\u017cy Kelnerskiej, HoReCa i Medycyny\",\"isPartOf\":{\"@id\":\"https:\/\/grapil.pl\/#website\"},\"primaryImageOfPage\":{\"@id\":\"https:\/\/grapil.pl\/produkt\/buty-robocze-marble-s3wariant1\/#primaryimage\"},\"image\":{\"@id\":\"https:\/\/grapil.pl\/produkt\/buty-robocze-marble-s3wariant1\/#primaryimage\"},\"thumbnailUrl\":\"https:\/\/grapil.pl\/wp-content\/uploads\/2025\/04\/19777.jpg\",\"datePublished\":\"2025-04-09T15:32:26+00:00\",\"dateModified\":\"2025-04-09T15:32:40+00:00\",\"breadcrumb\":{\"@id\":\"https:\/\/grapil.pl\/produkt\/buty-robocze-marble-s3wariant1\/#breadcrumb\"},\"inLanguage\":\"de\",\"potentialAction\":[{\"@type\":\"ReadAction\",\"target\":[\"https:\/\/grapil.pl\/produkt\/buty-robocze-marble-s3wariant1\/\"]}]},{\"@type\":\"ImageObject\",\"inLanguage\":\"de\",\"@id\":\"https:\/\/grapil.pl\/produkt\/buty-robocze-marble-s3wariant1\/#primaryimage\",\"url\":\"https:\/\/grapil.pl\/wp-content\/uploads\/2025\/04\/19777.jpg\",\"contentUrl\":\"https:\/\/grapil.pl\/wp-content\/uploads\/2025\/04\/19777.jpg\",\"width\":728,\"height\":706},{\"@type\":\"BreadcrumbList\",\"@id\":\"https:\/\/grapil.pl\/produkt\/buty-robocze-marble-s3wariant1\/#breadcrumb\",\"itemListElement\":[{\"@type\":\"ListItem\",\"position\":1,\"name\":\"Strona g\u0142\u00f3wna\",\"item\":\"https:\/\/grapil.pl\/\"},{\"@type\":\"ListItem\",\"position\":2,\"name\":\"sklep\",\"item\":\"https:\/\/grapil.pl\/sklep\/\"},{\"@type\":\"ListItem\",\"position\":3,\"name\":\"Buty robocze Marble S3{wariant1}\"}]},{\"@type\":\"WebSite\",\"@id\":\"https:\/\/grapil.pl\/#website\",\"url\":\"https:\/\/grapil.pl\/\",\"name\":\"Grapil.pl \u2013 Profesjonalna Odzie\u017c S\u0142u\u017cbowa dla Bran\u017cy Kelnerskiej, HoReCa i Medycyny\",\"description\":\"\",\"potentialAction\":[{\"@type\":\"SearchAction\",\"target\":{\"@type\":\"EntryPoint\",\"urlTemplate\":\"https:\/\/grapil.pl\/?s={search_term_string}\"},\"query-input\":{\"@type\":\"PropertyValueSpecification\",\"valueRequired\":true,\"valueName\":\"search_term_string\"}}],\"inLanguage\":\"de\"}]}<\/script>\n<!-- \/ Yoast SEO plugin. -->","yoast_head_json":{"title":"Buty robocze Marble S3{wariant1} - Grapil.pl \u2013 Profesjonalna Odzie\u017c S\u0142u\u017cbowa dla Bran\u017cy Kelnerskiej, HoReCa i Medycyny","robots":{"index":"index","follow":"follow","max-snippet":"max-snippet:-1","max-image-preview":"max-image-preview:large","max-video-preview":"max-video-preview:-1"},"canonical":"https:\/\/grapil.pl\/de\/produkt\/marmor-arbeitsschuhe-s3variante1\/","og_locale":"de_DE","og_type":"article","og_title":"Buty robocze Marble S3{wariant1} - Grapil.pl \u2013 Profesjonalna Odzie\u017c S\u0142u\u017cbowa dla Bran\u017cy Kelnerskiej, HoReCa i Medycyny","og_description":"Trzewiki\u00a0Marble S3\u00a0ze stalowym podnoskiem i wk\u0142adk\u0105. cholewka hydrofobowa z wytrzyma\u0142ej sk\u00f3ry bydl\u0119cej, licowa, t\u0142oczona podnosek stalowy wytrzymuj\u0105cy uderzenia z energi\u0105\u00a0200J\u00a0oraz","og_url":"https:\/\/grapil.pl\/de\/produkt\/marmor-arbeitsschuhe-s3variante1\/","og_site_name":"Grapil.pl \u2013 Profesjonalna Odzie\u017c S\u0142u\u017cbowa dla Bran\u017cy Kelnerskiej, HoReCa i Medycyny","article_modified_time":"2025-04-09T15:32:40+00:00","og_image":[{"width":728,"height":706,"url":"https:\/\/grapil.pl\/wp-content\/uploads\/2025\/04\/19777.jpg","type":"image\/jpeg"}],"twitter_card":"summary_large_image","twitter_misc":{"Gesch\u00e4tzte Lesezeit":"1\u00a0Minute"},"schema":{"@context":"https:\/\/schema.org","@graph":[{"@type":"WebPage","@id":"https:\/\/grapil.pl\/produkt\/buty-robocze-marble-s3wariant1\/","url":"https:\/\/grapil.pl\/produkt\/buty-robocze-marble-s3wariant1\/","name":"Buty robocze Marble S3{wariant1} - Grapil.pl \u2013 Profesjonalna Odzie\u017c S\u0142u\u017cbowa dla Bran\u017cy Kelnerskiej, HoReCa i Medycyny","isPartOf":{"@id":"https:\/\/grapil.pl\/#website"},"primaryImageOfPage":{"@id":"https:\/\/grapil.pl\/produkt\/buty-robocze-marble-s3wariant1\/#primaryimage"},"image":{"@id":"https:\/\/grapil.pl\/produkt\/buty-robocze-marble-s3wariant1\/#primaryimage"},"thumbnailUrl":"https:\/\/grapil.pl\/wp-content\/uploads\/2025\/04\/19777.jpg","datePublished":"2025-04-09T15:32:26+00:00","dateModified":"2025-04-09T15:32:40+00:00","breadcrumb":{"@id":"https:\/\/grapil.pl\/produkt\/buty-robocze-marble-s3wariant1\/#breadcrumb"},"inLanguage":"de","potentialAction":[{"@type":"ReadAction","target":["https:\/\/grapil.pl\/produkt\/buty-robocze-marble-s3wariant1\/"]}]},{"@type":"ImageObject","inLanguage":"de","@id":"https:\/\/grapil.pl\/produkt\/buty-robocze-marble-s3wariant1\/#primaryimage","url":"https:\/\/grapil.pl\/wp-content\/uploads\/2025\/04\/19777.jpg","contentUrl":"https:\/\/grapil.pl\/wp-content\/uploads\/2025\/04\/19777.jpg","width":728,"height":706},{"@type":"BreadcrumbList","@id":"https:\/\/grapil.pl\/produkt\/buty-robocze-marble-s3wariant1\/#breadcrumb","itemListElement":[{"@type":"ListItem","position":1,"name":"Strona g\u0142\u00f3wna","item":"https:\/\/grapil.pl\/"},{"@type":"ListItem","position":2,"name":"sklep","item":"https:\/\/grapil.pl\/sklep\/"},{"@type":"ListItem","position":3,"name":"Buty robocze Marble S3{wariant1}"}]},{"@type":"WebSite","@id":"https:\/\/grapil.pl\/#website","url":"https:\/\/grapil.pl\/","name":"Grapil.pl \u2013 Profesjonalna Odzie\u017c S\u0142u\u017cbowa dla Bran\u017cy Kelnerskiej, HoReCa i Medycyny","description":"","potentialAction":[{"@type":"SearchAction","target":{"@type":"EntryPoint","urlTemplate":"https:\/\/grapil.pl\/?s={search_term_string}"},"query-input":{"@type":"PropertyValueSpecification","valueRequired":true,"valueName":"search_term_string"}}],"inLanguage":"de"}]}},"_links":{"self":[{"href":"https:\/\/grapil.pl\/de\/wp-json\/wp\/v2\/product\/17248","targetHints":{"allow":["GET"]}}],"collection":[{"href":"https:\/\/grapil.pl\/de\/wp-json\/wp\/v2\/product"}],"about":[{"href":"https:\/\/grapil.pl\/de\/wp-json\/wp\/v2\/types\/product"}],"version-history":[{"count":1,"href":"https:\/\/grapil.pl\/de\/wp-json\/wp\/v2\/product\/17248\/revisions"}],"predecessor-version":[{"id":17249,"href":"https:\/\/grapil.pl\/de\/wp-json\/wp\/v2\/product\/17248\/revisions\/17249"}],"wp:featuredmedia":[{"embeddable":true,"href":"https:\/\/grapil.pl\/de\/wp-json\/wp\/v2\/media\/17250"}],"wp:attachment":[{"href":"https:\/\/grapil.pl\/de\/wp-json\/wp\/v2\/media?parent=17248"}],"wp:term":[{"taxonomy":"product_brand","embeddable":true,"href":"https:\/\/grapil.pl\/de\/wp-json\/wp\/v2\/product_brand?post=17248"},{"taxonomy":"product_cat","embeddable":true,"href":"https:\/\/grapil.pl\/de\/wp-json\/wp\/v2\/product_cat?post=17248"},{"taxonomy":"product_tag","embeddable":true,"href":"https:\/\/grapil.pl\/de\/wp-json\/wp\/v2\/product_tag?post=17248"}],"curies":[{"name":"wp","href":"https:\/\/api.w.org\/{rel}","templated":true}]}}