{"id":17305,"date":"2025-04-09T17:32:42","date_gmt":"2025-04-09T15:32:42","guid":{"rendered":"https:\/\/grapil.pl\/produkt\/rekawice-robocze-urgent-1011\/"},"modified":"2025-04-09T17:32:47","modified_gmt":"2025-04-09T15:32:47","slug":"dringende-arbeitshandschuhe-1011","status":"publish","type":"product","link":"https:\/\/grapil.pl\/de\/produkt\/dringende-arbeitshandschuhe-1011\/","title":{"rendered":"Urgent 1011 Arbeitshandschuhe"},"content":{"rendered":"<h3><strong>SCHUTZHANDSCHUHE URG-1011<\/strong><\/h3>\n<p>Schutzhandschuhe\u00a0<strong>Sie bestehen aus Polyester-Strickgewebe<\/strong>, das extrem rei\u00df-, biege- und abriebfest ist. Die Arbeitshandschuhe sind mit gelbem Gummi mit por\u00f6ser Struktur \u00fcberzogen. Dadurch sind die Handschuhe extrem widerstandsf\u00e4hig und nutzen sich nicht so schnell ab. Sie sind mit einer Stulpe versehen, die die Handschuhe w\u00e4hrend der Arbeit an Ort und Stelle h\u00e4lt und verhindert, dass sie hervorstehen. Sie sch\u00fctzt die Arbeitshandschuhe auch vor hineinfallenden Kleinteilen.<\/p>\n<p>Schutzhandschuhe k\u00f6nnen klassifiziert werden als <strong>CE II<\/strong>. Das bedeutet, dass sie f\u00fcr Arbeiten geeignet sind, bei denen ein mittleres Risiko f\u00fcr Handverletzungen besteht. Arbeitshandschuhe bieten Schutz vor Chemikalien und mechanischen Besch\u00e4digungen. Sie entsprechen dem allgemeinen Standard <strong>EN420 <\/strong>und erf\u00fcllen zus\u00e4tzlich die Anforderungen der Norm <strong>EN388<\/strong> zur mechanischen Best\u00e4ndigkeit von Schutzhandschuhen.\u00a0<\/p>","protected":false},"excerpt":{"rendered":"<p>SCHUTZHANDSCHUHE URG-1011 Schutzhandschuhe bestehen aus Polyester-Strickware, die extrem rei\u00df-, biege- und abriebfest ist. Arbeitshandschuhe sind beschichtet<\/p>","protected":false},"featured_media":17307,"template":"","meta":[],"product_brand":[88],"product_cat":[86,96],"product_tag":[],"class_list":{"0":"post-17305","1":"product","2":"type-product","3":"status-publish","4":"has-post-thumbnail","6":"product_brand-urgent","7":"product_cat-sklepbhp","8":"product_cat-rekawice-bhp","10":"first","11":"instock","12":"product-type-simple"},"yoast_head":"<!-- This site is optimized with the Yoast SEO plugin v25.3 - https:\/\/yoast.com\/wordpress\/plugins\/seo\/ -->\n<title>R\u0119kawice robocze Urgent 1011 - Grapil.pl \u2013 Profesjonalna Odzie\u017c S\u0142u\u017cbowa dla Bran\u017cy Kelnerskiej, HoReCa i Medycyny<\/title>\n<meta name=\"robots\" content=\"index, follow, max-snippet:-1, max-image-preview:large, max-video-preview:-1\" \/>\n<link rel=\"canonical\" href=\"https:\/\/grapil.pl\/de\/produkt\/dringende-arbeitshandschuhe-1011\/\" \/>\n<meta property=\"og:locale\" content=\"de_DE\" \/>\n<meta property=\"og:type\" content=\"article\" \/>\n<meta property=\"og:title\" content=\"R\u0119kawice robocze Urgent 1011 - Grapil.pl \u2013 Profesjonalna Odzie\u017c S\u0142u\u017cbowa dla Bran\u017cy Kelnerskiej, HoReCa i Medycyny\" \/>\n<meta property=\"og:description\" content=\"R\u0118KAWICE OCHRONNE URG-1011 R\u0119kawice ochronne\u00a0wykonane zosta\u0142y z dzianiny poliestrowej, kt\u00f3ra jest niezwykle wytrzyma\u0142a na rozerwanie, zginanie i \u015bcieranie.\u00a0R\u0119kawice robocze\u00a0oblewane s\u0105\" \/>\n<meta property=\"og:url\" content=\"https:\/\/grapil.pl\/de\/produkt\/dringende-arbeitshandschuhe-1011\/\" \/>\n<meta property=\"og:site_name\" content=\"Grapil.pl \u2013 Profesjonalna Odzie\u017c S\u0142u\u017cbowa dla Bran\u017cy Kelnerskiej, HoReCa i Medycyny\" \/>\n<meta property=\"article:modified_time\" content=\"2025-04-09T15:32:47+00:00\" \/>\n<meta property=\"og:image\" content=\"https:\/\/grapil.pl\/wp-content\/uploads\/2025\/04\/c848c2940bfb6ff402c23680a88d4c57.jpg\" \/>\n\t<meta property=\"og:image:width\" content=\"1100\" \/>\n\t<meta property=\"og:image:height\" content=\"1100\" \/>\n\t<meta property=\"og:image:type\" content=\"image\/jpeg\" \/>\n<meta name=\"twitter:card\" content=\"summary_large_image\" \/>\n<meta name=\"twitter:label1\" content=\"Gesch\u00e4tzte Lesezeit\" \/>\n\t<meta name=\"twitter:data1\" content=\"1\u00a0Minute\" \/>\n<script type=\"application\/ld+json\" class=\"yoast-schema-graph\">{\"@context\":\"https:\/\/schema.org\",\"@graph\":[{\"@type\":\"WebPage\",\"@id\":\"https:\/\/grapil.pl\/produkt\/rekawice-robocze-urgent-1011\/\",\"url\":\"https:\/\/grapil.pl\/produkt\/rekawice-robocze-urgent-1011\/\",\"name\":\"R\u0119kawice robocze Urgent 1011 - Grapil.pl \u2013 Profesjonalna Odzie\u017c S\u0142u\u017cbowa dla Bran\u017cy Kelnerskiej, HoReCa i Medycyny\",\"isPartOf\":{\"@id\":\"https:\/\/grapil.pl\/#website\"},\"primaryImageOfPage\":{\"@id\":\"https:\/\/grapil.pl\/produkt\/rekawice-robocze-urgent-1011\/#primaryimage\"},\"image\":{\"@id\":\"https:\/\/grapil.pl\/produkt\/rekawice-robocze-urgent-1011\/#primaryimage\"},\"thumbnailUrl\":\"https:\/\/grapil.pl\/wp-content\/uploads\/2025\/04\/c848c2940bfb6ff402c23680a88d4c57.jpg\",\"datePublished\":\"2025-04-09T15:32:42+00:00\",\"dateModified\":\"2025-04-09T15:32:47+00:00\",\"breadcrumb\":{\"@id\":\"https:\/\/grapil.pl\/produkt\/rekawice-robocze-urgent-1011\/#breadcrumb\"},\"inLanguage\":\"de\",\"potentialAction\":[{\"@type\":\"ReadAction\",\"target\":[\"https:\/\/grapil.pl\/produkt\/rekawice-robocze-urgent-1011\/\"]}]},{\"@type\":\"ImageObject\",\"inLanguage\":\"de\",\"@id\":\"https:\/\/grapil.pl\/produkt\/rekawice-robocze-urgent-1011\/#primaryimage\",\"url\":\"https:\/\/grapil.pl\/wp-content\/uploads\/2025\/04\/c848c2940bfb6ff402c23680a88d4c57.jpg\",\"contentUrl\":\"https:\/\/grapil.pl\/wp-content\/uploads\/2025\/04\/c848c2940bfb6ff402c23680a88d4c57.jpg\",\"width\":1100,\"height\":1100},{\"@type\":\"BreadcrumbList\",\"@id\":\"https:\/\/grapil.pl\/produkt\/rekawice-robocze-urgent-1011\/#breadcrumb\",\"itemListElement\":[{\"@type\":\"ListItem\",\"position\":1,\"name\":\"Strona g\u0142\u00f3wna\",\"item\":\"https:\/\/grapil.pl\/\"},{\"@type\":\"ListItem\",\"position\":2,\"name\":\"sklep\",\"item\":\"https:\/\/grapil.pl\/sklep\/\"},{\"@type\":\"ListItem\",\"position\":3,\"name\":\"R\u0119kawice robocze Urgent 1011\"}]},{\"@type\":\"WebSite\",\"@id\":\"https:\/\/grapil.pl\/#website\",\"url\":\"https:\/\/grapil.pl\/\",\"name\":\"Grapil.pl \u2013 Profesjonalna Odzie\u017c S\u0142u\u017cbowa dla Bran\u017cy Kelnerskiej, HoReCa i Medycyny\",\"description\":\"\",\"potentialAction\":[{\"@type\":\"SearchAction\",\"target\":{\"@type\":\"EntryPoint\",\"urlTemplate\":\"https:\/\/grapil.pl\/?s={search_term_string}\"},\"query-input\":{\"@type\":\"PropertyValueSpecification\",\"valueRequired\":true,\"valueName\":\"search_term_string\"}}],\"inLanguage\":\"de\"}]}<\/script>\n<!-- \/ Yoast SEO plugin. -->","yoast_head_json":{"title":"R\u0119kawice robocze Urgent 1011 - Grapil.pl \u2013 Profesjonalna Odzie\u017c S\u0142u\u017cbowa dla Bran\u017cy Kelnerskiej, HoReCa i Medycyny","robots":{"index":"index","follow":"follow","max-snippet":"max-snippet:-1","max-image-preview":"max-image-preview:large","max-video-preview":"max-video-preview:-1"},"canonical":"https:\/\/grapil.pl\/de\/produkt\/dringende-arbeitshandschuhe-1011\/","og_locale":"de_DE","og_type":"article","og_title":"R\u0119kawice robocze Urgent 1011 - Grapil.pl \u2013 Profesjonalna Odzie\u017c S\u0142u\u017cbowa dla Bran\u017cy Kelnerskiej, HoReCa i Medycyny","og_description":"R\u0118KAWICE OCHRONNE URG-1011 R\u0119kawice ochronne\u00a0wykonane zosta\u0142y z dzianiny poliestrowej, kt\u00f3ra jest niezwykle wytrzyma\u0142a na rozerwanie, zginanie i \u015bcieranie.\u00a0R\u0119kawice robocze\u00a0oblewane s\u0105","og_url":"https:\/\/grapil.pl\/de\/produkt\/dringende-arbeitshandschuhe-1011\/","og_site_name":"Grapil.pl \u2013 Profesjonalna Odzie\u017c S\u0142u\u017cbowa dla Bran\u017cy Kelnerskiej, HoReCa i Medycyny","article_modified_time":"2025-04-09T15:32:47+00:00","og_image":[{"width":1100,"height":1100,"url":"https:\/\/grapil.pl\/wp-content\/uploads\/2025\/04\/c848c2940bfb6ff402c23680a88d4c57.jpg","type":"image\/jpeg"}],"twitter_card":"summary_large_image","twitter_misc":{"Gesch\u00e4tzte Lesezeit":"1\u00a0Minute"},"schema":{"@context":"https:\/\/schema.org","@graph":[{"@type":"WebPage","@id":"https:\/\/grapil.pl\/produkt\/rekawice-robocze-urgent-1011\/","url":"https:\/\/grapil.pl\/produkt\/rekawice-robocze-urgent-1011\/","name":"R\u0119kawice robocze Urgent 1011 - Grapil.pl \u2013 Profesjonalna Odzie\u017c S\u0142u\u017cbowa dla Bran\u017cy Kelnerskiej, HoReCa i Medycyny","isPartOf":{"@id":"https:\/\/grapil.pl\/#website"},"primaryImageOfPage":{"@id":"https:\/\/grapil.pl\/produkt\/rekawice-robocze-urgent-1011\/#primaryimage"},"image":{"@id":"https:\/\/grapil.pl\/produkt\/rekawice-robocze-urgent-1011\/#primaryimage"},"thumbnailUrl":"https:\/\/grapil.pl\/wp-content\/uploads\/2025\/04\/c848c2940bfb6ff402c23680a88d4c57.jpg","datePublished":"2025-04-09T15:32:42+00:00","dateModified":"2025-04-09T15:32:47+00:00","breadcrumb":{"@id":"https:\/\/grapil.pl\/produkt\/rekawice-robocze-urgent-1011\/#breadcrumb"},"inLanguage":"de","potentialAction":[{"@type":"ReadAction","target":["https:\/\/grapil.pl\/produkt\/rekawice-robocze-urgent-1011\/"]}]},{"@type":"ImageObject","inLanguage":"de","@id":"https:\/\/grapil.pl\/produkt\/rekawice-robocze-urgent-1011\/#primaryimage","url":"https:\/\/grapil.pl\/wp-content\/uploads\/2025\/04\/c848c2940bfb6ff402c23680a88d4c57.jpg","contentUrl":"https:\/\/grapil.pl\/wp-content\/uploads\/2025\/04\/c848c2940bfb6ff402c23680a88d4c57.jpg","width":1100,"height":1100},{"@type":"BreadcrumbList","@id":"https:\/\/grapil.pl\/produkt\/rekawice-robocze-urgent-1011\/#breadcrumb","itemListElement":[{"@type":"ListItem","position":1,"name":"Strona g\u0142\u00f3wna","item":"https:\/\/grapil.pl\/"},{"@type":"ListItem","position":2,"name":"sklep","item":"https:\/\/grapil.pl\/sklep\/"},{"@type":"ListItem","position":3,"name":"R\u0119kawice robocze Urgent 1011"}]},{"@type":"WebSite","@id":"https:\/\/grapil.pl\/#website","url":"https:\/\/grapil.pl\/","name":"Grapil.pl \u2013 Profesjonalna Odzie\u017c S\u0142u\u017cbowa dla Bran\u017cy Kelnerskiej, HoReCa i Medycyny","description":"","potentialAction":[{"@type":"SearchAction","target":{"@type":"EntryPoint","urlTemplate":"https:\/\/grapil.pl\/?s={search_term_string}"},"query-input":{"@type":"PropertyValueSpecification","valueRequired":true,"valueName":"search_term_string"}}],"inLanguage":"de"}]}},"_links":{"self":[{"href":"https:\/\/grapil.pl\/de\/wp-json\/wp\/v2\/product\/17305","targetHints":{"allow":["GET"]}}],"collection":[{"href":"https:\/\/grapil.pl\/de\/wp-json\/wp\/v2\/product"}],"about":[{"href":"https:\/\/grapil.pl\/de\/wp-json\/wp\/v2\/types\/product"}],"version-history":[{"count":1,"href":"https:\/\/grapil.pl\/de\/wp-json\/wp\/v2\/product\/17305\/revisions"}],"predecessor-version":[{"id":17306,"href":"https:\/\/grapil.pl\/de\/wp-json\/wp\/v2\/product\/17305\/revisions\/17306"}],"wp:featuredmedia":[{"embeddable":true,"href":"https:\/\/grapil.pl\/de\/wp-json\/wp\/v2\/media\/17307"}],"wp:attachment":[{"href":"https:\/\/grapil.pl\/de\/wp-json\/wp\/v2\/media?parent=17305"}],"wp:term":[{"taxonomy":"product_brand","embeddable":true,"href":"https:\/\/grapil.pl\/de\/wp-json\/wp\/v2\/product_brand?post=17305"},{"taxonomy":"product_cat","embeddable":true,"href":"https:\/\/grapil.pl\/de\/wp-json\/wp\/v2\/product_cat?post=17305"},{"taxonomy":"product_tag","embeddable":true,"href":"https:\/\/grapil.pl\/de\/wp-json\/wp\/v2\/product_tag?post=17305"}],"curies":[{"name":"wp","href":"https:\/\/api.w.org\/{rel}","templated":true}]}}