{"id":17361,"date":"2025-04-09T17:32:52","date_gmt":"2025-04-09T15:32:52","guid":{"rendered":"https:\/\/grapil.pl\/produkt\/czapka-z-daszkiem-z-siatka\/"},"modified":"2025-04-09T17:33:01","modified_gmt":"2025-04-09T15:33:01","slug":"baseballkappe-aus-mesh","status":"publish","type":"product","link":"https:\/\/grapil.pl\/de\/produkt\/baseballkappe-aus-mesh\/","title":{"rendered":"Mesh-Baseballkappe"},"content":{"rendered":"<p><strong><span style=\"font-size:14pt;\">Kappe<\/span><\/strong><\/p>\n<p>Mesh-Kappe mit Klettverschluss\u00a0<\/p>\n<p><strong>100% Baumwolle<\/strong>, Schirm und Kappenvorderseite versteift, Kappenr\u00fcckseite aus Mesh.\u00a0<\/p>\n<div class=\"alpol - footer\" style=\"height:20px;text-align:left;\">\n<p>Eine Schirmm\u00fctze aus Netzgewebe ist eine Erg\u00e4nzung zur Arbeitskleidung und sch\u00fctzt den Kopf vor Hitze. Die M\u00fctze verf\u00fcgt \u00fcber einen Klettverschluss zur Gr\u00f6\u00dfenverstellung und ist somit universell einsetzbar und sowohl f\u00fcr Frauen als auch f\u00fcr M\u00e4nner geeignet.<\/p>\n<p> Das versteifte Visier sch\u00fctzt die Augen vor Sonneneinstrahlung, und das Netzgewebe f\u00f6rdert die Luftzirkulation und sorgt f\u00fcr einen schnellen Schwei\u00dfabtransport. Die Kappe besteht aus 100%-Baumwolle und verursacht durch den Verzicht auf synthetische Zus\u00e4tze weder \u00fcberm\u00e4\u00dfiges Schwitzen noch Kopfhautreizungen.<\/p><\/div>","protected":false},"excerpt":{"rendered":"<p>Cap mit Mesh und Klettverschluss 100% Baumwolle, Schirm und Cap-Vorderseite versteift, Cap-R\u00fcckseite aus<\/p>","protected":false},"featured_media":17363,"template":"","meta":[],"product_brand":[],"product_cat":[86,111,112],"product_tag":[],"class_list":{"0":"post-17361","1":"product","2":"type-product","3":"status-publish","4":"has-post-thumbnail","6":"product_cat-sklepbhp","7":"product_cat-srodki-ochrony-indywidualnej","8":"product_cat-ochrona-glowy","10":"first","11":"instock","12":"product-type-simple"},"yoast_head":"<!-- This site is optimized with the Yoast SEO plugin v25.3 - https:\/\/yoast.com\/wordpress\/plugins\/seo\/ -->\n<title>Czapka z daszkiem z siatk\u0105 - Grapil.pl \u2013 Profesjonalna Odzie\u017c S\u0142u\u017cbowa dla Bran\u017cy Kelnerskiej, HoReCa i Medycyny<\/title>\n<meta name=\"robots\" content=\"index, follow, max-snippet:-1, max-image-preview:large, max-video-preview:-1\" \/>\n<link rel=\"canonical\" href=\"https:\/\/grapil.pl\/de\/produkt\/baseballkappe-aus-mesh\/\" \/>\n<meta property=\"og:locale\" content=\"de_DE\" \/>\n<meta property=\"og:type\" content=\"article\" \/>\n<meta property=\"og:title\" content=\"Czapka z daszkiem z siatk\u0105 - Grapil.pl \u2013 Profesjonalna Odzie\u017c S\u0142u\u017cbowa dla Bran\u017cy Kelnerskiej, HoReCa i Medycyny\" \/>\n<meta property=\"og:description\" content=\"Czapka z daszkiem Czapka z siatk\u0105 i regulacj\u0105 na rzep\u00a0 100% bawe\u0142na, usztywniany daszek i prz\u00f3d czapki, ty\u0142 czapki wykonany\" \/>\n<meta property=\"og:url\" content=\"https:\/\/grapil.pl\/de\/produkt\/baseballkappe-aus-mesh\/\" \/>\n<meta property=\"og:site_name\" content=\"Grapil.pl \u2013 Profesjonalna Odzie\u017c S\u0142u\u017cbowa dla Bran\u017cy Kelnerskiej, HoReCa i Medycyny\" \/>\n<meta property=\"article:modified_time\" content=\"2025-04-09T15:33:01+00:00\" \/>\n<meta property=\"og:image\" content=\"https:\/\/grapil.pl\/wp-content\/uploads\/2025\/04\/58852b39ee018e8039e382960e350781.jpg\" \/>\n\t<meta property=\"og:image:width\" content=\"1200\" \/>\n\t<meta property=\"og:image:height\" content=\"1200\" \/>\n\t<meta property=\"og:image:type\" content=\"image\/jpeg\" \/>\n<meta name=\"twitter:card\" content=\"summary_large_image\" \/>\n<meta name=\"twitter:label1\" content=\"Gesch\u00e4tzte Lesezeit\" \/>\n\t<meta name=\"twitter:data1\" content=\"1\u00a0Minute\" \/>\n<script type=\"application\/ld+json\" class=\"yoast-schema-graph\">{\"@context\":\"https:\/\/schema.org\",\"@graph\":[{\"@type\":\"WebPage\",\"@id\":\"https:\/\/grapil.pl\/produkt\/czapka-z-daszkiem-z-siatka\/\",\"url\":\"https:\/\/grapil.pl\/produkt\/czapka-z-daszkiem-z-siatka\/\",\"name\":\"Czapka z daszkiem z siatk\u0105 - Grapil.pl \u2013 Profesjonalna Odzie\u017c S\u0142u\u017cbowa dla Bran\u017cy Kelnerskiej, HoReCa i Medycyny\",\"isPartOf\":{\"@id\":\"https:\/\/grapil.pl\/#website\"},\"primaryImageOfPage\":{\"@id\":\"https:\/\/grapil.pl\/produkt\/czapka-z-daszkiem-z-siatka\/#primaryimage\"},\"image\":{\"@id\":\"https:\/\/grapil.pl\/produkt\/czapka-z-daszkiem-z-siatka\/#primaryimage\"},\"thumbnailUrl\":\"https:\/\/grapil.pl\/wp-content\/uploads\/2025\/04\/58852b39ee018e8039e382960e350781.jpg\",\"datePublished\":\"2025-04-09T15:32:52+00:00\",\"dateModified\":\"2025-04-09T15:33:01+00:00\",\"breadcrumb\":{\"@id\":\"https:\/\/grapil.pl\/produkt\/czapka-z-daszkiem-z-siatka\/#breadcrumb\"},\"inLanguage\":\"de\",\"potentialAction\":[{\"@type\":\"ReadAction\",\"target\":[\"https:\/\/grapil.pl\/produkt\/czapka-z-daszkiem-z-siatka\/\"]}]},{\"@type\":\"ImageObject\",\"inLanguage\":\"de\",\"@id\":\"https:\/\/grapil.pl\/produkt\/czapka-z-daszkiem-z-siatka\/#primaryimage\",\"url\":\"https:\/\/grapil.pl\/wp-content\/uploads\/2025\/04\/58852b39ee018e8039e382960e350781.jpg\",\"contentUrl\":\"https:\/\/grapil.pl\/wp-content\/uploads\/2025\/04\/58852b39ee018e8039e382960e350781.jpg\",\"width\":1200,\"height\":1200},{\"@type\":\"BreadcrumbList\",\"@id\":\"https:\/\/grapil.pl\/produkt\/czapka-z-daszkiem-z-siatka\/#breadcrumb\",\"itemListElement\":[{\"@type\":\"ListItem\",\"position\":1,\"name\":\"Strona g\u0142\u00f3wna\",\"item\":\"https:\/\/grapil.pl\/\"},{\"@type\":\"ListItem\",\"position\":2,\"name\":\"sklep\",\"item\":\"https:\/\/grapil.pl\/sklep\/\"},{\"@type\":\"ListItem\",\"position\":3,\"name\":\"Czapka z daszkiem z siatk\u0105\"}]},{\"@type\":\"WebSite\",\"@id\":\"https:\/\/grapil.pl\/#website\",\"url\":\"https:\/\/grapil.pl\/\",\"name\":\"Grapil.pl \u2013 Profesjonalna Odzie\u017c S\u0142u\u017cbowa dla Bran\u017cy Kelnerskiej, HoReCa i Medycyny\",\"description\":\"\",\"potentialAction\":[{\"@type\":\"SearchAction\",\"target\":{\"@type\":\"EntryPoint\",\"urlTemplate\":\"https:\/\/grapil.pl\/?s={search_term_string}\"},\"query-input\":{\"@type\":\"PropertyValueSpecification\",\"valueRequired\":true,\"valueName\":\"search_term_string\"}}],\"inLanguage\":\"de\"}]}<\/script>\n<!-- \/ Yoast SEO plugin. -->","yoast_head_json":{"title":"Czapka z daszkiem z siatk\u0105 - Grapil.pl \u2013 Profesjonalna Odzie\u017c S\u0142u\u017cbowa dla Bran\u017cy Kelnerskiej, HoReCa i Medycyny","robots":{"index":"index","follow":"follow","max-snippet":"max-snippet:-1","max-image-preview":"max-image-preview:large","max-video-preview":"max-video-preview:-1"},"canonical":"https:\/\/grapil.pl\/de\/produkt\/baseballkappe-aus-mesh\/","og_locale":"de_DE","og_type":"article","og_title":"Czapka z daszkiem z siatk\u0105 - Grapil.pl \u2013 Profesjonalna Odzie\u017c S\u0142u\u017cbowa dla Bran\u017cy Kelnerskiej, HoReCa i Medycyny","og_description":"Czapka z daszkiem Czapka z siatk\u0105 i regulacj\u0105 na rzep\u00a0 100% bawe\u0142na, usztywniany daszek i prz\u00f3d czapki, ty\u0142 czapki wykonany","og_url":"https:\/\/grapil.pl\/de\/produkt\/baseballkappe-aus-mesh\/","og_site_name":"Grapil.pl \u2013 Profesjonalna Odzie\u017c S\u0142u\u017cbowa dla Bran\u017cy Kelnerskiej, HoReCa i Medycyny","article_modified_time":"2025-04-09T15:33:01+00:00","og_image":[{"width":1200,"height":1200,"url":"https:\/\/grapil.pl\/wp-content\/uploads\/2025\/04\/58852b39ee018e8039e382960e350781.jpg","type":"image\/jpeg"}],"twitter_card":"summary_large_image","twitter_misc":{"Gesch\u00e4tzte Lesezeit":"1\u00a0Minute"},"schema":{"@context":"https:\/\/schema.org","@graph":[{"@type":"WebPage","@id":"https:\/\/grapil.pl\/produkt\/czapka-z-daszkiem-z-siatka\/","url":"https:\/\/grapil.pl\/produkt\/czapka-z-daszkiem-z-siatka\/","name":"Czapka z daszkiem z siatk\u0105 - Grapil.pl \u2013 Profesjonalna Odzie\u017c S\u0142u\u017cbowa dla Bran\u017cy Kelnerskiej, HoReCa i Medycyny","isPartOf":{"@id":"https:\/\/grapil.pl\/#website"},"primaryImageOfPage":{"@id":"https:\/\/grapil.pl\/produkt\/czapka-z-daszkiem-z-siatka\/#primaryimage"},"image":{"@id":"https:\/\/grapil.pl\/produkt\/czapka-z-daszkiem-z-siatka\/#primaryimage"},"thumbnailUrl":"https:\/\/grapil.pl\/wp-content\/uploads\/2025\/04\/58852b39ee018e8039e382960e350781.jpg","datePublished":"2025-04-09T15:32:52+00:00","dateModified":"2025-04-09T15:33:01+00:00","breadcrumb":{"@id":"https:\/\/grapil.pl\/produkt\/czapka-z-daszkiem-z-siatka\/#breadcrumb"},"inLanguage":"de","potentialAction":[{"@type":"ReadAction","target":["https:\/\/grapil.pl\/produkt\/czapka-z-daszkiem-z-siatka\/"]}]},{"@type":"ImageObject","inLanguage":"de","@id":"https:\/\/grapil.pl\/produkt\/czapka-z-daszkiem-z-siatka\/#primaryimage","url":"https:\/\/grapil.pl\/wp-content\/uploads\/2025\/04\/58852b39ee018e8039e382960e350781.jpg","contentUrl":"https:\/\/grapil.pl\/wp-content\/uploads\/2025\/04\/58852b39ee018e8039e382960e350781.jpg","width":1200,"height":1200},{"@type":"BreadcrumbList","@id":"https:\/\/grapil.pl\/produkt\/czapka-z-daszkiem-z-siatka\/#breadcrumb","itemListElement":[{"@type":"ListItem","position":1,"name":"Strona g\u0142\u00f3wna","item":"https:\/\/grapil.pl\/"},{"@type":"ListItem","position":2,"name":"sklep","item":"https:\/\/grapil.pl\/sklep\/"},{"@type":"ListItem","position":3,"name":"Czapka z daszkiem z siatk\u0105"}]},{"@type":"WebSite","@id":"https:\/\/grapil.pl\/#website","url":"https:\/\/grapil.pl\/","name":"Grapil.pl \u2013 Profesjonalna Odzie\u017c S\u0142u\u017cbowa dla Bran\u017cy Kelnerskiej, HoReCa i Medycyny","description":"","potentialAction":[{"@type":"SearchAction","target":{"@type":"EntryPoint","urlTemplate":"https:\/\/grapil.pl\/?s={search_term_string}"},"query-input":{"@type":"PropertyValueSpecification","valueRequired":true,"valueName":"search_term_string"}}],"inLanguage":"de"}]}},"_links":{"self":[{"href":"https:\/\/grapil.pl\/de\/wp-json\/wp\/v2\/product\/17361","targetHints":{"allow":["GET"]}}],"collection":[{"href":"https:\/\/grapil.pl\/de\/wp-json\/wp\/v2\/product"}],"about":[{"href":"https:\/\/grapil.pl\/de\/wp-json\/wp\/v2\/types\/product"}],"version-history":[{"count":1,"href":"https:\/\/grapil.pl\/de\/wp-json\/wp\/v2\/product\/17361\/revisions"}],"predecessor-version":[{"id":17362,"href":"https:\/\/grapil.pl\/de\/wp-json\/wp\/v2\/product\/17361\/revisions\/17362"}],"wp:featuredmedia":[{"embeddable":true,"href":"https:\/\/grapil.pl\/de\/wp-json\/wp\/v2\/media\/17363"}],"wp:attachment":[{"href":"https:\/\/grapil.pl\/de\/wp-json\/wp\/v2\/media?parent=17361"}],"wp:term":[{"taxonomy":"product_brand","embeddable":true,"href":"https:\/\/grapil.pl\/de\/wp-json\/wp\/v2\/product_brand?post=17361"},{"taxonomy":"product_cat","embeddable":true,"href":"https:\/\/grapil.pl\/de\/wp-json\/wp\/v2\/product_cat?post=17361"},{"taxonomy":"product_tag","embeddable":true,"href":"https:\/\/grapil.pl\/de\/wp-json\/wp\/v2\/product_tag?post=17361"}],"curies":[{"name":"wp","href":"https:\/\/api.w.org\/{rel}","templated":true}]}}