{"id":17376,"date":"2025-04-09T17:32:52","date_gmt":"2025-04-09T15:32:52","guid":{"rendered":"https:\/\/grapil.pl\/produkt\/okulary-ochronne-margay-cxs\/"},"modified":"2025-04-09T17:33:04","modified_gmt":"2025-04-09T15:33:04","slug":"margay-cxs-schutzbrille","status":"publish","type":"product","link":"https:\/\/grapil.pl\/de\/produkt\/margay-cxs-schutzbrille\/","title":{"rendered":"Margay CXS Schutzbrille"},"content":{"rendered":"<p><strong><span style=\"font-size:14pt;\">CXS MARGAY Schutzbrille<\/span><\/strong>\u00a0<\/p>\n<p>Kratzfeste und beschlagfreie Brille. Die Linse besteht aus transparentem Polycarbonat. Die Beschichtung sch\u00fctzt vor Kratzern und Beschlagen. Dank der Neoprenbeschichtung der Rahmen passen sie sich perfekt dem Gesicht an, was\u00a0<strong>kann in staubiger Umgebung eingesetzt werden<\/strong>Die Konstruktion erm\u00f6glicht die Kombination mit anderer pers\u00f6nlicher Schutzausr\u00fcstung. Sie bieten Schutz vor niederenergetischen Feststoffeinwirkungen, Fl\u00fcssigkeitsspritzern und UV-Strahlung. Anwendung: Bauwesen, Montage, Schleifen, Schneiden von Materialien, Zementwerke, Gie\u00dfen von Materialien, Sport.<\/p>\n<p>\u00a0<\/p>\n<ul>\n<li>L\u00e4ngenverstellbare B\u00fcgel in Schwarz, transparente Scheibe an den R\u00e4ndern abgerundet<\/li>\n<li>Weites Sichtfeld<\/li>\n<li>Hervorragender Seitenschutz dank konturierter Fenster<\/li>\n<li>Weiche, bel\u00fcftete Nasenpads verbessern den Komfort bei l\u00e4ngerem Tragen<\/li>\n<li>Neopren-Rahmendichtung verhindert das Eindringen von Staub<\/li>\n<li>Gummiband inklusive<\/li>\n<li><strong>Optische Klasse 1<\/strong><\/li>\n<li>Produkt entspricht der Norm <strong>Gesundheit und Sicherheit: EN-166:2001.<\/strong><\/li>\n<\/ul>","protected":false},"excerpt":{"rendered":"<p>CXS MARGAY Schutzbrille Kratzfeste, beschlagfreie Brille. Linse aus transparentem Polycarbonat. Die Beschichtung sch\u00fctzt vor Kratzern und Beschlagen. Dank der Verarbeitung der Rahmen<\/p>","protected":false},"featured_media":17378,"template":"","meta":[],"product_brand":[101],"product_cat":[86,111,114],"product_tag":[],"class_list":{"0":"post-17376","1":"product","2":"type-product","3":"status-publish","4":"has-post-thumbnail","6":"product_brand-cxs-canis","7":"product_cat-sklepbhp","8":"product_cat-srodki-ochrony-indywidualnej","9":"product_cat-okulary-ochronne","11":"first","12":"instock","13":"product-type-simple"},"yoast_head":"<!-- This site is optimized with the Yoast SEO plugin v25.3 - https:\/\/yoast.com\/wordpress\/plugins\/seo\/ -->\n<title>Okulary ochronne Margay CXS - Grapil.pl \u2013 Profesjonalna Odzie\u017c S\u0142u\u017cbowa dla Bran\u017cy Kelnerskiej, HoReCa i Medycyny<\/title>\n<meta name=\"robots\" content=\"index, follow, max-snippet:-1, max-image-preview:large, max-video-preview:-1\" \/>\n<link rel=\"canonical\" href=\"https:\/\/grapil.pl\/de\/produkt\/margay-cxs-schutzbrille\/\" \/>\n<meta property=\"og:locale\" content=\"de_DE\" \/>\n<meta property=\"og:type\" content=\"article\" \/>\n<meta property=\"og:title\" content=\"Okulary ochronne Margay CXS - Grapil.pl \u2013 Profesjonalna Odzie\u017c S\u0142u\u017cbowa dla Bran\u017cy Kelnerskiej, HoReCa i Medycyny\" \/>\n<meta property=\"og:description\" content=\"Okulary ochronne\u00a0CXS MARGAY\u00a0 Okulary przeciwodpryskowe, nieparuj\u0105ce. Soczewka wykonana z prze\u017aroczystego poliw\u0119glanu. Pow\u0142oka zapewnia\u00a0ochron\u0119 przed zarysowaniem i zaparowaniem. Dzi\u0119ki wyko\u0144czeniu oprawek\" \/>\n<meta property=\"og:url\" content=\"https:\/\/grapil.pl\/de\/produkt\/margay-cxs-schutzbrille\/\" \/>\n<meta property=\"og:site_name\" content=\"Grapil.pl \u2013 Profesjonalna Odzie\u017c S\u0142u\u017cbowa dla Bran\u017cy Kelnerskiej, HoReCa i Medycyny\" \/>\n<meta property=\"article:modified_time\" content=\"2025-04-09T15:33:04+00:00\" \/>\n<meta property=\"og:image\" content=\"https:\/\/grapil.pl\/wp-content\/uploads\/2025\/04\/21034.jpg\" \/>\n\t<meta property=\"og:image:width\" content=\"1024\" \/>\n\t<meta property=\"og:image:height\" content=\"768\" \/>\n\t<meta property=\"og:image:type\" content=\"image\/jpeg\" \/>\n<meta name=\"twitter:card\" content=\"summary_large_image\" \/>\n<meta name=\"twitter:label1\" content=\"Gesch\u00e4tzte Lesezeit\" \/>\n\t<meta name=\"twitter:data1\" content=\"1\u00a0Minute\" \/>\n<script type=\"application\/ld+json\" class=\"yoast-schema-graph\">{\"@context\":\"https:\/\/schema.org\",\"@graph\":[{\"@type\":\"WebPage\",\"@id\":\"https:\/\/grapil.pl\/produkt\/okulary-ochronne-margay-cxs\/\",\"url\":\"https:\/\/grapil.pl\/produkt\/okulary-ochronne-margay-cxs\/\",\"name\":\"Okulary ochronne Margay CXS - Grapil.pl \u2013 Profesjonalna Odzie\u017c S\u0142u\u017cbowa dla Bran\u017cy Kelnerskiej, HoReCa i Medycyny\",\"isPartOf\":{\"@id\":\"https:\/\/grapil.pl\/#website\"},\"primaryImageOfPage\":{\"@id\":\"https:\/\/grapil.pl\/produkt\/okulary-ochronne-margay-cxs\/#primaryimage\"},\"image\":{\"@id\":\"https:\/\/grapil.pl\/produkt\/okulary-ochronne-margay-cxs\/#primaryimage\"},\"thumbnailUrl\":\"https:\/\/grapil.pl\/wp-content\/uploads\/2025\/04\/21034.jpg\",\"datePublished\":\"2025-04-09T15:32:52+00:00\",\"dateModified\":\"2025-04-09T15:33:04+00:00\",\"breadcrumb\":{\"@id\":\"https:\/\/grapil.pl\/produkt\/okulary-ochronne-margay-cxs\/#breadcrumb\"},\"inLanguage\":\"de\",\"potentialAction\":[{\"@type\":\"ReadAction\",\"target\":[\"https:\/\/grapil.pl\/produkt\/okulary-ochronne-margay-cxs\/\"]}]},{\"@type\":\"ImageObject\",\"inLanguage\":\"de\",\"@id\":\"https:\/\/grapil.pl\/produkt\/okulary-ochronne-margay-cxs\/#primaryimage\",\"url\":\"https:\/\/grapil.pl\/wp-content\/uploads\/2025\/04\/21034.jpg\",\"contentUrl\":\"https:\/\/grapil.pl\/wp-content\/uploads\/2025\/04\/21034.jpg\",\"width\":1024,\"height\":768},{\"@type\":\"BreadcrumbList\",\"@id\":\"https:\/\/grapil.pl\/produkt\/okulary-ochronne-margay-cxs\/#breadcrumb\",\"itemListElement\":[{\"@type\":\"ListItem\",\"position\":1,\"name\":\"Strona g\u0142\u00f3wna\",\"item\":\"https:\/\/grapil.pl\/\"},{\"@type\":\"ListItem\",\"position\":2,\"name\":\"sklep\",\"item\":\"https:\/\/grapil.pl\/sklep\/\"},{\"@type\":\"ListItem\",\"position\":3,\"name\":\"Okulary ochronne Margay CXS\"}]},{\"@type\":\"WebSite\",\"@id\":\"https:\/\/grapil.pl\/#website\",\"url\":\"https:\/\/grapil.pl\/\",\"name\":\"Grapil.pl \u2013 Profesjonalna Odzie\u017c S\u0142u\u017cbowa dla Bran\u017cy Kelnerskiej, HoReCa i Medycyny\",\"description\":\"\",\"potentialAction\":[{\"@type\":\"SearchAction\",\"target\":{\"@type\":\"EntryPoint\",\"urlTemplate\":\"https:\/\/grapil.pl\/?s={search_term_string}\"},\"query-input\":{\"@type\":\"PropertyValueSpecification\",\"valueRequired\":true,\"valueName\":\"search_term_string\"}}],\"inLanguage\":\"de\"}]}<\/script>\n<!-- \/ Yoast SEO plugin. -->","yoast_head_json":{"title":"Okulary ochronne Margay CXS - Grapil.pl \u2013 Profesjonalna Odzie\u017c S\u0142u\u017cbowa dla Bran\u017cy Kelnerskiej, HoReCa i Medycyny","robots":{"index":"index","follow":"follow","max-snippet":"max-snippet:-1","max-image-preview":"max-image-preview:large","max-video-preview":"max-video-preview:-1"},"canonical":"https:\/\/grapil.pl\/de\/produkt\/margay-cxs-schutzbrille\/","og_locale":"de_DE","og_type":"article","og_title":"Okulary ochronne Margay CXS - Grapil.pl \u2013 Profesjonalna Odzie\u017c S\u0142u\u017cbowa dla Bran\u017cy Kelnerskiej, HoReCa i Medycyny","og_description":"Okulary ochronne\u00a0CXS MARGAY\u00a0 Okulary przeciwodpryskowe, nieparuj\u0105ce. Soczewka wykonana z prze\u017aroczystego poliw\u0119glanu. Pow\u0142oka zapewnia\u00a0ochron\u0119 przed zarysowaniem i zaparowaniem. Dzi\u0119ki wyko\u0144czeniu oprawek","og_url":"https:\/\/grapil.pl\/de\/produkt\/margay-cxs-schutzbrille\/","og_site_name":"Grapil.pl \u2013 Profesjonalna Odzie\u017c S\u0142u\u017cbowa dla Bran\u017cy Kelnerskiej, HoReCa i Medycyny","article_modified_time":"2025-04-09T15:33:04+00:00","og_image":[{"width":1024,"height":768,"url":"https:\/\/grapil.pl\/wp-content\/uploads\/2025\/04\/21034.jpg","type":"image\/jpeg"}],"twitter_card":"summary_large_image","twitter_misc":{"Gesch\u00e4tzte Lesezeit":"1\u00a0Minute"},"schema":{"@context":"https:\/\/schema.org","@graph":[{"@type":"WebPage","@id":"https:\/\/grapil.pl\/produkt\/okulary-ochronne-margay-cxs\/","url":"https:\/\/grapil.pl\/produkt\/okulary-ochronne-margay-cxs\/","name":"Okulary ochronne Margay CXS - Grapil.pl \u2013 Profesjonalna Odzie\u017c S\u0142u\u017cbowa dla Bran\u017cy Kelnerskiej, HoReCa i Medycyny","isPartOf":{"@id":"https:\/\/grapil.pl\/#website"},"primaryImageOfPage":{"@id":"https:\/\/grapil.pl\/produkt\/okulary-ochronne-margay-cxs\/#primaryimage"},"image":{"@id":"https:\/\/grapil.pl\/produkt\/okulary-ochronne-margay-cxs\/#primaryimage"},"thumbnailUrl":"https:\/\/grapil.pl\/wp-content\/uploads\/2025\/04\/21034.jpg","datePublished":"2025-04-09T15:32:52+00:00","dateModified":"2025-04-09T15:33:04+00:00","breadcrumb":{"@id":"https:\/\/grapil.pl\/produkt\/okulary-ochronne-margay-cxs\/#breadcrumb"},"inLanguage":"de","potentialAction":[{"@type":"ReadAction","target":["https:\/\/grapil.pl\/produkt\/okulary-ochronne-margay-cxs\/"]}]},{"@type":"ImageObject","inLanguage":"de","@id":"https:\/\/grapil.pl\/produkt\/okulary-ochronne-margay-cxs\/#primaryimage","url":"https:\/\/grapil.pl\/wp-content\/uploads\/2025\/04\/21034.jpg","contentUrl":"https:\/\/grapil.pl\/wp-content\/uploads\/2025\/04\/21034.jpg","width":1024,"height":768},{"@type":"BreadcrumbList","@id":"https:\/\/grapil.pl\/produkt\/okulary-ochronne-margay-cxs\/#breadcrumb","itemListElement":[{"@type":"ListItem","position":1,"name":"Strona g\u0142\u00f3wna","item":"https:\/\/grapil.pl\/"},{"@type":"ListItem","position":2,"name":"sklep","item":"https:\/\/grapil.pl\/sklep\/"},{"@type":"ListItem","position":3,"name":"Okulary ochronne Margay CXS"}]},{"@type":"WebSite","@id":"https:\/\/grapil.pl\/#website","url":"https:\/\/grapil.pl\/","name":"Grapil.pl \u2013 Profesjonalna Odzie\u017c S\u0142u\u017cbowa dla Bran\u017cy Kelnerskiej, HoReCa i Medycyny","description":"","potentialAction":[{"@type":"SearchAction","target":{"@type":"EntryPoint","urlTemplate":"https:\/\/grapil.pl\/?s={search_term_string}"},"query-input":{"@type":"PropertyValueSpecification","valueRequired":true,"valueName":"search_term_string"}}],"inLanguage":"de"}]}},"_links":{"self":[{"href":"https:\/\/grapil.pl\/de\/wp-json\/wp\/v2\/product\/17376","targetHints":{"allow":["GET"]}}],"collection":[{"href":"https:\/\/grapil.pl\/de\/wp-json\/wp\/v2\/product"}],"about":[{"href":"https:\/\/grapil.pl\/de\/wp-json\/wp\/v2\/types\/product"}],"version-history":[{"count":1,"href":"https:\/\/grapil.pl\/de\/wp-json\/wp\/v2\/product\/17376\/revisions"}],"predecessor-version":[{"id":17377,"href":"https:\/\/grapil.pl\/de\/wp-json\/wp\/v2\/product\/17376\/revisions\/17377"}],"wp:featuredmedia":[{"embeddable":true,"href":"https:\/\/grapil.pl\/de\/wp-json\/wp\/v2\/media\/17378"}],"wp:attachment":[{"href":"https:\/\/grapil.pl\/de\/wp-json\/wp\/v2\/media?parent=17376"}],"wp:term":[{"taxonomy":"product_brand","embeddable":true,"href":"https:\/\/grapil.pl\/de\/wp-json\/wp\/v2\/product_brand?post=17376"},{"taxonomy":"product_cat","embeddable":true,"href":"https:\/\/grapil.pl\/de\/wp-json\/wp\/v2\/product_cat?post=17376"},{"taxonomy":"product_tag","embeddable":true,"href":"https:\/\/grapil.pl\/de\/wp-json\/wp\/v2\/product_tag?post=17376"}],"curies":[{"name":"wp","href":"https:\/\/api.w.org\/{rel}","templated":true}]}}