{"id":17407,"date":"2025-04-09T17:33:05","date_gmt":"2025-04-09T15:33:05","guid":{"rendered":"https:\/\/grapil.pl\/produkt\/buty-gumowe-meskie-niskie-farmerwariant1\/"},"modified":"2025-04-09T17:33:10","modified_gmt":"2025-04-09T15:33:10","slug":"herren-gummistiefel-niedrig-farmervariante1","status":"publish","type":"product","link":"https:\/\/grapil.pl\/de\/produkt\/herren-gummistiefel-niedrig-farmervariante1\/","title":{"rendered":"Herren Gummistiefel niedrig FARMER{variant1}"},"content":{"rendered":"<p><strong><span style=\"font-size:14pt;\">FARMER Gummistiefel<\/span> Sie bestehen aus EVA-Material<\/strong>. Es handelt sich um extrem leichte und funktionelle Galoschen, ideal f\u00fcr die Arbeit im Garten oder zu Hause. Dank der w\u00e4rmeisolierenden Eigenschaften des Materials sch\u00fctzen sie den Fu\u00df vor Feuchtigkeit und K\u00e4lte. Herren-Galoschen sind au\u00dferdem ausgestattet mit <strong>Lassen Sie uns den Isoliereinsatz ersetzen.<\/strong><\/p>\n<ul>\n<li>Regenschuhe<\/li>\n<li>Herausnehmbarer W\u00e4rmeeinsatz<\/li>\n<li>Extrem leicht<\/li>\n<li>Isolierte Schneestiefel<\/li>\n<\/ul>","protected":false},"excerpt":{"rendered":"<p>Der FARMER Gummistiefel aus EVA-Material ist ein extrem leichter und funktionaler Gummistiefel, der sich perfekt f\u00fcr die Gartenarbeit eignet.<\/p>","protected":false},"featured_media":17409,"template":"","meta":[],"product_brand":[118],"product_cat":[86,87,117],"product_tag":[],"class_list":{"0":"post-17407","1":"product","2":"type-product","3":"status-publish","4":"has-post-thumbnail","6":"product_brand-lemigo","7":"product_cat-sklepbhp","8":"product_cat-obuwie-robocze","9":"product_cat-gumowe","11":"first","12":"instock","13":"product-type-simple"},"yoast_head":"<!-- This site is optimized with the Yoast SEO plugin v25.3 - https:\/\/yoast.com\/wordpress\/plugins\/seo\/ -->\n<title>Buty gumowe m\u0119skie niskie FARMER{wariant1} - Grapil.pl \u2013 Profesjonalna Odzie\u017c S\u0142u\u017cbowa dla Bran\u017cy Kelnerskiej, HoReCa i Medycyny<\/title>\n<meta name=\"robots\" content=\"index, follow, max-snippet:-1, max-image-preview:large, max-video-preview:-1\" \/>\n<link rel=\"canonical\" href=\"https:\/\/grapil.pl\/de\/produkt\/herren-gummistiefel-niedrig-farmervariante1\/\" \/>\n<meta property=\"og:locale\" content=\"de_DE\" \/>\n<meta property=\"og:type\" content=\"article\" \/>\n<meta property=\"og:title\" content=\"Buty gumowe m\u0119skie niskie FARMER{wariant1} - Grapil.pl \u2013 Profesjonalna Odzie\u017c S\u0142u\u017cbowa dla Bran\u017cy Kelnerskiej, HoReCa i Medycyny\" \/>\n<meta property=\"og:description\" content=\"Kalosze FARMER wykonane zosta\u0142y z tworzywa EVA. To niezwykle lekkie i funkcjonalne kalosze, doskonale sprawdzaj\u0105ce si\u0119 podczas pracy na dzia\u0142ce\" \/>\n<meta property=\"og:url\" content=\"https:\/\/grapil.pl\/de\/produkt\/herren-gummistiefel-niedrig-farmervariante1\/\" \/>\n<meta property=\"og:site_name\" content=\"Grapil.pl \u2013 Profesjonalna Odzie\u017c S\u0142u\u017cbowa dla Bran\u017cy Kelnerskiej, HoReCa i Medycyny\" \/>\n<meta property=\"article:modified_time\" content=\"2025-04-09T15:33:10+00:00\" \/>\n<meta property=\"og:image\" content=\"https:\/\/grapil.pl\/wp-content\/uploads\/2025\/04\/19809.jpg\" \/>\n\t<meta property=\"og:image:width\" content=\"2048\" \/>\n\t<meta property=\"og:image:height\" content=\"1952\" \/>\n\t<meta property=\"og:image:type\" content=\"image\/jpeg\" \/>\n<meta name=\"twitter:card\" content=\"summary_large_image\" \/>\n<script type=\"application\/ld+json\" class=\"yoast-schema-graph\">{\"@context\":\"https:\/\/schema.org\",\"@graph\":[{\"@type\":\"WebPage\",\"@id\":\"https:\/\/grapil.pl\/produkt\/buty-gumowe-meskie-niskie-farmerwariant1\/\",\"url\":\"https:\/\/grapil.pl\/produkt\/buty-gumowe-meskie-niskie-farmerwariant1\/\",\"name\":\"Buty gumowe m\u0119skie niskie FARMER{wariant1} - Grapil.pl \u2013 Profesjonalna Odzie\u017c S\u0142u\u017cbowa dla Bran\u017cy Kelnerskiej, HoReCa i Medycyny\",\"isPartOf\":{\"@id\":\"https:\/\/grapil.pl\/#website\"},\"primaryImageOfPage\":{\"@id\":\"https:\/\/grapil.pl\/produkt\/buty-gumowe-meskie-niskie-farmerwariant1\/#primaryimage\"},\"image\":{\"@id\":\"https:\/\/grapil.pl\/produkt\/buty-gumowe-meskie-niskie-farmerwariant1\/#primaryimage\"},\"thumbnailUrl\":\"https:\/\/grapil.pl\/wp-content\/uploads\/2025\/04\/19809.jpg\",\"datePublished\":\"2025-04-09T15:33:05+00:00\",\"dateModified\":\"2025-04-09T15:33:10+00:00\",\"breadcrumb\":{\"@id\":\"https:\/\/grapil.pl\/produkt\/buty-gumowe-meskie-niskie-farmerwariant1\/#breadcrumb\"},\"inLanguage\":\"de\",\"potentialAction\":[{\"@type\":\"ReadAction\",\"target\":[\"https:\/\/grapil.pl\/produkt\/buty-gumowe-meskie-niskie-farmerwariant1\/\"]}]},{\"@type\":\"ImageObject\",\"inLanguage\":\"de\",\"@id\":\"https:\/\/grapil.pl\/produkt\/buty-gumowe-meskie-niskie-farmerwariant1\/#primaryimage\",\"url\":\"https:\/\/grapil.pl\/wp-content\/uploads\/2025\/04\/19809.jpg\",\"contentUrl\":\"https:\/\/grapil.pl\/wp-content\/uploads\/2025\/04\/19809.jpg\",\"width\":2048,\"height\":1952},{\"@type\":\"BreadcrumbList\",\"@id\":\"https:\/\/grapil.pl\/produkt\/buty-gumowe-meskie-niskie-farmerwariant1\/#breadcrumb\",\"itemListElement\":[{\"@type\":\"ListItem\",\"position\":1,\"name\":\"Strona g\u0142\u00f3wna\",\"item\":\"https:\/\/grapil.pl\/\"},{\"@type\":\"ListItem\",\"position\":2,\"name\":\"sklep\",\"item\":\"https:\/\/grapil.pl\/sklep\/\"},{\"@type\":\"ListItem\",\"position\":3,\"name\":\"Buty gumowe m\u0119skie niskie FARMER{wariant1}\"}]},{\"@type\":\"WebSite\",\"@id\":\"https:\/\/grapil.pl\/#website\",\"url\":\"https:\/\/grapil.pl\/\",\"name\":\"Grapil.pl \u2013 Profesjonalna Odzie\u017c S\u0142u\u017cbowa dla Bran\u017cy Kelnerskiej, HoReCa i Medycyny\",\"description\":\"\",\"potentialAction\":[{\"@type\":\"SearchAction\",\"target\":{\"@type\":\"EntryPoint\",\"urlTemplate\":\"https:\/\/grapil.pl\/?s={search_term_string}\"},\"query-input\":{\"@type\":\"PropertyValueSpecification\",\"valueRequired\":true,\"valueName\":\"search_term_string\"}}],\"inLanguage\":\"de\"}]}<\/script>\n<!-- \/ Yoast SEO plugin. -->","yoast_head_json":{"title":"Buty gumowe m\u0119skie niskie FARMER{wariant1} - Grapil.pl \u2013 Profesjonalna Odzie\u017c S\u0142u\u017cbowa dla Bran\u017cy Kelnerskiej, HoReCa i Medycyny","robots":{"index":"index","follow":"follow","max-snippet":"max-snippet:-1","max-image-preview":"max-image-preview:large","max-video-preview":"max-video-preview:-1"},"canonical":"https:\/\/grapil.pl\/de\/produkt\/herren-gummistiefel-niedrig-farmervariante1\/","og_locale":"de_DE","og_type":"article","og_title":"Buty gumowe m\u0119skie niskie FARMER{wariant1} - Grapil.pl \u2013 Profesjonalna Odzie\u017c S\u0142u\u017cbowa dla Bran\u017cy Kelnerskiej, HoReCa i Medycyny","og_description":"Kalosze FARMER wykonane zosta\u0142y z tworzywa EVA. To niezwykle lekkie i funkcjonalne kalosze, doskonale sprawdzaj\u0105ce si\u0119 podczas pracy na dzia\u0142ce","og_url":"https:\/\/grapil.pl\/de\/produkt\/herren-gummistiefel-niedrig-farmervariante1\/","og_site_name":"Grapil.pl \u2013 Profesjonalna Odzie\u017c S\u0142u\u017cbowa dla Bran\u017cy Kelnerskiej, HoReCa i Medycyny","article_modified_time":"2025-04-09T15:33:10+00:00","og_image":[{"width":2048,"height":1952,"url":"https:\/\/grapil.pl\/wp-content\/uploads\/2025\/04\/19809.jpg","type":"image\/jpeg"}],"twitter_card":"summary_large_image","schema":{"@context":"https:\/\/schema.org","@graph":[{"@type":"WebPage","@id":"https:\/\/grapil.pl\/produkt\/buty-gumowe-meskie-niskie-farmerwariant1\/","url":"https:\/\/grapil.pl\/produkt\/buty-gumowe-meskie-niskie-farmerwariant1\/","name":"Buty gumowe m\u0119skie niskie FARMER{wariant1} - Grapil.pl \u2013 Profesjonalna Odzie\u017c S\u0142u\u017cbowa dla Bran\u017cy Kelnerskiej, HoReCa i Medycyny","isPartOf":{"@id":"https:\/\/grapil.pl\/#website"},"primaryImageOfPage":{"@id":"https:\/\/grapil.pl\/produkt\/buty-gumowe-meskie-niskie-farmerwariant1\/#primaryimage"},"image":{"@id":"https:\/\/grapil.pl\/produkt\/buty-gumowe-meskie-niskie-farmerwariant1\/#primaryimage"},"thumbnailUrl":"https:\/\/grapil.pl\/wp-content\/uploads\/2025\/04\/19809.jpg","datePublished":"2025-04-09T15:33:05+00:00","dateModified":"2025-04-09T15:33:10+00:00","breadcrumb":{"@id":"https:\/\/grapil.pl\/produkt\/buty-gumowe-meskie-niskie-farmerwariant1\/#breadcrumb"},"inLanguage":"de","potentialAction":[{"@type":"ReadAction","target":["https:\/\/grapil.pl\/produkt\/buty-gumowe-meskie-niskie-farmerwariant1\/"]}]},{"@type":"ImageObject","inLanguage":"de","@id":"https:\/\/grapil.pl\/produkt\/buty-gumowe-meskie-niskie-farmerwariant1\/#primaryimage","url":"https:\/\/grapil.pl\/wp-content\/uploads\/2025\/04\/19809.jpg","contentUrl":"https:\/\/grapil.pl\/wp-content\/uploads\/2025\/04\/19809.jpg","width":2048,"height":1952},{"@type":"BreadcrumbList","@id":"https:\/\/grapil.pl\/produkt\/buty-gumowe-meskie-niskie-farmerwariant1\/#breadcrumb","itemListElement":[{"@type":"ListItem","position":1,"name":"Strona g\u0142\u00f3wna","item":"https:\/\/grapil.pl\/"},{"@type":"ListItem","position":2,"name":"sklep","item":"https:\/\/grapil.pl\/sklep\/"},{"@type":"ListItem","position":3,"name":"Buty gumowe m\u0119skie niskie FARMER{wariant1}"}]},{"@type":"WebSite","@id":"https:\/\/grapil.pl\/#website","url":"https:\/\/grapil.pl\/","name":"Grapil.pl \u2013 Profesjonalna Odzie\u017c S\u0142u\u017cbowa dla Bran\u017cy Kelnerskiej, HoReCa i Medycyny","description":"","potentialAction":[{"@type":"SearchAction","target":{"@type":"EntryPoint","urlTemplate":"https:\/\/grapil.pl\/?s={search_term_string}"},"query-input":{"@type":"PropertyValueSpecification","valueRequired":true,"valueName":"search_term_string"}}],"inLanguage":"de"}]}},"_links":{"self":[{"href":"https:\/\/grapil.pl\/de\/wp-json\/wp\/v2\/product\/17407","targetHints":{"allow":["GET"]}}],"collection":[{"href":"https:\/\/grapil.pl\/de\/wp-json\/wp\/v2\/product"}],"about":[{"href":"https:\/\/grapil.pl\/de\/wp-json\/wp\/v2\/types\/product"}],"version-history":[{"count":1,"href":"https:\/\/grapil.pl\/de\/wp-json\/wp\/v2\/product\/17407\/revisions"}],"predecessor-version":[{"id":17408,"href":"https:\/\/grapil.pl\/de\/wp-json\/wp\/v2\/product\/17407\/revisions\/17408"}],"wp:featuredmedia":[{"embeddable":true,"href":"https:\/\/grapil.pl\/de\/wp-json\/wp\/v2\/media\/17409"}],"wp:attachment":[{"href":"https:\/\/grapil.pl\/de\/wp-json\/wp\/v2\/media?parent=17407"}],"wp:term":[{"taxonomy":"product_brand","embeddable":true,"href":"https:\/\/grapil.pl\/de\/wp-json\/wp\/v2\/product_brand?post=17407"},{"taxonomy":"product_cat","embeddable":true,"href":"https:\/\/grapil.pl\/de\/wp-json\/wp\/v2\/product_cat?post=17407"},{"taxonomy":"product_tag","embeddable":true,"href":"https:\/\/grapil.pl\/de\/wp-json\/wp\/v2\/product_tag?post=17407"}],"curies":[{"name":"wp","href":"https:\/\/api.w.org\/{rel}","templated":true}]}}