{"id":17458,"date":"2025-04-09T17:33:05","date_gmt":"2025-04-09T15:33:05","guid":{"rendered":"https:\/\/grapil.pl\/produkt\/buty-robocze-urgent-304-sb\/"},"modified":"2025-04-09T17:33:25","modified_gmt":"2025-04-09T15:33:25","slug":"urgent-304-sb-arbeitsstiefel","status":"publish","type":"product","link":"https:\/\/grapil.pl\/de\/produkt\/urgent-304-sb-arbeitsstiefel\/","title":{"rendered":"Urgent 304 SB Arbeitsschuhe"},"content":{"rendered":"<h2 class=\"h3\"><span style=\"font-size:14pt;\">Arbeitsschuhe \u2013 Urgent 304 SB Sandalen<\/span><\/h2>\n<p>Sicherheitssandale mit Metallkappe. Obermaterial komplett aus Wildleder, Futter aus Mesh. Au\u00dfen- und Innensohle aus Polyurethan (zwei verschiedene Dichten), die Au\u00dfensohle ist h\u00e4rter, die Innensohle weicher.<\/p>\n<ul class=\"def\">\n<li class=\"def\"><span class=\"def\">Sandale mit <strong>Zehenkappe aus Metall<\/strong><\/span><\/li>\n<li class=\"def\"><span class=\"def\">Geschlossener Fersenbereich<\/span><\/li>\n<li class=\"def\"><span class=\"def\">Schaft-\u00a0<\/span><span class=\"def\">Das <strong>Rindsleder<\/strong> , Netzfutter<\/span><\/li>\n<li class=\"def\"><span class=\"def\">Sohle, einzig, alleinig\u00a0<\/span><span class=\"def\">Die Au\u00dfen- und Innenseite bestehen aus <strong>PU\/PU<\/strong> (zwei verschiedene Polyurethandichten)<\/span><\/li>\n<li class=\"def\"><span class=\"def\">Die Innensohle ist weicher als die Au\u00dfensohle<\/span><\/li>\n<\/ul>","protected":false},"excerpt":{"rendered":"<p>Buty robocze &#8211; sanda\u0142y Urgent 304 SB Sanda\u0142y bezpieczne z metalowym podnoskiem. Cholewka\u00a0wykonana w ca\u0142o\u015bci z zamszowej bydl\u0119cej sk\u00f3ry, wy\u015bci\u00f3\u0142ka<\/p>","protected":false},"featured_media":17460,"template":"","meta":[],"product_brand":[88],"product_cat":[86,87,102],"product_tag":[],"class_list":{"0":"post-17458","1":"product","2":"type-product","3":"status-publish","4":"has-post-thumbnail","6":"product_brand-urgent","7":"product_cat-sklepbhp","8":"product_cat-obuwie-robocze","9":"product_cat-sandaly","11":"first","12":"outofstock","13":"product-type-simple"},"yoast_head":"<!-- This site is optimized with the Yoast SEO plugin v25.3 - https:\/\/yoast.com\/wordpress\/plugins\/seo\/ -->\n<title>Buty robocze Urgent 304 SB - Grapil.pl \u2013 Profesjonalna Odzie\u017c S\u0142u\u017cbowa dla Bran\u017cy Kelnerskiej, HoReCa i Medycyny<\/title>\n<meta name=\"robots\" content=\"index, follow, max-snippet:-1, max-image-preview:large, max-video-preview:-1\" \/>\n<link rel=\"canonical\" href=\"https:\/\/grapil.pl\/de\/produkt\/urgent-304-sb-arbeitsstiefel\/\" \/>\n<meta property=\"og:locale\" content=\"de_DE\" \/>\n<meta property=\"og:type\" content=\"article\" \/>\n<meta property=\"og:title\" content=\"Buty robocze Urgent 304 SB - Grapil.pl \u2013 Profesjonalna Odzie\u017c S\u0142u\u017cbowa dla Bran\u017cy Kelnerskiej, HoReCa i Medycyny\" \/>\n<meta property=\"og:description\" content=\"Buty robocze &#8211; sanda\u0142y Urgent 304 SB Sanda\u0142y bezpieczne z metalowym podnoskiem. Cholewka\u00a0wykonana w ca\u0142o\u015bci z zamszowej bydl\u0119cej sk\u00f3ry, wy\u015bci\u00f3\u0142ka\" \/>\n<meta property=\"og:url\" content=\"https:\/\/grapil.pl\/de\/produkt\/urgent-304-sb-arbeitsstiefel\/\" \/>\n<meta property=\"og:site_name\" content=\"Grapil.pl \u2013 Profesjonalna Odzie\u017c S\u0142u\u017cbowa dla Bran\u017cy Kelnerskiej, HoReCa i Medycyny\" \/>\n<meta property=\"article:modified_time\" content=\"2025-04-09T15:33:25+00:00\" \/>\n<meta property=\"og:image\" content=\"https:\/\/grapil.pl\/wp-content\/uploads\/2025\/04\/dc4b987c961885bb5bb897ae7e00bb75.jpg\" \/>\n\t<meta property=\"og:image:width\" content=\"1200\" \/>\n\t<meta property=\"og:image:height\" content=\"1200\" \/>\n\t<meta property=\"og:image:type\" content=\"image\/jpeg\" \/>\n<meta name=\"twitter:card\" content=\"summary_large_image\" \/>\n<meta name=\"twitter:label1\" content=\"Gesch\u00e4tzte Lesezeit\" \/>\n\t<meta name=\"twitter:data1\" content=\"1\u00a0Minute\" \/>\n<script type=\"application\/ld+json\" class=\"yoast-schema-graph\">{\"@context\":\"https:\/\/schema.org\",\"@graph\":[{\"@type\":\"WebPage\",\"@id\":\"https:\/\/grapil.pl\/produkt\/buty-robocze-urgent-304-sb\/\",\"url\":\"https:\/\/grapil.pl\/produkt\/buty-robocze-urgent-304-sb\/\",\"name\":\"Buty robocze Urgent 304 SB - Grapil.pl \u2013 Profesjonalna Odzie\u017c S\u0142u\u017cbowa dla Bran\u017cy Kelnerskiej, HoReCa i Medycyny\",\"isPartOf\":{\"@id\":\"https:\/\/grapil.pl\/#website\"},\"primaryImageOfPage\":{\"@id\":\"https:\/\/grapil.pl\/produkt\/buty-robocze-urgent-304-sb\/#primaryimage\"},\"image\":{\"@id\":\"https:\/\/grapil.pl\/produkt\/buty-robocze-urgent-304-sb\/#primaryimage\"},\"thumbnailUrl\":\"https:\/\/grapil.pl\/wp-content\/uploads\/2025\/04\/dc4b987c961885bb5bb897ae7e00bb75.jpg\",\"datePublished\":\"2025-04-09T15:33:05+00:00\",\"dateModified\":\"2025-04-09T15:33:25+00:00\",\"breadcrumb\":{\"@id\":\"https:\/\/grapil.pl\/produkt\/buty-robocze-urgent-304-sb\/#breadcrumb\"},\"inLanguage\":\"de\",\"potentialAction\":[{\"@type\":\"ReadAction\",\"target\":[\"https:\/\/grapil.pl\/produkt\/buty-robocze-urgent-304-sb\/\"]}]},{\"@type\":\"ImageObject\",\"inLanguage\":\"de\",\"@id\":\"https:\/\/grapil.pl\/produkt\/buty-robocze-urgent-304-sb\/#primaryimage\",\"url\":\"https:\/\/grapil.pl\/wp-content\/uploads\/2025\/04\/dc4b987c961885bb5bb897ae7e00bb75.jpg\",\"contentUrl\":\"https:\/\/grapil.pl\/wp-content\/uploads\/2025\/04\/dc4b987c961885bb5bb897ae7e00bb75.jpg\",\"width\":1200,\"height\":1200},{\"@type\":\"BreadcrumbList\",\"@id\":\"https:\/\/grapil.pl\/produkt\/buty-robocze-urgent-304-sb\/#breadcrumb\",\"itemListElement\":[{\"@type\":\"ListItem\",\"position\":1,\"name\":\"Strona g\u0142\u00f3wna\",\"item\":\"https:\/\/grapil.pl\/\"},{\"@type\":\"ListItem\",\"position\":2,\"name\":\"sklep\",\"item\":\"https:\/\/grapil.pl\/sklep\/\"},{\"@type\":\"ListItem\",\"position\":3,\"name\":\"Buty robocze Urgent 304 SB\"}]},{\"@type\":\"WebSite\",\"@id\":\"https:\/\/grapil.pl\/#website\",\"url\":\"https:\/\/grapil.pl\/\",\"name\":\"Grapil.pl \u2013 Profesjonalna Odzie\u017c S\u0142u\u017cbowa dla Bran\u017cy Kelnerskiej, HoReCa i Medycyny\",\"description\":\"\",\"potentialAction\":[{\"@type\":\"SearchAction\",\"target\":{\"@type\":\"EntryPoint\",\"urlTemplate\":\"https:\/\/grapil.pl\/?s={search_term_string}\"},\"query-input\":{\"@type\":\"PropertyValueSpecification\",\"valueRequired\":true,\"valueName\":\"search_term_string\"}}],\"inLanguage\":\"de\"}]}<\/script>\n<!-- \/ Yoast SEO plugin. -->","yoast_head_json":{"title":"Buty robocze Urgent 304 SB - Grapil.pl \u2013 Profesjonalna Odzie\u017c S\u0142u\u017cbowa dla Bran\u017cy Kelnerskiej, HoReCa i Medycyny","robots":{"index":"index","follow":"follow","max-snippet":"max-snippet:-1","max-image-preview":"max-image-preview:large","max-video-preview":"max-video-preview:-1"},"canonical":"https:\/\/grapil.pl\/de\/produkt\/urgent-304-sb-arbeitsstiefel\/","og_locale":"de_DE","og_type":"article","og_title":"Buty robocze Urgent 304 SB - Grapil.pl \u2013 Profesjonalna Odzie\u017c S\u0142u\u017cbowa dla Bran\u017cy Kelnerskiej, HoReCa i Medycyny","og_description":"Buty robocze &#8211; sanda\u0142y Urgent 304 SB Sanda\u0142y bezpieczne z metalowym podnoskiem. Cholewka\u00a0wykonana w ca\u0142o\u015bci z zamszowej bydl\u0119cej sk\u00f3ry, wy\u015bci\u00f3\u0142ka","og_url":"https:\/\/grapil.pl\/de\/produkt\/urgent-304-sb-arbeitsstiefel\/","og_site_name":"Grapil.pl \u2013 Profesjonalna Odzie\u017c S\u0142u\u017cbowa dla Bran\u017cy Kelnerskiej, HoReCa i Medycyny","article_modified_time":"2025-04-09T15:33:25+00:00","og_image":[{"width":1200,"height":1200,"url":"https:\/\/grapil.pl\/wp-content\/uploads\/2025\/04\/dc4b987c961885bb5bb897ae7e00bb75.jpg","type":"image\/jpeg"}],"twitter_card":"summary_large_image","twitter_misc":{"Gesch\u00e4tzte Lesezeit":"1\u00a0Minute"},"schema":{"@context":"https:\/\/schema.org","@graph":[{"@type":"WebPage","@id":"https:\/\/grapil.pl\/produkt\/buty-robocze-urgent-304-sb\/","url":"https:\/\/grapil.pl\/produkt\/buty-robocze-urgent-304-sb\/","name":"Buty robocze Urgent 304 SB - Grapil.pl \u2013 Profesjonalna Odzie\u017c S\u0142u\u017cbowa dla Bran\u017cy Kelnerskiej, HoReCa i Medycyny","isPartOf":{"@id":"https:\/\/grapil.pl\/#website"},"primaryImageOfPage":{"@id":"https:\/\/grapil.pl\/produkt\/buty-robocze-urgent-304-sb\/#primaryimage"},"image":{"@id":"https:\/\/grapil.pl\/produkt\/buty-robocze-urgent-304-sb\/#primaryimage"},"thumbnailUrl":"https:\/\/grapil.pl\/wp-content\/uploads\/2025\/04\/dc4b987c961885bb5bb897ae7e00bb75.jpg","datePublished":"2025-04-09T15:33:05+00:00","dateModified":"2025-04-09T15:33:25+00:00","breadcrumb":{"@id":"https:\/\/grapil.pl\/produkt\/buty-robocze-urgent-304-sb\/#breadcrumb"},"inLanguage":"de","potentialAction":[{"@type":"ReadAction","target":["https:\/\/grapil.pl\/produkt\/buty-robocze-urgent-304-sb\/"]}]},{"@type":"ImageObject","inLanguage":"de","@id":"https:\/\/grapil.pl\/produkt\/buty-robocze-urgent-304-sb\/#primaryimage","url":"https:\/\/grapil.pl\/wp-content\/uploads\/2025\/04\/dc4b987c961885bb5bb897ae7e00bb75.jpg","contentUrl":"https:\/\/grapil.pl\/wp-content\/uploads\/2025\/04\/dc4b987c961885bb5bb897ae7e00bb75.jpg","width":1200,"height":1200},{"@type":"BreadcrumbList","@id":"https:\/\/grapil.pl\/produkt\/buty-robocze-urgent-304-sb\/#breadcrumb","itemListElement":[{"@type":"ListItem","position":1,"name":"Strona g\u0142\u00f3wna","item":"https:\/\/grapil.pl\/"},{"@type":"ListItem","position":2,"name":"sklep","item":"https:\/\/grapil.pl\/sklep\/"},{"@type":"ListItem","position":3,"name":"Buty robocze Urgent 304 SB"}]},{"@type":"WebSite","@id":"https:\/\/grapil.pl\/#website","url":"https:\/\/grapil.pl\/","name":"Grapil.pl \u2013 Profesjonalna Odzie\u017c S\u0142u\u017cbowa dla Bran\u017cy Kelnerskiej, HoReCa i Medycyny","description":"","potentialAction":[{"@type":"SearchAction","target":{"@type":"EntryPoint","urlTemplate":"https:\/\/grapil.pl\/?s={search_term_string}"},"query-input":{"@type":"PropertyValueSpecification","valueRequired":true,"valueName":"search_term_string"}}],"inLanguage":"de"}]}},"_links":{"self":[{"href":"https:\/\/grapil.pl\/de\/wp-json\/wp\/v2\/product\/17458","targetHints":{"allow":["GET"]}}],"collection":[{"href":"https:\/\/grapil.pl\/de\/wp-json\/wp\/v2\/product"}],"about":[{"href":"https:\/\/grapil.pl\/de\/wp-json\/wp\/v2\/types\/product"}],"version-history":[{"count":1,"href":"https:\/\/grapil.pl\/de\/wp-json\/wp\/v2\/product\/17458\/revisions"}],"predecessor-version":[{"id":17459,"href":"https:\/\/grapil.pl\/de\/wp-json\/wp\/v2\/product\/17458\/revisions\/17459"}],"wp:featuredmedia":[{"embeddable":true,"href":"https:\/\/grapil.pl\/de\/wp-json\/wp\/v2\/media\/17460"}],"wp:attachment":[{"href":"https:\/\/grapil.pl\/de\/wp-json\/wp\/v2\/media?parent=17458"}],"wp:term":[{"taxonomy":"product_brand","embeddable":true,"href":"https:\/\/grapil.pl\/de\/wp-json\/wp\/v2\/product_brand?post=17458"},{"taxonomy":"product_cat","embeddable":true,"href":"https:\/\/grapil.pl\/de\/wp-json\/wp\/v2\/product_cat?post=17458"},{"taxonomy":"product_tag","embeddable":true,"href":"https:\/\/grapil.pl\/de\/wp-json\/wp\/v2\/product_tag?post=17458"}],"curies":[{"name":"wp","href":"https:\/\/api.w.org\/{rel}","templated":true}]}}