{"id":17464,"date":"2025-04-09T17:33:05","date_gmt":"2025-04-09T15:33:05","guid":{"rendered":"https:\/\/grapil.pl\/produkt\/buty-robocze-urgent-309-s1\/"},"modified":"2025-04-09T17:33:27","modified_gmt":"2025-04-09T15:33:27","slug":"urgent-309-s1-arbeitsschuhe","status":"publish","type":"product","link":"https:\/\/grapil.pl\/de\/produkt\/urgent-309-s1-arbeitsschuhe\/","title":{"rendered":"Urgent 309 S1 Arbeitsschuhe"},"content":{"rendered":"<p><strong><span style=\"font-size:14pt;\">URGENT 309 S1 Arbeitssandale<\/span><\/strong><\/p>\n<p>mit einem Obermaterial aus Wildleder und Mesh-Material. Sicherheitsschuhe der Klasse <strong>S1<\/strong> Mit <strong>Zehenkappe aus Metall<\/strong> Schutz der Zehen vor St\u00f6\u00dfen und Quetschungen. Geschlossener Fersenbereich mit Energieabsorptionszone, der die Wirbels\u00e4ule bei l\u00e4ngerem Tragen entlastet. Das Schuhwerk zeichnet sich durch folgende Eigenschaften aus <strong>antistatisch<\/strong>. Sohle aus Polyurethan mit doppelter Dichte, <strong>rutschhemmend<\/strong> Auf Keramik- und Stahlbasis. Klettverschluss. Mesh-Innenfutter. Universelle Obermaterialfarben: Schwarz und Orange. Reflektierende Elemente erh\u00f6hen die Sichtbarkeit.<\/p>\n<div class=\"_1voj4 _z9prt _1xzdi _ai5yc _5d6n2 _15lj1\">\n<div class=\"_2d49e_5pK0q\">\n<ul>\n<li><strong>Zehenkappe aus Metall<\/strong> Fingerschutz<\/li>\n<li>aus Wildleder und Mesh-Material<\/li>\n<li>perforiertes Obermaterial (Bel\u00fcftungs\u00f6ffnungen)<\/li>\n<li>Innenfutter aus synthetischem Mesh-Material<\/li>\n<li>reflektierende Elemente<\/li>\n<li>bequemer Klettverschluss<\/li>\n<li><strong>rutschhemmende Sohle best\u00e4ndig gegen \u00d6le und Benzin<\/strong> und andere organische L\u00f6sungsmittel<\/li>\n<\/ul><\/div>\n<\/p><\/div>\n<div class=\"_1voj4 _z9prt _1xzdi _ai5yc _5d6n2 _15lj1\">\u00a0<\/div>","protected":false},"excerpt":{"rendered":"<p>URGENT 309 S1 Arbeitssandale mit Obermaterial aus Wildleder und Mesh-Material. Sicherheitsschuhklasse S1<\/p>","protected":false},"featured_media":17466,"template":"","meta":[],"product_brand":[88],"product_cat":[86,87,102],"product_tag":[],"class_list":{"0":"post-17464","1":"product","2":"type-product","3":"status-publish","4":"has-post-thumbnail","6":"product_brand-urgent","7":"product_cat-sklepbhp","8":"product_cat-obuwie-robocze","9":"product_cat-sandaly","11":"first","12":"instock","13":"product-type-simple"},"yoast_head":"<!-- This site is optimized with the Yoast SEO plugin v25.3 - https:\/\/yoast.com\/wordpress\/plugins\/seo\/ -->\n<title>Buty robocze Urgent 309 S1 - Grapil.pl \u2013 Profesjonalna Odzie\u017c S\u0142u\u017cbowa dla Bran\u017cy Kelnerskiej, HoReCa i Medycyny<\/title>\n<meta name=\"robots\" content=\"index, follow, max-snippet:-1, max-image-preview:large, max-video-preview:-1\" \/>\n<link rel=\"canonical\" href=\"https:\/\/grapil.pl\/de\/produkt\/urgent-309-s1-arbeitsschuhe\/\" \/>\n<meta property=\"og:locale\" content=\"de_DE\" \/>\n<meta property=\"og:type\" content=\"article\" \/>\n<meta property=\"og:title\" content=\"Buty robocze Urgent 309 S1 - Grapil.pl \u2013 Profesjonalna Odzie\u017c S\u0142u\u017cbowa dla Bran\u017cy Kelnerskiej, HoReCa i Medycyny\" \/>\n<meta property=\"og:description\" content=\"Sanda\u0142y robocze URGENT 309 S1 z cholewk\u0105 wykonan\u0105 z zamszowej sk\u00f3ry bydl\u0119cej i materia\u0142u typu siateczka. Obuwie bezpieczne klasy S1\" \/>\n<meta property=\"og:url\" content=\"https:\/\/grapil.pl\/de\/produkt\/urgent-309-s1-arbeitsschuhe\/\" \/>\n<meta property=\"og:site_name\" content=\"Grapil.pl \u2013 Profesjonalna Odzie\u017c S\u0142u\u017cbowa dla Bran\u017cy Kelnerskiej, HoReCa i Medycyny\" \/>\n<meta property=\"article:modified_time\" content=\"2025-04-09T15:33:27+00:00\" \/>\n<meta property=\"og:image\" content=\"https:\/\/grapil.pl\/wp-content\/uploads\/2025\/04\/64c4f92e9be30a2e23b48470a7c00184.jpg\" \/>\n\t<meta property=\"og:image:width\" content=\"1200\" \/>\n\t<meta property=\"og:image:height\" content=\"1200\" \/>\n\t<meta property=\"og:image:type\" content=\"image\/jpeg\" \/>\n<meta name=\"twitter:card\" content=\"summary_large_image\" \/>\n<meta name=\"twitter:label1\" content=\"Gesch\u00e4tzte Lesezeit\" \/>\n\t<meta name=\"twitter:data1\" content=\"1\u00a0Minute\" \/>\n<script type=\"application\/ld+json\" class=\"yoast-schema-graph\">{\"@context\":\"https:\/\/schema.org\",\"@graph\":[{\"@type\":\"WebPage\",\"@id\":\"https:\/\/grapil.pl\/produkt\/buty-robocze-urgent-309-s1\/\",\"url\":\"https:\/\/grapil.pl\/produkt\/buty-robocze-urgent-309-s1\/\",\"name\":\"Buty robocze Urgent 309 S1 - Grapil.pl \u2013 Profesjonalna Odzie\u017c S\u0142u\u017cbowa dla Bran\u017cy Kelnerskiej, HoReCa i Medycyny\",\"isPartOf\":{\"@id\":\"https:\/\/grapil.pl\/#website\"},\"primaryImageOfPage\":{\"@id\":\"https:\/\/grapil.pl\/produkt\/buty-robocze-urgent-309-s1\/#primaryimage\"},\"image\":{\"@id\":\"https:\/\/grapil.pl\/produkt\/buty-robocze-urgent-309-s1\/#primaryimage\"},\"thumbnailUrl\":\"https:\/\/grapil.pl\/wp-content\/uploads\/2025\/04\/64c4f92e9be30a2e23b48470a7c00184.jpg\",\"datePublished\":\"2025-04-09T15:33:05+00:00\",\"dateModified\":\"2025-04-09T15:33:27+00:00\",\"breadcrumb\":{\"@id\":\"https:\/\/grapil.pl\/produkt\/buty-robocze-urgent-309-s1\/#breadcrumb\"},\"inLanguage\":\"de\",\"potentialAction\":[{\"@type\":\"ReadAction\",\"target\":[\"https:\/\/grapil.pl\/produkt\/buty-robocze-urgent-309-s1\/\"]}]},{\"@type\":\"ImageObject\",\"inLanguage\":\"de\",\"@id\":\"https:\/\/grapil.pl\/produkt\/buty-robocze-urgent-309-s1\/#primaryimage\",\"url\":\"https:\/\/grapil.pl\/wp-content\/uploads\/2025\/04\/64c4f92e9be30a2e23b48470a7c00184.jpg\",\"contentUrl\":\"https:\/\/grapil.pl\/wp-content\/uploads\/2025\/04\/64c4f92e9be30a2e23b48470a7c00184.jpg\",\"width\":1200,\"height\":1200},{\"@type\":\"BreadcrumbList\",\"@id\":\"https:\/\/grapil.pl\/produkt\/buty-robocze-urgent-309-s1\/#breadcrumb\",\"itemListElement\":[{\"@type\":\"ListItem\",\"position\":1,\"name\":\"Strona g\u0142\u00f3wna\",\"item\":\"https:\/\/grapil.pl\/\"},{\"@type\":\"ListItem\",\"position\":2,\"name\":\"sklep\",\"item\":\"https:\/\/grapil.pl\/sklep\/\"},{\"@type\":\"ListItem\",\"position\":3,\"name\":\"Buty robocze Urgent 309 S1\"}]},{\"@type\":\"WebSite\",\"@id\":\"https:\/\/grapil.pl\/#website\",\"url\":\"https:\/\/grapil.pl\/\",\"name\":\"Grapil.pl \u2013 Profesjonalna Odzie\u017c S\u0142u\u017cbowa dla Bran\u017cy Kelnerskiej, HoReCa i Medycyny\",\"description\":\"\",\"potentialAction\":[{\"@type\":\"SearchAction\",\"target\":{\"@type\":\"EntryPoint\",\"urlTemplate\":\"https:\/\/grapil.pl\/?s={search_term_string}\"},\"query-input\":{\"@type\":\"PropertyValueSpecification\",\"valueRequired\":true,\"valueName\":\"search_term_string\"}}],\"inLanguage\":\"de\"}]}<\/script>\n<!-- \/ Yoast SEO plugin. -->","yoast_head_json":{"title":"Buty robocze Urgent 309 S1 - Grapil.pl \u2013 Profesjonalna Odzie\u017c S\u0142u\u017cbowa dla Bran\u017cy Kelnerskiej, HoReCa i Medycyny","robots":{"index":"index","follow":"follow","max-snippet":"max-snippet:-1","max-image-preview":"max-image-preview:large","max-video-preview":"max-video-preview:-1"},"canonical":"https:\/\/grapil.pl\/de\/produkt\/urgent-309-s1-arbeitsschuhe\/","og_locale":"de_DE","og_type":"article","og_title":"Buty robocze Urgent 309 S1 - Grapil.pl \u2013 Profesjonalna Odzie\u017c S\u0142u\u017cbowa dla Bran\u017cy Kelnerskiej, HoReCa i Medycyny","og_description":"Sanda\u0142y robocze URGENT 309 S1 z cholewk\u0105 wykonan\u0105 z zamszowej sk\u00f3ry bydl\u0119cej i materia\u0142u typu siateczka. Obuwie bezpieczne klasy S1","og_url":"https:\/\/grapil.pl\/de\/produkt\/urgent-309-s1-arbeitsschuhe\/","og_site_name":"Grapil.pl \u2013 Profesjonalna Odzie\u017c S\u0142u\u017cbowa dla Bran\u017cy Kelnerskiej, HoReCa i Medycyny","article_modified_time":"2025-04-09T15:33:27+00:00","og_image":[{"width":1200,"height":1200,"url":"https:\/\/grapil.pl\/wp-content\/uploads\/2025\/04\/64c4f92e9be30a2e23b48470a7c00184.jpg","type":"image\/jpeg"}],"twitter_card":"summary_large_image","twitter_misc":{"Gesch\u00e4tzte Lesezeit":"1\u00a0Minute"},"schema":{"@context":"https:\/\/schema.org","@graph":[{"@type":"WebPage","@id":"https:\/\/grapil.pl\/produkt\/buty-robocze-urgent-309-s1\/","url":"https:\/\/grapil.pl\/produkt\/buty-robocze-urgent-309-s1\/","name":"Buty robocze Urgent 309 S1 - Grapil.pl \u2013 Profesjonalna Odzie\u017c S\u0142u\u017cbowa dla Bran\u017cy Kelnerskiej, HoReCa i Medycyny","isPartOf":{"@id":"https:\/\/grapil.pl\/#website"},"primaryImageOfPage":{"@id":"https:\/\/grapil.pl\/produkt\/buty-robocze-urgent-309-s1\/#primaryimage"},"image":{"@id":"https:\/\/grapil.pl\/produkt\/buty-robocze-urgent-309-s1\/#primaryimage"},"thumbnailUrl":"https:\/\/grapil.pl\/wp-content\/uploads\/2025\/04\/64c4f92e9be30a2e23b48470a7c00184.jpg","datePublished":"2025-04-09T15:33:05+00:00","dateModified":"2025-04-09T15:33:27+00:00","breadcrumb":{"@id":"https:\/\/grapil.pl\/produkt\/buty-robocze-urgent-309-s1\/#breadcrumb"},"inLanguage":"de","potentialAction":[{"@type":"ReadAction","target":["https:\/\/grapil.pl\/produkt\/buty-robocze-urgent-309-s1\/"]}]},{"@type":"ImageObject","inLanguage":"de","@id":"https:\/\/grapil.pl\/produkt\/buty-robocze-urgent-309-s1\/#primaryimage","url":"https:\/\/grapil.pl\/wp-content\/uploads\/2025\/04\/64c4f92e9be30a2e23b48470a7c00184.jpg","contentUrl":"https:\/\/grapil.pl\/wp-content\/uploads\/2025\/04\/64c4f92e9be30a2e23b48470a7c00184.jpg","width":1200,"height":1200},{"@type":"BreadcrumbList","@id":"https:\/\/grapil.pl\/produkt\/buty-robocze-urgent-309-s1\/#breadcrumb","itemListElement":[{"@type":"ListItem","position":1,"name":"Strona g\u0142\u00f3wna","item":"https:\/\/grapil.pl\/"},{"@type":"ListItem","position":2,"name":"sklep","item":"https:\/\/grapil.pl\/sklep\/"},{"@type":"ListItem","position":3,"name":"Buty robocze Urgent 309 S1"}]},{"@type":"WebSite","@id":"https:\/\/grapil.pl\/#website","url":"https:\/\/grapil.pl\/","name":"Grapil.pl \u2013 Profesjonalna Odzie\u017c S\u0142u\u017cbowa dla Bran\u017cy Kelnerskiej, HoReCa i Medycyny","description":"","potentialAction":[{"@type":"SearchAction","target":{"@type":"EntryPoint","urlTemplate":"https:\/\/grapil.pl\/?s={search_term_string}"},"query-input":{"@type":"PropertyValueSpecification","valueRequired":true,"valueName":"search_term_string"}}],"inLanguage":"de"}]}},"_links":{"self":[{"href":"https:\/\/grapil.pl\/de\/wp-json\/wp\/v2\/product\/17464","targetHints":{"allow":["GET"]}}],"collection":[{"href":"https:\/\/grapil.pl\/de\/wp-json\/wp\/v2\/product"}],"about":[{"href":"https:\/\/grapil.pl\/de\/wp-json\/wp\/v2\/types\/product"}],"version-history":[{"count":1,"href":"https:\/\/grapil.pl\/de\/wp-json\/wp\/v2\/product\/17464\/revisions"}],"predecessor-version":[{"id":17465,"href":"https:\/\/grapil.pl\/de\/wp-json\/wp\/v2\/product\/17464\/revisions\/17465"}],"wp:featuredmedia":[{"embeddable":true,"href":"https:\/\/grapil.pl\/de\/wp-json\/wp\/v2\/media\/17466"}],"wp:attachment":[{"href":"https:\/\/grapil.pl\/de\/wp-json\/wp\/v2\/media?parent=17464"}],"wp:term":[{"taxonomy":"product_brand","embeddable":true,"href":"https:\/\/grapil.pl\/de\/wp-json\/wp\/v2\/product_brand?post=17464"},{"taxonomy":"product_cat","embeddable":true,"href":"https:\/\/grapil.pl\/de\/wp-json\/wp\/v2\/product_cat?post=17464"},{"taxonomy":"product_tag","embeddable":true,"href":"https:\/\/grapil.pl\/de\/wp-json\/wp\/v2\/product_tag?post=17464"}],"curies":[{"name":"wp","href":"https:\/\/api.w.org\/{rel}","templated":true}]}}