{"id":17475,"date":"2025-04-09T17:33:30","date_gmt":"2025-04-09T15:33:30","guid":{"rendered":"https:\/\/grapil.pl\/produkt\/polar-jhk-czarnywariant1\/"},"modified":"2025-12-12T15:56:37","modified_gmt":"2025-12-12T14:56:37","slug":"fleece-jhk-schwarz-variante-1","status":"publish","type":"product","link":"https:\/\/grapil.pl\/de\/produkt\/fleece-jhk-schwarz-variante-1\/","title":{"rendered":"JHK Fleece schwarz{Variante1}"},"content":{"rendered":"<p><strong><span style=\"font-size:14pt;\">JHK Fleece-Sweatshirt<\/span><\/strong><\/p>\n<p>Sweatshirt mit Rei\u00dfverschluss und zwei Rei\u00dfverschlusstaschen. Mikrofleece mit Anti-Pilling-Beschichtung.<\/p>\n<p><span style=\"color:#ff0000;\">Stickereien m\u00f6glich \u2013 bitte kontaktieren Sie uns!<\/span><\/p>\n<p><span style=\"color:#000000;\">Gr\u00f6\u00dfentabelle:<\/span><\/p>\n<table style=\"height:122px;\" width=\"761\">\n<tbody>\n<tr>\n<td style=\"width:108px;text-align:center;\">Gr\u00f6\u00dfe<\/td>\n<td style=\"width:100px;text-align:center;\">Gr\u00f6\u00dfe<\/td>\n<td style=\"width:101px;text-align:center;\">S<\/td>\n<td style=\"width:101px;text-align:center;\">M<\/td>\n<td style=\"width:101px;text-align:center;\">L<\/td>\n<td style=\"width:101px;text-align:center;\">XL<\/td>\n<td style=\"width:103px;text-align:center;\">XXL<\/td>\n<\/tr>\n<tr>\n<td style=\"width:108px;text-align:center;\">Breite<\/td>\n<td style=\"width:100px;text-align:center;\">56<\/td>\n<td style=\"width:101px;text-align:center;\">58<\/td>\n<td style=\"width:101px;text-align:center;\">60<\/td>\n<td style=\"width:101px;text-align:center;\">62<\/td>\n<td style=\"width:101px;text-align:center;\">64<\/td>\n<td style=\"width:103px;text-align:center;\">66<\/td>\n<\/tr>\n<tr>\n<td style=\"width:108px;text-align:center;\">L\u00e4nge<\/td>\n<td style=\"width:100px;text-align:center;\">64<\/td>\n<td style=\"width:101px;text-align:center;\">66<\/td>\n<td style=\"width:101px;text-align:center;\">68<\/td>\n<td style=\"width:101px;text-align:center;\">70<\/td>\n<td style=\"width:101px;text-align:center;\">73<\/td>\n<td style=\"width:103px;text-align:center;\">75<\/td>\n<\/tr>\n<\/tbody>\n<\/table>\n<div class=\"alpol - footer\" style=\"text-align:center;height:20px;\">\u00a0<\/div>\n<div class=\"alpol - footer\" style=\"text-align:center;height:20px;\">\u00a0<\/div>\n<div class=\"alpol - footer\" style=\"height:20px;text-align:left;\">Weitere Farben auf Anfrage erh\u00e4ltlich.<\/div>","protected":false},"excerpt":{"rendered":"<p>Bluza polarowa JHK Bluza zapinana na suwak, z dwoma kieszeniami zapinanymi. Mikropolar z wykon\u0301czeniem antypilingowym. Mo\u017cliwo\u015b\u0107 wykonania haftu &#8211; zapraszamy<\/p>","protected":false},"featured_media":17477,"template":"","meta":[],"product_brand":[94],"product_cat":[86,92,100],"product_tag":[],"class_list":{"0":"post-17475","1":"product","2":"type-product","3":"status-publish","4":"has-post-thumbnail","6":"product_brand-jhk","7":"product_cat-sklepbhp","8":"product_cat-odziez-robocza","9":"product_cat-polary-i-bluzy-robocze","11":"first","12":"outofstock","13":"product-type-simple"},"yoast_head":"<!-- This site is optimized with the Yoast SEO plugin v25.3 - https:\/\/yoast.com\/wordpress\/plugins\/seo\/ -->\n<title>Polar JHK czarny{wariant1} - Grapil.pl \u2013 Profesjonalna Odzie\u017c S\u0142u\u017cbowa dla Bran\u017cy Kelnerskiej, HoReCa i Medycyny<\/title>\n<meta name=\"robots\" content=\"index, follow, max-snippet:-1, max-image-preview:large, max-video-preview:-1\" \/>\n<link rel=\"canonical\" href=\"https:\/\/grapil.pl\/de\/produkt\/fleece-jhk-schwarz-variante-1\/\" \/>\n<meta property=\"og:locale\" content=\"de_DE\" \/>\n<meta property=\"og:type\" content=\"article\" \/>\n<meta property=\"og:title\" content=\"Polar JHK czarny{wariant1} - Grapil.pl \u2013 Profesjonalna Odzie\u017c S\u0142u\u017cbowa dla Bran\u017cy Kelnerskiej, HoReCa i Medycyny\" \/>\n<meta property=\"og:description\" content=\"Bluza polarowa JHK Bluza zapinana na suwak, z dwoma kieszeniami zapinanymi. Mikropolar z wykon\u0301czeniem antypilingowym. Mo\u017cliwo\u015b\u0107 wykonania haftu &#8211; zapraszamy\" \/>\n<meta property=\"og:url\" content=\"https:\/\/grapil.pl\/de\/produkt\/fleece-jhk-schwarz-variante-1\/\" \/>\n<meta property=\"og:site_name\" content=\"Grapil.pl \u2013 Profesjonalna Odzie\u017c S\u0142u\u017cbowa dla Bran\u017cy Kelnerskiej, HoReCa i Medycyny\" \/>\n<meta property=\"article:modified_time\" content=\"2025-12-12T14:56:37+00:00\" \/>\n<meta property=\"og:image\" content=\"https:\/\/grapil.pl\/wp-content\/uploads\/2025\/04\/20180.jpg\" \/>\n\t<meta property=\"og:image:width\" content=\"1080\" \/>\n\t<meta property=\"og:image:height\" content=\"1618\" \/>\n\t<meta property=\"og:image:type\" content=\"image\/jpeg\" \/>\n<meta name=\"twitter:card\" content=\"summary_large_image\" \/>\n<script type=\"application\/ld+json\" class=\"yoast-schema-graph\">{\"@context\":\"https:\/\/schema.org\",\"@graph\":[{\"@type\":\"WebPage\",\"@id\":\"https:\/\/grapil.pl\/produkt\/polar-jhk-czarnywariant1\/\",\"url\":\"https:\/\/grapil.pl\/produkt\/polar-jhk-czarnywariant1\/\",\"name\":\"Polar JHK czarny{wariant1} - Grapil.pl \u2013 Profesjonalna Odzie\u017c S\u0142u\u017cbowa dla Bran\u017cy Kelnerskiej, HoReCa i Medycyny\",\"isPartOf\":{\"@id\":\"https:\/\/grapil.pl\/#website\"},\"primaryImageOfPage\":{\"@id\":\"https:\/\/grapil.pl\/produkt\/polar-jhk-czarnywariant1\/#primaryimage\"},\"image\":{\"@id\":\"https:\/\/grapil.pl\/produkt\/polar-jhk-czarnywariant1\/#primaryimage\"},\"thumbnailUrl\":\"https:\/\/grapil.pl\/wp-content\/uploads\/2025\/04\/20180.jpg\",\"datePublished\":\"2025-04-09T15:33:30+00:00\",\"dateModified\":\"2025-12-12T14:56:37+00:00\",\"breadcrumb\":{\"@id\":\"https:\/\/grapil.pl\/produkt\/polar-jhk-czarnywariant1\/#breadcrumb\"},\"inLanguage\":\"de\",\"potentialAction\":[{\"@type\":\"ReadAction\",\"target\":[\"https:\/\/grapil.pl\/produkt\/polar-jhk-czarnywariant1\/\"]}]},{\"@type\":\"ImageObject\",\"inLanguage\":\"de\",\"@id\":\"https:\/\/grapil.pl\/produkt\/polar-jhk-czarnywariant1\/#primaryimage\",\"url\":\"https:\/\/grapil.pl\/wp-content\/uploads\/2025\/04\/20180.jpg\",\"contentUrl\":\"https:\/\/grapil.pl\/wp-content\/uploads\/2025\/04\/20180.jpg\",\"width\":1080,\"height\":1618},{\"@type\":\"BreadcrumbList\",\"@id\":\"https:\/\/grapil.pl\/produkt\/polar-jhk-czarnywariant1\/#breadcrumb\",\"itemListElement\":[{\"@type\":\"ListItem\",\"position\":1,\"name\":\"Strona g\u0142\u00f3wna\",\"item\":\"https:\/\/grapil.pl\/\"},{\"@type\":\"ListItem\",\"position\":2,\"name\":\"sklep\",\"item\":\"https:\/\/grapil.pl\/sklep\/\"},{\"@type\":\"ListItem\",\"position\":3,\"name\":\"Polar JHK czarny{wariant1}\"}]},{\"@type\":\"WebSite\",\"@id\":\"https:\/\/grapil.pl\/#website\",\"url\":\"https:\/\/grapil.pl\/\",\"name\":\"Grapil.pl \u2013 Profesjonalna Odzie\u017c S\u0142u\u017cbowa dla Bran\u017cy Kelnerskiej, HoReCa i Medycyny\",\"description\":\"\",\"potentialAction\":[{\"@type\":\"SearchAction\",\"target\":{\"@type\":\"EntryPoint\",\"urlTemplate\":\"https:\/\/grapil.pl\/?s={search_term_string}\"},\"query-input\":{\"@type\":\"PropertyValueSpecification\",\"valueRequired\":true,\"valueName\":\"search_term_string\"}}],\"inLanguage\":\"de\"}]}<\/script>\n<!-- \/ Yoast SEO plugin. -->","yoast_head_json":{"title":"Polar JHK czarny{wariant1} - Grapil.pl \u2013 Profesjonalna Odzie\u017c S\u0142u\u017cbowa dla Bran\u017cy Kelnerskiej, HoReCa i Medycyny","robots":{"index":"index","follow":"follow","max-snippet":"max-snippet:-1","max-image-preview":"max-image-preview:large","max-video-preview":"max-video-preview:-1"},"canonical":"https:\/\/grapil.pl\/de\/produkt\/fleece-jhk-schwarz-variante-1\/","og_locale":"de_DE","og_type":"article","og_title":"Polar JHK czarny{wariant1} - Grapil.pl \u2013 Profesjonalna Odzie\u017c S\u0142u\u017cbowa dla Bran\u017cy Kelnerskiej, HoReCa i Medycyny","og_description":"Bluza polarowa JHK Bluza zapinana na suwak, z dwoma kieszeniami zapinanymi. Mikropolar z wykon\u0301czeniem antypilingowym. Mo\u017cliwo\u015b\u0107 wykonania haftu &#8211; zapraszamy","og_url":"https:\/\/grapil.pl\/de\/produkt\/fleece-jhk-schwarz-variante-1\/","og_site_name":"Grapil.pl \u2013 Profesjonalna Odzie\u017c S\u0142u\u017cbowa dla Bran\u017cy Kelnerskiej, HoReCa i Medycyny","article_modified_time":"2025-12-12T14:56:37+00:00","og_image":[{"width":1080,"height":1618,"url":"https:\/\/grapil.pl\/wp-content\/uploads\/2025\/04\/20180.jpg","type":"image\/jpeg"}],"twitter_card":"summary_large_image","schema":{"@context":"https:\/\/schema.org","@graph":[{"@type":"WebPage","@id":"https:\/\/grapil.pl\/produkt\/polar-jhk-czarnywariant1\/","url":"https:\/\/grapil.pl\/produkt\/polar-jhk-czarnywariant1\/","name":"Polar JHK czarny{wariant1} - Grapil.pl \u2013 Profesjonalna Odzie\u017c S\u0142u\u017cbowa dla Bran\u017cy Kelnerskiej, HoReCa i Medycyny","isPartOf":{"@id":"https:\/\/grapil.pl\/#website"},"primaryImageOfPage":{"@id":"https:\/\/grapil.pl\/produkt\/polar-jhk-czarnywariant1\/#primaryimage"},"image":{"@id":"https:\/\/grapil.pl\/produkt\/polar-jhk-czarnywariant1\/#primaryimage"},"thumbnailUrl":"https:\/\/grapil.pl\/wp-content\/uploads\/2025\/04\/20180.jpg","datePublished":"2025-04-09T15:33:30+00:00","dateModified":"2025-12-12T14:56:37+00:00","breadcrumb":{"@id":"https:\/\/grapil.pl\/produkt\/polar-jhk-czarnywariant1\/#breadcrumb"},"inLanguage":"de","potentialAction":[{"@type":"ReadAction","target":["https:\/\/grapil.pl\/produkt\/polar-jhk-czarnywariant1\/"]}]},{"@type":"ImageObject","inLanguage":"de","@id":"https:\/\/grapil.pl\/produkt\/polar-jhk-czarnywariant1\/#primaryimage","url":"https:\/\/grapil.pl\/wp-content\/uploads\/2025\/04\/20180.jpg","contentUrl":"https:\/\/grapil.pl\/wp-content\/uploads\/2025\/04\/20180.jpg","width":1080,"height":1618},{"@type":"BreadcrumbList","@id":"https:\/\/grapil.pl\/produkt\/polar-jhk-czarnywariant1\/#breadcrumb","itemListElement":[{"@type":"ListItem","position":1,"name":"Strona g\u0142\u00f3wna","item":"https:\/\/grapil.pl\/"},{"@type":"ListItem","position":2,"name":"sklep","item":"https:\/\/grapil.pl\/sklep\/"},{"@type":"ListItem","position":3,"name":"Polar JHK czarny{wariant1}"}]},{"@type":"WebSite","@id":"https:\/\/grapil.pl\/#website","url":"https:\/\/grapil.pl\/","name":"Grapil.pl \u2013 Profesjonalna Odzie\u017c S\u0142u\u017cbowa dla Bran\u017cy Kelnerskiej, HoReCa i Medycyny","description":"","potentialAction":[{"@type":"SearchAction","target":{"@type":"EntryPoint","urlTemplate":"https:\/\/grapil.pl\/?s={search_term_string}"},"query-input":{"@type":"PropertyValueSpecification","valueRequired":true,"valueName":"search_term_string"}}],"inLanguage":"de"}]}},"_links":{"self":[{"href":"https:\/\/grapil.pl\/de\/wp-json\/wp\/v2\/product\/17475","targetHints":{"allow":["GET"]}}],"collection":[{"href":"https:\/\/grapil.pl\/de\/wp-json\/wp\/v2\/product"}],"about":[{"href":"https:\/\/grapil.pl\/de\/wp-json\/wp\/v2\/types\/product"}],"version-history":[{"count":1,"href":"https:\/\/grapil.pl\/de\/wp-json\/wp\/v2\/product\/17475\/revisions"}],"predecessor-version":[{"id":17476,"href":"https:\/\/grapil.pl\/de\/wp-json\/wp\/v2\/product\/17475\/revisions\/17476"}],"wp:featuredmedia":[{"embeddable":true,"href":"https:\/\/grapil.pl\/de\/wp-json\/wp\/v2\/media\/17477"}],"wp:attachment":[{"href":"https:\/\/grapil.pl\/de\/wp-json\/wp\/v2\/media?parent=17475"}],"wp:term":[{"taxonomy":"product_brand","embeddable":true,"href":"https:\/\/grapil.pl\/de\/wp-json\/wp\/v2\/product_brand?post=17475"},{"taxonomy":"product_cat","embeddable":true,"href":"https:\/\/grapil.pl\/de\/wp-json\/wp\/v2\/product_cat?post=17475"},{"taxonomy":"product_tag","embeddable":true,"href":"https:\/\/grapil.pl\/de\/wp-json\/wp\/v2\/product_tag?post=17475"}],"curies":[{"name":"wp","href":"https:\/\/api.w.org\/{rel}","templated":true}]}}