{"id":17496,"date":"2025-04-09T17:33:30","date_gmt":"2025-04-09T15:33:30","guid":{"rendered":"https:\/\/grapil.pl\/produkt\/polar-jhk-czarny-z-czerwonymi-wstawkamiwariant1\/"},"modified":"2025-04-09T17:33:38","modified_gmt":"2025-04-09T15:33:38","slug":"fleece-jhk-schwarz-mit-roten-einsatzenvariante1","status":"publish","type":"product","link":"https:\/\/grapil.pl\/de\/produkt\/fleece-jhk-schwarz-mit-roten-einsatzenvariante1\/","title":{"rendered":"JHK Fleece schwarz mit roten Eins\u00e4tzen {Variante1}"},"content":{"rendered":"<p><strong>Warmes Fleece-Sweatshirt in Schwarz<\/strong>. Es hat einen Rei\u00dfverschluss vorne, zwei Seitentaschen und eine auf der rechten Brust. Es wird an kalten Tagen bei der Arbeit und dar\u00fcber hinaus n\u00fctzlich sein! <strong>Materialgewicht 360g<\/strong>, Fleece mit Anti-Pilling-Ausr\u00fcstung. Verst\u00e4rkt mit wasserdichtem Gewebe mit hoher Abriebfestigkeit an Schultern und \u00c4rmeln. <strong>Das Sweatshirt ist aus weichem Fleece gefertigt.<\/strong>und bietet hohen Tragekomfort. Das Material ist leicht und l\u00e4uft beim Waschen nicht ein.\u00a0<\/p>\n<p><span style=\"color:#ff0000;\">\u00a0Stickereien m\u00f6glich \u2013 bitte kontaktieren Sie uns!<\/span><\/p>","protected":false},"excerpt":{"rendered":"<p>Warmes schwarzes Fleece-Sweatshirt. Mit Rei\u00dfverschluss vorne, zwei Seitentaschen und einer rechten<\/p>","protected":false},"featured_media":17498,"template":"","meta":[],"product_brand":[94],"product_cat":[86,92,100],"product_tag":[],"class_list":{"0":"post-17496","1":"product","2":"type-product","3":"status-publish","4":"has-post-thumbnail","6":"product_brand-jhk","7":"product_cat-sklepbhp","8":"product_cat-odziez-robocza","9":"product_cat-polary-i-bluzy-robocze","11":"first","12":"outofstock","13":"product-type-simple"},"yoast_head":"<!-- This site is optimized with the Yoast SEO plugin v25.3 - https:\/\/yoast.com\/wordpress\/plugins\/seo\/ -->\n<title>Polar JHK czarny z czerwonymi wstawkami{wariant1} - Grapil.pl \u2013 Profesjonalna Odzie\u017c S\u0142u\u017cbowa dla Bran\u017cy Kelnerskiej, HoReCa i Medycyny<\/title>\n<meta name=\"robots\" content=\"index, follow, max-snippet:-1, max-image-preview:large, max-video-preview:-1\" \/>\n<link rel=\"canonical\" href=\"https:\/\/grapil.pl\/de\/produkt\/fleece-jhk-schwarz-mit-roten-einsatzenvariante1\/\" \/>\n<meta property=\"og:locale\" content=\"de_DE\" \/>\n<meta property=\"og:type\" content=\"article\" \/>\n<meta property=\"og:title\" content=\"Polar JHK czarny z czerwonymi wstawkami{wariant1} - Grapil.pl \u2013 Profesjonalna Odzie\u017c S\u0142u\u017cbowa dla Bran\u017cy Kelnerskiej, HoReCa i Medycyny\" \/>\n<meta property=\"og:description\" content=\"Ciep\u0142a bluza z polaru w kolorze czarnym. Rozpinana z przodu na zamek, posiada dwie kieszenie boczne oraz jedn\u0105 na prawej\" \/>\n<meta property=\"og:url\" content=\"https:\/\/grapil.pl\/de\/produkt\/fleece-jhk-schwarz-mit-roten-einsatzenvariante1\/\" \/>\n<meta property=\"og:site_name\" content=\"Grapil.pl \u2013 Profesjonalna Odzie\u017c S\u0142u\u017cbowa dla Bran\u017cy Kelnerskiej, HoReCa i Medycyny\" \/>\n<meta property=\"article:modified_time\" content=\"2025-04-09T15:33:38+00:00\" \/>\n<meta property=\"og:image\" content=\"https:\/\/grapil.pl\/wp-content\/uploads\/2025\/04\/19778.jpg\" \/>\n\t<meta property=\"og:image:width\" content=\"1833\" \/>\n\t<meta property=\"og:image:height\" content=\"1787\" \/>\n\t<meta property=\"og:image:type\" content=\"image\/jpeg\" \/>\n<meta name=\"twitter:card\" content=\"summary_large_image\" \/>\n<script type=\"application\/ld+json\" class=\"yoast-schema-graph\">{\"@context\":\"https:\/\/schema.org\",\"@graph\":[{\"@type\":\"WebPage\",\"@id\":\"https:\/\/grapil.pl\/produkt\/polar-jhk-czarny-z-czerwonymi-wstawkamiwariant1\/\",\"url\":\"https:\/\/grapil.pl\/produkt\/polar-jhk-czarny-z-czerwonymi-wstawkamiwariant1\/\",\"name\":\"Polar JHK czarny z czerwonymi wstawkami{wariant1} - Grapil.pl \u2013 Profesjonalna Odzie\u017c S\u0142u\u017cbowa dla Bran\u017cy Kelnerskiej, HoReCa i Medycyny\",\"isPartOf\":{\"@id\":\"https:\/\/grapil.pl\/#website\"},\"primaryImageOfPage\":{\"@id\":\"https:\/\/grapil.pl\/produkt\/polar-jhk-czarny-z-czerwonymi-wstawkamiwariant1\/#primaryimage\"},\"image\":{\"@id\":\"https:\/\/grapil.pl\/produkt\/polar-jhk-czarny-z-czerwonymi-wstawkamiwariant1\/#primaryimage\"},\"thumbnailUrl\":\"https:\/\/grapil.pl\/wp-content\/uploads\/2025\/04\/19778.jpg\",\"datePublished\":\"2025-04-09T15:33:30+00:00\",\"dateModified\":\"2025-04-09T15:33:38+00:00\",\"breadcrumb\":{\"@id\":\"https:\/\/grapil.pl\/produkt\/polar-jhk-czarny-z-czerwonymi-wstawkamiwariant1\/#breadcrumb\"},\"inLanguage\":\"de\",\"potentialAction\":[{\"@type\":\"ReadAction\",\"target\":[\"https:\/\/grapil.pl\/produkt\/polar-jhk-czarny-z-czerwonymi-wstawkamiwariant1\/\"]}]},{\"@type\":\"ImageObject\",\"inLanguage\":\"de\",\"@id\":\"https:\/\/grapil.pl\/produkt\/polar-jhk-czarny-z-czerwonymi-wstawkamiwariant1\/#primaryimage\",\"url\":\"https:\/\/grapil.pl\/wp-content\/uploads\/2025\/04\/19778.jpg\",\"contentUrl\":\"https:\/\/grapil.pl\/wp-content\/uploads\/2025\/04\/19778.jpg\",\"width\":1833,\"height\":1787},{\"@type\":\"BreadcrumbList\",\"@id\":\"https:\/\/grapil.pl\/produkt\/polar-jhk-czarny-z-czerwonymi-wstawkamiwariant1\/#breadcrumb\",\"itemListElement\":[{\"@type\":\"ListItem\",\"position\":1,\"name\":\"Strona g\u0142\u00f3wna\",\"item\":\"https:\/\/grapil.pl\/\"},{\"@type\":\"ListItem\",\"position\":2,\"name\":\"sklep\",\"item\":\"https:\/\/grapil.pl\/sklep\/\"},{\"@type\":\"ListItem\",\"position\":3,\"name\":\"Polar JHK czarny z czerwonymi wstawkami{wariant1}\"}]},{\"@type\":\"WebSite\",\"@id\":\"https:\/\/grapil.pl\/#website\",\"url\":\"https:\/\/grapil.pl\/\",\"name\":\"Grapil.pl \u2013 Profesjonalna Odzie\u017c S\u0142u\u017cbowa dla Bran\u017cy Kelnerskiej, HoReCa i Medycyny\",\"description\":\"\",\"potentialAction\":[{\"@type\":\"SearchAction\",\"target\":{\"@type\":\"EntryPoint\",\"urlTemplate\":\"https:\/\/grapil.pl\/?s={search_term_string}\"},\"query-input\":{\"@type\":\"PropertyValueSpecification\",\"valueRequired\":true,\"valueName\":\"search_term_string\"}}],\"inLanguage\":\"de\"}]}<\/script>\n<!-- \/ Yoast SEO plugin. -->","yoast_head_json":{"title":"Polar JHK czarny z czerwonymi wstawkami{wariant1} - Grapil.pl \u2013 Profesjonalna Odzie\u017c S\u0142u\u017cbowa dla Bran\u017cy Kelnerskiej, HoReCa i Medycyny","robots":{"index":"index","follow":"follow","max-snippet":"max-snippet:-1","max-image-preview":"max-image-preview:large","max-video-preview":"max-video-preview:-1"},"canonical":"https:\/\/grapil.pl\/de\/produkt\/fleece-jhk-schwarz-mit-roten-einsatzenvariante1\/","og_locale":"de_DE","og_type":"article","og_title":"Polar JHK czarny z czerwonymi wstawkami{wariant1} - Grapil.pl \u2013 Profesjonalna Odzie\u017c S\u0142u\u017cbowa dla Bran\u017cy Kelnerskiej, HoReCa i Medycyny","og_description":"Ciep\u0142a bluza z polaru w kolorze czarnym. Rozpinana z przodu na zamek, posiada dwie kieszenie boczne oraz jedn\u0105 na prawej","og_url":"https:\/\/grapil.pl\/de\/produkt\/fleece-jhk-schwarz-mit-roten-einsatzenvariante1\/","og_site_name":"Grapil.pl \u2013 Profesjonalna Odzie\u017c S\u0142u\u017cbowa dla Bran\u017cy Kelnerskiej, HoReCa i Medycyny","article_modified_time":"2025-04-09T15:33:38+00:00","og_image":[{"width":1833,"height":1787,"url":"https:\/\/grapil.pl\/wp-content\/uploads\/2025\/04\/19778.jpg","type":"image\/jpeg"}],"twitter_card":"summary_large_image","schema":{"@context":"https:\/\/schema.org","@graph":[{"@type":"WebPage","@id":"https:\/\/grapil.pl\/produkt\/polar-jhk-czarny-z-czerwonymi-wstawkamiwariant1\/","url":"https:\/\/grapil.pl\/produkt\/polar-jhk-czarny-z-czerwonymi-wstawkamiwariant1\/","name":"Polar JHK czarny z czerwonymi wstawkami{wariant1} - Grapil.pl \u2013 Profesjonalna Odzie\u017c S\u0142u\u017cbowa dla Bran\u017cy Kelnerskiej, HoReCa i Medycyny","isPartOf":{"@id":"https:\/\/grapil.pl\/#website"},"primaryImageOfPage":{"@id":"https:\/\/grapil.pl\/produkt\/polar-jhk-czarny-z-czerwonymi-wstawkamiwariant1\/#primaryimage"},"image":{"@id":"https:\/\/grapil.pl\/produkt\/polar-jhk-czarny-z-czerwonymi-wstawkamiwariant1\/#primaryimage"},"thumbnailUrl":"https:\/\/grapil.pl\/wp-content\/uploads\/2025\/04\/19778.jpg","datePublished":"2025-04-09T15:33:30+00:00","dateModified":"2025-04-09T15:33:38+00:00","breadcrumb":{"@id":"https:\/\/grapil.pl\/produkt\/polar-jhk-czarny-z-czerwonymi-wstawkamiwariant1\/#breadcrumb"},"inLanguage":"de","potentialAction":[{"@type":"ReadAction","target":["https:\/\/grapil.pl\/produkt\/polar-jhk-czarny-z-czerwonymi-wstawkamiwariant1\/"]}]},{"@type":"ImageObject","inLanguage":"de","@id":"https:\/\/grapil.pl\/produkt\/polar-jhk-czarny-z-czerwonymi-wstawkamiwariant1\/#primaryimage","url":"https:\/\/grapil.pl\/wp-content\/uploads\/2025\/04\/19778.jpg","contentUrl":"https:\/\/grapil.pl\/wp-content\/uploads\/2025\/04\/19778.jpg","width":1833,"height":1787},{"@type":"BreadcrumbList","@id":"https:\/\/grapil.pl\/produkt\/polar-jhk-czarny-z-czerwonymi-wstawkamiwariant1\/#breadcrumb","itemListElement":[{"@type":"ListItem","position":1,"name":"Strona g\u0142\u00f3wna","item":"https:\/\/grapil.pl\/"},{"@type":"ListItem","position":2,"name":"sklep","item":"https:\/\/grapil.pl\/sklep\/"},{"@type":"ListItem","position":3,"name":"Polar JHK czarny z czerwonymi wstawkami{wariant1}"}]},{"@type":"WebSite","@id":"https:\/\/grapil.pl\/#website","url":"https:\/\/grapil.pl\/","name":"Grapil.pl \u2013 Profesjonalna Odzie\u017c S\u0142u\u017cbowa dla Bran\u017cy Kelnerskiej, HoReCa i Medycyny","description":"","potentialAction":[{"@type":"SearchAction","target":{"@type":"EntryPoint","urlTemplate":"https:\/\/grapil.pl\/?s={search_term_string}"},"query-input":{"@type":"PropertyValueSpecification","valueRequired":true,"valueName":"search_term_string"}}],"inLanguage":"de"}]}},"_links":{"self":[{"href":"https:\/\/grapil.pl\/de\/wp-json\/wp\/v2\/product\/17496","targetHints":{"allow":["GET"]}}],"collection":[{"href":"https:\/\/grapil.pl\/de\/wp-json\/wp\/v2\/product"}],"about":[{"href":"https:\/\/grapil.pl\/de\/wp-json\/wp\/v2\/types\/product"}],"version-history":[{"count":1,"href":"https:\/\/grapil.pl\/de\/wp-json\/wp\/v2\/product\/17496\/revisions"}],"predecessor-version":[{"id":17497,"href":"https:\/\/grapil.pl\/de\/wp-json\/wp\/v2\/product\/17496\/revisions\/17497"}],"wp:featuredmedia":[{"embeddable":true,"href":"https:\/\/grapil.pl\/de\/wp-json\/wp\/v2\/media\/17498"}],"wp:attachment":[{"href":"https:\/\/grapil.pl\/de\/wp-json\/wp\/v2\/media?parent=17496"}],"wp:term":[{"taxonomy":"product_brand","embeddable":true,"href":"https:\/\/grapil.pl\/de\/wp-json\/wp\/v2\/product_brand?post=17496"},{"taxonomy":"product_cat","embeddable":true,"href":"https:\/\/grapil.pl\/de\/wp-json\/wp\/v2\/product_cat?post=17496"},{"taxonomy":"product_tag","embeddable":true,"href":"https:\/\/grapil.pl\/de\/wp-json\/wp\/v2\/product_tag?post=17496"}],"curies":[{"name":"wp","href":"https:\/\/api.w.org\/{rel}","templated":true}]}}