{"id":17504,"date":"2025-04-09T17:33:30","date_gmt":"2025-04-09T15:33:30","guid":{"rendered":"https:\/\/grapil.pl\/produkt\/polar-jhk-czarny-z-pomaranczowymi-wstawkami\/"},"modified":"2025-12-12T15:54:46","modified_gmt":"2025-12-12T14:54:46","slug":"jhk-fleece-schwarz-mit-orangen-einsatzen","status":"publish","type":"product","link":"https:\/\/grapil.pl\/de\/produkt\/jhk-fleece-schwarz-mit-orangen-einsatzen\/","title":{"rendered":"JHK Fleece schwarz mit orangen Eins\u00e4tzen"},"content":{"rendered":"<p><span style=\"font-size:14pt;\"><strong>Warmes Fleece-Sweatshirt in Schwarz.<\/strong><\/span><\/p>\n<p>Es ist vorne mit einem Rei\u00dfverschluss versehen und verf\u00fcgt \u00fcber zwei Seitentaschen und eine auf der rechten Brust. Es ist perfekt f\u00fcr kalte Tage bei der Arbeit und dar\u00fcber hinaus! Das Material ist <strong>Gewicht 360g<\/strong>Fleece mit Anti-Pilling-Beschichtung. Verst\u00e4rkungen aus wasserdichtem, abriebfestem Gewebe an Schultern und \u00c4rmeln. Das Sweatshirt aus weichem Fleece bietet hohen Tragekomfort. Das Material ist leicht und l\u00e4uft beim Waschen nicht ein.\u00a0<\/p>\n<p><span style=\"color:#ff0000;\">\u00a0Stickereien m\u00f6glich \u2013 bitte kontaktieren Sie uns!<\/span><\/p>","protected":false},"excerpt":{"rendered":"<p>Warmes schwarzes Fleece-Sweatshirt. Mit Rei\u00dfverschluss vorne, zwei Seitentaschen und einer rechten<\/p>","protected":false},"featured_media":17506,"template":"","meta":[],"product_brand":[94],"product_cat":[86,92,100,120],"product_tag":[],"class_list":{"0":"post-17504","1":"product","2":"type-product","3":"status-publish","4":"has-post-thumbnail","6":"product_brand-jhk","7":"product_cat-sklepbhp","8":"product_cat-odziez-robocza","9":"product_cat-polary-i-bluzy-robocze","10":"product_cat-polary-i-bluzy-meskie","12":"first","13":"instock","14":"product-type-simple"},"yoast_head":"<!-- This site is optimized with the Yoast SEO plugin v25.3 - https:\/\/yoast.com\/wordpress\/plugins\/seo\/ -->\n<title>Polar JHK czarny z pomara\u0144czowymi wstawkami - Grapil.pl \u2013 Profesjonalna Odzie\u017c S\u0142u\u017cbowa dla Bran\u017cy Kelnerskiej, HoReCa i Medycyny<\/title>\n<meta name=\"robots\" content=\"index, follow, max-snippet:-1, max-image-preview:large, max-video-preview:-1\" \/>\n<link rel=\"canonical\" href=\"https:\/\/grapil.pl\/de\/produkt\/jhk-fleece-schwarz-mit-orangen-einsatzen\/\" \/>\n<meta property=\"og:locale\" content=\"de_DE\" \/>\n<meta property=\"og:type\" content=\"article\" \/>\n<meta property=\"og:title\" content=\"Polar JHK czarny z pomara\u0144czowymi wstawkami - Grapil.pl \u2013 Profesjonalna Odzie\u017c S\u0142u\u017cbowa dla Bran\u017cy Kelnerskiej, HoReCa i Medycyny\" \/>\n<meta property=\"og:description\" content=\"Ciep\u0142a bluza z polaru w kolorze czarnym. Rozpinana z przodu na zamek, posiada dwie kieszenie boczne oraz jedn\u0105 na prawej\" \/>\n<meta property=\"og:url\" content=\"https:\/\/grapil.pl\/de\/produkt\/jhk-fleece-schwarz-mit-orangen-einsatzen\/\" \/>\n<meta property=\"og:site_name\" content=\"Grapil.pl \u2013 Profesjonalna Odzie\u017c S\u0142u\u017cbowa dla Bran\u017cy Kelnerskiej, HoReCa i Medycyny\" \/>\n<meta property=\"article:modified_time\" content=\"2025-12-12T14:54:46+00:00\" \/>\n<meta property=\"og:image\" content=\"https:\/\/grapil.pl\/wp-content\/uploads\/2025\/04\/9b6c3a9434a09872e39e734c5f44e28f.jpg\" \/>\n\t<meta property=\"og:image:width\" content=\"1506\" \/>\n\t<meta property=\"og:image:height\" content=\"1680\" \/>\n\t<meta property=\"og:image:type\" content=\"image\/jpeg\" \/>\n<meta name=\"twitter:card\" content=\"summary_large_image\" \/>\n<script type=\"application\/ld+json\" class=\"yoast-schema-graph\">{\"@context\":\"https:\/\/schema.org\",\"@graph\":[{\"@type\":\"WebPage\",\"@id\":\"https:\/\/grapil.pl\/produkt\/polar-jhk-czarny-z-pomaranczowymi-wstawkami\/\",\"url\":\"https:\/\/grapil.pl\/produkt\/polar-jhk-czarny-z-pomaranczowymi-wstawkami\/\",\"name\":\"Polar JHK czarny z pomara\u0144czowymi wstawkami - Grapil.pl \u2013 Profesjonalna Odzie\u017c S\u0142u\u017cbowa dla Bran\u017cy Kelnerskiej, HoReCa i Medycyny\",\"isPartOf\":{\"@id\":\"https:\/\/grapil.pl\/#website\"},\"primaryImageOfPage\":{\"@id\":\"https:\/\/grapil.pl\/produkt\/polar-jhk-czarny-z-pomaranczowymi-wstawkami\/#primaryimage\"},\"image\":{\"@id\":\"https:\/\/grapil.pl\/produkt\/polar-jhk-czarny-z-pomaranczowymi-wstawkami\/#primaryimage\"},\"thumbnailUrl\":\"https:\/\/grapil.pl\/wp-content\/uploads\/2025\/04\/9b6c3a9434a09872e39e734c5f44e28f.jpg\",\"datePublished\":\"2025-04-09T15:33:30+00:00\",\"dateModified\":\"2025-12-12T14:54:46+00:00\",\"breadcrumb\":{\"@id\":\"https:\/\/grapil.pl\/produkt\/polar-jhk-czarny-z-pomaranczowymi-wstawkami\/#breadcrumb\"},\"inLanguage\":\"de\",\"potentialAction\":[{\"@type\":\"ReadAction\",\"target\":[\"https:\/\/grapil.pl\/produkt\/polar-jhk-czarny-z-pomaranczowymi-wstawkami\/\"]}]},{\"@type\":\"ImageObject\",\"inLanguage\":\"de\",\"@id\":\"https:\/\/grapil.pl\/produkt\/polar-jhk-czarny-z-pomaranczowymi-wstawkami\/#primaryimage\",\"url\":\"https:\/\/grapil.pl\/wp-content\/uploads\/2025\/04\/9b6c3a9434a09872e39e734c5f44e28f.jpg\",\"contentUrl\":\"https:\/\/grapil.pl\/wp-content\/uploads\/2025\/04\/9b6c3a9434a09872e39e734c5f44e28f.jpg\",\"width\":1506,\"height\":1680},{\"@type\":\"BreadcrumbList\",\"@id\":\"https:\/\/grapil.pl\/produkt\/polar-jhk-czarny-z-pomaranczowymi-wstawkami\/#breadcrumb\",\"itemListElement\":[{\"@type\":\"ListItem\",\"position\":1,\"name\":\"Strona g\u0142\u00f3wna\",\"item\":\"https:\/\/grapil.pl\/\"},{\"@type\":\"ListItem\",\"position\":2,\"name\":\"sklep\",\"item\":\"https:\/\/grapil.pl\/sklep\/\"},{\"@type\":\"ListItem\",\"position\":3,\"name\":\"Polar JHK czarny z pomara\u0144czowymi wstawkami\"}]},{\"@type\":\"WebSite\",\"@id\":\"https:\/\/grapil.pl\/#website\",\"url\":\"https:\/\/grapil.pl\/\",\"name\":\"Grapil.pl \u2013 Profesjonalna Odzie\u017c S\u0142u\u017cbowa dla Bran\u017cy Kelnerskiej, HoReCa i Medycyny\",\"description\":\"\",\"potentialAction\":[{\"@type\":\"SearchAction\",\"target\":{\"@type\":\"EntryPoint\",\"urlTemplate\":\"https:\/\/grapil.pl\/?s={search_term_string}\"},\"query-input\":{\"@type\":\"PropertyValueSpecification\",\"valueRequired\":true,\"valueName\":\"search_term_string\"}}],\"inLanguage\":\"de\"}]}<\/script>\n<!-- \/ Yoast SEO plugin. -->","yoast_head_json":{"title":"Polar JHK czarny z pomara\u0144czowymi wstawkami - Grapil.pl \u2013 Profesjonalna Odzie\u017c S\u0142u\u017cbowa dla Bran\u017cy Kelnerskiej, HoReCa i Medycyny","robots":{"index":"index","follow":"follow","max-snippet":"max-snippet:-1","max-image-preview":"max-image-preview:large","max-video-preview":"max-video-preview:-1"},"canonical":"https:\/\/grapil.pl\/de\/produkt\/jhk-fleece-schwarz-mit-orangen-einsatzen\/","og_locale":"de_DE","og_type":"article","og_title":"Polar JHK czarny z pomara\u0144czowymi wstawkami - Grapil.pl \u2013 Profesjonalna Odzie\u017c S\u0142u\u017cbowa dla Bran\u017cy Kelnerskiej, HoReCa i Medycyny","og_description":"Ciep\u0142a bluza z polaru w kolorze czarnym. Rozpinana z przodu na zamek, posiada dwie kieszenie boczne oraz jedn\u0105 na prawej","og_url":"https:\/\/grapil.pl\/de\/produkt\/jhk-fleece-schwarz-mit-orangen-einsatzen\/","og_site_name":"Grapil.pl \u2013 Profesjonalna Odzie\u017c S\u0142u\u017cbowa dla Bran\u017cy Kelnerskiej, HoReCa i Medycyny","article_modified_time":"2025-12-12T14:54:46+00:00","og_image":[{"width":1506,"height":1680,"url":"https:\/\/grapil.pl\/wp-content\/uploads\/2025\/04\/9b6c3a9434a09872e39e734c5f44e28f.jpg","type":"image\/jpeg"}],"twitter_card":"summary_large_image","schema":{"@context":"https:\/\/schema.org","@graph":[{"@type":"WebPage","@id":"https:\/\/grapil.pl\/produkt\/polar-jhk-czarny-z-pomaranczowymi-wstawkami\/","url":"https:\/\/grapil.pl\/produkt\/polar-jhk-czarny-z-pomaranczowymi-wstawkami\/","name":"Polar JHK czarny z pomara\u0144czowymi wstawkami - Grapil.pl \u2013 Profesjonalna Odzie\u017c S\u0142u\u017cbowa dla Bran\u017cy Kelnerskiej, HoReCa i Medycyny","isPartOf":{"@id":"https:\/\/grapil.pl\/#website"},"primaryImageOfPage":{"@id":"https:\/\/grapil.pl\/produkt\/polar-jhk-czarny-z-pomaranczowymi-wstawkami\/#primaryimage"},"image":{"@id":"https:\/\/grapil.pl\/produkt\/polar-jhk-czarny-z-pomaranczowymi-wstawkami\/#primaryimage"},"thumbnailUrl":"https:\/\/grapil.pl\/wp-content\/uploads\/2025\/04\/9b6c3a9434a09872e39e734c5f44e28f.jpg","datePublished":"2025-04-09T15:33:30+00:00","dateModified":"2025-12-12T14:54:46+00:00","breadcrumb":{"@id":"https:\/\/grapil.pl\/produkt\/polar-jhk-czarny-z-pomaranczowymi-wstawkami\/#breadcrumb"},"inLanguage":"de","potentialAction":[{"@type":"ReadAction","target":["https:\/\/grapil.pl\/produkt\/polar-jhk-czarny-z-pomaranczowymi-wstawkami\/"]}]},{"@type":"ImageObject","inLanguage":"de","@id":"https:\/\/grapil.pl\/produkt\/polar-jhk-czarny-z-pomaranczowymi-wstawkami\/#primaryimage","url":"https:\/\/grapil.pl\/wp-content\/uploads\/2025\/04\/9b6c3a9434a09872e39e734c5f44e28f.jpg","contentUrl":"https:\/\/grapil.pl\/wp-content\/uploads\/2025\/04\/9b6c3a9434a09872e39e734c5f44e28f.jpg","width":1506,"height":1680},{"@type":"BreadcrumbList","@id":"https:\/\/grapil.pl\/produkt\/polar-jhk-czarny-z-pomaranczowymi-wstawkami\/#breadcrumb","itemListElement":[{"@type":"ListItem","position":1,"name":"Strona g\u0142\u00f3wna","item":"https:\/\/grapil.pl\/"},{"@type":"ListItem","position":2,"name":"sklep","item":"https:\/\/grapil.pl\/sklep\/"},{"@type":"ListItem","position":3,"name":"Polar JHK czarny z pomara\u0144czowymi wstawkami"}]},{"@type":"WebSite","@id":"https:\/\/grapil.pl\/#website","url":"https:\/\/grapil.pl\/","name":"Grapil.pl \u2013 Profesjonalna Odzie\u017c S\u0142u\u017cbowa dla Bran\u017cy Kelnerskiej, HoReCa i Medycyny","description":"","potentialAction":[{"@type":"SearchAction","target":{"@type":"EntryPoint","urlTemplate":"https:\/\/grapil.pl\/?s={search_term_string}"},"query-input":{"@type":"PropertyValueSpecification","valueRequired":true,"valueName":"search_term_string"}}],"inLanguage":"de"}]}},"_links":{"self":[{"href":"https:\/\/grapil.pl\/de\/wp-json\/wp\/v2\/product\/17504","targetHints":{"allow":["GET"]}}],"collection":[{"href":"https:\/\/grapil.pl\/de\/wp-json\/wp\/v2\/product"}],"about":[{"href":"https:\/\/grapil.pl\/de\/wp-json\/wp\/v2\/types\/product"}],"version-history":[{"count":1,"href":"https:\/\/grapil.pl\/de\/wp-json\/wp\/v2\/product\/17504\/revisions"}],"predecessor-version":[{"id":17505,"href":"https:\/\/grapil.pl\/de\/wp-json\/wp\/v2\/product\/17504\/revisions\/17505"}],"wp:featuredmedia":[{"embeddable":true,"href":"https:\/\/grapil.pl\/de\/wp-json\/wp\/v2\/media\/17506"}],"wp:attachment":[{"href":"https:\/\/grapil.pl\/de\/wp-json\/wp\/v2\/media?parent=17504"}],"wp:term":[{"taxonomy":"product_brand","embeddable":true,"href":"https:\/\/grapil.pl\/de\/wp-json\/wp\/v2\/product_brand?post=17504"},{"taxonomy":"product_cat","embeddable":true,"href":"https:\/\/grapil.pl\/de\/wp-json\/wp\/v2\/product_cat?post=17504"},{"taxonomy":"product_tag","embeddable":true,"href":"https:\/\/grapil.pl\/de\/wp-json\/wp\/v2\/product_tag?post=17504"}],"curies":[{"name":"wp","href":"https:\/\/api.w.org\/{rel}","templated":true}]}}