{"id":17515,"date":"2025-04-09T17:33:30","date_gmt":"2025-04-09T15:33:30","guid":{"rendered":"https:\/\/grapil.pl\/produkt\/polar-jhk-zolty-z-czarnymi-wstawkami\/"},"modified":"2025-12-12T15:55:05","modified_gmt":"2025-12-12T14:55:05","slug":"jhk-fleece-gelb-mit-schwarzen-einsatzen","status":"publish","type":"product","link":"https:\/\/grapil.pl\/de\/produkt\/jhk-fleece-gelb-mit-schwarzen-einsatzen\/","title":{"rendered":"JHK Fleece gelb mit schwarzen Eins\u00e4tzen"},"content":{"rendered":"<p><strong>Warmes Fleece-Sweatshirt in Gr\u00fcn<\/strong>. Es hat einen Rei\u00dfverschluss vorne, zwei Seitentaschen und eine auf der rechten Brust. Es wird an kalten Tagen bei der Arbeit und dar\u00fcber hinaus n\u00fctzlich sein!\u00a0<strong>Materialgewicht 360g<\/strong>, Fleece mit Anti-Pilling-Ausr\u00fcstung. Verst\u00e4rkt mit wasserdichtem Gewebe mit hoher Abriebfestigkeit an Schultern und \u00c4rmeln.\u00a0<strong>Das Sweatshirt ist aus weichem Fleece gefertigt.<\/strong>und bietet hohen Tragekomfort. Das Material ist leicht und l\u00e4uft beim Waschen nicht ein.\u00a0<\/p>\n<p><span style=\"color:#ff0000;\">Stickereien m\u00f6glich \u2013 bitte kontaktieren Sie uns!<\/span><\/p>","protected":false},"excerpt":{"rendered":"<p>Warmes Fleece-Sweatshirt in Gr\u00fcn. Mit Rei\u00dfverschluss vorne, zwei Seitentaschen und einer rechten<\/p>","protected":false},"featured_media":17517,"template":"","meta":[],"product_brand":[94],"product_cat":[86,92,100],"product_tag":[],"class_list":{"0":"post-17515","1":"product","2":"type-product","3":"status-publish","4":"has-post-thumbnail","6":"product_brand-jhk","7":"product_cat-sklepbhp","8":"product_cat-odziez-robocza","9":"product_cat-polary-i-bluzy-robocze","11":"first","12":"instock","13":"product-type-simple"},"yoast_head":"<!-- This site is optimized with the Yoast SEO plugin v25.3 - https:\/\/yoast.com\/wordpress\/plugins\/seo\/ -->\n<title>Polar JHK \u017c\u00f3\u0142ty z czarnymi wstawkami - Grapil.pl \u2013 Profesjonalna Odzie\u017c S\u0142u\u017cbowa dla Bran\u017cy Kelnerskiej, HoReCa i Medycyny<\/title>\n<meta name=\"robots\" content=\"index, follow, max-snippet:-1, max-image-preview:large, max-video-preview:-1\" \/>\n<link rel=\"canonical\" href=\"https:\/\/grapil.pl\/de\/produkt\/jhk-fleece-gelb-mit-schwarzen-einsatzen\/\" \/>\n<meta property=\"og:locale\" content=\"de_DE\" \/>\n<meta property=\"og:type\" content=\"article\" \/>\n<meta property=\"og:title\" content=\"Polar JHK \u017c\u00f3\u0142ty z czarnymi wstawkami - Grapil.pl \u2013 Profesjonalna Odzie\u017c S\u0142u\u017cbowa dla Bran\u017cy Kelnerskiej, HoReCa i Medycyny\" \/>\n<meta property=\"og:description\" content=\"Ciep\u0142a bluza z polaru w kolorze zielonym. Rozpinana z przodu na zamek, posiada dwie kieszenie boczne oraz jedn\u0105 na prawej\" \/>\n<meta property=\"og:url\" content=\"https:\/\/grapil.pl\/de\/produkt\/jhk-fleece-gelb-mit-schwarzen-einsatzen\/\" \/>\n<meta property=\"og:site_name\" content=\"Grapil.pl \u2013 Profesjonalna Odzie\u017c S\u0142u\u017cbowa dla Bran\u017cy Kelnerskiej, HoReCa i Medycyny\" \/>\n<meta property=\"article:modified_time\" content=\"2025-12-12T14:55:05+00:00\" \/>\n<meta property=\"og:image\" content=\"https:\/\/grapil.pl\/wp-content\/uploads\/2025\/04\/1ebc0677bb56e6370c1ac09cdd0fa80c.jpg\" \/>\n\t<meta property=\"og:image:width\" content=\"1564\" \/>\n\t<meta property=\"og:image:height\" content=\"1546\" \/>\n\t<meta property=\"og:image:type\" content=\"image\/jpeg\" \/>\n<meta name=\"twitter:card\" content=\"summary_large_image\" \/>\n<script type=\"application\/ld+json\" class=\"yoast-schema-graph\">{\"@context\":\"https:\/\/schema.org\",\"@graph\":[{\"@type\":\"WebPage\",\"@id\":\"https:\/\/grapil.pl\/produkt\/polar-jhk-zolty-z-czarnymi-wstawkami\/\",\"url\":\"https:\/\/grapil.pl\/produkt\/polar-jhk-zolty-z-czarnymi-wstawkami\/\",\"name\":\"Polar JHK \u017c\u00f3\u0142ty z czarnymi wstawkami - Grapil.pl \u2013 Profesjonalna Odzie\u017c S\u0142u\u017cbowa dla Bran\u017cy Kelnerskiej, HoReCa i Medycyny\",\"isPartOf\":{\"@id\":\"https:\/\/grapil.pl\/#website\"},\"primaryImageOfPage\":{\"@id\":\"https:\/\/grapil.pl\/produkt\/polar-jhk-zolty-z-czarnymi-wstawkami\/#primaryimage\"},\"image\":{\"@id\":\"https:\/\/grapil.pl\/produkt\/polar-jhk-zolty-z-czarnymi-wstawkami\/#primaryimage\"},\"thumbnailUrl\":\"https:\/\/grapil.pl\/wp-content\/uploads\/2025\/04\/1ebc0677bb56e6370c1ac09cdd0fa80c.jpg\",\"datePublished\":\"2025-04-09T15:33:30+00:00\",\"dateModified\":\"2025-12-12T14:55:05+00:00\",\"breadcrumb\":{\"@id\":\"https:\/\/grapil.pl\/produkt\/polar-jhk-zolty-z-czarnymi-wstawkami\/#breadcrumb\"},\"inLanguage\":\"de\",\"potentialAction\":[{\"@type\":\"ReadAction\",\"target\":[\"https:\/\/grapil.pl\/produkt\/polar-jhk-zolty-z-czarnymi-wstawkami\/\"]}]},{\"@type\":\"ImageObject\",\"inLanguage\":\"de\",\"@id\":\"https:\/\/grapil.pl\/produkt\/polar-jhk-zolty-z-czarnymi-wstawkami\/#primaryimage\",\"url\":\"https:\/\/grapil.pl\/wp-content\/uploads\/2025\/04\/1ebc0677bb56e6370c1ac09cdd0fa80c.jpg\",\"contentUrl\":\"https:\/\/grapil.pl\/wp-content\/uploads\/2025\/04\/1ebc0677bb56e6370c1ac09cdd0fa80c.jpg\",\"width\":1564,\"height\":1546},{\"@type\":\"BreadcrumbList\",\"@id\":\"https:\/\/grapil.pl\/produkt\/polar-jhk-zolty-z-czarnymi-wstawkami\/#breadcrumb\",\"itemListElement\":[{\"@type\":\"ListItem\",\"position\":1,\"name\":\"Strona g\u0142\u00f3wna\",\"item\":\"https:\/\/grapil.pl\/\"},{\"@type\":\"ListItem\",\"position\":2,\"name\":\"sklep\",\"item\":\"https:\/\/grapil.pl\/sklep\/\"},{\"@type\":\"ListItem\",\"position\":3,\"name\":\"Polar JHK \u017c\u00f3\u0142ty z czarnymi wstawkami\"}]},{\"@type\":\"WebSite\",\"@id\":\"https:\/\/grapil.pl\/#website\",\"url\":\"https:\/\/grapil.pl\/\",\"name\":\"Grapil.pl \u2013 Profesjonalna Odzie\u017c S\u0142u\u017cbowa dla Bran\u017cy Kelnerskiej, HoReCa i Medycyny\",\"description\":\"\",\"potentialAction\":[{\"@type\":\"SearchAction\",\"target\":{\"@type\":\"EntryPoint\",\"urlTemplate\":\"https:\/\/grapil.pl\/?s={search_term_string}\"},\"query-input\":{\"@type\":\"PropertyValueSpecification\",\"valueRequired\":true,\"valueName\":\"search_term_string\"}}],\"inLanguage\":\"de\"}]}<\/script>\n<!-- \/ Yoast SEO plugin. -->","yoast_head_json":{"title":"Polar JHK \u017c\u00f3\u0142ty z czarnymi wstawkami - Grapil.pl \u2013 Profesjonalna Odzie\u017c S\u0142u\u017cbowa dla Bran\u017cy Kelnerskiej, HoReCa i Medycyny","robots":{"index":"index","follow":"follow","max-snippet":"max-snippet:-1","max-image-preview":"max-image-preview:large","max-video-preview":"max-video-preview:-1"},"canonical":"https:\/\/grapil.pl\/de\/produkt\/jhk-fleece-gelb-mit-schwarzen-einsatzen\/","og_locale":"de_DE","og_type":"article","og_title":"Polar JHK \u017c\u00f3\u0142ty z czarnymi wstawkami - Grapil.pl \u2013 Profesjonalna Odzie\u017c S\u0142u\u017cbowa dla Bran\u017cy Kelnerskiej, HoReCa i Medycyny","og_description":"Ciep\u0142a bluza z polaru w kolorze zielonym. Rozpinana z przodu na zamek, posiada dwie kieszenie boczne oraz jedn\u0105 na prawej","og_url":"https:\/\/grapil.pl\/de\/produkt\/jhk-fleece-gelb-mit-schwarzen-einsatzen\/","og_site_name":"Grapil.pl \u2013 Profesjonalna Odzie\u017c S\u0142u\u017cbowa dla Bran\u017cy Kelnerskiej, HoReCa i Medycyny","article_modified_time":"2025-12-12T14:55:05+00:00","og_image":[{"width":1564,"height":1546,"url":"https:\/\/grapil.pl\/wp-content\/uploads\/2025\/04\/1ebc0677bb56e6370c1ac09cdd0fa80c.jpg","type":"image\/jpeg"}],"twitter_card":"summary_large_image","schema":{"@context":"https:\/\/schema.org","@graph":[{"@type":"WebPage","@id":"https:\/\/grapil.pl\/produkt\/polar-jhk-zolty-z-czarnymi-wstawkami\/","url":"https:\/\/grapil.pl\/produkt\/polar-jhk-zolty-z-czarnymi-wstawkami\/","name":"Polar JHK \u017c\u00f3\u0142ty z czarnymi wstawkami - Grapil.pl \u2013 Profesjonalna Odzie\u017c S\u0142u\u017cbowa dla Bran\u017cy Kelnerskiej, HoReCa i Medycyny","isPartOf":{"@id":"https:\/\/grapil.pl\/#website"},"primaryImageOfPage":{"@id":"https:\/\/grapil.pl\/produkt\/polar-jhk-zolty-z-czarnymi-wstawkami\/#primaryimage"},"image":{"@id":"https:\/\/grapil.pl\/produkt\/polar-jhk-zolty-z-czarnymi-wstawkami\/#primaryimage"},"thumbnailUrl":"https:\/\/grapil.pl\/wp-content\/uploads\/2025\/04\/1ebc0677bb56e6370c1ac09cdd0fa80c.jpg","datePublished":"2025-04-09T15:33:30+00:00","dateModified":"2025-12-12T14:55:05+00:00","breadcrumb":{"@id":"https:\/\/grapil.pl\/produkt\/polar-jhk-zolty-z-czarnymi-wstawkami\/#breadcrumb"},"inLanguage":"de","potentialAction":[{"@type":"ReadAction","target":["https:\/\/grapil.pl\/produkt\/polar-jhk-zolty-z-czarnymi-wstawkami\/"]}]},{"@type":"ImageObject","inLanguage":"de","@id":"https:\/\/grapil.pl\/produkt\/polar-jhk-zolty-z-czarnymi-wstawkami\/#primaryimage","url":"https:\/\/grapil.pl\/wp-content\/uploads\/2025\/04\/1ebc0677bb56e6370c1ac09cdd0fa80c.jpg","contentUrl":"https:\/\/grapil.pl\/wp-content\/uploads\/2025\/04\/1ebc0677bb56e6370c1ac09cdd0fa80c.jpg","width":1564,"height":1546},{"@type":"BreadcrumbList","@id":"https:\/\/grapil.pl\/produkt\/polar-jhk-zolty-z-czarnymi-wstawkami\/#breadcrumb","itemListElement":[{"@type":"ListItem","position":1,"name":"Strona g\u0142\u00f3wna","item":"https:\/\/grapil.pl\/"},{"@type":"ListItem","position":2,"name":"sklep","item":"https:\/\/grapil.pl\/sklep\/"},{"@type":"ListItem","position":3,"name":"Polar JHK \u017c\u00f3\u0142ty z czarnymi wstawkami"}]},{"@type":"WebSite","@id":"https:\/\/grapil.pl\/#website","url":"https:\/\/grapil.pl\/","name":"Grapil.pl \u2013 Profesjonalna Odzie\u017c S\u0142u\u017cbowa dla Bran\u017cy Kelnerskiej, HoReCa i Medycyny","description":"","potentialAction":[{"@type":"SearchAction","target":{"@type":"EntryPoint","urlTemplate":"https:\/\/grapil.pl\/?s={search_term_string}"},"query-input":{"@type":"PropertyValueSpecification","valueRequired":true,"valueName":"search_term_string"}}],"inLanguage":"de"}]}},"_links":{"self":[{"href":"https:\/\/grapil.pl\/de\/wp-json\/wp\/v2\/product\/17515","targetHints":{"allow":["GET"]}}],"collection":[{"href":"https:\/\/grapil.pl\/de\/wp-json\/wp\/v2\/product"}],"about":[{"href":"https:\/\/grapil.pl\/de\/wp-json\/wp\/v2\/types\/product"}],"version-history":[{"count":1,"href":"https:\/\/grapil.pl\/de\/wp-json\/wp\/v2\/product\/17515\/revisions"}],"predecessor-version":[{"id":17516,"href":"https:\/\/grapil.pl\/de\/wp-json\/wp\/v2\/product\/17515\/revisions\/17516"}],"wp:featuredmedia":[{"embeddable":true,"href":"https:\/\/grapil.pl\/de\/wp-json\/wp\/v2\/media\/17517"}],"wp:attachment":[{"href":"https:\/\/grapil.pl\/de\/wp-json\/wp\/v2\/media?parent=17515"}],"wp:term":[{"taxonomy":"product_brand","embeddable":true,"href":"https:\/\/grapil.pl\/de\/wp-json\/wp\/v2\/product_brand?post=17515"},{"taxonomy":"product_cat","embeddable":true,"href":"https:\/\/grapil.pl\/de\/wp-json\/wp\/v2\/product_cat?post=17515"},{"taxonomy":"product_tag","embeddable":true,"href":"https:\/\/grapil.pl\/de\/wp-json\/wp\/v2\/product_tag?post=17515"}],"curies":[{"name":"wp","href":"https:\/\/api.w.org\/{rel}","templated":true}]}}