{"id":17569,"date":"2025-04-09T17:33:49","date_gmt":"2025-04-09T15:33:49","guid":{"rendered":"https:\/\/grapil.pl\/produkt\/rekawice-olejoochronne-rpvcd40wariant1\/"},"modified":"2025-04-09T17:33:54","modified_gmt":"2025-04-09T15:33:54","slug":"olschutzhandschuhe-rpvcd40variant1","status":"publish","type":"product","link":"https:\/\/grapil.pl\/de\/produkt\/olschutzhandschuhe-rpvcd40variant1\/","title":{"rendered":"\u00d6lbest\u00e4ndige Handschuhe RPVCD40{variant1}"},"content":{"rendered":"<p>\u00a0<\/p>\n<p><span style=\"font-size:14pt;\"><strong>Schutzhandschuhe aus rotem PVC.<\/strong><\/span><\/p>\n<p><span style=\"font-size:10pt;\">RPVCD-Handschuhe 40 cm, f\u00fcnf Finger, aus rotem PVC, innen mit Strick verst\u00e4rkt. Mit langer Stulpe. N\u00fctzlich bei Arbeiten in feuchter Umgebung und mit hautreizenden Substanzen wie Kalk, Zement und Kunstd\u00fcnger. Sie zeichnen sich durch erh\u00f6hte Abrieb- und Rei\u00dffestigkeit aus.<\/span><\/p>\n<ul>\n<li>verst\u00e4rkt mit Baumwollnetz,<\/li>\n<li>L\u00e4nge 40 cm<\/li>\n<\/ul>\n<p><strong><em>CE Kat. 1 \u00a0<\/em>EN 420:2003+A1:2009<\/strong><\/p>","protected":false},"excerpt":{"rendered":"<p>\u00a0 Schutzhandschuhe aus rotem PVC. RPVCD-Handschuhe 40 cm, f\u00fcnf Finger, aus rotem PVC, innen mit Strickgewebe verst\u00e4rkt.<\/p>","protected":false},"featured_media":17571,"template":"","meta":[],"product_brand":[91],"product_cat":[86,96,126],"product_tag":[],"class_list":{"0":"post-17569","1":"product","2":"type-product","3":"status-publish","4":"has-post-thumbnail","6":"product_brand-artmas","7":"product_cat-sklepbhp","8":"product_cat-rekawice-bhp","9":"product_cat-powlekane","11":"first","12":"instock","13":"product-type-simple"},"yoast_head":"<!-- This site is optimized with the Yoast SEO plugin v25.3 - https:\/\/yoast.com\/wordpress\/plugins\/seo\/ -->\n<title>R\u0119kawice olejoochronne RPVCD40{wariant1} - Grapil.pl \u2013 Profesjonalna Odzie\u017c S\u0142u\u017cbowa dla Bran\u017cy Kelnerskiej, HoReCa i Medycyny<\/title>\n<meta name=\"robots\" content=\"index, follow, max-snippet:-1, max-image-preview:large, max-video-preview:-1\" \/>\n<link rel=\"canonical\" href=\"https:\/\/grapil.pl\/de\/produkt\/olschutzhandschuhe-rpvcd40variant1\/\" \/>\n<meta property=\"og:locale\" content=\"de_DE\" \/>\n<meta property=\"og:type\" content=\"article\" \/>\n<meta property=\"og:title\" content=\"R\u0119kawice olejoochronne RPVCD40{wariant1} - Grapil.pl \u2013 Profesjonalna Odzie\u017c S\u0142u\u017cbowa dla Bran\u017cy Kelnerskiej, HoReCa i Medycyny\" \/>\n<meta property=\"og:description\" content=\"\u00a0 R\u0119kawice ochronne wykonane\u00a0z PVC\u00a0w kolorze czerwonym. R\u0119kawice RPVCD 40 cm pi\u0119ciopalcowe z PCV w kolorze czerwonym, wewn\u0105trz wzmocnione dzianin\u0105.\" \/>\n<meta property=\"og:url\" content=\"https:\/\/grapil.pl\/de\/produkt\/olschutzhandschuhe-rpvcd40variant1\/\" \/>\n<meta property=\"og:site_name\" content=\"Grapil.pl \u2013 Profesjonalna Odzie\u017c S\u0142u\u017cbowa dla Bran\u017cy Kelnerskiej, HoReCa i Medycyny\" \/>\n<meta property=\"article:modified_time\" content=\"2025-04-09T15:33:54+00:00\" \/>\n<meta property=\"og:image\" content=\"https:\/\/grapil.pl\/wp-content\/uploads\/2025\/04\/20627.jpg\" \/>\n\t<meta property=\"og:image:width\" content=\"700\" \/>\n\t<meta property=\"og:image:height\" content=\"700\" \/>\n\t<meta property=\"og:image:type\" content=\"image\/jpeg\" \/>\n<meta name=\"twitter:card\" content=\"summary_large_image\" \/>\n<script type=\"application\/ld+json\" class=\"yoast-schema-graph\">{\"@context\":\"https:\/\/schema.org\",\"@graph\":[{\"@type\":\"WebPage\",\"@id\":\"https:\/\/grapil.pl\/produkt\/rekawice-olejoochronne-rpvcd40wariant1\/\",\"url\":\"https:\/\/grapil.pl\/produkt\/rekawice-olejoochronne-rpvcd40wariant1\/\",\"name\":\"R\u0119kawice olejoochronne RPVCD40{wariant1} - Grapil.pl \u2013 Profesjonalna Odzie\u017c S\u0142u\u017cbowa dla Bran\u017cy Kelnerskiej, HoReCa i Medycyny\",\"isPartOf\":{\"@id\":\"https:\/\/grapil.pl\/#website\"},\"primaryImageOfPage\":{\"@id\":\"https:\/\/grapil.pl\/produkt\/rekawice-olejoochronne-rpvcd40wariant1\/#primaryimage\"},\"image\":{\"@id\":\"https:\/\/grapil.pl\/produkt\/rekawice-olejoochronne-rpvcd40wariant1\/#primaryimage\"},\"thumbnailUrl\":\"https:\/\/grapil.pl\/wp-content\/uploads\/2025\/04\/20627.jpg\",\"datePublished\":\"2025-04-09T15:33:49+00:00\",\"dateModified\":\"2025-04-09T15:33:54+00:00\",\"breadcrumb\":{\"@id\":\"https:\/\/grapil.pl\/produkt\/rekawice-olejoochronne-rpvcd40wariant1\/#breadcrumb\"},\"inLanguage\":\"de\",\"potentialAction\":[{\"@type\":\"ReadAction\",\"target\":[\"https:\/\/grapil.pl\/produkt\/rekawice-olejoochronne-rpvcd40wariant1\/\"]}]},{\"@type\":\"ImageObject\",\"inLanguage\":\"de\",\"@id\":\"https:\/\/grapil.pl\/produkt\/rekawice-olejoochronne-rpvcd40wariant1\/#primaryimage\",\"url\":\"https:\/\/grapil.pl\/wp-content\/uploads\/2025\/04\/20627.jpg\",\"contentUrl\":\"https:\/\/grapil.pl\/wp-content\/uploads\/2025\/04\/20627.jpg\",\"width\":700,\"height\":700},{\"@type\":\"BreadcrumbList\",\"@id\":\"https:\/\/grapil.pl\/produkt\/rekawice-olejoochronne-rpvcd40wariant1\/#breadcrumb\",\"itemListElement\":[{\"@type\":\"ListItem\",\"position\":1,\"name\":\"Strona g\u0142\u00f3wna\",\"item\":\"https:\/\/grapil.pl\/\"},{\"@type\":\"ListItem\",\"position\":2,\"name\":\"sklep\",\"item\":\"https:\/\/grapil.pl\/sklep\/\"},{\"@type\":\"ListItem\",\"position\":3,\"name\":\"R\u0119kawice olejoochronne RPVCD40{wariant1}\"}]},{\"@type\":\"WebSite\",\"@id\":\"https:\/\/grapil.pl\/#website\",\"url\":\"https:\/\/grapil.pl\/\",\"name\":\"Grapil.pl \u2013 Profesjonalna Odzie\u017c S\u0142u\u017cbowa dla Bran\u017cy Kelnerskiej, HoReCa i Medycyny\",\"description\":\"\",\"potentialAction\":[{\"@type\":\"SearchAction\",\"target\":{\"@type\":\"EntryPoint\",\"urlTemplate\":\"https:\/\/grapil.pl\/?s={search_term_string}\"},\"query-input\":{\"@type\":\"PropertyValueSpecification\",\"valueRequired\":true,\"valueName\":\"search_term_string\"}}],\"inLanguage\":\"de\"}]}<\/script>\n<!-- \/ Yoast SEO plugin. -->","yoast_head_json":{"title":"R\u0119kawice olejoochronne RPVCD40{wariant1} - Grapil.pl \u2013 Profesjonalna Odzie\u017c S\u0142u\u017cbowa dla Bran\u017cy Kelnerskiej, HoReCa i Medycyny","robots":{"index":"index","follow":"follow","max-snippet":"max-snippet:-1","max-image-preview":"max-image-preview:large","max-video-preview":"max-video-preview:-1"},"canonical":"https:\/\/grapil.pl\/de\/produkt\/olschutzhandschuhe-rpvcd40variant1\/","og_locale":"de_DE","og_type":"article","og_title":"R\u0119kawice olejoochronne RPVCD40{wariant1} - Grapil.pl \u2013 Profesjonalna Odzie\u017c S\u0142u\u017cbowa dla Bran\u017cy Kelnerskiej, HoReCa i Medycyny","og_description":"\u00a0 R\u0119kawice ochronne wykonane\u00a0z PVC\u00a0w kolorze czerwonym. R\u0119kawice RPVCD 40 cm pi\u0119ciopalcowe z PCV w kolorze czerwonym, wewn\u0105trz wzmocnione dzianin\u0105.","og_url":"https:\/\/grapil.pl\/de\/produkt\/olschutzhandschuhe-rpvcd40variant1\/","og_site_name":"Grapil.pl \u2013 Profesjonalna Odzie\u017c S\u0142u\u017cbowa dla Bran\u017cy Kelnerskiej, HoReCa i Medycyny","article_modified_time":"2025-04-09T15:33:54+00:00","og_image":[{"width":700,"height":700,"url":"https:\/\/grapil.pl\/wp-content\/uploads\/2025\/04\/20627.jpg","type":"image\/jpeg"}],"twitter_card":"summary_large_image","schema":{"@context":"https:\/\/schema.org","@graph":[{"@type":"WebPage","@id":"https:\/\/grapil.pl\/produkt\/rekawice-olejoochronne-rpvcd40wariant1\/","url":"https:\/\/grapil.pl\/produkt\/rekawice-olejoochronne-rpvcd40wariant1\/","name":"R\u0119kawice olejoochronne RPVCD40{wariant1} - Grapil.pl \u2013 Profesjonalna Odzie\u017c S\u0142u\u017cbowa dla Bran\u017cy Kelnerskiej, HoReCa i Medycyny","isPartOf":{"@id":"https:\/\/grapil.pl\/#website"},"primaryImageOfPage":{"@id":"https:\/\/grapil.pl\/produkt\/rekawice-olejoochronne-rpvcd40wariant1\/#primaryimage"},"image":{"@id":"https:\/\/grapil.pl\/produkt\/rekawice-olejoochronne-rpvcd40wariant1\/#primaryimage"},"thumbnailUrl":"https:\/\/grapil.pl\/wp-content\/uploads\/2025\/04\/20627.jpg","datePublished":"2025-04-09T15:33:49+00:00","dateModified":"2025-04-09T15:33:54+00:00","breadcrumb":{"@id":"https:\/\/grapil.pl\/produkt\/rekawice-olejoochronne-rpvcd40wariant1\/#breadcrumb"},"inLanguage":"de","potentialAction":[{"@type":"ReadAction","target":["https:\/\/grapil.pl\/produkt\/rekawice-olejoochronne-rpvcd40wariant1\/"]}]},{"@type":"ImageObject","inLanguage":"de","@id":"https:\/\/grapil.pl\/produkt\/rekawice-olejoochronne-rpvcd40wariant1\/#primaryimage","url":"https:\/\/grapil.pl\/wp-content\/uploads\/2025\/04\/20627.jpg","contentUrl":"https:\/\/grapil.pl\/wp-content\/uploads\/2025\/04\/20627.jpg","width":700,"height":700},{"@type":"BreadcrumbList","@id":"https:\/\/grapil.pl\/produkt\/rekawice-olejoochronne-rpvcd40wariant1\/#breadcrumb","itemListElement":[{"@type":"ListItem","position":1,"name":"Strona g\u0142\u00f3wna","item":"https:\/\/grapil.pl\/"},{"@type":"ListItem","position":2,"name":"sklep","item":"https:\/\/grapil.pl\/sklep\/"},{"@type":"ListItem","position":3,"name":"R\u0119kawice olejoochronne RPVCD40{wariant1}"}]},{"@type":"WebSite","@id":"https:\/\/grapil.pl\/#website","url":"https:\/\/grapil.pl\/","name":"Grapil.pl \u2013 Profesjonalna Odzie\u017c S\u0142u\u017cbowa dla Bran\u017cy Kelnerskiej, HoReCa i Medycyny","description":"","potentialAction":[{"@type":"SearchAction","target":{"@type":"EntryPoint","urlTemplate":"https:\/\/grapil.pl\/?s={search_term_string}"},"query-input":{"@type":"PropertyValueSpecification","valueRequired":true,"valueName":"search_term_string"}}],"inLanguage":"de"}]}},"_links":{"self":[{"href":"https:\/\/grapil.pl\/de\/wp-json\/wp\/v2\/product\/17569","targetHints":{"allow":["GET"]}}],"collection":[{"href":"https:\/\/grapil.pl\/de\/wp-json\/wp\/v2\/product"}],"about":[{"href":"https:\/\/grapil.pl\/de\/wp-json\/wp\/v2\/types\/product"}],"version-history":[{"count":1,"href":"https:\/\/grapil.pl\/de\/wp-json\/wp\/v2\/product\/17569\/revisions"}],"predecessor-version":[{"id":17570,"href":"https:\/\/grapil.pl\/de\/wp-json\/wp\/v2\/product\/17569\/revisions\/17570"}],"wp:featuredmedia":[{"embeddable":true,"href":"https:\/\/grapil.pl\/de\/wp-json\/wp\/v2\/media\/17571"}],"wp:attachment":[{"href":"https:\/\/grapil.pl\/de\/wp-json\/wp\/v2\/media?parent=17569"}],"wp:term":[{"taxonomy":"product_brand","embeddable":true,"href":"https:\/\/grapil.pl\/de\/wp-json\/wp\/v2\/product_brand?post=17569"},{"taxonomy":"product_cat","embeddable":true,"href":"https:\/\/grapil.pl\/de\/wp-json\/wp\/v2\/product_cat?post=17569"},{"taxonomy":"product_tag","embeddable":true,"href":"https:\/\/grapil.pl\/de\/wp-json\/wp\/v2\/product_tag?post=17569"}],"curies":[{"name":"wp","href":"https:\/\/api.w.org\/{rel}","templated":true}]}}