{"id":17587,"date":"2025-04-09T17:33:49","date_gmt":"2025-04-09T15:33:49","guid":{"rendered":"https:\/\/grapil.pl\/produkt\/rekawice-pcv-petrel-rozmiar-11\/"},"modified":"2025-04-09T17:33:56","modified_gmt":"2025-04-09T15:33:56","slug":"petrel-pvc-handschuhe-grose-11","status":"publish","type":"product","link":"https:\/\/grapil.pl\/de\/produkt\/petrel-pvc-handschuhe-grose-11\/","title":{"rendered":"Petrel PVC-Handschuhe Gr\u00f6\u00dfe 11"},"content":{"rendered":"<h2 class=\"h3\">Petrel PVC-Handschuhe<\/h2>\n<p>PVC-Handschuhe, Futter aus Jersey-Stoff (geb\u00fcrstete Baumwolle).<br \/>Das Griffteil hat eine raue Oberfl\u00e4che mit Anti-Rutsch-Struktur.<\/p>\n<p><strong>Kat. III<\/strong><br \/><strong>Normen:<\/strong><br \/><strong>EN388(4,1,2,1) mechanischer Schutz<\/strong><br \/><strong>EN374-2<\/strong><br \/><strong>EN374-3 (J, K, L)<\/strong><\/p>","protected":false},"excerpt":{"rendered":"<p>PVC-Handschuhe Petrel PVC-Handschuhe, Futter aus Jersey-Material (geb\u00fcrstete Baumwolle). Im Griffbereich raue Oberfl\u00e4che mit Anti-Rutsch-Struktur. Kat. IIINormen: EN388 (4,1,2,1)<\/p>","protected":false},"featured_media":17589,"template":"","meta":[],"product_brand":[],"product_cat":[86,96,126],"product_tag":[],"class_list":{"0":"post-17587","1":"product","2":"type-product","3":"status-publish","4":"has-post-thumbnail","6":"product_cat-sklepbhp","7":"product_cat-rekawice-bhp","8":"product_cat-powlekane","10":"first","11":"instock","12":"product-type-simple"},"yoast_head":"<!-- This site is optimized with the Yoast SEO plugin v25.3 - https:\/\/yoast.com\/wordpress\/plugins\/seo\/ -->\n<title>R\u0119kawice PCV Petrel rozmiar 11 - Grapil.pl \u2013 Profesjonalna Odzie\u017c S\u0142u\u017cbowa dla Bran\u017cy Kelnerskiej, HoReCa i Medycyny<\/title>\n<meta name=\"robots\" content=\"index, follow, max-snippet:-1, max-image-preview:large, max-video-preview:-1\" \/>\n<link rel=\"canonical\" href=\"https:\/\/grapil.pl\/de\/produkt\/petrel-pvc-handschuhe-grose-11\/\" \/>\n<meta property=\"og:locale\" content=\"de_DE\" \/>\n<meta property=\"og:type\" content=\"article\" \/>\n<meta property=\"og:title\" content=\"R\u0119kawice PCV Petrel rozmiar 11 - Grapil.pl \u2013 Profesjonalna Odzie\u017c S\u0142u\u017cbowa dla Bran\u017cy Kelnerskiej, HoReCa i Medycyny\" \/>\n<meta property=\"og:description\" content=\"R\u0119kawice PCV Petrel R\u0119kawice z pcv, materia\u0142owa wy\u015bci\u00f3\u0142ka d\u017cersejowa (bawe\u0142na drapana).W cz\u0119\u015bci chwytnej, chropawa powierzchnia o strukturze przeciw\u015blizgowej. Kat. IIINormy:EN388(4,1,2,1)\" \/>\n<meta property=\"og:url\" content=\"https:\/\/grapil.pl\/de\/produkt\/petrel-pvc-handschuhe-grose-11\/\" \/>\n<meta property=\"og:site_name\" content=\"Grapil.pl \u2013 Profesjonalna Odzie\u017c S\u0142u\u017cbowa dla Bran\u017cy Kelnerskiej, HoReCa i Medycyny\" \/>\n<meta property=\"article:modified_time\" content=\"2025-04-09T15:33:56+00:00\" \/>\n<meta property=\"og:image\" content=\"https:\/\/grapil.pl\/wp-content\/uploads\/2025\/04\/e611e5b618ccc856e3645cf6664c739b.jpg\" \/>\n\t<meta property=\"og:image:width\" content=\"700\" \/>\n\t<meta property=\"og:image:height\" content=\"631\" \/>\n\t<meta property=\"og:image:type\" content=\"image\/jpeg\" \/>\n<meta name=\"twitter:card\" content=\"summary_large_image\" \/>\n<script type=\"application\/ld+json\" class=\"yoast-schema-graph\">{\"@context\":\"https:\/\/schema.org\",\"@graph\":[{\"@type\":\"WebPage\",\"@id\":\"https:\/\/grapil.pl\/produkt\/rekawice-pcv-petrel-rozmiar-11\/\",\"url\":\"https:\/\/grapil.pl\/produkt\/rekawice-pcv-petrel-rozmiar-11\/\",\"name\":\"R\u0119kawice PCV Petrel rozmiar 11 - Grapil.pl \u2013 Profesjonalna Odzie\u017c S\u0142u\u017cbowa dla Bran\u017cy Kelnerskiej, HoReCa i Medycyny\",\"isPartOf\":{\"@id\":\"https:\/\/grapil.pl\/#website\"},\"primaryImageOfPage\":{\"@id\":\"https:\/\/grapil.pl\/produkt\/rekawice-pcv-petrel-rozmiar-11\/#primaryimage\"},\"image\":{\"@id\":\"https:\/\/grapil.pl\/produkt\/rekawice-pcv-petrel-rozmiar-11\/#primaryimage\"},\"thumbnailUrl\":\"https:\/\/grapil.pl\/wp-content\/uploads\/2025\/04\/e611e5b618ccc856e3645cf6664c739b.jpg\",\"datePublished\":\"2025-04-09T15:33:49+00:00\",\"dateModified\":\"2025-04-09T15:33:56+00:00\",\"breadcrumb\":{\"@id\":\"https:\/\/grapil.pl\/produkt\/rekawice-pcv-petrel-rozmiar-11\/#breadcrumb\"},\"inLanguage\":\"de\",\"potentialAction\":[{\"@type\":\"ReadAction\",\"target\":[\"https:\/\/grapil.pl\/produkt\/rekawice-pcv-petrel-rozmiar-11\/\"]}]},{\"@type\":\"ImageObject\",\"inLanguage\":\"de\",\"@id\":\"https:\/\/grapil.pl\/produkt\/rekawice-pcv-petrel-rozmiar-11\/#primaryimage\",\"url\":\"https:\/\/grapil.pl\/wp-content\/uploads\/2025\/04\/e611e5b618ccc856e3645cf6664c739b.jpg\",\"contentUrl\":\"https:\/\/grapil.pl\/wp-content\/uploads\/2025\/04\/e611e5b618ccc856e3645cf6664c739b.jpg\",\"width\":700,\"height\":631},{\"@type\":\"BreadcrumbList\",\"@id\":\"https:\/\/grapil.pl\/produkt\/rekawice-pcv-petrel-rozmiar-11\/#breadcrumb\",\"itemListElement\":[{\"@type\":\"ListItem\",\"position\":1,\"name\":\"Strona g\u0142\u00f3wna\",\"item\":\"https:\/\/grapil.pl\/\"},{\"@type\":\"ListItem\",\"position\":2,\"name\":\"sklep\",\"item\":\"https:\/\/grapil.pl\/sklep\/\"},{\"@type\":\"ListItem\",\"position\":3,\"name\":\"R\u0119kawice PCV Petrel rozmiar 11\"}]},{\"@type\":\"WebSite\",\"@id\":\"https:\/\/grapil.pl\/#website\",\"url\":\"https:\/\/grapil.pl\/\",\"name\":\"Grapil.pl \u2013 Profesjonalna Odzie\u017c S\u0142u\u017cbowa dla Bran\u017cy Kelnerskiej, HoReCa i Medycyny\",\"description\":\"\",\"potentialAction\":[{\"@type\":\"SearchAction\",\"target\":{\"@type\":\"EntryPoint\",\"urlTemplate\":\"https:\/\/grapil.pl\/?s={search_term_string}\"},\"query-input\":{\"@type\":\"PropertyValueSpecification\",\"valueRequired\":true,\"valueName\":\"search_term_string\"}}],\"inLanguage\":\"de\"}]}<\/script>\n<!-- \/ Yoast SEO plugin. -->","yoast_head_json":{"title":"R\u0119kawice PCV Petrel rozmiar 11 - Grapil.pl \u2013 Profesjonalna Odzie\u017c S\u0142u\u017cbowa dla Bran\u017cy Kelnerskiej, HoReCa i Medycyny","robots":{"index":"index","follow":"follow","max-snippet":"max-snippet:-1","max-image-preview":"max-image-preview:large","max-video-preview":"max-video-preview:-1"},"canonical":"https:\/\/grapil.pl\/de\/produkt\/petrel-pvc-handschuhe-grose-11\/","og_locale":"de_DE","og_type":"article","og_title":"R\u0119kawice PCV Petrel rozmiar 11 - Grapil.pl \u2013 Profesjonalna Odzie\u017c S\u0142u\u017cbowa dla Bran\u017cy Kelnerskiej, HoReCa i Medycyny","og_description":"R\u0119kawice PCV Petrel R\u0119kawice z pcv, materia\u0142owa wy\u015bci\u00f3\u0142ka d\u017cersejowa (bawe\u0142na drapana).W cz\u0119\u015bci chwytnej, chropawa powierzchnia o strukturze przeciw\u015blizgowej. Kat. IIINormy:EN388(4,1,2,1)","og_url":"https:\/\/grapil.pl\/de\/produkt\/petrel-pvc-handschuhe-grose-11\/","og_site_name":"Grapil.pl \u2013 Profesjonalna Odzie\u017c S\u0142u\u017cbowa dla Bran\u017cy Kelnerskiej, HoReCa i Medycyny","article_modified_time":"2025-04-09T15:33:56+00:00","og_image":[{"width":700,"height":631,"url":"https:\/\/grapil.pl\/wp-content\/uploads\/2025\/04\/e611e5b618ccc856e3645cf6664c739b.jpg","type":"image\/jpeg"}],"twitter_card":"summary_large_image","schema":{"@context":"https:\/\/schema.org","@graph":[{"@type":"WebPage","@id":"https:\/\/grapil.pl\/produkt\/rekawice-pcv-petrel-rozmiar-11\/","url":"https:\/\/grapil.pl\/produkt\/rekawice-pcv-petrel-rozmiar-11\/","name":"R\u0119kawice PCV Petrel rozmiar 11 - Grapil.pl \u2013 Profesjonalna Odzie\u017c S\u0142u\u017cbowa dla Bran\u017cy Kelnerskiej, HoReCa i Medycyny","isPartOf":{"@id":"https:\/\/grapil.pl\/#website"},"primaryImageOfPage":{"@id":"https:\/\/grapil.pl\/produkt\/rekawice-pcv-petrel-rozmiar-11\/#primaryimage"},"image":{"@id":"https:\/\/grapil.pl\/produkt\/rekawice-pcv-petrel-rozmiar-11\/#primaryimage"},"thumbnailUrl":"https:\/\/grapil.pl\/wp-content\/uploads\/2025\/04\/e611e5b618ccc856e3645cf6664c739b.jpg","datePublished":"2025-04-09T15:33:49+00:00","dateModified":"2025-04-09T15:33:56+00:00","breadcrumb":{"@id":"https:\/\/grapil.pl\/produkt\/rekawice-pcv-petrel-rozmiar-11\/#breadcrumb"},"inLanguage":"de","potentialAction":[{"@type":"ReadAction","target":["https:\/\/grapil.pl\/produkt\/rekawice-pcv-petrel-rozmiar-11\/"]}]},{"@type":"ImageObject","inLanguage":"de","@id":"https:\/\/grapil.pl\/produkt\/rekawice-pcv-petrel-rozmiar-11\/#primaryimage","url":"https:\/\/grapil.pl\/wp-content\/uploads\/2025\/04\/e611e5b618ccc856e3645cf6664c739b.jpg","contentUrl":"https:\/\/grapil.pl\/wp-content\/uploads\/2025\/04\/e611e5b618ccc856e3645cf6664c739b.jpg","width":700,"height":631},{"@type":"BreadcrumbList","@id":"https:\/\/grapil.pl\/produkt\/rekawice-pcv-petrel-rozmiar-11\/#breadcrumb","itemListElement":[{"@type":"ListItem","position":1,"name":"Strona g\u0142\u00f3wna","item":"https:\/\/grapil.pl\/"},{"@type":"ListItem","position":2,"name":"sklep","item":"https:\/\/grapil.pl\/sklep\/"},{"@type":"ListItem","position":3,"name":"R\u0119kawice PCV Petrel rozmiar 11"}]},{"@type":"WebSite","@id":"https:\/\/grapil.pl\/#website","url":"https:\/\/grapil.pl\/","name":"Grapil.pl \u2013 Profesjonalna Odzie\u017c S\u0142u\u017cbowa dla Bran\u017cy Kelnerskiej, HoReCa i Medycyny","description":"","potentialAction":[{"@type":"SearchAction","target":{"@type":"EntryPoint","urlTemplate":"https:\/\/grapil.pl\/?s={search_term_string}"},"query-input":{"@type":"PropertyValueSpecification","valueRequired":true,"valueName":"search_term_string"}}],"inLanguage":"de"}]}},"_links":{"self":[{"href":"https:\/\/grapil.pl\/de\/wp-json\/wp\/v2\/product\/17587","targetHints":{"allow":["GET"]}}],"collection":[{"href":"https:\/\/grapil.pl\/de\/wp-json\/wp\/v2\/product"}],"about":[{"href":"https:\/\/grapil.pl\/de\/wp-json\/wp\/v2\/types\/product"}],"version-history":[{"count":1,"href":"https:\/\/grapil.pl\/de\/wp-json\/wp\/v2\/product\/17587\/revisions"}],"predecessor-version":[{"id":17588,"href":"https:\/\/grapil.pl\/de\/wp-json\/wp\/v2\/product\/17587\/revisions\/17588"}],"wp:featuredmedia":[{"embeddable":true,"href":"https:\/\/grapil.pl\/de\/wp-json\/wp\/v2\/media\/17589"}],"wp:attachment":[{"href":"https:\/\/grapil.pl\/de\/wp-json\/wp\/v2\/media?parent=17587"}],"wp:term":[{"taxonomy":"product_brand","embeddable":true,"href":"https:\/\/grapil.pl\/de\/wp-json\/wp\/v2\/product_brand?post=17587"},{"taxonomy":"product_cat","embeddable":true,"href":"https:\/\/grapil.pl\/de\/wp-json\/wp\/v2\/product_cat?post=17587"},{"taxonomy":"product_tag","embeddable":true,"href":"https:\/\/grapil.pl\/de\/wp-json\/wp\/v2\/product_tag?post=17587"}],"curies":[{"name":"wp","href":"https:\/\/api.w.org\/{rel}","templated":true}]}}