{"id":17611,"date":"2025-04-09T17:33:49","date_gmt":"2025-04-09T15:33:49","guid":{"rendered":"https:\/\/grapil.pl\/produkt\/koszula-damska-klasyczna-na-stojce-z-kolnierzem\/"},"modified":"2026-02-17T14:04:48","modified_gmt":"2026-02-17T13:04:48","slug":"klassisches-damen-stehkragenshirt","status":"publish","type":"product","link":"https:\/\/grapil.pl\/de\/produkt\/klassisches-damen-stehkragenshirt\/","title":{"rendered":"Klassisches Damenshirt mit Stehkragen"},"content":{"rendered":"<p>Klassisches Damenhemd mit Stehkragen und Abn\u00e4hern, die die Silhouette formen. Lange \u00c4rmel.<\/p>\n<p>Wei\u00dfe Farbe und kontrastfarbene Accessoires (Magenta): Innenkragen, Innen- und leicht \u00e4u\u00dfere Manschette, dekorative Paspelierung am unteren Saum. Knopflochbesatz und Knopfann\u00e4hen in Farbe. Zus\u00e4tzlich drei Kn\u00f6pfe auf Brusth\u00f6he. Erg\u00e4nzend zu den Accessoires gibt es farbige Kn\u00f6pfe an Kragen und Manschette.<\/p>\n<p>Farbige Accessoires sind \u00e4sthetisch und funktional zugleich, denn sie befinden sich an Stellen, die besonders starker Beanspruchung ausgesetzt sind, wie zum Beispiel am Kragen oder an der Manschette.<\/p>\n<p>Basic-Stoffe und Accessoires in gro\u00dfer Farbpalette.<\/p>\n<p style=\"font-weight: 400;\"><span style=\"color: #d43b3b;\">Stickereien m\u00f6glich \u2013 bitte kontaktieren Sie uns!<\/span><\/p>\n<p style=\"font-weight: 400;\"><span style=\"color: #d43b3b;\">Der Preis wird individuell mit dem Kunden vereinbart.<\/span><\/p>","protected":false},"excerpt":{"rendered":"<p>Klassisches Damenhemd mit Stehkragen<\/p>","protected":false},"featured_media":25147,"template":"","meta":[],"product_brand":[127],"product_cat":[83,209,220,82,136,218],"product_tag":[],"class_list":{"0":"post-17611","1":"product","2":"type-product","3":"status-publish","4":"has-post-thumbnail","6":"product_brand-produkt-na-zamowienie","7":"product_cat-branza-kelnerska","8":"product_cat-profesjonalne-koszule-kelnerskie","9":"product_cat-koszule-damskie-profesjonalne-koszule-kelnerskie","10":"product_cat-hotelarstwo","11":"product_cat-koszule-hotelarska","12":"product_cat-koszule-damskie","14":"first","15":"instock","16":"product-type-simple"},"yoast_head":"<!-- This site is optimized with the Yoast SEO plugin v25.3 - https:\/\/yoast.com\/wordpress\/plugins\/seo\/ -->\n<title>Koszula damska klasyczna na st\u00f3jce - Grapil.pl \u2013 Profesjonalna Odzie\u017c S\u0142u\u017cbowa dla Bran\u017cy Kelnerskiej, HoReCa i Medycyny<\/title>\n<meta name=\"robots\" content=\"index, follow, max-snippet:-1, max-image-preview:large, max-video-preview:-1\" \/>\n<link rel=\"canonical\" href=\"https:\/\/grapil.pl\/de\/produkt\/klassisches-damen-stehkragenshirt\/\" \/>\n<meta property=\"og:locale\" content=\"de_DE\" \/>\n<meta property=\"og:type\" content=\"article\" \/>\n<meta property=\"og:title\" content=\"Koszula damska klasyczna na st\u00f3jce - Grapil.pl \u2013 Profesjonalna Odzie\u017c S\u0142u\u017cbowa dla Bran\u017cy Kelnerskiej, HoReCa i Medycyny\" \/>\n<meta property=\"og:description\" content=\"Koszula damska klasyczna na st\u00f3jce z ko\u0142nierzem\" \/>\n<meta property=\"og:url\" content=\"https:\/\/grapil.pl\/de\/produkt\/klassisches-damen-stehkragenshirt\/\" \/>\n<meta property=\"og:site_name\" content=\"Grapil.pl \u2013 Profesjonalna Odzie\u017c S\u0142u\u017cbowa dla Bran\u017cy Kelnerskiej, HoReCa i Medycyny\" \/>\n<meta property=\"article:modified_time\" content=\"2026-02-17T13:04:48+00:00\" \/>\n<meta property=\"og:image\" content=\"https:\/\/grapil.pl\/wp-content\/uploads\/2025\/04\/Koszula-na-stojce-aaa-kopia.jpg\" \/>\n\t<meta property=\"og:image:width\" content=\"600\" \/>\n\t<meta property=\"og:image:height\" content=\"800\" \/>\n\t<meta property=\"og:image:type\" content=\"image\/jpeg\" \/>\n<meta name=\"twitter:card\" content=\"summary_large_image\" \/>\n<meta name=\"twitter:label1\" content=\"Gesch\u00e4tzte Lesezeit\" \/>\n\t<meta name=\"twitter:data1\" content=\"1\u00a0Minute\" \/>\n<script type=\"application\/ld+json\" class=\"yoast-schema-graph\">{\"@context\":\"https:\/\/schema.org\",\"@graph\":[{\"@type\":\"WebPage\",\"@id\":\"https:\/\/grapil.pl\/produkt\/koszula-damska-klasyczna-na-stojce-z-kolnierzem\/\",\"url\":\"https:\/\/grapil.pl\/produkt\/koszula-damska-klasyczna-na-stojce-z-kolnierzem\/\",\"name\":\"Koszula damska klasyczna na st\u00f3jce - Grapil.pl \u2013 Profesjonalna Odzie\u017c S\u0142u\u017cbowa dla Bran\u017cy Kelnerskiej, HoReCa i Medycyny\",\"isPartOf\":{\"@id\":\"https:\/\/grapil.pl\/#website\"},\"primaryImageOfPage\":{\"@id\":\"https:\/\/grapil.pl\/produkt\/koszula-damska-klasyczna-na-stojce-z-kolnierzem\/#primaryimage\"},\"image\":{\"@id\":\"https:\/\/grapil.pl\/produkt\/koszula-damska-klasyczna-na-stojce-z-kolnierzem\/#primaryimage\"},\"thumbnailUrl\":\"https:\/\/grapil.pl\/wp-content\/uploads\/2025\/04\/Koszula-na-stojce-aaa-kopia.jpg\",\"datePublished\":\"2025-04-09T15:33:49+00:00\",\"dateModified\":\"2026-02-17T13:04:48+00:00\",\"breadcrumb\":{\"@id\":\"https:\/\/grapil.pl\/produkt\/koszula-damska-klasyczna-na-stojce-z-kolnierzem\/#breadcrumb\"},\"inLanguage\":\"de\",\"potentialAction\":[{\"@type\":\"ReadAction\",\"target\":[\"https:\/\/grapil.pl\/produkt\/koszula-damska-klasyczna-na-stojce-z-kolnierzem\/\"]}]},{\"@type\":\"ImageObject\",\"inLanguage\":\"de\",\"@id\":\"https:\/\/grapil.pl\/produkt\/koszula-damska-klasyczna-na-stojce-z-kolnierzem\/#primaryimage\",\"url\":\"https:\/\/grapil.pl\/wp-content\/uploads\/2025\/04\/Koszula-na-stojce-aaa-kopia.jpg\",\"contentUrl\":\"https:\/\/grapil.pl\/wp-content\/uploads\/2025\/04\/Koszula-na-stojce-aaa-kopia.jpg\",\"width\":600,\"height\":800},{\"@type\":\"BreadcrumbList\",\"@id\":\"https:\/\/grapil.pl\/produkt\/koszula-damska-klasyczna-na-stojce-z-kolnierzem\/#breadcrumb\",\"itemListElement\":[{\"@type\":\"ListItem\",\"position\":1,\"name\":\"Strona g\u0142\u00f3wna\",\"item\":\"https:\/\/grapil.pl\/\"},{\"@type\":\"ListItem\",\"position\":2,\"name\":\"sklep\",\"item\":\"https:\/\/grapil.pl\/sklep\/\"},{\"@type\":\"ListItem\",\"position\":3,\"name\":\"Koszula damska klasyczna na st\u00f3jce\"}]},{\"@type\":\"WebSite\",\"@id\":\"https:\/\/grapil.pl\/#website\",\"url\":\"https:\/\/grapil.pl\/\",\"name\":\"Grapil.pl \u2013 Profesjonalna Odzie\u017c S\u0142u\u017cbowa dla Bran\u017cy Kelnerskiej, HoReCa i Medycyny\",\"description\":\"\",\"potentialAction\":[{\"@type\":\"SearchAction\",\"target\":{\"@type\":\"EntryPoint\",\"urlTemplate\":\"https:\/\/grapil.pl\/?s={search_term_string}\"},\"query-input\":{\"@type\":\"PropertyValueSpecification\",\"valueRequired\":true,\"valueName\":\"search_term_string\"}}],\"inLanguage\":\"de\"}]}<\/script>\n<!-- \/ Yoast SEO plugin. -->","yoast_head_json":{"title":"Koszula damska klasyczna na st\u00f3jce - Grapil.pl \u2013 Profesjonalna Odzie\u017c S\u0142u\u017cbowa dla Bran\u017cy Kelnerskiej, HoReCa i Medycyny","robots":{"index":"index","follow":"follow","max-snippet":"max-snippet:-1","max-image-preview":"max-image-preview:large","max-video-preview":"max-video-preview:-1"},"canonical":"https:\/\/grapil.pl\/de\/produkt\/klassisches-damen-stehkragenshirt\/","og_locale":"de_DE","og_type":"article","og_title":"Koszula damska klasyczna na st\u00f3jce - Grapil.pl \u2013 Profesjonalna Odzie\u017c S\u0142u\u017cbowa dla Bran\u017cy Kelnerskiej, HoReCa i Medycyny","og_description":"Koszula damska klasyczna na st\u00f3jce z ko\u0142nierzem","og_url":"https:\/\/grapil.pl\/de\/produkt\/klassisches-damen-stehkragenshirt\/","og_site_name":"Grapil.pl \u2013 Profesjonalna Odzie\u017c S\u0142u\u017cbowa dla Bran\u017cy Kelnerskiej, HoReCa i Medycyny","article_modified_time":"2026-02-17T13:04:48+00:00","og_image":[{"width":600,"height":800,"url":"https:\/\/grapil.pl\/wp-content\/uploads\/2025\/04\/Koszula-na-stojce-aaa-kopia.jpg","type":"image\/jpeg"}],"twitter_card":"summary_large_image","twitter_misc":{"Gesch\u00e4tzte Lesezeit":"1\u00a0Minute"},"schema":{"@context":"https:\/\/schema.org","@graph":[{"@type":"WebPage","@id":"https:\/\/grapil.pl\/produkt\/koszula-damska-klasyczna-na-stojce-z-kolnierzem\/","url":"https:\/\/grapil.pl\/produkt\/koszula-damska-klasyczna-na-stojce-z-kolnierzem\/","name":"Koszula damska klasyczna na st\u00f3jce - Grapil.pl \u2013 Profesjonalna Odzie\u017c S\u0142u\u017cbowa dla Bran\u017cy Kelnerskiej, HoReCa i Medycyny","isPartOf":{"@id":"https:\/\/grapil.pl\/#website"},"primaryImageOfPage":{"@id":"https:\/\/grapil.pl\/produkt\/koszula-damska-klasyczna-na-stojce-z-kolnierzem\/#primaryimage"},"image":{"@id":"https:\/\/grapil.pl\/produkt\/koszula-damska-klasyczna-na-stojce-z-kolnierzem\/#primaryimage"},"thumbnailUrl":"https:\/\/grapil.pl\/wp-content\/uploads\/2025\/04\/Koszula-na-stojce-aaa-kopia.jpg","datePublished":"2025-04-09T15:33:49+00:00","dateModified":"2026-02-17T13:04:48+00:00","breadcrumb":{"@id":"https:\/\/grapil.pl\/produkt\/koszula-damska-klasyczna-na-stojce-z-kolnierzem\/#breadcrumb"},"inLanguage":"de","potentialAction":[{"@type":"ReadAction","target":["https:\/\/grapil.pl\/produkt\/koszula-damska-klasyczna-na-stojce-z-kolnierzem\/"]}]},{"@type":"ImageObject","inLanguage":"de","@id":"https:\/\/grapil.pl\/produkt\/koszula-damska-klasyczna-na-stojce-z-kolnierzem\/#primaryimage","url":"https:\/\/grapil.pl\/wp-content\/uploads\/2025\/04\/Koszula-na-stojce-aaa-kopia.jpg","contentUrl":"https:\/\/grapil.pl\/wp-content\/uploads\/2025\/04\/Koszula-na-stojce-aaa-kopia.jpg","width":600,"height":800},{"@type":"BreadcrumbList","@id":"https:\/\/grapil.pl\/produkt\/koszula-damska-klasyczna-na-stojce-z-kolnierzem\/#breadcrumb","itemListElement":[{"@type":"ListItem","position":1,"name":"Strona g\u0142\u00f3wna","item":"https:\/\/grapil.pl\/"},{"@type":"ListItem","position":2,"name":"sklep","item":"https:\/\/grapil.pl\/sklep\/"},{"@type":"ListItem","position":3,"name":"Koszula damska klasyczna na st\u00f3jce"}]},{"@type":"WebSite","@id":"https:\/\/grapil.pl\/#website","url":"https:\/\/grapil.pl\/","name":"Grapil.pl \u2013 Profesjonalna Odzie\u017c S\u0142u\u017cbowa dla Bran\u017cy Kelnerskiej, HoReCa i Medycyny","description":"","potentialAction":[{"@type":"SearchAction","target":{"@type":"EntryPoint","urlTemplate":"https:\/\/grapil.pl\/?s={search_term_string}"},"query-input":{"@type":"PropertyValueSpecification","valueRequired":true,"valueName":"search_term_string"}}],"inLanguage":"de"}]}},"_links":{"self":[{"href":"https:\/\/grapil.pl\/de\/wp-json\/wp\/v2\/product\/17611","targetHints":{"allow":["GET"]}}],"collection":[{"href":"https:\/\/grapil.pl\/de\/wp-json\/wp\/v2\/product"}],"about":[{"href":"https:\/\/grapil.pl\/de\/wp-json\/wp\/v2\/types\/product"}],"version-history":[{"count":4,"href":"https:\/\/grapil.pl\/de\/wp-json\/wp\/v2\/product\/17611\/revisions"}],"predecessor-version":[{"id":25148,"href":"https:\/\/grapil.pl\/de\/wp-json\/wp\/v2\/product\/17611\/revisions\/25148"}],"wp:featuredmedia":[{"embeddable":true,"href":"https:\/\/grapil.pl\/de\/wp-json\/wp\/v2\/media\/25147"}],"wp:attachment":[{"href":"https:\/\/grapil.pl\/de\/wp-json\/wp\/v2\/media?parent=17611"}],"wp:term":[{"taxonomy":"product_brand","embeddable":true,"href":"https:\/\/grapil.pl\/de\/wp-json\/wp\/v2\/product_brand?post=17611"},{"taxonomy":"product_cat","embeddable":true,"href":"https:\/\/grapil.pl\/de\/wp-json\/wp\/v2\/product_cat?post=17611"},{"taxonomy":"product_tag","embeddable":true,"href":"https:\/\/grapil.pl\/de\/wp-json\/wp\/v2\/product_tag?post=17611"}],"curies":[{"name":"wp","href":"https:\/\/api.w.org\/{rel}","templated":true}]}}