{"id":17742,"date":"2025-04-09T17:34:32","date_gmt":"2025-04-09T15:34:32","guid":{"rendered":"https:\/\/grapil.pl\/produkt\/koszulka-meska-t-shirt-brazowa\/"},"modified":"2025-06-12T12:28:45","modified_gmt":"2025-06-12T10:28:45","slug":"herren-t-shirt-braun","status":"publish","type":"product","link":"https:\/\/grapil.pl\/de\/produkt\/herren-t-shirt-braun\/","title":{"rendered":"Herren T-Shirt Braun"},"content":{"rendered":"<p><strong><span style=\"font-size:14pt;\">Einfaches Herren T-Shirt<\/span><\/strong><\/p>\n<p>Kurzarm-T-Shirt von JHK. Das T-Shirt besticht durch sein hochwertiges Material \u2013 100% Baumwolle wurde f\u00fcr die Herstellung verwendet. Die T-Shirts verf\u00fcgen au\u00dferdem \u00fcber Doppeln\u00e4hte an den Schultern, verst\u00e4rkte Lycra-B\u00fcndchen und ein Verst\u00e4rkungsband. Dank dieser Verarbeitung beh\u00e4lt das T-Shirt seine Qualit\u00e4t und Haltbarkeit lange.<\/p>\n<table style=\"height:254px;width:307px;\">\n<tbody>\n<tr>\n<td style=\"width:60px;text-align:center;\">Gr\u00f6\u00dfe<\/td>\n<td style=\"width:70px;text-align:center;\">L\u00e4nge<\/td>\n<td style=\"width:75px;text-align:center;\">Breite<\/td>\n<\/tr>\n<tr>\n<td style=\"width:60px;text-align:center;\">Gr\u00f6\u00dfe<\/td>\n<td style=\"width:70px;text-align:center;\">68<\/td>\n<td style=\"width:75px;text-align:center;\">48<\/td>\n<\/tr>\n<tr>\n<td style=\"width:60px;text-align:center;\">S<\/td>\n<td style=\"width:70px;text-align:center;\">70<\/td>\n<td style=\"width:75px;text-align:center;\">51<\/td>\n<\/tr>\n<tr>\n<td style=\"width:60px;text-align:center;\">M<\/td>\n<td style=\"width:70px;text-align:center;\">72<\/td>\n<td style=\"width:75px;text-align:center;\">53<\/td>\n<\/tr>\n<tr>\n<td style=\"width:60px;text-align:center;\">L<\/td>\n<td style=\"width:70px;text-align:center;\">74<\/td>\n<td style=\"width:75px;text-align:center;\">56<\/td>\n<\/tr>\n<tr>\n<td style=\"width:60px;text-align:center;\">XL<\/td>\n<td style=\"width:70px;text-align:center;\">76<\/td>\n<td style=\"width:75px;text-align:center;\">58<\/td>\n<\/tr>\n<tr>\n<td style=\"width:60px;text-align:center;\">XXL<\/td>\n<td style=\"width:70px;text-align:center;\">78<\/td>\n<td style=\"width:75px;text-align:center;\">61<\/td>\n<\/tr>\n<\/tbody>\n<\/table>\n<p><span style=\"color:#ff0000;\">M\u00f6glichkeit einer Bestickung oder eines Siebdrucks \u2013 sprechen Sie uns gerne an!<\/span><\/p>","protected":false},"excerpt":{"rendered":"<p>Einfaches Herren-T-Shirt Kurzarm-T-Shirt von JHK. Das T-Shirt sieht dank der verwendeten Materialien sehr gut aus<\/p>","protected":false},"featured_media":17744,"template":"","meta":[],"product_brand":[94],"product_cat":[86,92,95,139],"product_tag":[],"class_list":{"0":"post-17742","1":"product","2":"type-product","3":"status-publish","4":"has-post-thumbnail","6":"product_brand-jhk","7":"product_cat-sklepbhp","8":"product_cat-odziez-robocza","9":"product_cat-koszulki","10":"product_cat-t-shirt","12":"first","13":"instock","14":"product-type-simple"},"yoast_head":"<!-- This site is optimized with the Yoast SEO plugin v25.3 - https:\/\/yoast.com\/wordpress\/plugins\/seo\/ -->\n<title>Koszulka m\u0119ska t-shirt br\u0105zowa - Grapil.pl \u2013 Profesjonalna Odzie\u017c S\u0142u\u017cbowa dla Bran\u017cy Kelnerskiej, HoReCa i Medycyny<\/title>\n<meta name=\"robots\" content=\"index, follow, max-snippet:-1, max-image-preview:large, max-video-preview:-1\" \/>\n<link rel=\"canonical\" href=\"https:\/\/grapil.pl\/de\/produkt\/herren-t-shirt-braun\/\" \/>\n<meta property=\"og:locale\" content=\"de_DE\" \/>\n<meta property=\"og:type\" content=\"article\" \/>\n<meta property=\"og:title\" content=\"Koszulka m\u0119ska t-shirt br\u0105zowa - Grapil.pl \u2013 Profesjonalna Odzie\u017c S\u0142u\u017cbowa dla Bran\u017cy Kelnerskiej, HoReCa i Medycyny\" \/>\n<meta property=\"og:description\" content=\"Prosta koszulka m\u0119ska t-shirt Koszulka z kr\u00f3tkim r\u0119kawem wyprodukowana przez firm\u0119 JHK. Koszulka prezentuje si\u0119 bardzo dobrze dzi\u0119ki u\u017cytym materia\u0142om\" \/>\n<meta property=\"og:url\" content=\"https:\/\/grapil.pl\/de\/produkt\/herren-t-shirt-braun\/\" \/>\n<meta property=\"og:site_name\" content=\"Grapil.pl \u2013 Profesjonalna Odzie\u017c S\u0142u\u017cbowa dla Bran\u017cy Kelnerskiej, HoReCa i Medycyny\" \/>\n<meta property=\"article:modified_time\" content=\"2025-06-12T10:28:45+00:00\" \/>\n<meta property=\"og:image\" content=\"https:\/\/grapil.pl\/wp-content\/uploads\/2025\/04\/7813.jpg\" \/>\n\t<meta property=\"og:image:width\" content=\"400\" \/>\n\t<meta property=\"og:image:height\" content=\"502\" \/>\n\t<meta property=\"og:image:type\" content=\"image\/jpeg\" \/>\n<meta name=\"twitter:card\" content=\"summary_large_image\" \/>\n<script type=\"application\/ld+json\" class=\"yoast-schema-graph\">{\"@context\":\"https:\/\/schema.org\",\"@graph\":[{\"@type\":\"WebPage\",\"@id\":\"https:\/\/grapil.pl\/produkt\/koszulka-meska-t-shirt-brazowa\/\",\"url\":\"https:\/\/grapil.pl\/produkt\/koszulka-meska-t-shirt-brazowa\/\",\"name\":\"Koszulka m\u0119ska t-shirt br\u0105zowa - Grapil.pl \u2013 Profesjonalna Odzie\u017c S\u0142u\u017cbowa dla Bran\u017cy Kelnerskiej, HoReCa i Medycyny\",\"isPartOf\":{\"@id\":\"https:\/\/grapil.pl\/#website\"},\"primaryImageOfPage\":{\"@id\":\"https:\/\/grapil.pl\/produkt\/koszulka-meska-t-shirt-brazowa\/#primaryimage\"},\"image\":{\"@id\":\"https:\/\/grapil.pl\/produkt\/koszulka-meska-t-shirt-brazowa\/#primaryimage\"},\"thumbnailUrl\":\"https:\/\/grapil.pl\/wp-content\/uploads\/2025\/04\/7813.jpg\",\"datePublished\":\"2025-04-09T15:34:32+00:00\",\"dateModified\":\"2025-06-12T10:28:45+00:00\",\"breadcrumb\":{\"@id\":\"https:\/\/grapil.pl\/produkt\/koszulka-meska-t-shirt-brazowa\/#breadcrumb\"},\"inLanguage\":\"de\",\"potentialAction\":[{\"@type\":\"ReadAction\",\"target\":[\"https:\/\/grapil.pl\/produkt\/koszulka-meska-t-shirt-brazowa\/\"]}]},{\"@type\":\"ImageObject\",\"inLanguage\":\"de\",\"@id\":\"https:\/\/grapil.pl\/produkt\/koszulka-meska-t-shirt-brazowa\/#primaryimage\",\"url\":\"https:\/\/grapil.pl\/wp-content\/uploads\/2025\/04\/7813.jpg\",\"contentUrl\":\"https:\/\/grapil.pl\/wp-content\/uploads\/2025\/04\/7813.jpg\",\"width\":400,\"height\":502},{\"@type\":\"BreadcrumbList\",\"@id\":\"https:\/\/grapil.pl\/produkt\/koszulka-meska-t-shirt-brazowa\/#breadcrumb\",\"itemListElement\":[{\"@type\":\"ListItem\",\"position\":1,\"name\":\"Strona g\u0142\u00f3wna\",\"item\":\"https:\/\/grapil.pl\/\"},{\"@type\":\"ListItem\",\"position\":2,\"name\":\"sklep\",\"item\":\"https:\/\/grapil.pl\/sklep\/\"},{\"@type\":\"ListItem\",\"position\":3,\"name\":\"Koszulka m\u0119ska t-shirt br\u0105zowa\"}]},{\"@type\":\"WebSite\",\"@id\":\"https:\/\/grapil.pl\/#website\",\"url\":\"https:\/\/grapil.pl\/\",\"name\":\"Grapil.pl \u2013 Profesjonalna Odzie\u017c S\u0142u\u017cbowa dla Bran\u017cy Kelnerskiej, HoReCa i Medycyny\",\"description\":\"\",\"potentialAction\":[{\"@type\":\"SearchAction\",\"target\":{\"@type\":\"EntryPoint\",\"urlTemplate\":\"https:\/\/grapil.pl\/?s={search_term_string}\"},\"query-input\":{\"@type\":\"PropertyValueSpecification\",\"valueRequired\":true,\"valueName\":\"search_term_string\"}}],\"inLanguage\":\"de\"}]}<\/script>\n<!-- \/ Yoast SEO plugin. -->","yoast_head_json":{"title":"Koszulka m\u0119ska t-shirt br\u0105zowa - Grapil.pl \u2013 Profesjonalna Odzie\u017c S\u0142u\u017cbowa dla Bran\u017cy Kelnerskiej, HoReCa i Medycyny","robots":{"index":"index","follow":"follow","max-snippet":"max-snippet:-1","max-image-preview":"max-image-preview:large","max-video-preview":"max-video-preview:-1"},"canonical":"https:\/\/grapil.pl\/de\/produkt\/herren-t-shirt-braun\/","og_locale":"de_DE","og_type":"article","og_title":"Koszulka m\u0119ska t-shirt br\u0105zowa - Grapil.pl \u2013 Profesjonalna Odzie\u017c S\u0142u\u017cbowa dla Bran\u017cy Kelnerskiej, HoReCa i Medycyny","og_description":"Prosta koszulka m\u0119ska t-shirt Koszulka z kr\u00f3tkim r\u0119kawem wyprodukowana przez firm\u0119 JHK. Koszulka prezentuje si\u0119 bardzo dobrze dzi\u0119ki u\u017cytym materia\u0142om","og_url":"https:\/\/grapil.pl\/de\/produkt\/herren-t-shirt-braun\/","og_site_name":"Grapil.pl \u2013 Profesjonalna Odzie\u017c S\u0142u\u017cbowa dla Bran\u017cy Kelnerskiej, HoReCa i Medycyny","article_modified_time":"2025-06-12T10:28:45+00:00","og_image":[{"width":400,"height":502,"url":"https:\/\/grapil.pl\/wp-content\/uploads\/2025\/04\/7813.jpg","type":"image\/jpeg"}],"twitter_card":"summary_large_image","schema":{"@context":"https:\/\/schema.org","@graph":[{"@type":"WebPage","@id":"https:\/\/grapil.pl\/produkt\/koszulka-meska-t-shirt-brazowa\/","url":"https:\/\/grapil.pl\/produkt\/koszulka-meska-t-shirt-brazowa\/","name":"Koszulka m\u0119ska t-shirt br\u0105zowa - Grapil.pl \u2013 Profesjonalna Odzie\u017c S\u0142u\u017cbowa dla Bran\u017cy Kelnerskiej, HoReCa i Medycyny","isPartOf":{"@id":"https:\/\/grapil.pl\/#website"},"primaryImageOfPage":{"@id":"https:\/\/grapil.pl\/produkt\/koszulka-meska-t-shirt-brazowa\/#primaryimage"},"image":{"@id":"https:\/\/grapil.pl\/produkt\/koszulka-meska-t-shirt-brazowa\/#primaryimage"},"thumbnailUrl":"https:\/\/grapil.pl\/wp-content\/uploads\/2025\/04\/7813.jpg","datePublished":"2025-04-09T15:34:32+00:00","dateModified":"2025-06-12T10:28:45+00:00","breadcrumb":{"@id":"https:\/\/grapil.pl\/produkt\/koszulka-meska-t-shirt-brazowa\/#breadcrumb"},"inLanguage":"de","potentialAction":[{"@type":"ReadAction","target":["https:\/\/grapil.pl\/produkt\/koszulka-meska-t-shirt-brazowa\/"]}]},{"@type":"ImageObject","inLanguage":"de","@id":"https:\/\/grapil.pl\/produkt\/koszulka-meska-t-shirt-brazowa\/#primaryimage","url":"https:\/\/grapil.pl\/wp-content\/uploads\/2025\/04\/7813.jpg","contentUrl":"https:\/\/grapil.pl\/wp-content\/uploads\/2025\/04\/7813.jpg","width":400,"height":502},{"@type":"BreadcrumbList","@id":"https:\/\/grapil.pl\/produkt\/koszulka-meska-t-shirt-brazowa\/#breadcrumb","itemListElement":[{"@type":"ListItem","position":1,"name":"Strona g\u0142\u00f3wna","item":"https:\/\/grapil.pl\/"},{"@type":"ListItem","position":2,"name":"sklep","item":"https:\/\/grapil.pl\/sklep\/"},{"@type":"ListItem","position":3,"name":"Koszulka m\u0119ska t-shirt br\u0105zowa"}]},{"@type":"WebSite","@id":"https:\/\/grapil.pl\/#website","url":"https:\/\/grapil.pl\/","name":"Grapil.pl \u2013 Profesjonalna Odzie\u017c S\u0142u\u017cbowa dla Bran\u017cy Kelnerskiej, HoReCa i Medycyny","description":"","potentialAction":[{"@type":"SearchAction","target":{"@type":"EntryPoint","urlTemplate":"https:\/\/grapil.pl\/?s={search_term_string}"},"query-input":{"@type":"PropertyValueSpecification","valueRequired":true,"valueName":"search_term_string"}}],"inLanguage":"de"}]}},"_links":{"self":[{"href":"https:\/\/grapil.pl\/de\/wp-json\/wp\/v2\/product\/17742","targetHints":{"allow":["GET"]}}],"collection":[{"href":"https:\/\/grapil.pl\/de\/wp-json\/wp\/v2\/product"}],"about":[{"href":"https:\/\/grapil.pl\/de\/wp-json\/wp\/v2\/types\/product"}],"version-history":[{"count":1,"href":"https:\/\/grapil.pl\/de\/wp-json\/wp\/v2\/product\/17742\/revisions"}],"predecessor-version":[{"id":17743,"href":"https:\/\/grapil.pl\/de\/wp-json\/wp\/v2\/product\/17742\/revisions\/17743"}],"wp:featuredmedia":[{"embeddable":true,"href":"https:\/\/grapil.pl\/de\/wp-json\/wp\/v2\/media\/17744"}],"wp:attachment":[{"href":"https:\/\/grapil.pl\/de\/wp-json\/wp\/v2\/media?parent=17742"}],"wp:term":[{"taxonomy":"product_brand","embeddable":true,"href":"https:\/\/grapil.pl\/de\/wp-json\/wp\/v2\/product_brand?post=17742"},{"taxonomy":"product_cat","embeddable":true,"href":"https:\/\/grapil.pl\/de\/wp-json\/wp\/v2\/product_cat?post=17742"},{"taxonomy":"product_tag","embeddable":true,"href":"https:\/\/grapil.pl\/de\/wp-json\/wp\/v2\/product_tag?post=17742"}],"curies":[{"name":"wp","href":"https:\/\/api.w.org\/{rel}","templated":true}]}}