{"id":18103,"date":"2025-04-09T17:35:49","date_gmt":"2025-04-09T15:35:49","guid":{"rendered":"https:\/\/grapil.pl\/produkt\/sukienka-z-krotkim-rekawem\/"},"modified":"2026-02-17T14:13:38","modified_gmt":"2026-02-17T13:13:38","slug":"kurzarmkleid","status":"publish","type":"product","link":"https:\/\/grapil.pl\/de\/produkt\/kurzarmkleid\/","title":{"rendered":"Kurzarmsch\u00fcrze"},"content":{"rendered":"<p style=\"font-weight: 400;\">Sch\u00fcrze, kurze \u00c4rmel, Umlegekragen. Leicht taillierter Schnitt. Mit Federn befestigt. Kein Schlitz unten \u2013 Kellerfalte, die sich beim Hocken nicht \u00f6ffnet. Kontrastpaspeln entlang der vertikalen Schnitte vorne und hinten, an den Taschen und \u00c4rmeln.<\/p>\n<p style=\"font-weight: 400;\">Farben: nach Vereinbarung.<\/p>\n<p style=\"font-weight: 400;\">Zusammensetzung: Polyester-Baumwolle: 65\/35 und 50\/50.<\/p>\n<p style=\"font-weight: 400;\">Zus\u00e4tzliche kostenpflichtige Artikel:<\/p>\n<p style=\"font-weight: 400;\">- Stickerei,<\/p>\n<p style=\"font-weight: 400;\">- benutzerdefinierte Farbe,<\/p>\n<p style=\"font-weight: 400;\">\u2013 Art der Befestigung,<\/p>\n<p style=\"font-weight: 400;\">\u2013 benutzerdefinierte Gr\u00f6\u00dfe.<\/p>\n<p style=\"font-weight: 400;\"><span style=\"color: #d43b3b;\">Stickereien m\u00f6glich \u2013 bitte kontaktieren Sie uns!<\/span><\/p>\n<p style=\"font-weight: 400;\"><span style=\"color: #d43b3b;\">Der Preis wird individuell mit dem Kunden vereinbart.<\/span><\/p>","protected":false},"excerpt":{"rendered":"<p>Fartuszek, kr\u00f3tki r\u0119kaw, wyk\u0142adany ko\u0142nierz. Kr\u00f3j lekko dopasowany. Zapinana na springi. U do\u0142u brak rozporka &#8211; kontrafa\u0142da, kt\u00f3ra podczas kucania<\/p>","protected":false},"featured_media":25432,"template":"","meta":[],"product_brand":[127],"product_cat":[119,135,106,132],"product_tag":[],"class_list":{"0":"post-18103","1":"product","2":"type-product","3":"status-publish","4":"has-post-thumbnail","6":"product_brand-produkt-na-zamowienie","7":"product_cat-housekeeping","8":"product_cat-bluzy","9":"product_cat-medycyna-i-kosmetyka","10":"product_cat-fartuchy","12":"first","13":"instock","14":"product-type-simple"},"yoast_head":"<!-- This site is optimized with the Yoast SEO plugin v25.3 - https:\/\/yoast.com\/wordpress\/plugins\/seo\/ -->\n<title>Fartuszek z kr\u00f3tkim r\u0119kawem - Grapil.pl \u2013 Profesjonalna Odzie\u017c S\u0142u\u017cbowa dla Bran\u017cy Kelnerskiej, HoReCa i Medycyny<\/title>\n<meta name=\"robots\" content=\"index, follow, max-snippet:-1, max-image-preview:large, max-video-preview:-1\" \/>\n<link rel=\"canonical\" href=\"https:\/\/grapil.pl\/de\/produkt\/kurzarmkleid\/\" \/>\n<meta property=\"og:locale\" content=\"de_DE\" \/>\n<meta property=\"og:type\" content=\"article\" \/>\n<meta property=\"og:title\" content=\"Fartuszek z kr\u00f3tkim r\u0119kawem - Grapil.pl \u2013 Profesjonalna Odzie\u017c S\u0142u\u017cbowa dla Bran\u017cy Kelnerskiej, HoReCa i Medycyny\" \/>\n<meta property=\"og:description\" content=\"Fartuszek, kr\u00f3tki r\u0119kaw, wyk\u0142adany ko\u0142nierz. Kr\u00f3j lekko dopasowany. Zapinana na springi. U do\u0142u brak rozporka &#8211; kontrafa\u0142da, kt\u00f3ra podczas kucania\" \/>\n<meta property=\"og:url\" content=\"https:\/\/grapil.pl\/de\/produkt\/kurzarmkleid\/\" \/>\n<meta property=\"og:site_name\" content=\"Grapil.pl \u2013 Profesjonalna Odzie\u017c S\u0142u\u017cbowa dla Bran\u017cy Kelnerskiej, HoReCa i Medycyny\" \/>\n<meta property=\"article:modified_time\" content=\"2026-02-17T13:13:38+00:00\" \/>\n<meta property=\"og:image\" content=\"https:\/\/grapil.pl\/wp-content\/uploads\/2025\/04\/fartuszek-niebieski-2-chatg-kpia.jpg\" \/>\n\t<meta property=\"og:image:width\" content=\"600\" \/>\n\t<meta property=\"og:image:height\" content=\"800\" \/>\n\t<meta property=\"og:image:type\" content=\"image\/jpeg\" \/>\n<meta name=\"twitter:card\" content=\"summary_large_image\" \/>\n<meta name=\"twitter:label1\" content=\"Gesch\u00e4tzte Lesezeit\" \/>\n\t<meta name=\"twitter:data1\" content=\"1\u00a0Minute\" \/>\n<script type=\"application\/ld+json\" class=\"yoast-schema-graph\">{\"@context\":\"https:\/\/schema.org\",\"@graph\":[{\"@type\":\"WebPage\",\"@id\":\"https:\/\/grapil.pl\/produkt\/sukienka-z-krotkim-rekawem\/\",\"url\":\"https:\/\/grapil.pl\/produkt\/sukienka-z-krotkim-rekawem\/\",\"name\":\"Fartuszek z kr\u00f3tkim r\u0119kawem - Grapil.pl \u2013 Profesjonalna Odzie\u017c S\u0142u\u017cbowa dla Bran\u017cy Kelnerskiej, HoReCa i Medycyny\",\"isPartOf\":{\"@id\":\"https:\/\/grapil.pl\/#website\"},\"primaryImageOfPage\":{\"@id\":\"https:\/\/grapil.pl\/produkt\/sukienka-z-krotkim-rekawem\/#primaryimage\"},\"image\":{\"@id\":\"https:\/\/grapil.pl\/produkt\/sukienka-z-krotkim-rekawem\/#primaryimage\"},\"thumbnailUrl\":\"https:\/\/grapil.pl\/wp-content\/uploads\/2025\/04\/fartuszek-niebieski-2-chatg-kpia.jpg\",\"datePublished\":\"2025-04-09T15:35:49+00:00\",\"dateModified\":\"2026-02-17T13:13:38+00:00\",\"breadcrumb\":{\"@id\":\"https:\/\/grapil.pl\/produkt\/sukienka-z-krotkim-rekawem\/#breadcrumb\"},\"inLanguage\":\"de\",\"potentialAction\":[{\"@type\":\"ReadAction\",\"target\":[\"https:\/\/grapil.pl\/produkt\/sukienka-z-krotkim-rekawem\/\"]}]},{\"@type\":\"ImageObject\",\"inLanguage\":\"de\",\"@id\":\"https:\/\/grapil.pl\/produkt\/sukienka-z-krotkim-rekawem\/#primaryimage\",\"url\":\"https:\/\/grapil.pl\/wp-content\/uploads\/2025\/04\/fartuszek-niebieski-2-chatg-kpia.jpg\",\"contentUrl\":\"https:\/\/grapil.pl\/wp-content\/uploads\/2025\/04\/fartuszek-niebieski-2-chatg-kpia.jpg\",\"width\":600,\"height\":800},{\"@type\":\"BreadcrumbList\",\"@id\":\"https:\/\/grapil.pl\/produkt\/sukienka-z-krotkim-rekawem\/#breadcrumb\",\"itemListElement\":[{\"@type\":\"ListItem\",\"position\":1,\"name\":\"Strona g\u0142\u00f3wna\",\"item\":\"https:\/\/grapil.pl\/\"},{\"@type\":\"ListItem\",\"position\":2,\"name\":\"sklep\",\"item\":\"https:\/\/grapil.pl\/sklep\/\"},{\"@type\":\"ListItem\",\"position\":3,\"name\":\"Fartuszek z kr\u00f3tkim r\u0119kawem\"}]},{\"@type\":\"WebSite\",\"@id\":\"https:\/\/grapil.pl\/#website\",\"url\":\"https:\/\/grapil.pl\/\",\"name\":\"Grapil.pl \u2013 Profesjonalna Odzie\u017c S\u0142u\u017cbowa dla Bran\u017cy Kelnerskiej, HoReCa i Medycyny\",\"description\":\"\",\"potentialAction\":[{\"@type\":\"SearchAction\",\"target\":{\"@type\":\"EntryPoint\",\"urlTemplate\":\"https:\/\/grapil.pl\/?s={search_term_string}\"},\"query-input\":{\"@type\":\"PropertyValueSpecification\",\"valueRequired\":true,\"valueName\":\"search_term_string\"}}],\"inLanguage\":\"de\"}]}<\/script>\n<!-- \/ Yoast SEO plugin. -->","yoast_head_json":{"title":"Fartuszek z kr\u00f3tkim r\u0119kawem - Grapil.pl \u2013 Profesjonalna Odzie\u017c S\u0142u\u017cbowa dla Bran\u017cy Kelnerskiej, HoReCa i Medycyny","robots":{"index":"index","follow":"follow","max-snippet":"max-snippet:-1","max-image-preview":"max-image-preview:large","max-video-preview":"max-video-preview:-1"},"canonical":"https:\/\/grapil.pl\/de\/produkt\/kurzarmkleid\/","og_locale":"de_DE","og_type":"article","og_title":"Fartuszek z kr\u00f3tkim r\u0119kawem - Grapil.pl \u2013 Profesjonalna Odzie\u017c S\u0142u\u017cbowa dla Bran\u017cy Kelnerskiej, HoReCa i Medycyny","og_description":"Fartuszek, kr\u00f3tki r\u0119kaw, wyk\u0142adany ko\u0142nierz. Kr\u00f3j lekko dopasowany. Zapinana na springi. U do\u0142u brak rozporka &#8211; kontrafa\u0142da, kt\u00f3ra podczas kucania","og_url":"https:\/\/grapil.pl\/de\/produkt\/kurzarmkleid\/","og_site_name":"Grapil.pl \u2013 Profesjonalna Odzie\u017c S\u0142u\u017cbowa dla Bran\u017cy Kelnerskiej, HoReCa i Medycyny","article_modified_time":"2026-02-17T13:13:38+00:00","og_image":[{"width":600,"height":800,"url":"https:\/\/grapil.pl\/wp-content\/uploads\/2025\/04\/fartuszek-niebieski-2-chatg-kpia.jpg","type":"image\/jpeg"}],"twitter_card":"summary_large_image","twitter_misc":{"Gesch\u00e4tzte Lesezeit":"1\u00a0Minute"},"schema":{"@context":"https:\/\/schema.org","@graph":[{"@type":"WebPage","@id":"https:\/\/grapil.pl\/produkt\/sukienka-z-krotkim-rekawem\/","url":"https:\/\/grapil.pl\/produkt\/sukienka-z-krotkim-rekawem\/","name":"Fartuszek z kr\u00f3tkim r\u0119kawem - Grapil.pl \u2013 Profesjonalna Odzie\u017c S\u0142u\u017cbowa dla Bran\u017cy Kelnerskiej, HoReCa i Medycyny","isPartOf":{"@id":"https:\/\/grapil.pl\/#website"},"primaryImageOfPage":{"@id":"https:\/\/grapil.pl\/produkt\/sukienka-z-krotkim-rekawem\/#primaryimage"},"image":{"@id":"https:\/\/grapil.pl\/produkt\/sukienka-z-krotkim-rekawem\/#primaryimage"},"thumbnailUrl":"https:\/\/grapil.pl\/wp-content\/uploads\/2025\/04\/fartuszek-niebieski-2-chatg-kpia.jpg","datePublished":"2025-04-09T15:35:49+00:00","dateModified":"2026-02-17T13:13:38+00:00","breadcrumb":{"@id":"https:\/\/grapil.pl\/produkt\/sukienka-z-krotkim-rekawem\/#breadcrumb"},"inLanguage":"de","potentialAction":[{"@type":"ReadAction","target":["https:\/\/grapil.pl\/produkt\/sukienka-z-krotkim-rekawem\/"]}]},{"@type":"ImageObject","inLanguage":"de","@id":"https:\/\/grapil.pl\/produkt\/sukienka-z-krotkim-rekawem\/#primaryimage","url":"https:\/\/grapil.pl\/wp-content\/uploads\/2025\/04\/fartuszek-niebieski-2-chatg-kpia.jpg","contentUrl":"https:\/\/grapil.pl\/wp-content\/uploads\/2025\/04\/fartuszek-niebieski-2-chatg-kpia.jpg","width":600,"height":800},{"@type":"BreadcrumbList","@id":"https:\/\/grapil.pl\/produkt\/sukienka-z-krotkim-rekawem\/#breadcrumb","itemListElement":[{"@type":"ListItem","position":1,"name":"Strona g\u0142\u00f3wna","item":"https:\/\/grapil.pl\/"},{"@type":"ListItem","position":2,"name":"sklep","item":"https:\/\/grapil.pl\/sklep\/"},{"@type":"ListItem","position":3,"name":"Fartuszek z kr\u00f3tkim r\u0119kawem"}]},{"@type":"WebSite","@id":"https:\/\/grapil.pl\/#website","url":"https:\/\/grapil.pl\/","name":"Grapil.pl \u2013 Profesjonalna Odzie\u017c S\u0142u\u017cbowa dla Bran\u017cy Kelnerskiej, HoReCa i Medycyny","description":"","potentialAction":[{"@type":"SearchAction","target":{"@type":"EntryPoint","urlTemplate":"https:\/\/grapil.pl\/?s={search_term_string}"},"query-input":{"@type":"PropertyValueSpecification","valueRequired":true,"valueName":"search_term_string"}}],"inLanguage":"de"}]}},"_links":{"self":[{"href":"https:\/\/grapil.pl\/de\/wp-json\/wp\/v2\/product\/18103","targetHints":{"allow":["GET"]}}],"collection":[{"href":"https:\/\/grapil.pl\/de\/wp-json\/wp\/v2\/product"}],"about":[{"href":"https:\/\/grapil.pl\/de\/wp-json\/wp\/v2\/types\/product"}],"version-history":[{"count":3,"href":"https:\/\/grapil.pl\/de\/wp-json\/wp\/v2\/product\/18103\/revisions"}],"predecessor-version":[{"id":21060,"href":"https:\/\/grapil.pl\/de\/wp-json\/wp\/v2\/product\/18103\/revisions\/21060"}],"wp:featuredmedia":[{"embeddable":true,"href":"https:\/\/grapil.pl\/de\/wp-json\/wp\/v2\/media\/25432"}],"wp:attachment":[{"href":"https:\/\/grapil.pl\/de\/wp-json\/wp\/v2\/media?parent=18103"}],"wp:term":[{"taxonomy":"product_brand","embeddable":true,"href":"https:\/\/grapil.pl\/de\/wp-json\/wp\/v2\/product_brand?post=18103"},{"taxonomy":"product_cat","embeddable":true,"href":"https:\/\/grapil.pl\/de\/wp-json\/wp\/v2\/product_cat?post=18103"},{"taxonomy":"product_tag","embeddable":true,"href":"https:\/\/grapil.pl\/de\/wp-json\/wp\/v2\/product_tag?post=18103"}],"curies":[{"name":"wp","href":"https:\/\/api.w.org\/{rel}","templated":true}]}}