{"id":18262,"date":"2025-04-09T17:36:41","date_gmt":"2025-04-09T15:36:41","guid":{"rendered":"https:\/\/grapil.pl\/produkt\/spodnie-robocze-do-pasa-hobartwariant1\/"},"modified":"2025-04-09T17:36:54","modified_gmt":"2025-04-09T15:36:54","slug":"arbeitshose-bis-zur-taille-hobartvariant1","status":"publish","type":"product","link":"https:\/\/grapil.pl\/de\/produkt\/arbeitshose-bis-zur-taille-hobartvariant1\/","title":{"rendered":"Arbeitshose mit Hobart-Taille{variante1}"},"content":{"rendered":"<h2 class=\"h3\">Arbeitshose mit Hobart-Taille<\/h2>\n<p>Arbeitshose f\u00fcr alle Arbeiten in trockener Umgebung: Montage, Bau und Lager. Der elastische Bund erm\u00f6glicht eine optimale Anpassung der Kleidung an den K\u00f6rper des Arbeiters.<\/p>\n<p>\u00a0<\/p>\n<ul>\n<li>Knieverst\u00e4rkungen: <strong>600D Polyester<\/strong><\/li>\n<li>Gro\u00dfe, multifunktionale Taschen, verst\u00e4rkt mit Riegeln\u00e4hten<\/li>\n<li>Elastische B\u00fcndchen zur Anpassung des Kleidungsst\u00fccks an den K\u00f6rper<\/li>\n<li><strong>CE-Kennzeichnung Kategorie I, Konformit\u00e4t mit EN 13688<\/strong><\/li>\n<li><strong>Material: 97% Baumwolle, 3% Elasthan, Grammatur 270 g\/m2<\/strong><\/li>\n<\/ul>\n<p><span style=\"color:#ff0000;\">M\u00f6glichkeit der Bestickung, bitte kontaktieren Sie uns!<\/span><\/p>\n<p>\u00a0<\/p>\n<p>Gr\u00f6\u00dfentabelle<\/p>\n<table style=\"height:146px;\" width=\"708\">\n<tbody>\n<tr style=\"height:35px;\">\n<td style=\"width:72px;height:35px;text-align:center;\">Gr\u00f6\u00dfe<\/td>\n<td style=\"width:56px;height:35px;text-align:center;\">46<\/td>\n<td style=\"width:56px;height:35px;text-align:center;\">48<\/td>\n<td style=\"width:56px;height:35px;text-align:center;\">50<\/td>\n<td style=\"width:56px;height:35px;text-align:center;\">52<\/td>\n<td style=\"width:57px;height:35px;text-align:center;\">54<\/td>\n<td style=\"width:57px;height:35px;text-align:center;\">56<\/td>\n<td style=\"width:57px;height:35px;text-align:center;\">58<\/td>\n<td style=\"width:57px;height:35px;text-align:center;\">60<\/td>\n<td style=\"width:57px;height:35px;text-align:center;\">62<\/td>\n<td style=\"width:57px;height:35px;text-align:center;\">64<\/td>\n<\/tr>\n<tr style=\"height:34px;\">\n<td style=\"width:72px;height:34px;text-align:center;\">Wachstum<\/td>\n<td style=\"width:56px;height:34px;text-align:center;\">170-176<\/td>\n<td style=\"width:56px;height:34px;text-align:center;\">170-176<\/td>\n<td style=\"width:56px;height:34px;text-align:center;\">176-182<\/td>\n<td style=\"width:56px;height:34px;text-align:center;\">176-182<\/td>\n<td style=\"width:57px;height:34px;text-align:center;\">182-188<\/td>\n<td style=\"width:57px;height:34px;text-align:center;\">182-188<\/td>\n<td style=\"width:57px;height:34px;text-align:center;\">182-188<\/td>\n<td style=\"width:57px;height:34px;text-align:center;\">182-188<\/td>\n<td style=\"width:57px;height:34px;text-align:center;\">188-194<\/td>\n<td style=\"width:57px;height:34px;text-align:center;\">188-194<\/td>\n<\/tr>\n<tr style=\"height:34px;\">\n<td style=\"width:72px;height:34px;text-align:center;\">Brustumfang<\/td>\n<td style=\"width:56px;height:34px;text-align:center;\">104-108<\/td>\n<td style=\"width:56px;height:34px;text-align:center;\">108-116<\/td>\n<td style=\"width:56px;height:34px;text-align:center;\">112-120<\/td>\n<td style=\"width:56px;height:34px;text-align:center;\">116-124<\/td>\n<td style=\"width:57px;height:34px;text-align:center;\">120-128<\/td>\n<td style=\"width:57px;height:34px;text-align:center;\">124-132<\/td>\n<td style=\"width:57px;height:34px;text-align:center;\">128-136<\/td>\n<td style=\"width:57px;height:34px;text-align:center;\">132-140<\/td>\n<td style=\"width:57px;height:34px;text-align:center;\">136-144<\/td>\n<td style=\"width:57px;height:34px;text-align:center;\">140-148<\/td>\n<\/tr>\n<tr style=\"height:49px;\">\n<td style=\"width:72px;height:49px;text-align:center;\">Taillenumfang<\/td>\n<td style=\"width:56px;height:49px;text-align:center;\">80-84<\/td>\n<td style=\"width:56px;height:49px;text-align:center;\">84-88<\/td>\n<td style=\"width:56px;height:49px;text-align:center;\">88-92<\/td>\n<td style=\"width:56px;height:49px;text-align:center;\">92-100<\/td>\n<td style=\"width:57px;height:49px;text-align:center;\">100-104<\/td>\n<td style=\"width:57px;height:49px;text-align:center;\">104-112<\/td>\n<td style=\"width:57px;height:49px;text-align:center;\">112-116<\/td>\n<td style=\"width:57px;height:49px;text-align:center;\">116-124<\/td>\n<td style=\"width:57px;height:49px;text-align:center;\">124-128<\/td>\n<td style=\"width:57px;height:49px;text-align:center;\">128-132<\/td>\n<\/tr>\n<\/tbody>\n<\/table>\n<p>\u00a0<\/p>","protected":false},"excerpt":{"rendered":"<p>Hobart Waist Work Trousers Arbeitshose f\u00fcr alle Arbeiten in trockener Umgebung: Montage, Bau und<\/p>","protected":false},"featured_media":18264,"template":"","meta":[],"product_brand":[155],"product_cat":[86,92,93],"product_tag":[],"class_list":{"0":"post-18262","1":"product","2":"type-product","3":"status-publish","4":"has-post-thumbnail","6":"product_brand-marelplus","7":"product_cat-sklepbhp","8":"product_cat-odziez-robocza","9":"product_cat-spodnie-robocze","11":"first","12":"instock","13":"product-type-simple"},"yoast_head":"<!-- This site is optimized with the Yoast SEO plugin v25.3 - https:\/\/yoast.com\/wordpress\/plugins\/seo\/ -->\n<title>Spodnie robocze do pasa Hobart{wariant1} - Grapil.pl \u2013 Profesjonalna Odzie\u017c S\u0142u\u017cbowa dla Bran\u017cy Kelnerskiej, HoReCa i Medycyny<\/title>\n<meta name=\"robots\" content=\"index, follow, max-snippet:-1, max-image-preview:large, max-video-preview:-1\" \/>\n<link rel=\"canonical\" href=\"https:\/\/grapil.pl\/de\/produkt\/arbeitshose-bis-zur-taille-hobartvariant1\/\" \/>\n<meta property=\"og:locale\" content=\"de_DE\" \/>\n<meta property=\"og:type\" content=\"article\" \/>\n<meta property=\"og:title\" content=\"Spodnie robocze do pasa Hobart{wariant1} - Grapil.pl \u2013 Profesjonalna Odzie\u017c S\u0142u\u017cbowa dla Bran\u017cy Kelnerskiej, HoReCa i Medycyny\" \/>\n<meta property=\"og:description\" content=\"Spodnie robocze do pasa Hobart Spodnie robocze\u00a0stworzone z my\u015bl\u0105 o wszelkiego rodzaju pracach roboczych w \u015brodowisku suchym: monta\u017cowych, budowlanych oraz\" \/>\n<meta property=\"og:url\" content=\"https:\/\/grapil.pl\/de\/produkt\/arbeitshose-bis-zur-taille-hobartvariant1\/\" \/>\n<meta property=\"og:site_name\" content=\"Grapil.pl \u2013 Profesjonalna Odzie\u017c S\u0142u\u017cbowa dla Bran\u017cy Kelnerskiej, HoReCa i Medycyny\" \/>\n<meta property=\"article:modified_time\" content=\"2025-04-09T15:36:54+00:00\" \/>\n<meta property=\"og:image\" content=\"https:\/\/grapil.pl\/wp-content\/uploads\/2025\/04\/18667.jpg\" \/>\n\t<meta property=\"og:image:width\" content=\"1149\" \/>\n\t<meta property=\"og:image:height\" content=\"2047\" \/>\n\t<meta property=\"og:image:type\" content=\"image\/jpeg\" \/>\n<meta name=\"twitter:card\" content=\"summary_large_image\" \/>\n<meta name=\"twitter:label1\" content=\"Gesch\u00e4tzte Lesezeit\" \/>\n\t<meta name=\"twitter:data1\" content=\"1\u00a0Minute\" \/>\n<script type=\"application\/ld+json\" class=\"yoast-schema-graph\">{\"@context\":\"https:\/\/schema.org\",\"@graph\":[{\"@type\":\"WebPage\",\"@id\":\"https:\/\/grapil.pl\/produkt\/spodnie-robocze-do-pasa-hobartwariant1\/\",\"url\":\"https:\/\/grapil.pl\/produkt\/spodnie-robocze-do-pasa-hobartwariant1\/\",\"name\":\"Spodnie robocze do pasa Hobart{wariant1} - Grapil.pl \u2013 Profesjonalna Odzie\u017c S\u0142u\u017cbowa dla Bran\u017cy Kelnerskiej, HoReCa i Medycyny\",\"isPartOf\":{\"@id\":\"https:\/\/grapil.pl\/#website\"},\"primaryImageOfPage\":{\"@id\":\"https:\/\/grapil.pl\/produkt\/spodnie-robocze-do-pasa-hobartwariant1\/#primaryimage\"},\"image\":{\"@id\":\"https:\/\/grapil.pl\/produkt\/spodnie-robocze-do-pasa-hobartwariant1\/#primaryimage\"},\"thumbnailUrl\":\"https:\/\/grapil.pl\/wp-content\/uploads\/2025\/04\/18667.jpg\",\"datePublished\":\"2025-04-09T15:36:41+00:00\",\"dateModified\":\"2025-04-09T15:36:54+00:00\",\"breadcrumb\":{\"@id\":\"https:\/\/grapil.pl\/produkt\/spodnie-robocze-do-pasa-hobartwariant1\/#breadcrumb\"},\"inLanguage\":\"de\",\"potentialAction\":[{\"@type\":\"ReadAction\",\"target\":[\"https:\/\/grapil.pl\/produkt\/spodnie-robocze-do-pasa-hobartwariant1\/\"]}]},{\"@type\":\"ImageObject\",\"inLanguage\":\"de\",\"@id\":\"https:\/\/grapil.pl\/produkt\/spodnie-robocze-do-pasa-hobartwariant1\/#primaryimage\",\"url\":\"https:\/\/grapil.pl\/wp-content\/uploads\/2025\/04\/18667.jpg\",\"contentUrl\":\"https:\/\/grapil.pl\/wp-content\/uploads\/2025\/04\/18667.jpg\",\"width\":1149,\"height\":2047},{\"@type\":\"BreadcrumbList\",\"@id\":\"https:\/\/grapil.pl\/produkt\/spodnie-robocze-do-pasa-hobartwariant1\/#breadcrumb\",\"itemListElement\":[{\"@type\":\"ListItem\",\"position\":1,\"name\":\"Strona g\u0142\u00f3wna\",\"item\":\"https:\/\/grapil.pl\/\"},{\"@type\":\"ListItem\",\"position\":2,\"name\":\"sklep\",\"item\":\"https:\/\/grapil.pl\/sklep\/\"},{\"@type\":\"ListItem\",\"position\":3,\"name\":\"Spodnie robocze do pasa Hobart{wariant1}\"}]},{\"@type\":\"WebSite\",\"@id\":\"https:\/\/grapil.pl\/#website\",\"url\":\"https:\/\/grapil.pl\/\",\"name\":\"Grapil.pl \u2013 Profesjonalna Odzie\u017c S\u0142u\u017cbowa dla Bran\u017cy Kelnerskiej, HoReCa i Medycyny\",\"description\":\"\",\"potentialAction\":[{\"@type\":\"SearchAction\",\"target\":{\"@type\":\"EntryPoint\",\"urlTemplate\":\"https:\/\/grapil.pl\/?s={search_term_string}\"},\"query-input\":{\"@type\":\"PropertyValueSpecification\",\"valueRequired\":true,\"valueName\":\"search_term_string\"}}],\"inLanguage\":\"de\"}]}<\/script>\n<!-- \/ Yoast SEO plugin. -->","yoast_head_json":{"title":"Spodnie robocze do pasa Hobart{wariant1} - Grapil.pl \u2013 Profesjonalna Odzie\u017c S\u0142u\u017cbowa dla Bran\u017cy Kelnerskiej, HoReCa i Medycyny","robots":{"index":"index","follow":"follow","max-snippet":"max-snippet:-1","max-image-preview":"max-image-preview:large","max-video-preview":"max-video-preview:-1"},"canonical":"https:\/\/grapil.pl\/de\/produkt\/arbeitshose-bis-zur-taille-hobartvariant1\/","og_locale":"de_DE","og_type":"article","og_title":"Spodnie robocze do pasa Hobart{wariant1} - Grapil.pl \u2013 Profesjonalna Odzie\u017c S\u0142u\u017cbowa dla Bran\u017cy Kelnerskiej, HoReCa i Medycyny","og_description":"Spodnie robocze do pasa Hobart Spodnie robocze\u00a0stworzone z my\u015bl\u0105 o wszelkiego rodzaju pracach roboczych w \u015brodowisku suchym: monta\u017cowych, budowlanych oraz","og_url":"https:\/\/grapil.pl\/de\/produkt\/arbeitshose-bis-zur-taille-hobartvariant1\/","og_site_name":"Grapil.pl \u2013 Profesjonalna Odzie\u017c S\u0142u\u017cbowa dla Bran\u017cy Kelnerskiej, HoReCa i Medycyny","article_modified_time":"2025-04-09T15:36:54+00:00","og_image":[{"width":1149,"height":2047,"url":"https:\/\/grapil.pl\/wp-content\/uploads\/2025\/04\/18667.jpg","type":"image\/jpeg"}],"twitter_card":"summary_large_image","twitter_misc":{"Gesch\u00e4tzte Lesezeit":"1\u00a0Minute"},"schema":{"@context":"https:\/\/schema.org","@graph":[{"@type":"WebPage","@id":"https:\/\/grapil.pl\/produkt\/spodnie-robocze-do-pasa-hobartwariant1\/","url":"https:\/\/grapil.pl\/produkt\/spodnie-robocze-do-pasa-hobartwariant1\/","name":"Spodnie robocze do pasa Hobart{wariant1} - Grapil.pl \u2013 Profesjonalna Odzie\u017c S\u0142u\u017cbowa dla Bran\u017cy Kelnerskiej, HoReCa i Medycyny","isPartOf":{"@id":"https:\/\/grapil.pl\/#website"},"primaryImageOfPage":{"@id":"https:\/\/grapil.pl\/produkt\/spodnie-robocze-do-pasa-hobartwariant1\/#primaryimage"},"image":{"@id":"https:\/\/grapil.pl\/produkt\/spodnie-robocze-do-pasa-hobartwariant1\/#primaryimage"},"thumbnailUrl":"https:\/\/grapil.pl\/wp-content\/uploads\/2025\/04\/18667.jpg","datePublished":"2025-04-09T15:36:41+00:00","dateModified":"2025-04-09T15:36:54+00:00","breadcrumb":{"@id":"https:\/\/grapil.pl\/produkt\/spodnie-robocze-do-pasa-hobartwariant1\/#breadcrumb"},"inLanguage":"de","potentialAction":[{"@type":"ReadAction","target":["https:\/\/grapil.pl\/produkt\/spodnie-robocze-do-pasa-hobartwariant1\/"]}]},{"@type":"ImageObject","inLanguage":"de","@id":"https:\/\/grapil.pl\/produkt\/spodnie-robocze-do-pasa-hobartwariant1\/#primaryimage","url":"https:\/\/grapil.pl\/wp-content\/uploads\/2025\/04\/18667.jpg","contentUrl":"https:\/\/grapil.pl\/wp-content\/uploads\/2025\/04\/18667.jpg","width":1149,"height":2047},{"@type":"BreadcrumbList","@id":"https:\/\/grapil.pl\/produkt\/spodnie-robocze-do-pasa-hobartwariant1\/#breadcrumb","itemListElement":[{"@type":"ListItem","position":1,"name":"Strona g\u0142\u00f3wna","item":"https:\/\/grapil.pl\/"},{"@type":"ListItem","position":2,"name":"sklep","item":"https:\/\/grapil.pl\/sklep\/"},{"@type":"ListItem","position":3,"name":"Spodnie robocze do pasa Hobart{wariant1}"}]},{"@type":"WebSite","@id":"https:\/\/grapil.pl\/#website","url":"https:\/\/grapil.pl\/","name":"Grapil.pl \u2013 Profesjonalna Odzie\u017c S\u0142u\u017cbowa dla Bran\u017cy Kelnerskiej, HoReCa i Medycyny","description":"","potentialAction":[{"@type":"SearchAction","target":{"@type":"EntryPoint","urlTemplate":"https:\/\/grapil.pl\/?s={search_term_string}"},"query-input":{"@type":"PropertyValueSpecification","valueRequired":true,"valueName":"search_term_string"}}],"inLanguage":"de"}]}},"_links":{"self":[{"href":"https:\/\/grapil.pl\/de\/wp-json\/wp\/v2\/product\/18262","targetHints":{"allow":["GET"]}}],"collection":[{"href":"https:\/\/grapil.pl\/de\/wp-json\/wp\/v2\/product"}],"about":[{"href":"https:\/\/grapil.pl\/de\/wp-json\/wp\/v2\/types\/product"}],"version-history":[{"count":1,"href":"https:\/\/grapil.pl\/de\/wp-json\/wp\/v2\/product\/18262\/revisions"}],"predecessor-version":[{"id":18263,"href":"https:\/\/grapil.pl\/de\/wp-json\/wp\/v2\/product\/18262\/revisions\/18263"}],"wp:featuredmedia":[{"embeddable":true,"href":"https:\/\/grapil.pl\/de\/wp-json\/wp\/v2\/media\/18264"}],"wp:attachment":[{"href":"https:\/\/grapil.pl\/de\/wp-json\/wp\/v2\/media?parent=18262"}],"wp:term":[{"taxonomy":"product_brand","embeddable":true,"href":"https:\/\/grapil.pl\/de\/wp-json\/wp\/v2\/product_brand?post=18262"},{"taxonomy":"product_cat","embeddable":true,"href":"https:\/\/grapil.pl\/de\/wp-json\/wp\/v2\/product_cat?post=18262"},{"taxonomy":"product_tag","embeddable":true,"href":"https:\/\/grapil.pl\/de\/wp-json\/wp\/v2\/product_tag?post=18262"}],"curies":[{"name":"wp","href":"https:\/\/api.w.org\/{rel}","templated":true}]}}