{"id":18265,"date":"2025-04-09T17:36:41","date_gmt":"2025-04-09T15:36:41","guid":{"rendered":"https:\/\/grapil.pl\/produkt\/polbuty-ochronne-yukon-s3\/"},"modified":"2025-04-09T17:36:55","modified_gmt":"2025-04-09T15:36:55","slug":"yukon-s3-sicherheitsschuhe","status":"publish","type":"product","link":"https:\/\/grapil.pl\/de\/produkt\/yukon-s3-sicherheitsschuhe\/","title":{"rendered":"Yukon S3 Sicherheitshalbstiefel"},"content":{"rendered":"<p style=\"font-weight:400;\"><strong><span style=\"font-size:14pt;\">Isolierter Stiefel YUKON WINTER S3 SRC<\/span><br \/><\/strong><\/p>\n<p style=\"font-weight:400;\">Schutzschuhe f\u00fcr alle Arbeiten, bei denen die F\u00fc\u00dfe mechanischen Gefahren ausgesetzt sind.<\/p>\n<ul>\n<li style=\"font-weight:400;\">hochwertiges Rindsleder<\/li>\n<li style=\"font-weight:400;\">Futter aus Kunstwolle<\/li>\n<li style=\"font-weight:400;\">doppelte Seitenn\u00e4hte<\/li>\n<li style=\"font-weight:400;\">Stahlkappe zum Schutz der Zehen<\/li>\n<li style=\"font-weight:400;\">Pannenschutz-Einlage<\/li>\n<li style=\"font-weight:400;\">rutschhemmende Sohle (SRC), \u00f6lbest\u00e4ndig, Zweischicht-PU\/PU<\/li>\n<li>\n<p><strong>Kategorie S3 EN 20345<\/strong><\/p>\n<\/li>\n<\/ul>\n<p style=\"font-weight:400;\"><strong>Arbeitsschuhe nach EN ISO 20345:2011 Pers\u00f6nliche Schutzausr\u00fcstung<br \/><\/strong><br \/><strong>Klasse S3<\/strong><\/p>\n<ul style=\"font-weight:400;\">\n<li>Zehenkappe sto\u00dffest mit einer Kraft von 200J<\/li>\n<li>antistatische Eigenschaften\u00a0<\/li>\n<li>Energieabsorption im Fersenbereich<\/li>\n<li>Wasserundurchl\u00e4ssigkeit\u00a0<\/li>\n<li>Sohlenskulptur\u00a0<\/li>\n<li>Durchsto\u00dffestigkeit mit einer Kraft von 1100J<\/li>\n<\/ul>","protected":false},"excerpt":{"rendered":"<p>Isolierter Stiefel YUKON WINTER S3 SRC Schutzschuh f\u00fcr alle Arbeiten, bei denen die F\u00fc\u00dfe hochwertigen mechanischen Gefahren ausgesetzt sind<\/p>","protected":false},"featured_media":18267,"template":"","meta":[],"product_brand":[155],"product_cat":[86,87,89],"product_tag":[],"class_list":{"0":"post-18265","1":"product","2":"type-product","3":"status-publish","4":"has-post-thumbnail","6":"product_brand-marelplus","7":"product_cat-sklepbhp","8":"product_cat-obuwie-robocze","9":"product_cat-polbuty","11":"first","12":"instock","13":"product-type-simple"},"yoast_head":"<!-- This site is optimized with the Yoast SEO plugin v25.3 - https:\/\/yoast.com\/wordpress\/plugins\/seo\/ -->\n<title>P\u00f3\u0142buty ochronne Yukon S3 - Grapil.pl \u2013 Profesjonalna Odzie\u017c S\u0142u\u017cbowa dla Bran\u017cy Kelnerskiej, HoReCa i Medycyny<\/title>\n<meta name=\"robots\" content=\"index, follow, max-snippet:-1, max-image-preview:large, max-video-preview:-1\" \/>\n<link rel=\"canonical\" href=\"https:\/\/grapil.pl\/de\/produkt\/yukon-s3-sicherheitsschuhe\/\" \/>\n<meta property=\"og:locale\" content=\"de_DE\" \/>\n<meta property=\"og:type\" content=\"article\" \/>\n<meta property=\"og:title\" content=\"P\u00f3\u0142buty ochronne Yukon S3 - Grapil.pl \u2013 Profesjonalna Odzie\u017c S\u0142u\u017cbowa dla Bran\u017cy Kelnerskiej, HoReCa i Medycyny\" \/>\n<meta property=\"og:description\" content=\"Trzewik ocieplany\u00a0YUKON WINTER S3 SRC Obuwie ochronne do wszelkiego rodzaju prac w warunkach ekspozycji st\u00f3p na zagro\u017cenia mechaniczne wysokiej jako\u015bci\" \/>\n<meta property=\"og:url\" content=\"https:\/\/grapil.pl\/de\/produkt\/yukon-s3-sicherheitsschuhe\/\" \/>\n<meta property=\"og:site_name\" content=\"Grapil.pl \u2013 Profesjonalna Odzie\u017c S\u0142u\u017cbowa dla Bran\u017cy Kelnerskiej, HoReCa i Medycyny\" \/>\n<meta property=\"article:modified_time\" content=\"2025-04-09T15:36:55+00:00\" \/>\n<meta property=\"og:image\" content=\"https:\/\/grapil.pl\/wp-content\/uploads\/2025\/04\/12370.jpg\" \/>\n\t<meta property=\"og:image:width\" content=\"975\" \/>\n\t<meta property=\"og:image:height\" content=\"669\" \/>\n\t<meta property=\"og:image:type\" content=\"image\/jpeg\" \/>\n<meta name=\"twitter:card\" content=\"summary_large_image\" \/>\n<script type=\"application\/ld+json\" class=\"yoast-schema-graph\">{\"@context\":\"https:\/\/schema.org\",\"@graph\":[{\"@type\":\"WebPage\",\"@id\":\"https:\/\/grapil.pl\/produkt\/polbuty-ochronne-yukon-s3\/\",\"url\":\"https:\/\/grapil.pl\/produkt\/polbuty-ochronne-yukon-s3\/\",\"name\":\"P\u00f3\u0142buty ochronne Yukon S3 - Grapil.pl \u2013 Profesjonalna Odzie\u017c S\u0142u\u017cbowa dla Bran\u017cy Kelnerskiej, HoReCa i Medycyny\",\"isPartOf\":{\"@id\":\"https:\/\/grapil.pl\/#website\"},\"primaryImageOfPage\":{\"@id\":\"https:\/\/grapil.pl\/produkt\/polbuty-ochronne-yukon-s3\/#primaryimage\"},\"image\":{\"@id\":\"https:\/\/grapil.pl\/produkt\/polbuty-ochronne-yukon-s3\/#primaryimage\"},\"thumbnailUrl\":\"https:\/\/grapil.pl\/wp-content\/uploads\/2025\/04\/12370.jpg\",\"datePublished\":\"2025-04-09T15:36:41+00:00\",\"dateModified\":\"2025-04-09T15:36:55+00:00\",\"breadcrumb\":{\"@id\":\"https:\/\/grapil.pl\/produkt\/polbuty-ochronne-yukon-s3\/#breadcrumb\"},\"inLanguage\":\"de\",\"potentialAction\":[{\"@type\":\"ReadAction\",\"target\":[\"https:\/\/grapil.pl\/produkt\/polbuty-ochronne-yukon-s3\/\"]}]},{\"@type\":\"ImageObject\",\"inLanguage\":\"de\",\"@id\":\"https:\/\/grapil.pl\/produkt\/polbuty-ochronne-yukon-s3\/#primaryimage\",\"url\":\"https:\/\/grapil.pl\/wp-content\/uploads\/2025\/04\/12370.jpg\",\"contentUrl\":\"https:\/\/grapil.pl\/wp-content\/uploads\/2025\/04\/12370.jpg\",\"width\":975,\"height\":669},{\"@type\":\"BreadcrumbList\",\"@id\":\"https:\/\/grapil.pl\/produkt\/polbuty-ochronne-yukon-s3\/#breadcrumb\",\"itemListElement\":[{\"@type\":\"ListItem\",\"position\":1,\"name\":\"Strona g\u0142\u00f3wna\",\"item\":\"https:\/\/grapil.pl\/\"},{\"@type\":\"ListItem\",\"position\":2,\"name\":\"sklep\",\"item\":\"https:\/\/grapil.pl\/sklep\/\"},{\"@type\":\"ListItem\",\"position\":3,\"name\":\"P\u00f3\u0142buty ochronne Yukon S3\"}]},{\"@type\":\"WebSite\",\"@id\":\"https:\/\/grapil.pl\/#website\",\"url\":\"https:\/\/grapil.pl\/\",\"name\":\"Grapil.pl \u2013 Profesjonalna Odzie\u017c S\u0142u\u017cbowa dla Bran\u017cy Kelnerskiej, HoReCa i Medycyny\",\"description\":\"\",\"potentialAction\":[{\"@type\":\"SearchAction\",\"target\":{\"@type\":\"EntryPoint\",\"urlTemplate\":\"https:\/\/grapil.pl\/?s={search_term_string}\"},\"query-input\":{\"@type\":\"PropertyValueSpecification\",\"valueRequired\":true,\"valueName\":\"search_term_string\"}}],\"inLanguage\":\"de\"}]}<\/script>\n<!-- \/ Yoast SEO plugin. -->","yoast_head_json":{"title":"P\u00f3\u0142buty ochronne Yukon S3 - Grapil.pl \u2013 Profesjonalna Odzie\u017c S\u0142u\u017cbowa dla Bran\u017cy Kelnerskiej, HoReCa i Medycyny","robots":{"index":"index","follow":"follow","max-snippet":"max-snippet:-1","max-image-preview":"max-image-preview:large","max-video-preview":"max-video-preview:-1"},"canonical":"https:\/\/grapil.pl\/de\/produkt\/yukon-s3-sicherheitsschuhe\/","og_locale":"de_DE","og_type":"article","og_title":"P\u00f3\u0142buty ochronne Yukon S3 - Grapil.pl \u2013 Profesjonalna Odzie\u017c S\u0142u\u017cbowa dla Bran\u017cy Kelnerskiej, HoReCa i Medycyny","og_description":"Trzewik ocieplany\u00a0YUKON WINTER S3 SRC Obuwie ochronne do wszelkiego rodzaju prac w warunkach ekspozycji st\u00f3p na zagro\u017cenia mechaniczne wysokiej jako\u015bci","og_url":"https:\/\/grapil.pl\/de\/produkt\/yukon-s3-sicherheitsschuhe\/","og_site_name":"Grapil.pl \u2013 Profesjonalna Odzie\u017c S\u0142u\u017cbowa dla Bran\u017cy Kelnerskiej, HoReCa i Medycyny","article_modified_time":"2025-04-09T15:36:55+00:00","og_image":[{"width":975,"height":669,"url":"https:\/\/grapil.pl\/wp-content\/uploads\/2025\/04\/12370.jpg","type":"image\/jpeg"}],"twitter_card":"summary_large_image","schema":{"@context":"https:\/\/schema.org","@graph":[{"@type":"WebPage","@id":"https:\/\/grapil.pl\/produkt\/polbuty-ochronne-yukon-s3\/","url":"https:\/\/grapil.pl\/produkt\/polbuty-ochronne-yukon-s3\/","name":"P\u00f3\u0142buty ochronne Yukon S3 - Grapil.pl \u2013 Profesjonalna Odzie\u017c S\u0142u\u017cbowa dla Bran\u017cy Kelnerskiej, HoReCa i Medycyny","isPartOf":{"@id":"https:\/\/grapil.pl\/#website"},"primaryImageOfPage":{"@id":"https:\/\/grapil.pl\/produkt\/polbuty-ochronne-yukon-s3\/#primaryimage"},"image":{"@id":"https:\/\/grapil.pl\/produkt\/polbuty-ochronne-yukon-s3\/#primaryimage"},"thumbnailUrl":"https:\/\/grapil.pl\/wp-content\/uploads\/2025\/04\/12370.jpg","datePublished":"2025-04-09T15:36:41+00:00","dateModified":"2025-04-09T15:36:55+00:00","breadcrumb":{"@id":"https:\/\/grapil.pl\/produkt\/polbuty-ochronne-yukon-s3\/#breadcrumb"},"inLanguage":"de","potentialAction":[{"@type":"ReadAction","target":["https:\/\/grapil.pl\/produkt\/polbuty-ochronne-yukon-s3\/"]}]},{"@type":"ImageObject","inLanguage":"de","@id":"https:\/\/grapil.pl\/produkt\/polbuty-ochronne-yukon-s3\/#primaryimage","url":"https:\/\/grapil.pl\/wp-content\/uploads\/2025\/04\/12370.jpg","contentUrl":"https:\/\/grapil.pl\/wp-content\/uploads\/2025\/04\/12370.jpg","width":975,"height":669},{"@type":"BreadcrumbList","@id":"https:\/\/grapil.pl\/produkt\/polbuty-ochronne-yukon-s3\/#breadcrumb","itemListElement":[{"@type":"ListItem","position":1,"name":"Strona g\u0142\u00f3wna","item":"https:\/\/grapil.pl\/"},{"@type":"ListItem","position":2,"name":"sklep","item":"https:\/\/grapil.pl\/sklep\/"},{"@type":"ListItem","position":3,"name":"P\u00f3\u0142buty ochronne Yukon S3"}]},{"@type":"WebSite","@id":"https:\/\/grapil.pl\/#website","url":"https:\/\/grapil.pl\/","name":"Grapil.pl \u2013 Profesjonalna Odzie\u017c S\u0142u\u017cbowa dla Bran\u017cy Kelnerskiej, HoReCa i Medycyny","description":"","potentialAction":[{"@type":"SearchAction","target":{"@type":"EntryPoint","urlTemplate":"https:\/\/grapil.pl\/?s={search_term_string}"},"query-input":{"@type":"PropertyValueSpecification","valueRequired":true,"valueName":"search_term_string"}}],"inLanguage":"de"}]}},"_links":{"self":[{"href":"https:\/\/grapil.pl\/de\/wp-json\/wp\/v2\/product\/18265","targetHints":{"allow":["GET"]}}],"collection":[{"href":"https:\/\/grapil.pl\/de\/wp-json\/wp\/v2\/product"}],"about":[{"href":"https:\/\/grapil.pl\/de\/wp-json\/wp\/v2\/types\/product"}],"version-history":[{"count":1,"href":"https:\/\/grapil.pl\/de\/wp-json\/wp\/v2\/product\/18265\/revisions"}],"predecessor-version":[{"id":18266,"href":"https:\/\/grapil.pl\/de\/wp-json\/wp\/v2\/product\/18265\/revisions\/18266"}],"wp:featuredmedia":[{"embeddable":true,"href":"https:\/\/grapil.pl\/de\/wp-json\/wp\/v2\/media\/18267"}],"wp:attachment":[{"href":"https:\/\/grapil.pl\/de\/wp-json\/wp\/v2\/media?parent=18265"}],"wp:term":[{"taxonomy":"product_brand","embeddable":true,"href":"https:\/\/grapil.pl\/de\/wp-json\/wp\/v2\/product_brand?post=18265"},{"taxonomy":"product_cat","embeddable":true,"href":"https:\/\/grapil.pl\/de\/wp-json\/wp\/v2\/product_cat?post=18265"},{"taxonomy":"product_tag","embeddable":true,"href":"https:\/\/grapil.pl\/de\/wp-json\/wp\/v2\/product_tag?post=18265"}],"curies":[{"name":"wp","href":"https:\/\/api.w.org\/{rel}","templated":true}]}}