{"id":18287,"date":"2025-04-09T17:36:41","date_gmt":"2025-04-09T15:36:41","guid":{"rendered":"https:\/\/grapil.pl\/produkt\/sukienka-damska-bez-podszewki\/"},"modified":"2026-02-17T14:13:01","modified_gmt":"2026-02-17T13:13:01","slug":"damenkleid-ohne-futter","status":"publish","type":"product","link":"https:\/\/grapil.pl\/de\/produkt\/damenkleid-ohne-futter\/","title":{"rendered":"Damenkleid ohne Futter"},"content":{"rendered":"<p>Ungef\u00fcttertes Damenkleid mit rundem Halsausschnitt und Schlitz. Es hat kurze \u00c4rmel mit Schlitz f\u00fcr freie Bewegung und breiten Ziern\u00e4hten.<\/p>\n<p>Ein Trapezkleid mit leicht tailliertem Schnitt. Der Saum ist ebenfalls mit breiten Ziern\u00e4hten versehen. Der Verschluss erfolgt mit einem verdeckten Rei\u00dfverschluss auf der R\u00fcckseite.<\/p>\n<p>Stoffmischung mit Elastomerzusatz.<\/p>\n<p>Farben nach Kundenwunsch.<\/p>\n<p style=\"font-weight: 400;\"><span style=\"color: #d43b3b;\">Stickereien m\u00f6glich \u2013 bitte kontaktieren Sie uns!<\/span><\/p>\n<p style=\"font-weight: 400;\"><span style=\"color: #d43b3b;\">Der Preis wird individuell mit dem Kunden vereinbart.<\/span><\/p>","protected":false},"excerpt":{"rendered":"<p>Damenkleid ohne Futter, am Hals rund mit einem Schlitz versehen. Es hat kurze \u00c4rmel mit Schlitz, die freie Bewegung erm\u00f6glichen und<\/p>","protected":false},"featured_media":25302,"template":"","meta":[],"product_brand":[127],"product_cat":[82,130],"product_tag":[],"class_list":{"0":"post-18287","1":"product","2":"type-product","3":"status-publish","4":"has-post-thumbnail","6":"product_brand-produkt-na-zamowienie","7":"product_cat-hotelarstwo","8":"product_cat-sukienki-i-spodnice","10":"first","11":"instock","12":"product-type-simple"},"yoast_head":"<!-- This site is optimized with the Yoast SEO plugin v25.3 - https:\/\/yoast.com\/wordpress\/plugins\/seo\/ -->\n<title>Sukienka damska bez podszewki - Grapil.pl \u2013 Profesjonalna Odzie\u017c S\u0142u\u017cbowa dla Bran\u017cy Kelnerskiej, HoReCa i Medycyny<\/title>\n<meta name=\"robots\" content=\"index, follow, max-snippet:-1, max-image-preview:large, max-video-preview:-1\" \/>\n<link rel=\"canonical\" href=\"https:\/\/grapil.pl\/de\/produkt\/damenkleid-ohne-futter\/\" \/>\n<meta property=\"og:locale\" content=\"de_DE\" \/>\n<meta property=\"og:type\" content=\"article\" \/>\n<meta property=\"og:title\" content=\"Sukienka damska bez podszewki - Grapil.pl \u2013 Profesjonalna Odzie\u017c S\u0142u\u017cbowa dla Bran\u017cy Kelnerskiej, HoReCa i Medycyny\" \/>\n<meta property=\"og:description\" content=\"Sukienka damska bez podszewki, zako\u0144czona przy szyi okr\u0105g\u0142o z p\u0119kni\u0119ciem. Posiada kr\u00f3tki r\u0119kaw z p\u0119kni\u0119ciem, kt\u00f3re umo\u017cliwia swobodne poruszanie si\u0119\u00a0oraz\" \/>\n<meta property=\"og:url\" content=\"https:\/\/grapil.pl\/de\/produkt\/damenkleid-ohne-futter\/\" \/>\n<meta property=\"og:site_name\" content=\"Grapil.pl \u2013 Profesjonalna Odzie\u017c S\u0142u\u017cbowa dla Bran\u017cy Kelnerskiej, HoReCa i Medycyny\" \/>\n<meta property=\"article:modified_time\" content=\"2026-02-17T13:13:01+00:00\" \/>\n<meta property=\"og:image\" content=\"https:\/\/grapil.pl\/wp-content\/uploads\/2025\/04\/sukienka-damska-szara-kopia.jpg\" \/>\n\t<meta property=\"og:image:width\" content=\"600\" \/>\n\t<meta property=\"og:image:height\" content=\"800\" \/>\n\t<meta property=\"og:image:type\" content=\"image\/jpeg\" \/>\n<meta name=\"twitter:card\" content=\"summary_large_image\" \/>\n<meta name=\"twitter:label1\" content=\"Gesch\u00e4tzte Lesezeit\" \/>\n\t<meta name=\"twitter:data1\" content=\"1\u00a0Minute\" \/>\n<script type=\"application\/ld+json\" class=\"yoast-schema-graph\">{\"@context\":\"https:\/\/schema.org\",\"@graph\":[{\"@type\":\"WebPage\",\"@id\":\"https:\/\/grapil.pl\/produkt\/sukienka-damska-bez-podszewki\/\",\"url\":\"https:\/\/grapil.pl\/produkt\/sukienka-damska-bez-podszewki\/\",\"name\":\"Sukienka damska bez podszewki - Grapil.pl \u2013 Profesjonalna Odzie\u017c S\u0142u\u017cbowa dla Bran\u017cy Kelnerskiej, HoReCa i Medycyny\",\"isPartOf\":{\"@id\":\"https:\/\/grapil.pl\/#website\"},\"primaryImageOfPage\":{\"@id\":\"https:\/\/grapil.pl\/produkt\/sukienka-damska-bez-podszewki\/#primaryimage\"},\"image\":{\"@id\":\"https:\/\/grapil.pl\/produkt\/sukienka-damska-bez-podszewki\/#primaryimage\"},\"thumbnailUrl\":\"https:\/\/grapil.pl\/wp-content\/uploads\/2025\/04\/sukienka-damska-szara-kopia.jpg\",\"datePublished\":\"2025-04-09T15:36:41+00:00\",\"dateModified\":\"2026-02-17T13:13:01+00:00\",\"breadcrumb\":{\"@id\":\"https:\/\/grapil.pl\/produkt\/sukienka-damska-bez-podszewki\/#breadcrumb\"},\"inLanguage\":\"de\",\"potentialAction\":[{\"@type\":\"ReadAction\",\"target\":[\"https:\/\/grapil.pl\/produkt\/sukienka-damska-bez-podszewki\/\"]}]},{\"@type\":\"ImageObject\",\"inLanguage\":\"de\",\"@id\":\"https:\/\/grapil.pl\/produkt\/sukienka-damska-bez-podszewki\/#primaryimage\",\"url\":\"https:\/\/grapil.pl\/wp-content\/uploads\/2025\/04\/sukienka-damska-szara-kopia.jpg\",\"contentUrl\":\"https:\/\/grapil.pl\/wp-content\/uploads\/2025\/04\/sukienka-damska-szara-kopia.jpg\",\"width\":600,\"height\":800},{\"@type\":\"BreadcrumbList\",\"@id\":\"https:\/\/grapil.pl\/produkt\/sukienka-damska-bez-podszewki\/#breadcrumb\",\"itemListElement\":[{\"@type\":\"ListItem\",\"position\":1,\"name\":\"Strona g\u0142\u00f3wna\",\"item\":\"https:\/\/grapil.pl\/\"},{\"@type\":\"ListItem\",\"position\":2,\"name\":\"sklep\",\"item\":\"https:\/\/grapil.pl\/sklep\/\"},{\"@type\":\"ListItem\",\"position\":3,\"name\":\"Sukienka damska bez podszewki\"}]},{\"@type\":\"WebSite\",\"@id\":\"https:\/\/grapil.pl\/#website\",\"url\":\"https:\/\/grapil.pl\/\",\"name\":\"Grapil.pl \u2013 Profesjonalna Odzie\u017c S\u0142u\u017cbowa dla Bran\u017cy Kelnerskiej, HoReCa i Medycyny\",\"description\":\"\",\"potentialAction\":[{\"@type\":\"SearchAction\",\"target\":{\"@type\":\"EntryPoint\",\"urlTemplate\":\"https:\/\/grapil.pl\/?s={search_term_string}\"},\"query-input\":{\"@type\":\"PropertyValueSpecification\",\"valueRequired\":true,\"valueName\":\"search_term_string\"}}],\"inLanguage\":\"de\"}]}<\/script>\n<!-- \/ Yoast SEO plugin. -->","yoast_head_json":{"title":"Sukienka damska bez podszewki - Grapil.pl \u2013 Profesjonalna Odzie\u017c S\u0142u\u017cbowa dla Bran\u017cy Kelnerskiej, HoReCa i Medycyny","robots":{"index":"index","follow":"follow","max-snippet":"max-snippet:-1","max-image-preview":"max-image-preview:large","max-video-preview":"max-video-preview:-1"},"canonical":"https:\/\/grapil.pl\/de\/produkt\/damenkleid-ohne-futter\/","og_locale":"de_DE","og_type":"article","og_title":"Sukienka damska bez podszewki - Grapil.pl \u2013 Profesjonalna Odzie\u017c S\u0142u\u017cbowa dla Bran\u017cy Kelnerskiej, HoReCa i Medycyny","og_description":"Sukienka damska bez podszewki, zako\u0144czona przy szyi okr\u0105g\u0142o z p\u0119kni\u0119ciem. Posiada kr\u00f3tki r\u0119kaw z p\u0119kni\u0119ciem, kt\u00f3re umo\u017cliwia swobodne poruszanie si\u0119\u00a0oraz","og_url":"https:\/\/grapil.pl\/de\/produkt\/damenkleid-ohne-futter\/","og_site_name":"Grapil.pl \u2013 Profesjonalna Odzie\u017c S\u0142u\u017cbowa dla Bran\u017cy Kelnerskiej, HoReCa i Medycyny","article_modified_time":"2026-02-17T13:13:01+00:00","og_image":[{"width":600,"height":800,"url":"https:\/\/grapil.pl\/wp-content\/uploads\/2025\/04\/sukienka-damska-szara-kopia.jpg","type":"image\/jpeg"}],"twitter_card":"summary_large_image","twitter_misc":{"Gesch\u00e4tzte Lesezeit":"1\u00a0Minute"},"schema":{"@context":"https:\/\/schema.org","@graph":[{"@type":"WebPage","@id":"https:\/\/grapil.pl\/produkt\/sukienka-damska-bez-podszewki\/","url":"https:\/\/grapil.pl\/produkt\/sukienka-damska-bez-podszewki\/","name":"Sukienka damska bez podszewki - Grapil.pl \u2013 Profesjonalna Odzie\u017c S\u0142u\u017cbowa dla Bran\u017cy Kelnerskiej, HoReCa i Medycyny","isPartOf":{"@id":"https:\/\/grapil.pl\/#website"},"primaryImageOfPage":{"@id":"https:\/\/grapil.pl\/produkt\/sukienka-damska-bez-podszewki\/#primaryimage"},"image":{"@id":"https:\/\/grapil.pl\/produkt\/sukienka-damska-bez-podszewki\/#primaryimage"},"thumbnailUrl":"https:\/\/grapil.pl\/wp-content\/uploads\/2025\/04\/sukienka-damska-szara-kopia.jpg","datePublished":"2025-04-09T15:36:41+00:00","dateModified":"2026-02-17T13:13:01+00:00","breadcrumb":{"@id":"https:\/\/grapil.pl\/produkt\/sukienka-damska-bez-podszewki\/#breadcrumb"},"inLanguage":"de","potentialAction":[{"@type":"ReadAction","target":["https:\/\/grapil.pl\/produkt\/sukienka-damska-bez-podszewki\/"]}]},{"@type":"ImageObject","inLanguage":"de","@id":"https:\/\/grapil.pl\/produkt\/sukienka-damska-bez-podszewki\/#primaryimage","url":"https:\/\/grapil.pl\/wp-content\/uploads\/2025\/04\/sukienka-damska-szara-kopia.jpg","contentUrl":"https:\/\/grapil.pl\/wp-content\/uploads\/2025\/04\/sukienka-damska-szara-kopia.jpg","width":600,"height":800},{"@type":"BreadcrumbList","@id":"https:\/\/grapil.pl\/produkt\/sukienka-damska-bez-podszewki\/#breadcrumb","itemListElement":[{"@type":"ListItem","position":1,"name":"Strona g\u0142\u00f3wna","item":"https:\/\/grapil.pl\/"},{"@type":"ListItem","position":2,"name":"sklep","item":"https:\/\/grapil.pl\/sklep\/"},{"@type":"ListItem","position":3,"name":"Sukienka damska bez podszewki"}]},{"@type":"WebSite","@id":"https:\/\/grapil.pl\/#website","url":"https:\/\/grapil.pl\/","name":"Grapil.pl \u2013 Profesjonalna Odzie\u017c S\u0142u\u017cbowa dla Bran\u017cy Kelnerskiej, HoReCa i Medycyny","description":"","potentialAction":[{"@type":"SearchAction","target":{"@type":"EntryPoint","urlTemplate":"https:\/\/grapil.pl\/?s={search_term_string}"},"query-input":{"@type":"PropertyValueSpecification","valueRequired":true,"valueName":"search_term_string"}}],"inLanguage":"de"}]}},"_links":{"self":[{"href":"https:\/\/grapil.pl\/de\/wp-json\/wp\/v2\/product\/18287","targetHints":{"allow":["GET"]}}],"collection":[{"href":"https:\/\/grapil.pl\/de\/wp-json\/wp\/v2\/product"}],"about":[{"href":"https:\/\/grapil.pl\/de\/wp-json\/wp\/v2\/types\/product"}],"version-history":[{"count":2,"href":"https:\/\/grapil.pl\/de\/wp-json\/wp\/v2\/product\/18287\/revisions"}],"predecessor-version":[{"id":21035,"href":"https:\/\/grapil.pl\/de\/wp-json\/wp\/v2\/product\/18287\/revisions\/21035"}],"wp:featuredmedia":[{"embeddable":true,"href":"https:\/\/grapil.pl\/de\/wp-json\/wp\/v2\/media\/25302"}],"wp:attachment":[{"href":"https:\/\/grapil.pl\/de\/wp-json\/wp\/v2\/media?parent=18287"}],"wp:term":[{"taxonomy":"product_brand","embeddable":true,"href":"https:\/\/grapil.pl\/de\/wp-json\/wp\/v2\/product_brand?post=18287"},{"taxonomy":"product_cat","embeddable":true,"href":"https:\/\/grapil.pl\/de\/wp-json\/wp\/v2\/product_cat?post=18287"},{"taxonomy":"product_tag","embeddable":true,"href":"https:\/\/grapil.pl\/de\/wp-json\/wp\/v2\/product_tag?post=18287"}],"curies":[{"name":"wp","href":"https:\/\/api.w.org\/{rel}","templated":true}]}}