{"id":18349,"date":"2025-04-09T17:37:05","date_gmt":"2025-04-09T15:37:05","guid":{"rendered":"https:\/\/grapil.pl\/produkt\/buty-robocze-rock-granite-s3wariant1\/"},"modified":"2025-04-09T17:37:18","modified_gmt":"2025-04-09T15:37:18","slug":"rock-granite-arbeitsschuhe-s3variante1","status":"publish","type":"product","link":"https:\/\/grapil.pl\/de\/produkt\/rock-granite-arbeitsschuhe-s3variante1\/","title":{"rendered":"Rock Granite S3 Arbeitsschuhe{variate1}"},"content":{"rendered":"<h1><span style=\"font-size:14pt;\">CXS Rock Granite S3 HRO SRA Sicherheitsstiefel \u2013 Metallfrei\u00a0<\/span><\/h1>\n<p>ROCK GRANITE Stiefel sind moderne Arbeitsschuhe. Sie eignen sich f\u00fcr schwere Industrie-, Stra\u00dfen- und Bauarbeiten. Sie bieten professionellen Beinschutz und hohen Tragekomfort. Die Sicherheitsschuhe haben ein Obermaterial aus Leder sowie einen Schaft und eine Zunge aus Textil. Dank der Impr\u00e4gnierung ist das Leder hydrophob. Das bedeutet, dass es gem\u00e4\u00df Norm regenfest ist. Im Inneren befindet sich ein atmungsaktives Futter, das Temperatur und Feuchtigkeit reguliert. Die Zehenschutzkappe aus Verbundwerkstoff sch\u00fctzt die Zehen effektiv vor St\u00f6\u00dfen. Die durchtrittsichere Inneneinlage aus Kevlar\u00ae erm\u00f6glicht die Arbeit im Gel\u00e4nde mit scharfen Elementen im Boden. Ein weiterer Vorteil der Schuhe ist die Sohle aus Polyurethan-Gummi. Sie ist best\u00e4ndig gegen \u00d6le, Fette und Kraftstoffe, antistatisch, rutschfest und temperaturbest\u00e4ndig bis 300 \u00b0C.\u00a0<\/p>\n<ul>\n<li>Hochwertiges Vollnarben-Rindsleder mit hydrophober Ausr\u00fcstung<\/li>\n<li>Atmungsaktives Futter<\/li>\n<li>Gepolsterte Zunge<\/li>\n<li><strong>Zehenkappe aus Verbundwerkstoff<\/strong><\/li>\n<li><strong>Kevlar\u00ae-Pannenschutzeinlage<\/strong><\/li>\n<li>Schuhsohle aus PU-Gummi, \u00f6lbest\u00e4ndig, antistatisch, rutschhemmend, best\u00e4ndig gegen den Kontakt mit hei\u00dfen Oberfl\u00e4chen (bis 300\u00b0C)<\/li>\n<li>Vibrationsabsorber im Fersenbereich<\/li>\n<li>\u00c4u\u00dfere \u00dcberlagerung an der Schuhspitze sch\u00fctzt vor vorzeitigem Verschlei\u00df und Abrieb<\/li>\n<li>Verst\u00e4rkung im Sprunggelenk durch eine Kunststoffauflage<\/li>\n<li>CXS Rock Granite S3 Sicherheitsarbeitsstiefel erf\u00fcllen die Anforderungen der Arbeitsschutznorm: <strong>EN-ISO-20345:2011 S3-HRO-SRA<\/strong> \u2013 Sicherheitsschuhe<\/li>\n<\/ul>","protected":false},"excerpt":{"rendered":"<p>Ochronne trzewiki robocze CXS Rock Granite S3 HRO SRA\u00a0&#8211; Metal Free\u00a0 Trzewiki ROCK GRANITE to\u00a0zaawansowany typ obuwia roboczego. Przystosowane s\u0105<\/p>","protected":false},"featured_media":18351,"template":"","meta":[],"product_brand":[101],"product_cat":[86,87,90],"product_tag":[],"class_list":{"0":"post-18349","1":"product","2":"type-product","3":"status-publish","4":"has-post-thumbnail","6":"product_brand-cxs-canis","7":"product_cat-sklepbhp","8":"product_cat-obuwie-robocze","9":"product_cat-trzewiki","11":"first","12":"instock","13":"product-type-simple"},"yoast_head":"<!-- This site is optimized with the Yoast SEO plugin v25.3 - https:\/\/yoast.com\/wordpress\/plugins\/seo\/ -->\n<title>Buty robocze Rock Granite S3{wariant1} - Grapil.pl \u2013 Profesjonalna Odzie\u017c S\u0142u\u017cbowa dla Bran\u017cy Kelnerskiej, HoReCa i Medycyny<\/title>\n<meta name=\"robots\" content=\"index, follow, max-snippet:-1, max-image-preview:large, max-video-preview:-1\" \/>\n<link rel=\"canonical\" href=\"https:\/\/grapil.pl\/de\/produkt\/rock-granite-arbeitsschuhe-s3variante1\/\" \/>\n<meta property=\"og:locale\" content=\"de_DE\" \/>\n<meta property=\"og:type\" content=\"article\" \/>\n<meta property=\"og:title\" content=\"Buty robocze Rock Granite S3{wariant1} - Grapil.pl \u2013 Profesjonalna Odzie\u017c S\u0142u\u017cbowa dla Bran\u017cy Kelnerskiej, HoReCa i Medycyny\" \/>\n<meta property=\"og:description\" content=\"Ochronne trzewiki robocze CXS Rock Granite S3 HRO SRA\u00a0&#8211; Metal Free\u00a0 Trzewiki ROCK GRANITE to\u00a0zaawansowany typ obuwia roboczego. Przystosowane s\u0105\" \/>\n<meta property=\"og:url\" content=\"https:\/\/grapil.pl\/de\/produkt\/rock-granite-arbeitsschuhe-s3variante1\/\" \/>\n<meta property=\"og:site_name\" content=\"Grapil.pl \u2013 Profesjonalna Odzie\u017c S\u0142u\u017cbowa dla Bran\u017cy Kelnerskiej, HoReCa i Medycyny\" \/>\n<meta property=\"article:modified_time\" content=\"2025-04-09T15:37:18+00:00\" \/>\n<meta property=\"og:image\" content=\"https:\/\/grapil.pl\/wp-content\/uploads\/2025\/04\/18385.jpg\" \/>\n\t<meta property=\"og:image:width\" content=\"1024\" \/>\n\t<meta property=\"og:image:height\" content=\"768\" \/>\n\t<meta property=\"og:image:type\" content=\"image\/jpeg\" \/>\n<meta name=\"twitter:card\" content=\"summary_large_image\" \/>\n<meta name=\"twitter:label1\" content=\"Gesch\u00e4tzte Lesezeit\" \/>\n\t<meta name=\"twitter:data1\" content=\"1\u00a0Minute\" \/>\n<script type=\"application\/ld+json\" class=\"yoast-schema-graph\">{\"@context\":\"https:\/\/schema.org\",\"@graph\":[{\"@type\":\"WebPage\",\"@id\":\"https:\/\/grapil.pl\/produkt\/buty-robocze-rock-granite-s3wariant1\/\",\"url\":\"https:\/\/grapil.pl\/produkt\/buty-robocze-rock-granite-s3wariant1\/\",\"name\":\"Buty robocze Rock Granite S3{wariant1} - Grapil.pl \u2013 Profesjonalna Odzie\u017c S\u0142u\u017cbowa dla Bran\u017cy Kelnerskiej, HoReCa i Medycyny\",\"isPartOf\":{\"@id\":\"https:\/\/grapil.pl\/#website\"},\"primaryImageOfPage\":{\"@id\":\"https:\/\/grapil.pl\/produkt\/buty-robocze-rock-granite-s3wariant1\/#primaryimage\"},\"image\":{\"@id\":\"https:\/\/grapil.pl\/produkt\/buty-robocze-rock-granite-s3wariant1\/#primaryimage\"},\"thumbnailUrl\":\"https:\/\/grapil.pl\/wp-content\/uploads\/2025\/04\/18385.jpg\",\"datePublished\":\"2025-04-09T15:37:05+00:00\",\"dateModified\":\"2025-04-09T15:37:18+00:00\",\"breadcrumb\":{\"@id\":\"https:\/\/grapil.pl\/produkt\/buty-robocze-rock-granite-s3wariant1\/#breadcrumb\"},\"inLanguage\":\"de\",\"potentialAction\":[{\"@type\":\"ReadAction\",\"target\":[\"https:\/\/grapil.pl\/produkt\/buty-robocze-rock-granite-s3wariant1\/\"]}]},{\"@type\":\"ImageObject\",\"inLanguage\":\"de\",\"@id\":\"https:\/\/grapil.pl\/produkt\/buty-robocze-rock-granite-s3wariant1\/#primaryimage\",\"url\":\"https:\/\/grapil.pl\/wp-content\/uploads\/2025\/04\/18385.jpg\",\"contentUrl\":\"https:\/\/grapil.pl\/wp-content\/uploads\/2025\/04\/18385.jpg\",\"width\":1024,\"height\":768},{\"@type\":\"BreadcrumbList\",\"@id\":\"https:\/\/grapil.pl\/produkt\/buty-robocze-rock-granite-s3wariant1\/#breadcrumb\",\"itemListElement\":[{\"@type\":\"ListItem\",\"position\":1,\"name\":\"Strona g\u0142\u00f3wna\",\"item\":\"https:\/\/grapil.pl\/\"},{\"@type\":\"ListItem\",\"position\":2,\"name\":\"sklep\",\"item\":\"https:\/\/grapil.pl\/sklep\/\"},{\"@type\":\"ListItem\",\"position\":3,\"name\":\"Buty robocze Rock Granite S3{wariant1}\"}]},{\"@type\":\"WebSite\",\"@id\":\"https:\/\/grapil.pl\/#website\",\"url\":\"https:\/\/grapil.pl\/\",\"name\":\"Grapil.pl \u2013 Profesjonalna Odzie\u017c S\u0142u\u017cbowa dla Bran\u017cy Kelnerskiej, HoReCa i Medycyny\",\"description\":\"\",\"potentialAction\":[{\"@type\":\"SearchAction\",\"target\":{\"@type\":\"EntryPoint\",\"urlTemplate\":\"https:\/\/grapil.pl\/?s={search_term_string}\"},\"query-input\":{\"@type\":\"PropertyValueSpecification\",\"valueRequired\":true,\"valueName\":\"search_term_string\"}}],\"inLanguage\":\"de\"}]}<\/script>\n<!-- \/ Yoast SEO plugin. -->","yoast_head_json":{"title":"Buty robocze Rock Granite S3{wariant1} - Grapil.pl \u2013 Profesjonalna Odzie\u017c S\u0142u\u017cbowa dla Bran\u017cy Kelnerskiej, HoReCa i Medycyny","robots":{"index":"index","follow":"follow","max-snippet":"max-snippet:-1","max-image-preview":"max-image-preview:large","max-video-preview":"max-video-preview:-1"},"canonical":"https:\/\/grapil.pl\/de\/produkt\/rock-granite-arbeitsschuhe-s3variante1\/","og_locale":"de_DE","og_type":"article","og_title":"Buty robocze Rock Granite S3{wariant1} - Grapil.pl \u2013 Profesjonalna Odzie\u017c S\u0142u\u017cbowa dla Bran\u017cy Kelnerskiej, HoReCa i Medycyny","og_description":"Ochronne trzewiki robocze CXS Rock Granite S3 HRO SRA\u00a0&#8211; Metal Free\u00a0 Trzewiki ROCK GRANITE to\u00a0zaawansowany typ obuwia roboczego. Przystosowane s\u0105","og_url":"https:\/\/grapil.pl\/de\/produkt\/rock-granite-arbeitsschuhe-s3variante1\/","og_site_name":"Grapil.pl \u2013 Profesjonalna Odzie\u017c S\u0142u\u017cbowa dla Bran\u017cy Kelnerskiej, HoReCa i Medycyny","article_modified_time":"2025-04-09T15:37:18+00:00","og_image":[{"width":1024,"height":768,"url":"https:\/\/grapil.pl\/wp-content\/uploads\/2025\/04\/18385.jpg","type":"image\/jpeg"}],"twitter_card":"summary_large_image","twitter_misc":{"Gesch\u00e4tzte Lesezeit":"1\u00a0Minute"},"schema":{"@context":"https:\/\/schema.org","@graph":[{"@type":"WebPage","@id":"https:\/\/grapil.pl\/produkt\/buty-robocze-rock-granite-s3wariant1\/","url":"https:\/\/grapil.pl\/produkt\/buty-robocze-rock-granite-s3wariant1\/","name":"Buty robocze Rock Granite S3{wariant1} - Grapil.pl \u2013 Profesjonalna Odzie\u017c S\u0142u\u017cbowa dla Bran\u017cy Kelnerskiej, HoReCa i Medycyny","isPartOf":{"@id":"https:\/\/grapil.pl\/#website"},"primaryImageOfPage":{"@id":"https:\/\/grapil.pl\/produkt\/buty-robocze-rock-granite-s3wariant1\/#primaryimage"},"image":{"@id":"https:\/\/grapil.pl\/produkt\/buty-robocze-rock-granite-s3wariant1\/#primaryimage"},"thumbnailUrl":"https:\/\/grapil.pl\/wp-content\/uploads\/2025\/04\/18385.jpg","datePublished":"2025-04-09T15:37:05+00:00","dateModified":"2025-04-09T15:37:18+00:00","breadcrumb":{"@id":"https:\/\/grapil.pl\/produkt\/buty-robocze-rock-granite-s3wariant1\/#breadcrumb"},"inLanguage":"de","potentialAction":[{"@type":"ReadAction","target":["https:\/\/grapil.pl\/produkt\/buty-robocze-rock-granite-s3wariant1\/"]}]},{"@type":"ImageObject","inLanguage":"de","@id":"https:\/\/grapil.pl\/produkt\/buty-robocze-rock-granite-s3wariant1\/#primaryimage","url":"https:\/\/grapil.pl\/wp-content\/uploads\/2025\/04\/18385.jpg","contentUrl":"https:\/\/grapil.pl\/wp-content\/uploads\/2025\/04\/18385.jpg","width":1024,"height":768},{"@type":"BreadcrumbList","@id":"https:\/\/grapil.pl\/produkt\/buty-robocze-rock-granite-s3wariant1\/#breadcrumb","itemListElement":[{"@type":"ListItem","position":1,"name":"Strona g\u0142\u00f3wna","item":"https:\/\/grapil.pl\/"},{"@type":"ListItem","position":2,"name":"sklep","item":"https:\/\/grapil.pl\/sklep\/"},{"@type":"ListItem","position":3,"name":"Buty robocze Rock Granite S3{wariant1}"}]},{"@type":"WebSite","@id":"https:\/\/grapil.pl\/#website","url":"https:\/\/grapil.pl\/","name":"Grapil.pl \u2013 Profesjonalna Odzie\u017c S\u0142u\u017cbowa dla Bran\u017cy Kelnerskiej, HoReCa i Medycyny","description":"","potentialAction":[{"@type":"SearchAction","target":{"@type":"EntryPoint","urlTemplate":"https:\/\/grapil.pl\/?s={search_term_string}"},"query-input":{"@type":"PropertyValueSpecification","valueRequired":true,"valueName":"search_term_string"}}],"inLanguage":"de"}]}},"_links":{"self":[{"href":"https:\/\/grapil.pl\/de\/wp-json\/wp\/v2\/product\/18349","targetHints":{"allow":["GET"]}}],"collection":[{"href":"https:\/\/grapil.pl\/de\/wp-json\/wp\/v2\/product"}],"about":[{"href":"https:\/\/grapil.pl\/de\/wp-json\/wp\/v2\/types\/product"}],"version-history":[{"count":1,"href":"https:\/\/grapil.pl\/de\/wp-json\/wp\/v2\/product\/18349\/revisions"}],"predecessor-version":[{"id":18350,"href":"https:\/\/grapil.pl\/de\/wp-json\/wp\/v2\/product\/18349\/revisions\/18350"}],"wp:featuredmedia":[{"embeddable":true,"href":"https:\/\/grapil.pl\/de\/wp-json\/wp\/v2\/media\/18351"}],"wp:attachment":[{"href":"https:\/\/grapil.pl\/de\/wp-json\/wp\/v2\/media?parent=18349"}],"wp:term":[{"taxonomy":"product_brand","embeddable":true,"href":"https:\/\/grapil.pl\/de\/wp-json\/wp\/v2\/product_brand?post=18349"},{"taxonomy":"product_cat","embeddable":true,"href":"https:\/\/grapil.pl\/de\/wp-json\/wp\/v2\/product_cat?post=18349"},{"taxonomy":"product_tag","embeddable":true,"href":"https:\/\/grapil.pl\/de\/wp-json\/wp\/v2\/product_tag?post=18349"}],"curies":[{"name":"wp","href":"https:\/\/api.w.org\/{rel}","templated":true}]}}