{"id":18353,"date":"2025-04-09T17:37:05","date_gmt":"2025-04-09T15:37:05","guid":{"rendered":"https:\/\/grapil.pl\/produkt\/buty-robocze-rock-ore-s3\/"},"modified":"2025-04-09T17:37:18","modified_gmt":"2025-04-09T15:37:18","slug":"rock-ore-s3-arbeitsstiefel","status":"publish","type":"product","link":"https:\/\/grapil.pl\/de\/produkt\/rock-ore-s3-arbeitsstiefel\/","title":{"rendered":"Rock Ore S3 Arbeitsstiefel"},"content":{"rendered":"<section class=\"section\">\n<div class=\"item item-12\">\n<section class=\"text-item\">\n<h1><span style=\"font-size:14pt;\">CXS ROCK ORE SCHUTZSCHUHE DER KLASSE S3 HRO SRA<\/span><\/h1>\n<\/section><\/div>\n<\/section>\n<section class=\"section\">\n<div class=\"item item-12\">\n<section class=\"text-item\">\n<p>Sicherheitsschuhe mit leichter Zehenschutzkappe aus Verbundwerkstoffen und Kevlar-Durchtrittschutz in der Sohle, die den Fu\u00df vor Stichen (z. B. durch Nageltritt) sch\u00fctzt. Obermaterial aus hochwertigem Naturleder. Sohle mit erh\u00f6hter Rutschfestigkeit (SRA-Kategorie) und best\u00e4ndig gegen kurzzeitigen Kontakt mit hohen Temperaturen \u2013 bis zu 300 Grad (HRO).<\/p>\n<\/section><\/div>\n<\/section>\n<section class=\"section\">\n<div class=\"item item-12\">\n<section class=\"text-item\">\n<ul>\n<li>aus hochwertigem, naturbelassenem, impr\u00e4gniertem Leder<\/li>\n<li>Zehenkappe aus Verbundwerkstoff zum Schutz der Zehen<\/li>\n<li>Kevlar-Durchtrittschutzeinsatz in der Sohle<\/li>\n<li>hochwertiges Zungenfutter und Innensohlen<\/li>\n<li>nicht abf\u00e4rbende Sohle mit \u00f6labweisenden und antistatischen Eigenschaften sowie erh\u00f6hter Rutschhemmung (SRA)<\/li>\n<li>Sohle best\u00e4ndig gegen Kontakttemperaturen bis 300\u00b0C<\/li>\n<li>Energieabsorption in der Ferse<\/li>\n<li>erf\u00fcllt die Anforderungen der Norm <strong>EN ISO 20 345<\/strong><\/li>\n<\/ul>\n<\/section><\/div>\n<\/section>","protected":false},"excerpt":{"rendered":"<p>CXS ROCK ORE SICHERHEITSSCHUHE IN DER KLASSE S3 HRO SRA Sicherheitsschuhe mit leichter Zehenschutzkappe aus Verbundwerkstoffen<\/p>","protected":false},"featured_media":18355,"template":"","meta":[],"product_brand":[101],"product_cat":[86,87,89],"product_tag":[],"class_list":{"0":"post-18353","1":"product","2":"type-product","3":"status-publish","4":"has-post-thumbnail","6":"product_brand-cxs-canis","7":"product_cat-sklepbhp","8":"product_cat-obuwie-robocze","9":"product_cat-polbuty","11":"first","12":"outofstock","13":"product-type-simple"},"yoast_head":"<!-- This site is optimized with the Yoast SEO plugin v25.3 - https:\/\/yoast.com\/wordpress\/plugins\/seo\/ -->\n<title>Buty robocze Rock Ore S3 - Grapil.pl \u2013 Profesjonalna Odzie\u017c S\u0142u\u017cbowa dla Bran\u017cy Kelnerskiej, HoReCa i Medycyny<\/title>\n<meta name=\"robots\" content=\"index, follow, max-snippet:-1, max-image-preview:large, max-video-preview:-1\" \/>\n<link rel=\"canonical\" href=\"https:\/\/grapil.pl\/de\/produkt\/rock-ore-s3-arbeitsstiefel\/\" \/>\n<meta property=\"og:locale\" content=\"de_DE\" \/>\n<meta property=\"og:type\" content=\"article\" \/>\n<meta property=\"og:title\" content=\"Buty robocze Rock Ore S3 - Grapil.pl \u2013 Profesjonalna Odzie\u017c S\u0142u\u017cbowa dla Bran\u017cy Kelnerskiej, HoReCa i Medycyny\" \/>\n<meta property=\"og:description\" content=\"P\u00d3\u0141BUTY OCHRONNE CXS ROCK ORE W KLASIE S3 HRO SRA P\u00f3\u0142buty ochronne z lekkim podnoskiem ochronnym wykonanym z materia\u0142\u00f3w kompozytowych\" \/>\n<meta property=\"og:url\" content=\"https:\/\/grapil.pl\/de\/produkt\/rock-ore-s3-arbeitsstiefel\/\" \/>\n<meta property=\"og:site_name\" content=\"Grapil.pl \u2013 Profesjonalna Odzie\u017c S\u0142u\u017cbowa dla Bran\u017cy Kelnerskiej, HoReCa i Medycyny\" \/>\n<meta property=\"article:modified_time\" content=\"2025-04-09T15:37:18+00:00\" \/>\n<meta property=\"og:image\" content=\"https:\/\/grapil.pl\/wp-content\/uploads\/2025\/04\/6218.jpg\" \/>\n\t<meta property=\"og:image:width\" content=\"1024\" \/>\n\t<meta property=\"og:image:height\" content=\"768\" \/>\n\t<meta property=\"og:image:type\" content=\"image\/jpeg\" \/>\n<meta name=\"twitter:card\" content=\"summary_large_image\" \/>\n<meta name=\"twitter:label1\" content=\"Gesch\u00e4tzte Lesezeit\" \/>\n\t<meta name=\"twitter:data1\" content=\"1\u00a0Minute\" \/>\n<script type=\"application\/ld+json\" class=\"yoast-schema-graph\">{\"@context\":\"https:\/\/schema.org\",\"@graph\":[{\"@type\":\"WebPage\",\"@id\":\"https:\/\/grapil.pl\/produkt\/buty-robocze-rock-ore-s3\/\",\"url\":\"https:\/\/grapil.pl\/produkt\/buty-robocze-rock-ore-s3\/\",\"name\":\"Buty robocze Rock Ore S3 - Grapil.pl \u2013 Profesjonalna Odzie\u017c S\u0142u\u017cbowa dla Bran\u017cy Kelnerskiej, HoReCa i Medycyny\",\"isPartOf\":{\"@id\":\"https:\/\/grapil.pl\/#website\"},\"primaryImageOfPage\":{\"@id\":\"https:\/\/grapil.pl\/produkt\/buty-robocze-rock-ore-s3\/#primaryimage\"},\"image\":{\"@id\":\"https:\/\/grapil.pl\/produkt\/buty-robocze-rock-ore-s3\/#primaryimage\"},\"thumbnailUrl\":\"https:\/\/grapil.pl\/wp-content\/uploads\/2025\/04\/6218.jpg\",\"datePublished\":\"2025-04-09T15:37:05+00:00\",\"dateModified\":\"2025-04-09T15:37:18+00:00\",\"breadcrumb\":{\"@id\":\"https:\/\/grapil.pl\/produkt\/buty-robocze-rock-ore-s3\/#breadcrumb\"},\"inLanguage\":\"de\",\"potentialAction\":[{\"@type\":\"ReadAction\",\"target\":[\"https:\/\/grapil.pl\/produkt\/buty-robocze-rock-ore-s3\/\"]}]},{\"@type\":\"ImageObject\",\"inLanguage\":\"de\",\"@id\":\"https:\/\/grapil.pl\/produkt\/buty-robocze-rock-ore-s3\/#primaryimage\",\"url\":\"https:\/\/grapil.pl\/wp-content\/uploads\/2025\/04\/6218.jpg\",\"contentUrl\":\"https:\/\/grapil.pl\/wp-content\/uploads\/2025\/04\/6218.jpg\",\"width\":1024,\"height\":768},{\"@type\":\"BreadcrumbList\",\"@id\":\"https:\/\/grapil.pl\/produkt\/buty-robocze-rock-ore-s3\/#breadcrumb\",\"itemListElement\":[{\"@type\":\"ListItem\",\"position\":1,\"name\":\"Strona g\u0142\u00f3wna\",\"item\":\"https:\/\/grapil.pl\/\"},{\"@type\":\"ListItem\",\"position\":2,\"name\":\"sklep\",\"item\":\"https:\/\/grapil.pl\/sklep\/\"},{\"@type\":\"ListItem\",\"position\":3,\"name\":\"Buty robocze Rock Ore S3\"}]},{\"@type\":\"WebSite\",\"@id\":\"https:\/\/grapil.pl\/#website\",\"url\":\"https:\/\/grapil.pl\/\",\"name\":\"Grapil.pl \u2013 Profesjonalna Odzie\u017c S\u0142u\u017cbowa dla Bran\u017cy Kelnerskiej, HoReCa i Medycyny\",\"description\":\"\",\"potentialAction\":[{\"@type\":\"SearchAction\",\"target\":{\"@type\":\"EntryPoint\",\"urlTemplate\":\"https:\/\/grapil.pl\/?s={search_term_string}\"},\"query-input\":{\"@type\":\"PropertyValueSpecification\",\"valueRequired\":true,\"valueName\":\"search_term_string\"}}],\"inLanguage\":\"de\"}]}<\/script>\n<!-- \/ Yoast SEO plugin. -->","yoast_head_json":{"title":"Buty robocze Rock Ore S3 - Grapil.pl \u2013 Profesjonalna Odzie\u017c S\u0142u\u017cbowa dla Bran\u017cy Kelnerskiej, HoReCa i Medycyny","robots":{"index":"index","follow":"follow","max-snippet":"max-snippet:-1","max-image-preview":"max-image-preview:large","max-video-preview":"max-video-preview:-1"},"canonical":"https:\/\/grapil.pl\/de\/produkt\/rock-ore-s3-arbeitsstiefel\/","og_locale":"de_DE","og_type":"article","og_title":"Buty robocze Rock Ore S3 - Grapil.pl \u2013 Profesjonalna Odzie\u017c S\u0142u\u017cbowa dla Bran\u017cy Kelnerskiej, HoReCa i Medycyny","og_description":"P\u00d3\u0141BUTY OCHRONNE CXS ROCK ORE W KLASIE S3 HRO SRA P\u00f3\u0142buty ochronne z lekkim podnoskiem ochronnym wykonanym z materia\u0142\u00f3w kompozytowych","og_url":"https:\/\/grapil.pl\/de\/produkt\/rock-ore-s3-arbeitsstiefel\/","og_site_name":"Grapil.pl \u2013 Profesjonalna Odzie\u017c S\u0142u\u017cbowa dla Bran\u017cy Kelnerskiej, HoReCa i Medycyny","article_modified_time":"2025-04-09T15:37:18+00:00","og_image":[{"width":1024,"height":768,"url":"https:\/\/grapil.pl\/wp-content\/uploads\/2025\/04\/6218.jpg","type":"image\/jpeg"}],"twitter_card":"summary_large_image","twitter_misc":{"Gesch\u00e4tzte Lesezeit":"1\u00a0Minute"},"schema":{"@context":"https:\/\/schema.org","@graph":[{"@type":"WebPage","@id":"https:\/\/grapil.pl\/produkt\/buty-robocze-rock-ore-s3\/","url":"https:\/\/grapil.pl\/produkt\/buty-robocze-rock-ore-s3\/","name":"Buty robocze Rock Ore S3 - Grapil.pl \u2013 Profesjonalna Odzie\u017c S\u0142u\u017cbowa dla Bran\u017cy Kelnerskiej, HoReCa i Medycyny","isPartOf":{"@id":"https:\/\/grapil.pl\/#website"},"primaryImageOfPage":{"@id":"https:\/\/grapil.pl\/produkt\/buty-robocze-rock-ore-s3\/#primaryimage"},"image":{"@id":"https:\/\/grapil.pl\/produkt\/buty-robocze-rock-ore-s3\/#primaryimage"},"thumbnailUrl":"https:\/\/grapil.pl\/wp-content\/uploads\/2025\/04\/6218.jpg","datePublished":"2025-04-09T15:37:05+00:00","dateModified":"2025-04-09T15:37:18+00:00","breadcrumb":{"@id":"https:\/\/grapil.pl\/produkt\/buty-robocze-rock-ore-s3\/#breadcrumb"},"inLanguage":"de","potentialAction":[{"@type":"ReadAction","target":["https:\/\/grapil.pl\/produkt\/buty-robocze-rock-ore-s3\/"]}]},{"@type":"ImageObject","inLanguage":"de","@id":"https:\/\/grapil.pl\/produkt\/buty-robocze-rock-ore-s3\/#primaryimage","url":"https:\/\/grapil.pl\/wp-content\/uploads\/2025\/04\/6218.jpg","contentUrl":"https:\/\/grapil.pl\/wp-content\/uploads\/2025\/04\/6218.jpg","width":1024,"height":768},{"@type":"BreadcrumbList","@id":"https:\/\/grapil.pl\/produkt\/buty-robocze-rock-ore-s3\/#breadcrumb","itemListElement":[{"@type":"ListItem","position":1,"name":"Strona g\u0142\u00f3wna","item":"https:\/\/grapil.pl\/"},{"@type":"ListItem","position":2,"name":"sklep","item":"https:\/\/grapil.pl\/sklep\/"},{"@type":"ListItem","position":3,"name":"Buty robocze Rock Ore S3"}]},{"@type":"WebSite","@id":"https:\/\/grapil.pl\/#website","url":"https:\/\/grapil.pl\/","name":"Grapil.pl \u2013 Profesjonalna Odzie\u017c S\u0142u\u017cbowa dla Bran\u017cy Kelnerskiej, HoReCa i Medycyny","description":"","potentialAction":[{"@type":"SearchAction","target":{"@type":"EntryPoint","urlTemplate":"https:\/\/grapil.pl\/?s={search_term_string}"},"query-input":{"@type":"PropertyValueSpecification","valueRequired":true,"valueName":"search_term_string"}}],"inLanguage":"de"}]}},"_links":{"self":[{"href":"https:\/\/grapil.pl\/de\/wp-json\/wp\/v2\/product\/18353","targetHints":{"allow":["GET"]}}],"collection":[{"href":"https:\/\/grapil.pl\/de\/wp-json\/wp\/v2\/product"}],"about":[{"href":"https:\/\/grapil.pl\/de\/wp-json\/wp\/v2\/types\/product"}],"version-history":[{"count":1,"href":"https:\/\/grapil.pl\/de\/wp-json\/wp\/v2\/product\/18353\/revisions"}],"predecessor-version":[{"id":18354,"href":"https:\/\/grapil.pl\/de\/wp-json\/wp\/v2\/product\/18353\/revisions\/18354"}],"wp:featuredmedia":[{"embeddable":true,"href":"https:\/\/grapil.pl\/de\/wp-json\/wp\/v2\/media\/18355"}],"wp:attachment":[{"href":"https:\/\/grapil.pl\/de\/wp-json\/wp\/v2\/media?parent=18353"}],"wp:term":[{"taxonomy":"product_brand","embeddable":true,"href":"https:\/\/grapil.pl\/de\/wp-json\/wp\/v2\/product_brand?post=18353"},{"taxonomy":"product_cat","embeddable":true,"href":"https:\/\/grapil.pl\/de\/wp-json\/wp\/v2\/product_cat?post=18353"},{"taxonomy":"product_tag","embeddable":true,"href":"https:\/\/grapil.pl\/de\/wp-json\/wp\/v2\/product_tag?post=18353"}],"curies":[{"name":"wp","href":"https:\/\/api.w.org\/{rel}","templated":true}]}}