{"id":18368,"date":"2025-04-09T17:37:05","date_gmt":"2025-04-09T15:37:05","guid":{"rendered":"https:\/\/grapil.pl\/produkt\/bluza-z-dekoltem-karo\/"},"modified":"2026-02-17T13:56:28","modified_gmt":"2026-02-17T12:56:28","slug":"bluse-mit-rautenausschnitt","status":"publish","type":"product","link":"https:\/\/grapil.pl\/de\/produkt\/bluse-mit-rautenausschnitt\/","title":{"rendered":"Sweatshirt mit Rautenkragen"},"content":{"rendered":"<p style=\"font-weight: 400;\">Pullover-Sweatshirt. Quadratischer Ausschnitt. Kurze \u00c4rmel. Figurbetonter Schnitt. Zwei Taschen an der H\u00fcftlinie. Verziert und verst\u00e4rkt mit Riegeln\u00e4hten, Schlitze in Kontrastfarbe an den Taschen. Zwei Schlitze an den Seiten. Kellerfalte im R\u00fccken, mit dekorativen Riegeln\u00e4hten versehen. Ziern\u00e4hte entlang des Halsausschnitts und der \u00c4rmel in der Farbe der Riegeln\u00e4hte.<\/p>\n<p style=\"font-weight: 400;\">Stoffzusammensetzung \u2013 Mischung mit zugesetztem Elastomer.<\/p>\n<p style=\"font-weight: 400;\">M\u00f6glichkeit verschiedener Farben, individuell f\u00fcr den Kunden ausgew\u00e4hlt.<\/p>\n<p style=\"font-weight: 400;\"><span style=\"color: #d43b3b;\">Stickereien m\u00f6glich \u2013 bitte kontaktieren Sie uns!<\/span><\/p>\n<p style=\"font-weight: 400;\"><span style=\"color: #d43b3b;\">Der Preis wird individuell mit dem Kunden vereinbart.<\/span><\/p>\n<p style=\"font-weight: 400;\">","protected":false},"excerpt":{"rendered":"<p>Pullover-Sweatshirt. Quadratischer Ausschnitt. Kurze \u00c4rmel. Figurbetonter Schnitt. Zwei Taschen an der H\u00fcfte. Verziert und verst\u00e4rkt mit Riegeln\u00e4hten.<\/p>","protected":false},"featured_media":25426,"template":"","meta":[],"product_brand":[127],"product_cat":[119,135,106,110],"product_tag":[],"class_list":{"0":"post-18368","1":"product","2":"type-product","3":"status-publish","4":"has-post-thumbnail","6":"product_brand-produkt-na-zamowienie","7":"product_cat-housekeeping","8":"product_cat-bluzy","9":"product_cat-medycyna-i-kosmetyka","10":"product_cat-bluzy-i-tuniki","12":"first","13":"instock","14":"product-type-simple"},"yoast_head":"<!-- This site is optimized with the Yoast SEO plugin v25.3 - https:\/\/yoast.com\/wordpress\/plugins\/seo\/ -->\n<title>Bluza z dekoltem karo - Grapil.pl \u2013 Profesjonalna Odzie\u017c S\u0142u\u017cbowa dla Bran\u017cy Kelnerskiej, HoReCa i Medycyny<\/title>\n<meta name=\"robots\" content=\"index, follow, max-snippet:-1, max-image-preview:large, max-video-preview:-1\" \/>\n<link rel=\"canonical\" href=\"https:\/\/grapil.pl\/de\/produkt\/bluse-mit-rautenausschnitt\/\" \/>\n<meta property=\"og:locale\" content=\"de_DE\" \/>\n<meta property=\"og:type\" content=\"article\" \/>\n<meta property=\"og:title\" content=\"Bluza z dekoltem karo - Grapil.pl \u2013 Profesjonalna Odzie\u017c S\u0142u\u017cbowa dla Bran\u017cy Kelnerskiej, HoReCa i Medycyny\" \/>\n<meta property=\"og:description\" content=\"Bluza wk\u0142adana przez g\u0142ow\u0119. Dekolt w karo. Kr\u00f3tki r\u0119kaw. Fason taliowany. Dwie kieszenie na linii bioder. Ozdobione i wzmocnione rygielkami,\" \/>\n<meta property=\"og:url\" content=\"https:\/\/grapil.pl\/de\/produkt\/bluse-mit-rautenausschnitt\/\" \/>\n<meta property=\"og:site_name\" content=\"Grapil.pl \u2013 Profesjonalna Odzie\u017c S\u0142u\u017cbowa dla Bran\u017cy Kelnerskiej, HoReCa i Medycyny\" \/>\n<meta property=\"article:modified_time\" content=\"2026-02-17T12:56:28+00:00\" \/>\n<meta property=\"og:image\" content=\"https:\/\/grapil.pl\/wp-content\/uploads\/2025\/04\/bluza-caro-kopia.jpg\" \/>\n\t<meta property=\"og:image:width\" content=\"600\" \/>\n\t<meta property=\"og:image:height\" content=\"801\" \/>\n\t<meta property=\"og:image:type\" content=\"image\/jpeg\" \/>\n<meta name=\"twitter:card\" content=\"summary_large_image\" \/>\n<meta name=\"twitter:label1\" content=\"Gesch\u00e4tzte Lesezeit\" \/>\n\t<meta name=\"twitter:data1\" content=\"1\u00a0Minute\" \/>\n<script type=\"application\/ld+json\" class=\"yoast-schema-graph\">{\"@context\":\"https:\/\/schema.org\",\"@graph\":[{\"@type\":\"WebPage\",\"@id\":\"https:\/\/grapil.pl\/produkt\/bluza-z-dekoltem-karo\/\",\"url\":\"https:\/\/grapil.pl\/produkt\/bluza-z-dekoltem-karo\/\",\"name\":\"Bluza z dekoltem karo - Grapil.pl \u2013 Profesjonalna Odzie\u017c S\u0142u\u017cbowa dla Bran\u017cy Kelnerskiej, HoReCa i Medycyny\",\"isPartOf\":{\"@id\":\"https:\/\/grapil.pl\/#website\"},\"primaryImageOfPage\":{\"@id\":\"https:\/\/grapil.pl\/produkt\/bluza-z-dekoltem-karo\/#primaryimage\"},\"image\":{\"@id\":\"https:\/\/grapil.pl\/produkt\/bluza-z-dekoltem-karo\/#primaryimage\"},\"thumbnailUrl\":\"https:\/\/grapil.pl\/wp-content\/uploads\/2025\/04\/bluza-caro-kopia.jpg\",\"datePublished\":\"2025-04-09T15:37:05+00:00\",\"dateModified\":\"2026-02-17T12:56:28+00:00\",\"breadcrumb\":{\"@id\":\"https:\/\/grapil.pl\/produkt\/bluza-z-dekoltem-karo\/#breadcrumb\"},\"inLanguage\":\"de\",\"potentialAction\":[{\"@type\":\"ReadAction\",\"target\":[\"https:\/\/grapil.pl\/produkt\/bluza-z-dekoltem-karo\/\"]}]},{\"@type\":\"ImageObject\",\"inLanguage\":\"de\",\"@id\":\"https:\/\/grapil.pl\/produkt\/bluza-z-dekoltem-karo\/#primaryimage\",\"url\":\"https:\/\/grapil.pl\/wp-content\/uploads\/2025\/04\/bluza-caro-kopia.jpg\",\"contentUrl\":\"https:\/\/grapil.pl\/wp-content\/uploads\/2025\/04\/bluza-caro-kopia.jpg\",\"width\":600,\"height\":801},{\"@type\":\"BreadcrumbList\",\"@id\":\"https:\/\/grapil.pl\/produkt\/bluza-z-dekoltem-karo\/#breadcrumb\",\"itemListElement\":[{\"@type\":\"ListItem\",\"position\":1,\"name\":\"Strona g\u0142\u00f3wna\",\"item\":\"https:\/\/grapil.pl\/\"},{\"@type\":\"ListItem\",\"position\":2,\"name\":\"sklep\",\"item\":\"https:\/\/grapil.pl\/sklep\/\"},{\"@type\":\"ListItem\",\"position\":3,\"name\":\"Bluza z dekoltem karo\"}]},{\"@type\":\"WebSite\",\"@id\":\"https:\/\/grapil.pl\/#website\",\"url\":\"https:\/\/grapil.pl\/\",\"name\":\"Grapil.pl \u2013 Profesjonalna Odzie\u017c S\u0142u\u017cbowa dla Bran\u017cy Kelnerskiej, HoReCa i Medycyny\",\"description\":\"\",\"potentialAction\":[{\"@type\":\"SearchAction\",\"target\":{\"@type\":\"EntryPoint\",\"urlTemplate\":\"https:\/\/grapil.pl\/?s={search_term_string}\"},\"query-input\":{\"@type\":\"PropertyValueSpecification\",\"valueRequired\":true,\"valueName\":\"search_term_string\"}}],\"inLanguage\":\"de\"}]}<\/script>\n<!-- \/ Yoast SEO plugin. -->","yoast_head_json":{"title":"Bluza z dekoltem karo - Grapil.pl \u2013 Profesjonalna Odzie\u017c S\u0142u\u017cbowa dla Bran\u017cy Kelnerskiej, HoReCa i Medycyny","robots":{"index":"index","follow":"follow","max-snippet":"max-snippet:-1","max-image-preview":"max-image-preview:large","max-video-preview":"max-video-preview:-1"},"canonical":"https:\/\/grapil.pl\/de\/produkt\/bluse-mit-rautenausschnitt\/","og_locale":"de_DE","og_type":"article","og_title":"Bluza z dekoltem karo - Grapil.pl \u2013 Profesjonalna Odzie\u017c S\u0142u\u017cbowa dla Bran\u017cy Kelnerskiej, HoReCa i Medycyny","og_description":"Bluza wk\u0142adana przez g\u0142ow\u0119. Dekolt w karo. Kr\u00f3tki r\u0119kaw. Fason taliowany. Dwie kieszenie na linii bioder. Ozdobione i wzmocnione rygielkami,","og_url":"https:\/\/grapil.pl\/de\/produkt\/bluse-mit-rautenausschnitt\/","og_site_name":"Grapil.pl \u2013 Profesjonalna Odzie\u017c S\u0142u\u017cbowa dla Bran\u017cy Kelnerskiej, HoReCa i Medycyny","article_modified_time":"2026-02-17T12:56:28+00:00","og_image":[{"width":600,"height":801,"url":"https:\/\/grapil.pl\/wp-content\/uploads\/2025\/04\/bluza-caro-kopia.jpg","type":"image\/jpeg"}],"twitter_card":"summary_large_image","twitter_misc":{"Gesch\u00e4tzte Lesezeit":"1\u00a0Minute"},"schema":{"@context":"https:\/\/schema.org","@graph":[{"@type":"WebPage","@id":"https:\/\/grapil.pl\/produkt\/bluza-z-dekoltem-karo\/","url":"https:\/\/grapil.pl\/produkt\/bluza-z-dekoltem-karo\/","name":"Bluza z dekoltem karo - Grapil.pl \u2013 Profesjonalna Odzie\u017c S\u0142u\u017cbowa dla Bran\u017cy Kelnerskiej, HoReCa i Medycyny","isPartOf":{"@id":"https:\/\/grapil.pl\/#website"},"primaryImageOfPage":{"@id":"https:\/\/grapil.pl\/produkt\/bluza-z-dekoltem-karo\/#primaryimage"},"image":{"@id":"https:\/\/grapil.pl\/produkt\/bluza-z-dekoltem-karo\/#primaryimage"},"thumbnailUrl":"https:\/\/grapil.pl\/wp-content\/uploads\/2025\/04\/bluza-caro-kopia.jpg","datePublished":"2025-04-09T15:37:05+00:00","dateModified":"2026-02-17T12:56:28+00:00","breadcrumb":{"@id":"https:\/\/grapil.pl\/produkt\/bluza-z-dekoltem-karo\/#breadcrumb"},"inLanguage":"de","potentialAction":[{"@type":"ReadAction","target":["https:\/\/grapil.pl\/produkt\/bluza-z-dekoltem-karo\/"]}]},{"@type":"ImageObject","inLanguage":"de","@id":"https:\/\/grapil.pl\/produkt\/bluza-z-dekoltem-karo\/#primaryimage","url":"https:\/\/grapil.pl\/wp-content\/uploads\/2025\/04\/bluza-caro-kopia.jpg","contentUrl":"https:\/\/grapil.pl\/wp-content\/uploads\/2025\/04\/bluza-caro-kopia.jpg","width":600,"height":801},{"@type":"BreadcrumbList","@id":"https:\/\/grapil.pl\/produkt\/bluza-z-dekoltem-karo\/#breadcrumb","itemListElement":[{"@type":"ListItem","position":1,"name":"Strona g\u0142\u00f3wna","item":"https:\/\/grapil.pl\/"},{"@type":"ListItem","position":2,"name":"sklep","item":"https:\/\/grapil.pl\/sklep\/"},{"@type":"ListItem","position":3,"name":"Bluza z dekoltem karo"}]},{"@type":"WebSite","@id":"https:\/\/grapil.pl\/#website","url":"https:\/\/grapil.pl\/","name":"Grapil.pl \u2013 Profesjonalna Odzie\u017c S\u0142u\u017cbowa dla Bran\u017cy Kelnerskiej, HoReCa i Medycyny","description":"","potentialAction":[{"@type":"SearchAction","target":{"@type":"EntryPoint","urlTemplate":"https:\/\/grapil.pl\/?s={search_term_string}"},"query-input":{"@type":"PropertyValueSpecification","valueRequired":true,"valueName":"search_term_string"}}],"inLanguage":"de"}]}},"_links":{"self":[{"href":"https:\/\/grapil.pl\/de\/wp-json\/wp\/v2\/product\/18368","targetHints":{"allow":["GET"]}}],"collection":[{"href":"https:\/\/grapil.pl\/de\/wp-json\/wp\/v2\/product"}],"about":[{"href":"https:\/\/grapil.pl\/de\/wp-json\/wp\/v2\/types\/product"}],"version-history":[{"count":2,"href":"https:\/\/grapil.pl\/de\/wp-json\/wp\/v2\/product\/18368\/revisions"}],"predecessor-version":[{"id":21031,"href":"https:\/\/grapil.pl\/de\/wp-json\/wp\/v2\/product\/18368\/revisions\/21031"}],"wp:featuredmedia":[{"embeddable":true,"href":"https:\/\/grapil.pl\/de\/wp-json\/wp\/v2\/media\/25426"}],"wp:attachment":[{"href":"https:\/\/grapil.pl\/de\/wp-json\/wp\/v2\/media?parent=18368"}],"wp:term":[{"taxonomy":"product_brand","embeddable":true,"href":"https:\/\/grapil.pl\/de\/wp-json\/wp\/v2\/product_brand?post=18368"},{"taxonomy":"product_cat","embeddable":true,"href":"https:\/\/grapil.pl\/de\/wp-json\/wp\/v2\/product_cat?post=18368"},{"taxonomy":"product_tag","embeddable":true,"href":"https:\/\/grapil.pl\/de\/wp-json\/wp\/v2\/product_tag?post=18368"}],"curies":[{"name":"wp","href":"https:\/\/api.w.org\/{rel}","templated":true}]}}