{"id":18487,"date":"2025-04-09T17:37:37","date_gmt":"2025-04-09T15:37:37","guid":{"rendered":"https:\/\/grapil.pl\/produkt\/polar-jhk-damski-fioletowy\/"},"modified":"2025-12-12T15:56:37","modified_gmt":"2025-12-12T14:56:37","slug":"jhk-fleece-damen-lila","status":"publish","type":"product","link":"https:\/\/grapil.pl\/de\/produkt\/jhk-fleece-damen-lila\/","title":{"rendered":"JHK Fleece Damen lila"},"content":{"rendered":"<p><strong><span style=\"font-size:14pt;\">Damen Fleece-Sweatshirt<\/span><\/strong><\/p>\n<p>Tailliertes Sweatshirt mit Rei\u00dfverschluss.<br \/>Zwei Rei\u00dfverschlusstaschen. Stopper.<br \/>Microfleece mit Anti-Pilling-Ausr\u00fcstung.<br \/>Verstellbarer Kordelzug.<br \/>Zusammensetzung:\u00a0\u00a0<strong>100%-Polyester.<\/strong><br \/><strong>Gewicht:<\/strong>\u00a0<strong>300 g<\/strong><\/p>\n<p><span style=\"color:#ff0000;\">Stickereien m\u00f6glich \u2013 bitte kontaktieren Sie uns!<\/span><\/p>\n<table style=\"height:114px;\" width=\"639\">\n<tbody>\n<tr style=\"height:27px;\">\n<td style=\"width:84px;height:27px;text-align:center;\">Gr\u00f6\u00dfe<\/td>\n<td style=\"width:84px;height:27px;text-align:center;\">Gr\u00f6\u00dfe<\/td>\n<td style=\"width:84px;height:27px;text-align:center;\">S<\/td>\n<td style=\"width:85px;height:27px;text-align:center;\">M<\/td>\n<td style=\"width:85px;height:27px;text-align:center;\">L<\/td>\n<td style=\"width:85px;height:27px;text-align:center;\">XL<\/td>\n<td style=\"width:86px;height:27px;text-align:center;\">XXL<\/td>\n<\/tr>\n<tr style=\"height:27px;\">\n<td style=\"width:84px;height:27px;text-align:center;\">L\u00e4nge<\/td>\n<td style=\"width:84px;height:27px;text-align:center;\">45<\/td>\n<td style=\"width:84px;height:27px;text-align:center;\">47,5<\/td>\n<td style=\"width:85px;height:27px;text-align:center;\">50<\/td>\n<td style=\"width:85px;height:27px;text-align:center;\">52,5<\/td>\n<td style=\"width:85px;height:27px;text-align:center;\">55<\/td>\n<td style=\"width:86px;height:27px;text-align:center;\">57,5<\/td>\n<\/tr>\n<tr style=\"height:28px;\">\n<td style=\"width:84px;height:28px;text-align:center;\">Breite<\/td>\n<td style=\"width:84px;height:28px;text-align:center;\">59,5<\/td>\n<td style=\"width:84px;height:28px;text-align:center;\">61,5<\/td>\n<td style=\"width:85px;height:28px;text-align:center;\">63,5<\/td>\n<td style=\"width:85px;height:28px;text-align:center;\">65,5<\/td>\n<td style=\"width:85px;height:28px;text-align:center;\">67,5<\/td>\n<td style=\"width:86px;height:28px;text-align:center;\">69,5<\/td>\n<\/tr>\n<\/tbody>\n<\/table>","protected":false},"excerpt":{"rendered":"<p>Damen Fleece-Sweatshirt. Figurbetontes Sweatshirt mit Rei\u00dfverschluss. Zwei verschlie\u00dfbare Taschen. Stopper. Mikrofleece mit Anti-Pilling-Ausr\u00fcstung. Kordelzug mit Verstellm\u00f6glichkeit. Zusammensetzung: 100% Polyester. Gewicht: 300 g. M\u00f6glichkeit zur Herstellung<\/p>","protected":false},"featured_media":18489,"template":"","meta":[],"product_brand":[94],"product_cat":[86,92,100,162],"product_tag":[],"class_list":{"0":"post-18487","1":"product","2":"type-product","3":"status-publish","4":"has-post-thumbnail","6":"product_brand-jhk","7":"product_cat-sklepbhp","8":"product_cat-odziez-robocza","9":"product_cat-polary-i-bluzy-robocze","10":"product_cat-polary-damskie","12":"first","13":"instock","14":"product-type-simple"},"yoast_head":"<!-- This site is optimized with the Yoast SEO plugin v25.3 - https:\/\/yoast.com\/wordpress\/plugins\/seo\/ -->\n<title>Polar JHK damski fioletowy - Grapil.pl \u2013 Profesjonalna Odzie\u017c S\u0142u\u017cbowa dla Bran\u017cy Kelnerskiej, HoReCa i Medycyny<\/title>\n<meta name=\"robots\" content=\"index, follow, max-snippet:-1, max-image-preview:large, max-video-preview:-1\" \/>\n<link rel=\"canonical\" href=\"https:\/\/grapil.pl\/de\/produkt\/jhk-fleece-damen-lila\/\" \/>\n<meta property=\"og:locale\" content=\"de_DE\" \/>\n<meta property=\"og:type\" content=\"article\" \/>\n<meta property=\"og:title\" content=\"Polar JHK damski fioletowy - Grapil.pl \u2013 Profesjonalna Odzie\u017c S\u0142u\u017cbowa dla Bran\u017cy Kelnerskiej, HoReCa i Medycyny\" \/>\n<meta property=\"og:description\" content=\"Bluza polarowa damska Bluza taliowana, zapinana na zamek.Dwie zapinane kieszenie. Stopery.Mikropolar z wyko\u0144czeniem antypilingowym.Sznurek \u015bci\u0105gaj\u0105cy z regulacj\u0105.Sk\u0142ad:\u00a0\u00a0100% poliester.Gramatura:\u00a0300g Mo\u017cliwo\u015b\u0107 wykonania\" \/>\n<meta property=\"og:url\" content=\"https:\/\/grapil.pl\/de\/produkt\/jhk-fleece-damen-lila\/\" \/>\n<meta property=\"og:site_name\" content=\"Grapil.pl \u2013 Profesjonalna Odzie\u017c S\u0142u\u017cbowa dla Bran\u017cy Kelnerskiej, HoReCa i Medycyny\" \/>\n<meta property=\"article:modified_time\" content=\"2025-12-12T14:56:37+00:00\" \/>\n<meta property=\"og:image\" content=\"https:\/\/grapil.pl\/wp-content\/uploads\/2025\/04\/7903.jpg\" \/>\n\t<meta property=\"og:image:width\" content=\"378\" \/>\n\t<meta property=\"og:image:height\" content=\"561\" \/>\n\t<meta property=\"og:image:type\" content=\"image\/jpeg\" \/>\n<meta name=\"twitter:card\" content=\"summary_large_image\" \/>\n<script type=\"application\/ld+json\" class=\"yoast-schema-graph\">{\"@context\":\"https:\/\/schema.org\",\"@graph\":[{\"@type\":\"WebPage\",\"@id\":\"https:\/\/grapil.pl\/produkt\/polar-jhk-damski-fioletowy\/\",\"url\":\"https:\/\/grapil.pl\/produkt\/polar-jhk-damski-fioletowy\/\",\"name\":\"Polar JHK damski fioletowy - Grapil.pl \u2013 Profesjonalna Odzie\u017c S\u0142u\u017cbowa dla Bran\u017cy Kelnerskiej, HoReCa i Medycyny\",\"isPartOf\":{\"@id\":\"https:\/\/grapil.pl\/#website\"},\"primaryImageOfPage\":{\"@id\":\"https:\/\/grapil.pl\/produkt\/polar-jhk-damski-fioletowy\/#primaryimage\"},\"image\":{\"@id\":\"https:\/\/grapil.pl\/produkt\/polar-jhk-damski-fioletowy\/#primaryimage\"},\"thumbnailUrl\":\"https:\/\/grapil.pl\/wp-content\/uploads\/2025\/04\/7903.jpg\",\"datePublished\":\"2025-04-09T15:37:37+00:00\",\"dateModified\":\"2025-12-12T14:56:37+00:00\",\"breadcrumb\":{\"@id\":\"https:\/\/grapil.pl\/produkt\/polar-jhk-damski-fioletowy\/#breadcrumb\"},\"inLanguage\":\"de\",\"potentialAction\":[{\"@type\":\"ReadAction\",\"target\":[\"https:\/\/grapil.pl\/produkt\/polar-jhk-damski-fioletowy\/\"]}]},{\"@type\":\"ImageObject\",\"inLanguage\":\"de\",\"@id\":\"https:\/\/grapil.pl\/produkt\/polar-jhk-damski-fioletowy\/#primaryimage\",\"url\":\"https:\/\/grapil.pl\/wp-content\/uploads\/2025\/04\/7903.jpg\",\"contentUrl\":\"https:\/\/grapil.pl\/wp-content\/uploads\/2025\/04\/7903.jpg\",\"width\":378,\"height\":561},{\"@type\":\"BreadcrumbList\",\"@id\":\"https:\/\/grapil.pl\/produkt\/polar-jhk-damski-fioletowy\/#breadcrumb\",\"itemListElement\":[{\"@type\":\"ListItem\",\"position\":1,\"name\":\"Strona g\u0142\u00f3wna\",\"item\":\"https:\/\/grapil.pl\/\"},{\"@type\":\"ListItem\",\"position\":2,\"name\":\"sklep\",\"item\":\"https:\/\/grapil.pl\/sklep\/\"},{\"@type\":\"ListItem\",\"position\":3,\"name\":\"Polar JHK damski fioletowy\"}]},{\"@type\":\"WebSite\",\"@id\":\"https:\/\/grapil.pl\/#website\",\"url\":\"https:\/\/grapil.pl\/\",\"name\":\"Grapil.pl \u2013 Profesjonalna Odzie\u017c S\u0142u\u017cbowa dla Bran\u017cy Kelnerskiej, HoReCa i Medycyny\",\"description\":\"\",\"potentialAction\":[{\"@type\":\"SearchAction\",\"target\":{\"@type\":\"EntryPoint\",\"urlTemplate\":\"https:\/\/grapil.pl\/?s={search_term_string}\"},\"query-input\":{\"@type\":\"PropertyValueSpecification\",\"valueRequired\":true,\"valueName\":\"search_term_string\"}}],\"inLanguage\":\"de\"}]}<\/script>\n<!-- \/ Yoast SEO plugin. -->","yoast_head_json":{"title":"Polar JHK damski fioletowy - Grapil.pl \u2013 Profesjonalna Odzie\u017c S\u0142u\u017cbowa dla Bran\u017cy Kelnerskiej, HoReCa i Medycyny","robots":{"index":"index","follow":"follow","max-snippet":"max-snippet:-1","max-image-preview":"max-image-preview:large","max-video-preview":"max-video-preview:-1"},"canonical":"https:\/\/grapil.pl\/de\/produkt\/jhk-fleece-damen-lila\/","og_locale":"de_DE","og_type":"article","og_title":"Polar JHK damski fioletowy - Grapil.pl \u2013 Profesjonalna Odzie\u017c S\u0142u\u017cbowa dla Bran\u017cy Kelnerskiej, HoReCa i Medycyny","og_description":"Bluza polarowa damska Bluza taliowana, zapinana na zamek.Dwie zapinane kieszenie. Stopery.Mikropolar z wyko\u0144czeniem antypilingowym.Sznurek \u015bci\u0105gaj\u0105cy z regulacj\u0105.Sk\u0142ad:\u00a0\u00a0100% poliester.Gramatura:\u00a0300g Mo\u017cliwo\u015b\u0107 wykonania","og_url":"https:\/\/grapil.pl\/de\/produkt\/jhk-fleece-damen-lila\/","og_site_name":"Grapil.pl \u2013 Profesjonalna Odzie\u017c S\u0142u\u017cbowa dla Bran\u017cy Kelnerskiej, HoReCa i Medycyny","article_modified_time":"2025-12-12T14:56:37+00:00","og_image":[{"width":378,"height":561,"url":"https:\/\/grapil.pl\/wp-content\/uploads\/2025\/04\/7903.jpg","type":"image\/jpeg"}],"twitter_card":"summary_large_image","schema":{"@context":"https:\/\/schema.org","@graph":[{"@type":"WebPage","@id":"https:\/\/grapil.pl\/produkt\/polar-jhk-damski-fioletowy\/","url":"https:\/\/grapil.pl\/produkt\/polar-jhk-damski-fioletowy\/","name":"Polar JHK damski fioletowy - Grapil.pl \u2013 Profesjonalna Odzie\u017c S\u0142u\u017cbowa dla Bran\u017cy Kelnerskiej, HoReCa i Medycyny","isPartOf":{"@id":"https:\/\/grapil.pl\/#website"},"primaryImageOfPage":{"@id":"https:\/\/grapil.pl\/produkt\/polar-jhk-damski-fioletowy\/#primaryimage"},"image":{"@id":"https:\/\/grapil.pl\/produkt\/polar-jhk-damski-fioletowy\/#primaryimage"},"thumbnailUrl":"https:\/\/grapil.pl\/wp-content\/uploads\/2025\/04\/7903.jpg","datePublished":"2025-04-09T15:37:37+00:00","dateModified":"2025-12-12T14:56:37+00:00","breadcrumb":{"@id":"https:\/\/grapil.pl\/produkt\/polar-jhk-damski-fioletowy\/#breadcrumb"},"inLanguage":"de","potentialAction":[{"@type":"ReadAction","target":["https:\/\/grapil.pl\/produkt\/polar-jhk-damski-fioletowy\/"]}]},{"@type":"ImageObject","inLanguage":"de","@id":"https:\/\/grapil.pl\/produkt\/polar-jhk-damski-fioletowy\/#primaryimage","url":"https:\/\/grapil.pl\/wp-content\/uploads\/2025\/04\/7903.jpg","contentUrl":"https:\/\/grapil.pl\/wp-content\/uploads\/2025\/04\/7903.jpg","width":378,"height":561},{"@type":"BreadcrumbList","@id":"https:\/\/grapil.pl\/produkt\/polar-jhk-damski-fioletowy\/#breadcrumb","itemListElement":[{"@type":"ListItem","position":1,"name":"Strona g\u0142\u00f3wna","item":"https:\/\/grapil.pl\/"},{"@type":"ListItem","position":2,"name":"sklep","item":"https:\/\/grapil.pl\/sklep\/"},{"@type":"ListItem","position":3,"name":"Polar JHK damski fioletowy"}]},{"@type":"WebSite","@id":"https:\/\/grapil.pl\/#website","url":"https:\/\/grapil.pl\/","name":"Grapil.pl \u2013 Profesjonalna Odzie\u017c S\u0142u\u017cbowa dla Bran\u017cy Kelnerskiej, HoReCa i Medycyny","description":"","potentialAction":[{"@type":"SearchAction","target":{"@type":"EntryPoint","urlTemplate":"https:\/\/grapil.pl\/?s={search_term_string}"},"query-input":{"@type":"PropertyValueSpecification","valueRequired":true,"valueName":"search_term_string"}}],"inLanguage":"de"}]}},"_links":{"self":[{"href":"https:\/\/grapil.pl\/de\/wp-json\/wp\/v2\/product\/18487","targetHints":{"allow":["GET"]}}],"collection":[{"href":"https:\/\/grapil.pl\/de\/wp-json\/wp\/v2\/product"}],"about":[{"href":"https:\/\/grapil.pl\/de\/wp-json\/wp\/v2\/types\/product"}],"version-history":[{"count":1,"href":"https:\/\/grapil.pl\/de\/wp-json\/wp\/v2\/product\/18487\/revisions"}],"predecessor-version":[{"id":18488,"href":"https:\/\/grapil.pl\/de\/wp-json\/wp\/v2\/product\/18487\/revisions\/18488"}],"wp:featuredmedia":[{"embeddable":true,"href":"https:\/\/grapil.pl\/de\/wp-json\/wp\/v2\/media\/18489"}],"wp:attachment":[{"href":"https:\/\/grapil.pl\/de\/wp-json\/wp\/v2\/media?parent=18487"}],"wp:term":[{"taxonomy":"product_brand","embeddable":true,"href":"https:\/\/grapil.pl\/de\/wp-json\/wp\/v2\/product_brand?post=18487"},{"taxonomy":"product_cat","embeddable":true,"href":"https:\/\/grapil.pl\/de\/wp-json\/wp\/v2\/product_cat?post=18487"},{"taxonomy":"product_tag","embeddable":true,"href":"https:\/\/grapil.pl\/de\/wp-json\/wp\/v2\/product_tag?post=18487"}],"curies":[{"name":"wp","href":"https:\/\/api.w.org\/{rel}","templated":true}]}}