{"id":18567,"date":"2025-04-09T17:38:00","date_gmt":"2025-04-09T15:38:00","guid":{"rendered":"https:\/\/grapil.pl\/produkt\/zimowa-kurtka-ostrzegawcza-snow-hawk-zolta\/"},"modified":"2025-04-09T17:38:01","modified_gmt":"2025-04-09T15:38:01","slug":"snow-hawk-winter-warnung-jacke-gelb","status":"publish","type":"product","link":"https:\/\/grapil.pl\/de\/produkt\/snow-hawk-winter-warnung-jacke-gelb\/","title":{"rendered":"Snow Hawk gelbe Warn-Winterjacke"},"content":{"rendered":"<p style=\"font-weight:400;\">Das technisch fortschrittliche Softshell-Gewebe, aus dem es hergestellt ist, zeichnet sich dadurch aus, dass es\u00a0<strong>atmungsaktiv, wasser- und winddicht<\/strong>.<\/p>\n<p style=\"font-weight:400;\"><strong>Innen mit einer Lage Vlies isoliert.<\/strong><\/p>\n<p style=\"font-weight:400;\">Eine spezielle Beschichtung verhindert die Bildung von Pilling im Material.<\/p>\n<p style=\"font-weight:400;\"><strong>VERBESSERTE SICHT<\/strong><\/p>\n<p style=\"font-weight:400;\">Farbe:\u00a0<strong>Warngelb<\/strong>.<\/p>\n<p style=\"font-weight:400;\"><strong>Merkmal:<\/strong><\/p>\n<p style=\"font-weight:400;\">Softshelljacke\u00a0<strong>mit erh\u00f6hter Sichtbarkeit<\/strong><\/p>\n<ul style=\"font-weight:400;\">\n<li>von innen\u00a0<strong>isoliert mit einer Schicht Vlies<\/strong><\/li>\n<li><strong>Spezialbeschichtung<\/strong>\u00a0verhindert die Bildung von Pilling im Material<\/li>\n<\/ul>\n<p style=\"font-weight:400;\">sehr komfortabel<\/p>\n<ul style=\"font-weight:400;\">\n<li><strong>Atmungsaktiv<\/strong><\/li>\n<li><strong>best\u00e4ndig<\/strong>\u00a0f\u00fcr niedrige Temperaturen<\/li>\n<li><strong>sch\u00fctzt perfekt vor<\/strong>\u00a0K\u00e4lte und Regen, ohne die Bewegung einzuschr\u00e4nken<\/li>\n<\/ul>\n<p style=\"font-weight:400;\">mit Rei\u00dfverschluss befestigt<\/p>\n<p style=\"font-weight:400;\">hat\u00a0<strong>bis zu vier Taschen<\/strong>\u00a0extern:<\/p>\n<ul style=\"font-weight:400;\">\n<li>zwei untere \u2013 auf Handh\u00f6he<\/li>\n<li>eine auf Brusth\u00f6he<\/li>\n<li>eine auf dem \u00c4rmel<\/li>\n<\/ul>\n<p style=\"font-weight:400;\"><strong>Haube<\/strong>\u00a0im Gesichtsteil festgezogen<\/p>\n<p style=\"font-weight:400;\">Mit Klettverschluss verstellbare B\u00fcndchen<\/p>\n<p style=\"font-weight:400;\"><strong>Gew\u00e4hrleistet die Sichtbarkeit auf der Stra\u00dfe bei schlechten Lichtverh\u00e4ltnissen<\/strong><\/p>\n<p style=\"font-weight:400;\">Die Jacke erf\u00fcllt die Anforderungen der Norm EN 471 \u2013 Warnkleidung mit hoher Sichtbarkeit f\u00fcr den professionellen Einsatz.<\/p>\n<p style=\"font-weight:400;\">Die Norm legt die Eigenschaften fest, die Kleidung zur optischen Signalisierung der Anwesenheit des Tr\u00e4gers aufweisen muss, um ihn unter gef\u00e4hrlichen Bedingungen, bei allen Lichtverh\u00e4ltnissen tags\u00fcber und nachts sowie im Licht von Autoscheinwerfern erkennen und sehen zu k\u00f6nnen. Es werden drei Klassen von Signalkleidung definiert. Die Kleidung muss aus einer Oberfl\u00e4che aus fluoreszierendem und reflektierendem Material bestehen oder kann aus einem Material mit kombinierten Eigenschaften bestehen.<\/p>","protected":false},"excerpt":{"rendered":"<p>Das technisch fortschrittliche Softshell-Material, aus dem es hergestellt ist, zeichnet sich durch Atmungsaktivit\u00e4t, Wasser- und Winddichtigkeit aus. Von innen isoliert mit einer Schicht aus<\/p>","protected":false},"featured_media":18569,"template":"","meta":[],"product_brand":[85],"product_cat":[86,92,123],"product_tag":[],"class_list":{"0":"post-18567","1":"product","2":"type-product","3":"status-publish","4":"has-post-thumbnail","6":"product_brand-consorte","7":"product_cat-sklepbhp","8":"product_cat-odziez-robocza","9":"product_cat-kurtki","11":"first","12":"instock","13":"product-type-simple"},"yoast_head":"<!-- This site is optimized with the Yoast SEO plugin v25.3 - https:\/\/yoast.com\/wordpress\/plugins\/seo\/ -->\n<title>Zimowa kurtka ostrzegawcza Snow hawk \u017c\u00f3\u0142ta - Grapil.pl \u2013 Profesjonalna Odzie\u017c S\u0142u\u017cbowa dla Bran\u017cy Kelnerskiej, HoReCa i Medycyny<\/title>\n<meta name=\"robots\" content=\"index, follow, max-snippet:-1, max-image-preview:large, max-video-preview:-1\" \/>\n<link rel=\"canonical\" href=\"https:\/\/grapil.pl\/de\/produkt\/snow-hawk-winter-warnung-jacke-gelb\/\" \/>\n<meta property=\"og:locale\" content=\"de_DE\" \/>\n<meta property=\"og:type\" content=\"article\" \/>\n<meta property=\"og:title\" content=\"Zimowa kurtka ostrzegawcza Snow hawk \u017c\u00f3\u0142ta - Grapil.pl \u2013 Profesjonalna Odzie\u017c S\u0142u\u017cbowa dla Bran\u017cy Kelnerskiej, HoReCa i Medycyny\" \/>\n<meta property=\"og:description\" content=\"Technicznie zaawansowana tkanina Softshell, z kt\u00f3rej jest wykonana,\u00a0 cechuje si\u0119 tym, \u017ce jest\u00a0oddychaj\u0105ca, wodo- i wiatroodporna. Od wewn\u0105trz ocieplona warstw\u0105\" \/>\n<meta property=\"og:url\" content=\"https:\/\/grapil.pl\/de\/produkt\/snow-hawk-winter-warnung-jacke-gelb\/\" \/>\n<meta property=\"og:site_name\" content=\"Grapil.pl \u2013 Profesjonalna Odzie\u017c S\u0142u\u017cbowa dla Bran\u017cy Kelnerskiej, HoReCa i Medycyny\" \/>\n<meta property=\"article:modified_time\" content=\"2025-04-09T15:38:01+00:00\" \/>\n<meta property=\"og:image\" content=\"https:\/\/grapil.pl\/wp-content\/uploads\/2025\/04\/8428.jpg\" \/>\n\t<meta property=\"og:image:width\" content=\"697\" \/>\n\t<meta property=\"og:image:height\" content=\"1024\" \/>\n\t<meta property=\"og:image:type\" content=\"image\/jpeg\" \/>\n<meta name=\"twitter:card\" content=\"summary_large_image\" \/>\n<meta name=\"twitter:label1\" content=\"Gesch\u00e4tzte Lesezeit\" \/>\n\t<meta name=\"twitter:data1\" content=\"1\u00a0Minute\" \/>\n<script type=\"application\/ld+json\" class=\"yoast-schema-graph\">{\"@context\":\"https:\/\/schema.org\",\"@graph\":[{\"@type\":\"WebPage\",\"@id\":\"https:\/\/grapil.pl\/produkt\/zimowa-kurtka-ostrzegawcza-snow-hawk-zolta\/\",\"url\":\"https:\/\/grapil.pl\/produkt\/zimowa-kurtka-ostrzegawcza-snow-hawk-zolta\/\",\"name\":\"Zimowa kurtka ostrzegawcza Snow hawk \u017c\u00f3\u0142ta - Grapil.pl \u2013 Profesjonalna Odzie\u017c S\u0142u\u017cbowa dla Bran\u017cy Kelnerskiej, HoReCa i Medycyny\",\"isPartOf\":{\"@id\":\"https:\/\/grapil.pl\/#website\"},\"primaryImageOfPage\":{\"@id\":\"https:\/\/grapil.pl\/produkt\/zimowa-kurtka-ostrzegawcza-snow-hawk-zolta\/#primaryimage\"},\"image\":{\"@id\":\"https:\/\/grapil.pl\/produkt\/zimowa-kurtka-ostrzegawcza-snow-hawk-zolta\/#primaryimage\"},\"thumbnailUrl\":\"https:\/\/grapil.pl\/wp-content\/uploads\/2025\/04\/8428.jpg\",\"datePublished\":\"2025-04-09T15:38:00+00:00\",\"dateModified\":\"2025-04-09T15:38:01+00:00\",\"breadcrumb\":{\"@id\":\"https:\/\/grapil.pl\/produkt\/zimowa-kurtka-ostrzegawcza-snow-hawk-zolta\/#breadcrumb\"},\"inLanguage\":\"de\",\"potentialAction\":[{\"@type\":\"ReadAction\",\"target\":[\"https:\/\/grapil.pl\/produkt\/zimowa-kurtka-ostrzegawcza-snow-hawk-zolta\/\"]}]},{\"@type\":\"ImageObject\",\"inLanguage\":\"de\",\"@id\":\"https:\/\/grapil.pl\/produkt\/zimowa-kurtka-ostrzegawcza-snow-hawk-zolta\/#primaryimage\",\"url\":\"https:\/\/grapil.pl\/wp-content\/uploads\/2025\/04\/8428.jpg\",\"contentUrl\":\"https:\/\/grapil.pl\/wp-content\/uploads\/2025\/04\/8428.jpg\",\"width\":697,\"height\":1024},{\"@type\":\"BreadcrumbList\",\"@id\":\"https:\/\/grapil.pl\/produkt\/zimowa-kurtka-ostrzegawcza-snow-hawk-zolta\/#breadcrumb\",\"itemListElement\":[{\"@type\":\"ListItem\",\"position\":1,\"name\":\"Strona g\u0142\u00f3wna\",\"item\":\"https:\/\/grapil.pl\/\"},{\"@type\":\"ListItem\",\"position\":2,\"name\":\"sklep\",\"item\":\"https:\/\/grapil.pl\/sklep\/\"},{\"@type\":\"ListItem\",\"position\":3,\"name\":\"Zimowa kurtka ostrzegawcza Snow hawk \u017c\u00f3\u0142ta\"}]},{\"@type\":\"WebSite\",\"@id\":\"https:\/\/grapil.pl\/#website\",\"url\":\"https:\/\/grapil.pl\/\",\"name\":\"Grapil.pl \u2013 Profesjonalna Odzie\u017c S\u0142u\u017cbowa dla Bran\u017cy Kelnerskiej, HoReCa i Medycyny\",\"description\":\"\",\"potentialAction\":[{\"@type\":\"SearchAction\",\"target\":{\"@type\":\"EntryPoint\",\"urlTemplate\":\"https:\/\/grapil.pl\/?s={search_term_string}\"},\"query-input\":{\"@type\":\"PropertyValueSpecification\",\"valueRequired\":true,\"valueName\":\"search_term_string\"}}],\"inLanguage\":\"de\"}]}<\/script>\n<!-- \/ Yoast SEO plugin. -->","yoast_head_json":{"title":"Zimowa kurtka ostrzegawcza Snow hawk \u017c\u00f3\u0142ta - Grapil.pl \u2013 Profesjonalna Odzie\u017c S\u0142u\u017cbowa dla Bran\u017cy Kelnerskiej, HoReCa i Medycyny","robots":{"index":"index","follow":"follow","max-snippet":"max-snippet:-1","max-image-preview":"max-image-preview:large","max-video-preview":"max-video-preview:-1"},"canonical":"https:\/\/grapil.pl\/de\/produkt\/snow-hawk-winter-warnung-jacke-gelb\/","og_locale":"de_DE","og_type":"article","og_title":"Zimowa kurtka ostrzegawcza Snow hawk \u017c\u00f3\u0142ta - Grapil.pl \u2013 Profesjonalna Odzie\u017c S\u0142u\u017cbowa dla Bran\u017cy Kelnerskiej, HoReCa i Medycyny","og_description":"Technicznie zaawansowana tkanina Softshell, z kt\u00f3rej jest wykonana,\u00a0 cechuje si\u0119 tym, \u017ce jest\u00a0oddychaj\u0105ca, wodo- i wiatroodporna. Od wewn\u0105trz ocieplona warstw\u0105","og_url":"https:\/\/grapil.pl\/de\/produkt\/snow-hawk-winter-warnung-jacke-gelb\/","og_site_name":"Grapil.pl \u2013 Profesjonalna Odzie\u017c S\u0142u\u017cbowa dla Bran\u017cy Kelnerskiej, HoReCa i Medycyny","article_modified_time":"2025-04-09T15:38:01+00:00","og_image":[{"width":697,"height":1024,"url":"https:\/\/grapil.pl\/wp-content\/uploads\/2025\/04\/8428.jpg","type":"image\/jpeg"}],"twitter_card":"summary_large_image","twitter_misc":{"Gesch\u00e4tzte Lesezeit":"1\u00a0Minute"},"schema":{"@context":"https:\/\/schema.org","@graph":[{"@type":"WebPage","@id":"https:\/\/grapil.pl\/produkt\/zimowa-kurtka-ostrzegawcza-snow-hawk-zolta\/","url":"https:\/\/grapil.pl\/produkt\/zimowa-kurtka-ostrzegawcza-snow-hawk-zolta\/","name":"Zimowa kurtka ostrzegawcza Snow hawk \u017c\u00f3\u0142ta - Grapil.pl \u2013 Profesjonalna Odzie\u017c S\u0142u\u017cbowa dla Bran\u017cy Kelnerskiej, HoReCa i Medycyny","isPartOf":{"@id":"https:\/\/grapil.pl\/#website"},"primaryImageOfPage":{"@id":"https:\/\/grapil.pl\/produkt\/zimowa-kurtka-ostrzegawcza-snow-hawk-zolta\/#primaryimage"},"image":{"@id":"https:\/\/grapil.pl\/produkt\/zimowa-kurtka-ostrzegawcza-snow-hawk-zolta\/#primaryimage"},"thumbnailUrl":"https:\/\/grapil.pl\/wp-content\/uploads\/2025\/04\/8428.jpg","datePublished":"2025-04-09T15:38:00+00:00","dateModified":"2025-04-09T15:38:01+00:00","breadcrumb":{"@id":"https:\/\/grapil.pl\/produkt\/zimowa-kurtka-ostrzegawcza-snow-hawk-zolta\/#breadcrumb"},"inLanguage":"de","potentialAction":[{"@type":"ReadAction","target":["https:\/\/grapil.pl\/produkt\/zimowa-kurtka-ostrzegawcza-snow-hawk-zolta\/"]}]},{"@type":"ImageObject","inLanguage":"de","@id":"https:\/\/grapil.pl\/produkt\/zimowa-kurtka-ostrzegawcza-snow-hawk-zolta\/#primaryimage","url":"https:\/\/grapil.pl\/wp-content\/uploads\/2025\/04\/8428.jpg","contentUrl":"https:\/\/grapil.pl\/wp-content\/uploads\/2025\/04\/8428.jpg","width":697,"height":1024},{"@type":"BreadcrumbList","@id":"https:\/\/grapil.pl\/produkt\/zimowa-kurtka-ostrzegawcza-snow-hawk-zolta\/#breadcrumb","itemListElement":[{"@type":"ListItem","position":1,"name":"Strona g\u0142\u00f3wna","item":"https:\/\/grapil.pl\/"},{"@type":"ListItem","position":2,"name":"sklep","item":"https:\/\/grapil.pl\/sklep\/"},{"@type":"ListItem","position":3,"name":"Zimowa kurtka ostrzegawcza Snow hawk \u017c\u00f3\u0142ta"}]},{"@type":"WebSite","@id":"https:\/\/grapil.pl\/#website","url":"https:\/\/grapil.pl\/","name":"Grapil.pl \u2013 Profesjonalna Odzie\u017c S\u0142u\u017cbowa dla Bran\u017cy Kelnerskiej, HoReCa i Medycyny","description":"","potentialAction":[{"@type":"SearchAction","target":{"@type":"EntryPoint","urlTemplate":"https:\/\/grapil.pl\/?s={search_term_string}"},"query-input":{"@type":"PropertyValueSpecification","valueRequired":true,"valueName":"search_term_string"}}],"inLanguage":"de"}]}},"_links":{"self":[{"href":"https:\/\/grapil.pl\/de\/wp-json\/wp\/v2\/product\/18567","targetHints":{"allow":["GET"]}}],"collection":[{"href":"https:\/\/grapil.pl\/de\/wp-json\/wp\/v2\/product"}],"about":[{"href":"https:\/\/grapil.pl\/de\/wp-json\/wp\/v2\/types\/product"}],"version-history":[{"count":1,"href":"https:\/\/grapil.pl\/de\/wp-json\/wp\/v2\/product\/18567\/revisions"}],"predecessor-version":[{"id":18568,"href":"https:\/\/grapil.pl\/de\/wp-json\/wp\/v2\/product\/18567\/revisions\/18568"}],"wp:featuredmedia":[{"embeddable":true,"href":"https:\/\/grapil.pl\/de\/wp-json\/wp\/v2\/media\/18569"}],"wp:attachment":[{"href":"https:\/\/grapil.pl\/de\/wp-json\/wp\/v2\/media?parent=18567"}],"wp:term":[{"taxonomy":"product_brand","embeddable":true,"href":"https:\/\/grapil.pl\/de\/wp-json\/wp\/v2\/product_brand?post=18567"},{"taxonomy":"product_cat","embeddable":true,"href":"https:\/\/grapil.pl\/de\/wp-json\/wp\/v2\/product_cat?post=18567"},{"taxonomy":"product_tag","embeddable":true,"href":"https:\/\/grapil.pl\/de\/wp-json\/wp\/v2\/product_tag?post=18567"}],"curies":[{"name":"wp","href":"https:\/\/api.w.org\/{rel}","templated":true}]}}