{"id":18615,"date":"2025-04-09T17:38:00","date_gmt":"2025-04-09T15:38:00","guid":{"rendered":"https:\/\/grapil.pl\/produkt\/zakiet-dwurzedowy\/"},"modified":"2026-02-17T14:15:01","modified_gmt":"2026-02-17T13:15:01","slug":"zweireiherjacke","status":"publish","type":"product","link":"https:\/\/grapil.pl\/de\/produkt\/zweireiherjacke\/","title":{"rendered":"\u017bakiet 7"},"content":{"rendered":"<p>Zweireihige, taillierte Damenjacke. Sie hat einen Umlegekragen, zwei untere Taschen mit Leisten und dekorative Kn\u00f6pfe an den \u00c4rmeln.<\/p>\n<p>Farben nach Kundenwunsch.<\/p>\n<p>Stoffzusammensetzung: mit Elasthanzusatz, Mischung aus Viskose, Wolle und 100% Polyester, nach Absprache.<\/p>\n<p>Der Preis wird individuell mit dem Kunden vereinbart.<\/p>\n<p>M\u00f6glichkeit der Stickerei.<\/p>\n<p>Produkt auf Bestellung gefertigt.<\/p>","protected":false},"excerpt":{"rendered":"<p>Zweireihige, taillierte Damenjacke. Sie hat einen Umlegekragen, zwei untere Taschen mit Paspel und dekorative Kn\u00f6pfe an den \u00c4rmeln. Die Farben passen zum<\/p>","protected":false},"featured_media":25386,"template":"","meta":[],"product_brand":[],"product_cat":[82,145],"product_tag":[],"class_list":{"0":"post-18615","1":"product","2":"type-product","3":"status-publish","4":"has-post-thumbnail","6":"product_cat-hotelarstwo","7":"product_cat-zakiety","9":"first","10":"instock","11":"product-type-simple"},"yoast_head":"<!-- This site is optimized with the Yoast SEO plugin v25.3 - https:\/\/yoast.com\/wordpress\/plugins\/seo\/ -->\n<title>\u017bakiet 7 - Grapil.pl \u2013 Profesjonalna Odzie\u017c S\u0142u\u017cbowa dla Bran\u017cy Kelnerskiej, HoReCa i Medycyny<\/title>\n<meta name=\"robots\" content=\"index, follow, max-snippet:-1, max-image-preview:large, max-video-preview:-1\" \/>\n<link rel=\"canonical\" href=\"https:\/\/grapil.pl\/de\/produkt\/zweireiherjacke\/\" \/>\n<meta property=\"og:locale\" content=\"de_DE\" \/>\n<meta property=\"og:type\" content=\"article\" \/>\n<meta property=\"og:title\" content=\"\u017bakiet 7 - Grapil.pl \u2013 Profesjonalna Odzie\u017c S\u0142u\u017cbowa dla Bran\u017cy Kelnerskiej, HoReCa i Medycyny\" \/>\n<meta property=\"og:description\" content=\"\u017bakiet damski dwurz\u0119dowy, taliowany. Posiada wyk\u0142adany ko\u0142nierz, dwie kieszenie dolne wyko\u0144czone wypustk\u0105 oraz ozdobne guziki na r\u0119kawach. Kolorystyka dopasowana do\" \/>\n<meta property=\"og:url\" content=\"https:\/\/grapil.pl\/de\/produkt\/zweireiherjacke\/\" \/>\n<meta property=\"og:site_name\" content=\"Grapil.pl \u2013 Profesjonalna Odzie\u017c S\u0142u\u017cbowa dla Bran\u017cy Kelnerskiej, HoReCa i Medycyny\" \/>\n<meta property=\"article:modified_time\" content=\"2026-02-17T13:15:01+00:00\" \/>\n<meta property=\"og:image\" content=\"https:\/\/grapil.pl\/wp-content\/uploads\/2025\/04\/zakiet-10-kopia.jpg\" \/>\n\t<meta property=\"og:image:width\" content=\"600\" \/>\n\t<meta property=\"og:image:height\" content=\"799\" \/>\n\t<meta property=\"og:image:type\" content=\"image\/jpeg\" \/>\n<meta name=\"twitter:card\" content=\"summary_large_image\" \/>\n<meta name=\"twitter:label1\" content=\"Gesch\u00e4tzte Lesezeit\" \/>\n\t<meta name=\"twitter:data1\" content=\"1\u00a0Minute\" \/>\n<script type=\"application\/ld+json\" class=\"yoast-schema-graph\">{\"@context\":\"https:\/\/schema.org\",\"@graph\":[{\"@type\":\"WebPage\",\"@id\":\"https:\/\/grapil.pl\/produkt\/zakiet-dwurzedowy\/\",\"url\":\"https:\/\/grapil.pl\/produkt\/zakiet-dwurzedowy\/\",\"name\":\"\u017bakiet 7 - Grapil.pl \u2013 Profesjonalna Odzie\u017c S\u0142u\u017cbowa dla Bran\u017cy Kelnerskiej, HoReCa i Medycyny\",\"isPartOf\":{\"@id\":\"https:\/\/grapil.pl\/#website\"},\"primaryImageOfPage\":{\"@id\":\"https:\/\/grapil.pl\/produkt\/zakiet-dwurzedowy\/#primaryimage\"},\"image\":{\"@id\":\"https:\/\/grapil.pl\/produkt\/zakiet-dwurzedowy\/#primaryimage\"},\"thumbnailUrl\":\"https:\/\/grapil.pl\/wp-content\/uploads\/2025\/04\/zakiet-10-kopia.jpg\",\"datePublished\":\"2025-04-09T15:38:00+00:00\",\"dateModified\":\"2026-02-17T13:15:01+00:00\",\"breadcrumb\":{\"@id\":\"https:\/\/grapil.pl\/produkt\/zakiet-dwurzedowy\/#breadcrumb\"},\"inLanguage\":\"de\",\"potentialAction\":[{\"@type\":\"ReadAction\",\"target\":[\"https:\/\/grapil.pl\/produkt\/zakiet-dwurzedowy\/\"]}]},{\"@type\":\"ImageObject\",\"inLanguage\":\"de\",\"@id\":\"https:\/\/grapil.pl\/produkt\/zakiet-dwurzedowy\/#primaryimage\",\"url\":\"https:\/\/grapil.pl\/wp-content\/uploads\/2025\/04\/zakiet-10-kopia.jpg\",\"contentUrl\":\"https:\/\/grapil.pl\/wp-content\/uploads\/2025\/04\/zakiet-10-kopia.jpg\",\"width\":600,\"height\":799},{\"@type\":\"BreadcrumbList\",\"@id\":\"https:\/\/grapil.pl\/produkt\/zakiet-dwurzedowy\/#breadcrumb\",\"itemListElement\":[{\"@type\":\"ListItem\",\"position\":1,\"name\":\"Strona g\u0142\u00f3wna\",\"item\":\"https:\/\/grapil.pl\/\"},{\"@type\":\"ListItem\",\"position\":2,\"name\":\"sklep\",\"item\":\"https:\/\/grapil.pl\/sklep\/\"},{\"@type\":\"ListItem\",\"position\":3,\"name\":\"\u017bakiet 7\"}]},{\"@type\":\"WebSite\",\"@id\":\"https:\/\/grapil.pl\/#website\",\"url\":\"https:\/\/grapil.pl\/\",\"name\":\"Grapil.pl \u2013 Profesjonalna Odzie\u017c S\u0142u\u017cbowa dla Bran\u017cy Kelnerskiej, HoReCa i Medycyny\",\"description\":\"\",\"potentialAction\":[{\"@type\":\"SearchAction\",\"target\":{\"@type\":\"EntryPoint\",\"urlTemplate\":\"https:\/\/grapil.pl\/?s={search_term_string}\"},\"query-input\":{\"@type\":\"PropertyValueSpecification\",\"valueRequired\":true,\"valueName\":\"search_term_string\"}}],\"inLanguage\":\"de\"}]}<\/script>\n<!-- \/ Yoast SEO plugin. -->","yoast_head_json":{"title":"\u017bakiet 7 - Grapil.pl \u2013 Profesjonalna Odzie\u017c S\u0142u\u017cbowa dla Bran\u017cy Kelnerskiej, HoReCa i Medycyny","robots":{"index":"index","follow":"follow","max-snippet":"max-snippet:-1","max-image-preview":"max-image-preview:large","max-video-preview":"max-video-preview:-1"},"canonical":"https:\/\/grapil.pl\/de\/produkt\/zweireiherjacke\/","og_locale":"de_DE","og_type":"article","og_title":"\u017bakiet 7 - Grapil.pl \u2013 Profesjonalna Odzie\u017c S\u0142u\u017cbowa dla Bran\u017cy Kelnerskiej, HoReCa i Medycyny","og_description":"\u017bakiet damski dwurz\u0119dowy, taliowany. Posiada wyk\u0142adany ko\u0142nierz, dwie kieszenie dolne wyko\u0144czone wypustk\u0105 oraz ozdobne guziki na r\u0119kawach. Kolorystyka dopasowana do","og_url":"https:\/\/grapil.pl\/de\/produkt\/zweireiherjacke\/","og_site_name":"Grapil.pl \u2013 Profesjonalna Odzie\u017c S\u0142u\u017cbowa dla Bran\u017cy Kelnerskiej, HoReCa i Medycyny","article_modified_time":"2026-02-17T13:15:01+00:00","og_image":[{"width":600,"height":799,"url":"https:\/\/grapil.pl\/wp-content\/uploads\/2025\/04\/zakiet-10-kopia.jpg","type":"image\/jpeg"}],"twitter_card":"summary_large_image","twitter_misc":{"Gesch\u00e4tzte Lesezeit":"1\u00a0Minute"},"schema":{"@context":"https:\/\/schema.org","@graph":[{"@type":"WebPage","@id":"https:\/\/grapil.pl\/produkt\/zakiet-dwurzedowy\/","url":"https:\/\/grapil.pl\/produkt\/zakiet-dwurzedowy\/","name":"\u017bakiet 7 - Grapil.pl \u2013 Profesjonalna Odzie\u017c S\u0142u\u017cbowa dla Bran\u017cy Kelnerskiej, HoReCa i Medycyny","isPartOf":{"@id":"https:\/\/grapil.pl\/#website"},"primaryImageOfPage":{"@id":"https:\/\/grapil.pl\/produkt\/zakiet-dwurzedowy\/#primaryimage"},"image":{"@id":"https:\/\/grapil.pl\/produkt\/zakiet-dwurzedowy\/#primaryimage"},"thumbnailUrl":"https:\/\/grapil.pl\/wp-content\/uploads\/2025\/04\/zakiet-10-kopia.jpg","datePublished":"2025-04-09T15:38:00+00:00","dateModified":"2026-02-17T13:15:01+00:00","breadcrumb":{"@id":"https:\/\/grapil.pl\/produkt\/zakiet-dwurzedowy\/#breadcrumb"},"inLanguage":"de","potentialAction":[{"@type":"ReadAction","target":["https:\/\/grapil.pl\/produkt\/zakiet-dwurzedowy\/"]}]},{"@type":"ImageObject","inLanguage":"de","@id":"https:\/\/grapil.pl\/produkt\/zakiet-dwurzedowy\/#primaryimage","url":"https:\/\/grapil.pl\/wp-content\/uploads\/2025\/04\/zakiet-10-kopia.jpg","contentUrl":"https:\/\/grapil.pl\/wp-content\/uploads\/2025\/04\/zakiet-10-kopia.jpg","width":600,"height":799},{"@type":"BreadcrumbList","@id":"https:\/\/grapil.pl\/produkt\/zakiet-dwurzedowy\/#breadcrumb","itemListElement":[{"@type":"ListItem","position":1,"name":"Strona g\u0142\u00f3wna","item":"https:\/\/grapil.pl\/"},{"@type":"ListItem","position":2,"name":"sklep","item":"https:\/\/grapil.pl\/sklep\/"},{"@type":"ListItem","position":3,"name":"\u017bakiet 7"}]},{"@type":"WebSite","@id":"https:\/\/grapil.pl\/#website","url":"https:\/\/grapil.pl\/","name":"Grapil.pl \u2013 Profesjonalna Odzie\u017c S\u0142u\u017cbowa dla Bran\u017cy Kelnerskiej, HoReCa i Medycyny","description":"","potentialAction":[{"@type":"SearchAction","target":{"@type":"EntryPoint","urlTemplate":"https:\/\/grapil.pl\/?s={search_term_string}"},"query-input":{"@type":"PropertyValueSpecification","valueRequired":true,"valueName":"search_term_string"}}],"inLanguage":"de"}]}},"_links":{"self":[{"href":"https:\/\/grapil.pl\/de\/wp-json\/wp\/v2\/product\/18615","targetHints":{"allow":["GET"]}}],"collection":[{"href":"https:\/\/grapil.pl\/de\/wp-json\/wp\/v2\/product"}],"about":[{"href":"https:\/\/grapil.pl\/de\/wp-json\/wp\/v2\/types\/product"}],"version-history":[{"count":3,"href":"https:\/\/grapil.pl\/de\/wp-json\/wp\/v2\/product\/18615\/revisions"}],"predecessor-version":[{"id":25388,"href":"https:\/\/grapil.pl\/de\/wp-json\/wp\/v2\/product\/18615\/revisions\/25388"}],"wp:featuredmedia":[{"embeddable":true,"href":"https:\/\/grapil.pl\/de\/wp-json\/wp\/v2\/media\/25386"}],"wp:attachment":[{"href":"https:\/\/grapil.pl\/de\/wp-json\/wp\/v2\/media?parent=18615"}],"wp:term":[{"taxonomy":"product_brand","embeddable":true,"href":"https:\/\/grapil.pl\/de\/wp-json\/wp\/v2\/product_brand?post=18615"},{"taxonomy":"product_cat","embeddable":true,"href":"https:\/\/grapil.pl\/de\/wp-json\/wp\/v2\/product_cat?post=18615"},{"taxonomy":"product_tag","embeddable":true,"href":"https:\/\/grapil.pl\/de\/wp-json\/wp\/v2\/product_tag?post=18615"}],"curies":[{"name":"wp","href":"https:\/\/api.w.org\/{rel}","templated":true}]}}