{"id":18622,"date":"2025-04-09T17:38:00","date_gmt":"2025-04-09T15:38:00","guid":{"rendered":"https:\/\/grapil.pl\/produkt\/kurtka-ostrzegawcza-flash-pomaranczowa\/"},"modified":"2025-04-09T17:38:15","modified_gmt":"2025-04-09T15:38:15","slug":"blitzorange-warnweste","status":"publish","type":"product","link":"https:\/\/grapil.pl\/de\/produkt\/blitzorange-warnweste\/","title":{"rendered":"Flash Warnweste orange"},"content":{"rendered":"<p>Flash Warning Sweatshirt \u2013 attraktives Design, hervorragende Funktionalit\u00e4t und hoher Tragekomfort.<\/p>\n<p>Hergestellt aus hochwertigem Spezial-Polyester-Baumwollgewebe in fluoreszierendem Orange mit Eins\u00e4tzen aus 300D Oxford-Gewebe in Schwarz und zus\u00e4tzlich drei Reflektorstreifen am K\u00f6rper und an den \u00c4rmeln.<\/p>\n<p><strong>Merkmal:<\/strong><\/p>\n<ul>\n<li>professionelle N\u00e4harbeit und \u00e4sthetische Verarbeitung<\/li>\n<li>mit Rei\u00dfverschluss und Klettverschluss<\/li>\n<li>Kragen \u2013 Stehkragen,<\/li>\n<li>Doppelte N\u00e4hte und zahlreiche solide Bolzen verst\u00e4rken zus\u00e4tzlich die besonders rei\u00dfgef\u00e4hrdeten Stellen<\/li>\n<li>5 Funktionstaschen, davon zwei mit Klettverschlussklappen,<\/li>\n<li>zus\u00e4tzliche Taschenverst\u00e4rkungen zum Schutz vor Durchstichen durch scharfe Gegenst\u00e4nde aus robustem 300D-Polyestergewebe.<\/li>\n<li>Besonders schmutzanf\u00e4llige Stellen: \u00c4rmelenden, unterer Teil des Sweatshirts, Stehkragen, Passe aus 300D Oxford Polyestergewebe in Schwarz<\/li>\n<li>\u00c4rmelweite l\u00e4sst sich am B\u00fcndchen durch eine Klettverschlusslasche regulieren<\/li>\n<li>Farbstabilit\u00e4t<\/li>\n<\/ul>\n<p><strong>Erf\u00fcllt die Anforderungen der Norm:<\/strong><\/p>\n<ul>\n<li><strong>EN ISO 20471:2013<\/strong>\u00a0\u2013 Warnschutzkleidung<\/li>\n<li>Reflektierende und fluoreszierende Materialoberfl\u00e4che der Klasse 2 f\u00fcr das Flash-Sweatshirt<\/li>\n<li>Oberfl\u00e4che der Klasse 3 aus reflektierendem und fluoreszierendem Material f\u00fcr das Set Flash-Sweatshirt + Flash-Hose, Flash-Sweatshirt + Flash-Knieshorts.<\/li>\n<\/ul>\n<p>Flash-Warnkleidung gew\u00e4hrleistet Sicherheit durch hohe Sichtbarkeit des Tr\u00e4gers.<\/p>\n<p>Besonders empfohlen f\u00fcr Stra\u00dfenarbeiter, Fahrer, Vermesser, technische Dienste, Bauaufsicht, Maschinenbediener und f\u00fcr andere Arbeiten, die eine hohe Sichtbarkeit des Benutzers erfordern.<\/p>\n<p>Farbe: fluoreszierendes Orange, schwarzer Stehkragen, Passe und schwarz-silberne Reflexeins\u00e4tze<\/p>\n<p><strong>Gewicht:<\/strong><\/p>\n<ul>\n<li>Orangefarbenes Material (80% Polyester, 20 % Baumwolle) 200 g\/m2<\/li>\n<li>Material schwarz (100% Polyester 300D Oxford) 160 g\/m2<\/li>\n<\/ul>","protected":false},"excerpt":{"rendered":"<p>Flash Warning Sweatshirt - attraktives Design, hervorragende Funktionalit\u00e4t und hoher Tragekomfort. Hergestellt aus hochwertigem Spezial-Polyester-Baumwollgewebe in Orange<\/p>","protected":false},"featured_media":18624,"template":"","meta":[],"product_brand":[91],"product_cat":[86,92,123],"product_tag":[],"class_list":{"0":"post-18622","1":"product","2":"type-product","3":"status-publish","4":"has-post-thumbnail","6":"product_brand-artmas","7":"product_cat-sklepbhp","8":"product_cat-odziez-robocza","9":"product_cat-kurtki","11":"first","12":"instock","13":"product-type-simple"},"yoast_head":"<!-- This site is optimized with the Yoast SEO plugin v25.3 - https:\/\/yoast.com\/wordpress\/plugins\/seo\/ -->\n<title>Kurtka ostrzegawcza Flash pomara\u0144czowa - Grapil.pl \u2013 Profesjonalna Odzie\u017c S\u0142u\u017cbowa dla Bran\u017cy Kelnerskiej, HoReCa i Medycyny<\/title>\n<meta name=\"robots\" content=\"index, follow, max-snippet:-1, max-image-preview:large, max-video-preview:-1\" \/>\n<link rel=\"canonical\" href=\"https:\/\/grapil.pl\/de\/produkt\/blitzorange-warnweste\/\" \/>\n<meta property=\"og:locale\" content=\"de_DE\" \/>\n<meta property=\"og:type\" content=\"article\" \/>\n<meta property=\"og:title\" content=\"Kurtka ostrzegawcza Flash pomara\u0144czowa - Grapil.pl \u2013 Profesjonalna Odzie\u017c S\u0142u\u017cbowa dla Bran\u017cy Kelnerskiej, HoReCa i Medycyny\" \/>\n<meta property=\"og:description\" content=\"Bluza ostrzegawcza Flash\u2013 atrakcyjne wzornictwo, doskona\u0142a funkcjonalno\u015b\u0107 i du\u017cy komfort u\u017cytkowania. Wykonana z wysokiej jako\u015bci specjalistycznej tkaniny poliestrowo-bawe\u0142nianej\u00a0w kolorze pomara\u0144czowym\" \/>\n<meta property=\"og:url\" content=\"https:\/\/grapil.pl\/de\/produkt\/blitzorange-warnweste\/\" \/>\n<meta property=\"og:site_name\" content=\"Grapil.pl \u2013 Profesjonalna Odzie\u017c S\u0142u\u017cbowa dla Bran\u017cy Kelnerskiej, HoReCa i Medycyny\" \/>\n<meta property=\"article:modified_time\" content=\"2025-04-09T15:38:15+00:00\" \/>\n<meta property=\"og:image\" content=\"https:\/\/grapil.pl\/wp-content\/uploads\/2025\/04\/9061.jpg\" \/>\n\t<meta property=\"og:image:width\" content=\"700\" \/>\n\t<meta property=\"og:image:height\" content=\"700\" \/>\n\t<meta property=\"og:image:type\" content=\"image\/jpeg\" \/>\n<meta name=\"twitter:card\" content=\"summary_large_image\" \/>\n<meta name=\"twitter:label1\" content=\"Gesch\u00e4tzte Lesezeit\" \/>\n\t<meta name=\"twitter:data1\" content=\"1\u00a0Minute\" \/>\n<script type=\"application\/ld+json\" class=\"yoast-schema-graph\">{\"@context\":\"https:\/\/schema.org\",\"@graph\":[{\"@type\":\"WebPage\",\"@id\":\"https:\/\/grapil.pl\/produkt\/kurtka-ostrzegawcza-flash-pomaranczowa\/\",\"url\":\"https:\/\/grapil.pl\/produkt\/kurtka-ostrzegawcza-flash-pomaranczowa\/\",\"name\":\"Kurtka ostrzegawcza Flash pomara\u0144czowa - Grapil.pl \u2013 Profesjonalna Odzie\u017c S\u0142u\u017cbowa dla Bran\u017cy Kelnerskiej, HoReCa i Medycyny\",\"isPartOf\":{\"@id\":\"https:\/\/grapil.pl\/#website\"},\"primaryImageOfPage\":{\"@id\":\"https:\/\/grapil.pl\/produkt\/kurtka-ostrzegawcza-flash-pomaranczowa\/#primaryimage\"},\"image\":{\"@id\":\"https:\/\/grapil.pl\/produkt\/kurtka-ostrzegawcza-flash-pomaranczowa\/#primaryimage\"},\"thumbnailUrl\":\"https:\/\/grapil.pl\/wp-content\/uploads\/2025\/04\/9061.jpg\",\"datePublished\":\"2025-04-09T15:38:00+00:00\",\"dateModified\":\"2025-04-09T15:38:15+00:00\",\"breadcrumb\":{\"@id\":\"https:\/\/grapil.pl\/produkt\/kurtka-ostrzegawcza-flash-pomaranczowa\/#breadcrumb\"},\"inLanguage\":\"de\",\"potentialAction\":[{\"@type\":\"ReadAction\",\"target\":[\"https:\/\/grapil.pl\/produkt\/kurtka-ostrzegawcza-flash-pomaranczowa\/\"]}]},{\"@type\":\"ImageObject\",\"inLanguage\":\"de\",\"@id\":\"https:\/\/grapil.pl\/produkt\/kurtka-ostrzegawcza-flash-pomaranczowa\/#primaryimage\",\"url\":\"https:\/\/grapil.pl\/wp-content\/uploads\/2025\/04\/9061.jpg\",\"contentUrl\":\"https:\/\/grapil.pl\/wp-content\/uploads\/2025\/04\/9061.jpg\",\"width\":700,\"height\":700},{\"@type\":\"BreadcrumbList\",\"@id\":\"https:\/\/grapil.pl\/produkt\/kurtka-ostrzegawcza-flash-pomaranczowa\/#breadcrumb\",\"itemListElement\":[{\"@type\":\"ListItem\",\"position\":1,\"name\":\"Strona g\u0142\u00f3wna\",\"item\":\"https:\/\/grapil.pl\/\"},{\"@type\":\"ListItem\",\"position\":2,\"name\":\"sklep\",\"item\":\"https:\/\/grapil.pl\/sklep\/\"},{\"@type\":\"ListItem\",\"position\":3,\"name\":\"Kurtka ostrzegawcza Flash pomara\u0144czowa\"}]},{\"@type\":\"WebSite\",\"@id\":\"https:\/\/grapil.pl\/#website\",\"url\":\"https:\/\/grapil.pl\/\",\"name\":\"Grapil.pl \u2013 Profesjonalna Odzie\u017c S\u0142u\u017cbowa dla Bran\u017cy Kelnerskiej, HoReCa i Medycyny\",\"description\":\"\",\"potentialAction\":[{\"@type\":\"SearchAction\",\"target\":{\"@type\":\"EntryPoint\",\"urlTemplate\":\"https:\/\/grapil.pl\/?s={search_term_string}\"},\"query-input\":{\"@type\":\"PropertyValueSpecification\",\"valueRequired\":true,\"valueName\":\"search_term_string\"}}],\"inLanguage\":\"de\"}]}<\/script>\n<!-- \/ Yoast SEO plugin. -->","yoast_head_json":{"title":"Kurtka ostrzegawcza Flash pomara\u0144czowa - Grapil.pl \u2013 Profesjonalna Odzie\u017c S\u0142u\u017cbowa dla Bran\u017cy Kelnerskiej, HoReCa i Medycyny","robots":{"index":"index","follow":"follow","max-snippet":"max-snippet:-1","max-image-preview":"max-image-preview:large","max-video-preview":"max-video-preview:-1"},"canonical":"https:\/\/grapil.pl\/de\/produkt\/blitzorange-warnweste\/","og_locale":"de_DE","og_type":"article","og_title":"Kurtka ostrzegawcza Flash pomara\u0144czowa - Grapil.pl \u2013 Profesjonalna Odzie\u017c S\u0142u\u017cbowa dla Bran\u017cy Kelnerskiej, HoReCa i Medycyny","og_description":"Bluza ostrzegawcza Flash\u2013 atrakcyjne wzornictwo, doskona\u0142a funkcjonalno\u015b\u0107 i du\u017cy komfort u\u017cytkowania. Wykonana z wysokiej jako\u015bci specjalistycznej tkaniny poliestrowo-bawe\u0142nianej\u00a0w kolorze pomara\u0144czowym","og_url":"https:\/\/grapil.pl\/de\/produkt\/blitzorange-warnweste\/","og_site_name":"Grapil.pl \u2013 Profesjonalna Odzie\u017c S\u0142u\u017cbowa dla Bran\u017cy Kelnerskiej, HoReCa i Medycyny","article_modified_time":"2025-04-09T15:38:15+00:00","og_image":[{"width":700,"height":700,"url":"https:\/\/grapil.pl\/wp-content\/uploads\/2025\/04\/9061.jpg","type":"image\/jpeg"}],"twitter_card":"summary_large_image","twitter_misc":{"Gesch\u00e4tzte Lesezeit":"1\u00a0Minute"},"schema":{"@context":"https:\/\/schema.org","@graph":[{"@type":"WebPage","@id":"https:\/\/grapil.pl\/produkt\/kurtka-ostrzegawcza-flash-pomaranczowa\/","url":"https:\/\/grapil.pl\/produkt\/kurtka-ostrzegawcza-flash-pomaranczowa\/","name":"Kurtka ostrzegawcza Flash pomara\u0144czowa - Grapil.pl \u2013 Profesjonalna Odzie\u017c S\u0142u\u017cbowa dla Bran\u017cy Kelnerskiej, HoReCa i Medycyny","isPartOf":{"@id":"https:\/\/grapil.pl\/#website"},"primaryImageOfPage":{"@id":"https:\/\/grapil.pl\/produkt\/kurtka-ostrzegawcza-flash-pomaranczowa\/#primaryimage"},"image":{"@id":"https:\/\/grapil.pl\/produkt\/kurtka-ostrzegawcza-flash-pomaranczowa\/#primaryimage"},"thumbnailUrl":"https:\/\/grapil.pl\/wp-content\/uploads\/2025\/04\/9061.jpg","datePublished":"2025-04-09T15:38:00+00:00","dateModified":"2025-04-09T15:38:15+00:00","breadcrumb":{"@id":"https:\/\/grapil.pl\/produkt\/kurtka-ostrzegawcza-flash-pomaranczowa\/#breadcrumb"},"inLanguage":"de","potentialAction":[{"@type":"ReadAction","target":["https:\/\/grapil.pl\/produkt\/kurtka-ostrzegawcza-flash-pomaranczowa\/"]}]},{"@type":"ImageObject","inLanguage":"de","@id":"https:\/\/grapil.pl\/produkt\/kurtka-ostrzegawcza-flash-pomaranczowa\/#primaryimage","url":"https:\/\/grapil.pl\/wp-content\/uploads\/2025\/04\/9061.jpg","contentUrl":"https:\/\/grapil.pl\/wp-content\/uploads\/2025\/04\/9061.jpg","width":700,"height":700},{"@type":"BreadcrumbList","@id":"https:\/\/grapil.pl\/produkt\/kurtka-ostrzegawcza-flash-pomaranczowa\/#breadcrumb","itemListElement":[{"@type":"ListItem","position":1,"name":"Strona g\u0142\u00f3wna","item":"https:\/\/grapil.pl\/"},{"@type":"ListItem","position":2,"name":"sklep","item":"https:\/\/grapil.pl\/sklep\/"},{"@type":"ListItem","position":3,"name":"Kurtka ostrzegawcza Flash pomara\u0144czowa"}]},{"@type":"WebSite","@id":"https:\/\/grapil.pl\/#website","url":"https:\/\/grapil.pl\/","name":"Grapil.pl \u2013 Profesjonalna Odzie\u017c S\u0142u\u017cbowa dla Bran\u017cy Kelnerskiej, HoReCa i Medycyny","description":"","potentialAction":[{"@type":"SearchAction","target":{"@type":"EntryPoint","urlTemplate":"https:\/\/grapil.pl\/?s={search_term_string}"},"query-input":{"@type":"PropertyValueSpecification","valueRequired":true,"valueName":"search_term_string"}}],"inLanguage":"de"}]}},"_links":{"self":[{"href":"https:\/\/grapil.pl\/de\/wp-json\/wp\/v2\/product\/18622","targetHints":{"allow":["GET"]}}],"collection":[{"href":"https:\/\/grapil.pl\/de\/wp-json\/wp\/v2\/product"}],"about":[{"href":"https:\/\/grapil.pl\/de\/wp-json\/wp\/v2\/types\/product"}],"version-history":[{"count":1,"href":"https:\/\/grapil.pl\/de\/wp-json\/wp\/v2\/product\/18622\/revisions"}],"predecessor-version":[{"id":18623,"href":"https:\/\/grapil.pl\/de\/wp-json\/wp\/v2\/product\/18622\/revisions\/18623"}],"wp:featuredmedia":[{"embeddable":true,"href":"https:\/\/grapil.pl\/de\/wp-json\/wp\/v2\/media\/18624"}],"wp:attachment":[{"href":"https:\/\/grapil.pl\/de\/wp-json\/wp\/v2\/media?parent=18622"}],"wp:term":[{"taxonomy":"product_brand","embeddable":true,"href":"https:\/\/grapil.pl\/de\/wp-json\/wp\/v2\/product_brand?post=18622"},{"taxonomy":"product_cat","embeddable":true,"href":"https:\/\/grapil.pl\/de\/wp-json\/wp\/v2\/product_cat?post=18622"},{"taxonomy":"product_tag","embeddable":true,"href":"https:\/\/grapil.pl\/de\/wp-json\/wp\/v2\/product_tag?post=18622"}],"curies":[{"name":"wp","href":"https:\/\/api.w.org\/{rel}","templated":true}]}}