{"id":18631,"date":"2025-04-09T17:38:17","date_gmt":"2025-04-09T15:38:17","guid":{"rendered":"https:\/\/grapil.pl\/produkt\/jednorazowy-kombinezon-malarski-wariant1\/"},"modified":"2025-04-09T17:38:17","modified_gmt":"2025-04-09T15:38:17","slug":"einweg-maleroverall-variante1","status":"publish","type":"product","link":"https:\/\/grapil.pl\/de\/produkt\/einweg-maleroverall-variante1\/","title":{"rendered":"Einweg-Maleroverall {Variante 1}"},"content":{"rendered":"<p><strong>Einweg-Malerschutzoverall, Gewicht 30 g\/m2.<\/strong><\/p>\n<p>Es eignet sich hervorragend als Schutz f\u00fcr die Kleidung bei der Oberfl\u00e4chenbearbeitung oder Raumrenovierung.<\/p>\n<p>Es besteht aus Polypropylen, einem luftdurchl\u00e4ssigen Vliesstoff.<\/p>\n<p>Der Anzug hat eine Kapuze mit Gummizug, die nicht dr\u00fcckt, den Kopf aber fest vor Schmutz sch\u00fctzt. Auch an den Beinen, B\u00fcndchen und der Taille befindet sich Gummizug. Der Rei\u00dfverschluss an der Vorderseite erleichtert das Anziehen.<\/p>\n<p>Overall empfohlen f\u00fcr Bau-, Renovierungs-, Reinigungsarbeiten, in der Automobilindustrie usw.<\/p>","protected":false},"excerpt":{"rendered":"<p><strong>Einweg-Malerschutzoverall, Gewicht 30 g\/m2.<\/strong><\/p>\n<p>Es eignet sich hervorragend als Schutz f\u00fcr die Kleidung bei der Oberfl\u00e4chenbearbeitung oder Raumrenovierung.<\/p>\n<p>\u00a0<\/p>\n<p>Overall empfohlen f\u00fcr Bau-, Renovierungs-, Reinigungsarbeiten, in der Automobilindustrie usw.<\/p>","protected":false},"featured_media":18633,"template":"","meta":[],"product_brand":[91],"product_cat":[86,163],"product_tag":[],"class_list":{"0":"post-18631","1":"product","2":"type-product","3":"status-publish","4":"has-post-thumbnail","6":"product_brand-artmas","7":"product_cat-sklepbhp","8":"product_cat-inne","10":"first","11":"instock","12":"product-type-simple"},"yoast_head":"<!-- This site is optimized with the Yoast SEO plugin v25.3 - https:\/\/yoast.com\/wordpress\/plugins\/seo\/ -->\n<title>Jednorazowy kombinezon malarski {wariant1} - Grapil.pl \u2013 Profesjonalna Odzie\u017c S\u0142u\u017cbowa dla Bran\u017cy Kelnerskiej, HoReCa i Medycyny<\/title>\n<meta name=\"robots\" content=\"index, follow, max-snippet:-1, max-image-preview:large, max-video-preview:-1\" \/>\n<link rel=\"canonical\" href=\"https:\/\/grapil.pl\/de\/produkt\/einweg-maleroverall-variante1\/\" \/>\n<meta property=\"og:locale\" content=\"de_DE\" \/>\n<meta property=\"og:type\" content=\"article\" \/>\n<meta property=\"og:title\" content=\"Jednorazowy kombinezon malarski {wariant1} - Grapil.pl \u2013 Profesjonalna Odzie\u017c S\u0142u\u017cbowa dla Bran\u017cy Kelnerskiej, HoReCa i Medycyny\" \/>\n<meta property=\"og:description\" content=\"Jednorazowy kombinezon ochronny, malarski o gramaturze 30g\/m2. \u015awietnie sprawdza si\u0119 jako ochrona ubra\u0144 podczas wyka\u0144czania powierzchni lub remontowania pomieszcze\u0144. \u00a0 Kombinezon polecany przy pracach budowlanych, remontowych, porz\u0105dkowych, w przemy\u015ble samochodowy itp.\" \/>\n<meta property=\"og:url\" content=\"https:\/\/grapil.pl\/de\/produkt\/einweg-maleroverall-variante1\/\" \/>\n<meta property=\"og:site_name\" content=\"Grapil.pl \u2013 Profesjonalna Odzie\u017c S\u0142u\u017cbowa dla Bran\u017cy Kelnerskiej, HoReCa i Medycyny\" \/>\n<meta property=\"og:image\" content=\"https:\/\/grapil.pl\/wp-content\/uploads\/2025\/04\/20659.jpg\" \/>\n\t<meta property=\"og:image:width\" content=\"700\" \/>\n\t<meta property=\"og:image:height\" content=\"700\" \/>\n\t<meta property=\"og:image:type\" content=\"image\/jpeg\" \/>\n<meta name=\"twitter:card\" content=\"summary_large_image\" \/>\n<script type=\"application\/ld+json\" class=\"yoast-schema-graph\">{\"@context\":\"https:\/\/schema.org\",\"@graph\":[{\"@type\":\"WebPage\",\"@id\":\"https:\/\/grapil.pl\/produkt\/jednorazowy-kombinezon-malarski-wariant1\/\",\"url\":\"https:\/\/grapil.pl\/produkt\/jednorazowy-kombinezon-malarski-wariant1\/\",\"name\":\"Jednorazowy kombinezon malarski {wariant1} - Grapil.pl \u2013 Profesjonalna Odzie\u017c S\u0142u\u017cbowa dla Bran\u017cy Kelnerskiej, HoReCa i Medycyny\",\"isPartOf\":{\"@id\":\"https:\/\/grapil.pl\/#website\"},\"primaryImageOfPage\":{\"@id\":\"https:\/\/grapil.pl\/produkt\/jednorazowy-kombinezon-malarski-wariant1\/#primaryimage\"},\"image\":{\"@id\":\"https:\/\/grapil.pl\/produkt\/jednorazowy-kombinezon-malarski-wariant1\/#primaryimage\"},\"thumbnailUrl\":\"https:\/\/grapil.pl\/wp-content\/uploads\/2025\/04\/20659.jpg\",\"datePublished\":\"2025-04-09T15:38:17+00:00\",\"breadcrumb\":{\"@id\":\"https:\/\/grapil.pl\/produkt\/jednorazowy-kombinezon-malarski-wariant1\/#breadcrumb\"},\"inLanguage\":\"de\",\"potentialAction\":[{\"@type\":\"ReadAction\",\"target\":[\"https:\/\/grapil.pl\/produkt\/jednorazowy-kombinezon-malarski-wariant1\/\"]}]},{\"@type\":\"ImageObject\",\"inLanguage\":\"de\",\"@id\":\"https:\/\/grapil.pl\/produkt\/jednorazowy-kombinezon-malarski-wariant1\/#primaryimage\",\"url\":\"https:\/\/grapil.pl\/wp-content\/uploads\/2025\/04\/20659.jpg\",\"contentUrl\":\"https:\/\/grapil.pl\/wp-content\/uploads\/2025\/04\/20659.jpg\",\"width\":700,\"height\":700},{\"@type\":\"BreadcrumbList\",\"@id\":\"https:\/\/grapil.pl\/produkt\/jednorazowy-kombinezon-malarski-wariant1\/#breadcrumb\",\"itemListElement\":[{\"@type\":\"ListItem\",\"position\":1,\"name\":\"Strona g\u0142\u00f3wna\",\"item\":\"https:\/\/grapil.pl\/\"},{\"@type\":\"ListItem\",\"position\":2,\"name\":\"sklep\",\"item\":\"https:\/\/grapil.pl\/sklep\/\"},{\"@type\":\"ListItem\",\"position\":3,\"name\":\"Jednorazowy kombinezon malarski {wariant1}\"}]},{\"@type\":\"WebSite\",\"@id\":\"https:\/\/grapil.pl\/#website\",\"url\":\"https:\/\/grapil.pl\/\",\"name\":\"Grapil.pl \u2013 Profesjonalna Odzie\u017c S\u0142u\u017cbowa dla Bran\u017cy Kelnerskiej, HoReCa i Medycyny\",\"description\":\"\",\"potentialAction\":[{\"@type\":\"SearchAction\",\"target\":{\"@type\":\"EntryPoint\",\"urlTemplate\":\"https:\/\/grapil.pl\/?s={search_term_string}\"},\"query-input\":{\"@type\":\"PropertyValueSpecification\",\"valueRequired\":true,\"valueName\":\"search_term_string\"}}],\"inLanguage\":\"de\"}]}<\/script>\n<!-- \/ Yoast SEO plugin. -->","yoast_head_json":{"title":"Jednorazowy kombinezon malarski {wariant1} - Grapil.pl \u2013 Profesjonalna Odzie\u017c S\u0142u\u017cbowa dla Bran\u017cy Kelnerskiej, HoReCa i Medycyny","robots":{"index":"index","follow":"follow","max-snippet":"max-snippet:-1","max-image-preview":"max-image-preview:large","max-video-preview":"max-video-preview:-1"},"canonical":"https:\/\/grapil.pl\/de\/produkt\/einweg-maleroverall-variante1\/","og_locale":"de_DE","og_type":"article","og_title":"Jednorazowy kombinezon malarski {wariant1} - Grapil.pl \u2013 Profesjonalna Odzie\u017c S\u0142u\u017cbowa dla Bran\u017cy Kelnerskiej, HoReCa i Medycyny","og_description":"Jednorazowy kombinezon ochronny, malarski o gramaturze 30g\/m2. \u015awietnie sprawdza si\u0119 jako ochrona ubra\u0144 podczas wyka\u0144czania powierzchni lub remontowania pomieszcze\u0144. \u00a0 Kombinezon polecany przy pracach budowlanych, remontowych, porz\u0105dkowych, w przemy\u015ble samochodowy itp.","og_url":"https:\/\/grapil.pl\/de\/produkt\/einweg-maleroverall-variante1\/","og_site_name":"Grapil.pl \u2013 Profesjonalna Odzie\u017c S\u0142u\u017cbowa dla Bran\u017cy Kelnerskiej, HoReCa i Medycyny","og_image":[{"width":700,"height":700,"url":"https:\/\/grapil.pl\/wp-content\/uploads\/2025\/04\/20659.jpg","type":"image\/jpeg"}],"twitter_card":"summary_large_image","schema":{"@context":"https:\/\/schema.org","@graph":[{"@type":"WebPage","@id":"https:\/\/grapil.pl\/produkt\/jednorazowy-kombinezon-malarski-wariant1\/","url":"https:\/\/grapil.pl\/produkt\/jednorazowy-kombinezon-malarski-wariant1\/","name":"Jednorazowy kombinezon malarski {wariant1} - Grapil.pl \u2013 Profesjonalna Odzie\u017c S\u0142u\u017cbowa dla Bran\u017cy Kelnerskiej, HoReCa i Medycyny","isPartOf":{"@id":"https:\/\/grapil.pl\/#website"},"primaryImageOfPage":{"@id":"https:\/\/grapil.pl\/produkt\/jednorazowy-kombinezon-malarski-wariant1\/#primaryimage"},"image":{"@id":"https:\/\/grapil.pl\/produkt\/jednorazowy-kombinezon-malarski-wariant1\/#primaryimage"},"thumbnailUrl":"https:\/\/grapil.pl\/wp-content\/uploads\/2025\/04\/20659.jpg","datePublished":"2025-04-09T15:38:17+00:00","breadcrumb":{"@id":"https:\/\/grapil.pl\/produkt\/jednorazowy-kombinezon-malarski-wariant1\/#breadcrumb"},"inLanguage":"de","potentialAction":[{"@type":"ReadAction","target":["https:\/\/grapil.pl\/produkt\/jednorazowy-kombinezon-malarski-wariant1\/"]}]},{"@type":"ImageObject","inLanguage":"de","@id":"https:\/\/grapil.pl\/produkt\/jednorazowy-kombinezon-malarski-wariant1\/#primaryimage","url":"https:\/\/grapil.pl\/wp-content\/uploads\/2025\/04\/20659.jpg","contentUrl":"https:\/\/grapil.pl\/wp-content\/uploads\/2025\/04\/20659.jpg","width":700,"height":700},{"@type":"BreadcrumbList","@id":"https:\/\/grapil.pl\/produkt\/jednorazowy-kombinezon-malarski-wariant1\/#breadcrumb","itemListElement":[{"@type":"ListItem","position":1,"name":"Strona g\u0142\u00f3wna","item":"https:\/\/grapil.pl\/"},{"@type":"ListItem","position":2,"name":"sklep","item":"https:\/\/grapil.pl\/sklep\/"},{"@type":"ListItem","position":3,"name":"Jednorazowy kombinezon malarski {wariant1}"}]},{"@type":"WebSite","@id":"https:\/\/grapil.pl\/#website","url":"https:\/\/grapil.pl\/","name":"Grapil.pl \u2013 Profesjonalna Odzie\u017c S\u0142u\u017cbowa dla Bran\u017cy Kelnerskiej, HoReCa i Medycyny","description":"","potentialAction":[{"@type":"SearchAction","target":{"@type":"EntryPoint","urlTemplate":"https:\/\/grapil.pl\/?s={search_term_string}"},"query-input":{"@type":"PropertyValueSpecification","valueRequired":true,"valueName":"search_term_string"}}],"inLanguage":"de"}]}},"_links":{"self":[{"href":"https:\/\/grapil.pl\/de\/wp-json\/wp\/v2\/product\/18631","targetHints":{"allow":["GET"]}}],"collection":[{"href":"https:\/\/grapil.pl\/de\/wp-json\/wp\/v2\/product"}],"about":[{"href":"https:\/\/grapil.pl\/de\/wp-json\/wp\/v2\/types\/product"}],"version-history":[{"count":1,"href":"https:\/\/grapil.pl\/de\/wp-json\/wp\/v2\/product\/18631\/revisions"}],"predecessor-version":[{"id":18632,"href":"https:\/\/grapil.pl\/de\/wp-json\/wp\/v2\/product\/18631\/revisions\/18632"}],"wp:featuredmedia":[{"embeddable":true,"href":"https:\/\/grapil.pl\/de\/wp-json\/wp\/v2\/media\/18633"}],"wp:attachment":[{"href":"https:\/\/grapil.pl\/de\/wp-json\/wp\/v2\/media?parent=18631"}],"wp:term":[{"taxonomy":"product_brand","embeddable":true,"href":"https:\/\/grapil.pl\/de\/wp-json\/wp\/v2\/product_brand?post=18631"},{"taxonomy":"product_cat","embeddable":true,"href":"https:\/\/grapil.pl\/de\/wp-json\/wp\/v2\/product_cat?post=18631"},{"taxonomy":"product_tag","embeddable":true,"href":"https:\/\/grapil.pl\/de\/wp-json\/wp\/v2\/product_tag?post=18631"}],"curies":[{"name":"wp","href":"https:\/\/api.w.org\/{rel}","templated":true}]}}