{"id":18645,"date":"2025-04-09T17:38:17","date_gmt":"2025-04-09T15:38:17","guid":{"rendered":"https:\/\/grapil.pl\/produkt\/rekawice-robocze-rwe-rwx-kat-1-rozmiar-l\/"},"modified":"2025-04-09T17:38:18","modified_gmt":"2025-04-09T15:38:18","slug":"arbeitshandschuhe-rwe-rwx-kat-1-grose-l","status":"publish","type":"product","link":"https:\/\/grapil.pl\/de\/produkt\/arbeitshandschuhe-rwe-rwx-kat-1-grose-l\/","title":{"rendered":"Arbeitshandschuhe RWE\/RWX Kat.1 Gr\u00f6\u00dfe L"},"content":{"rendered":"<p>Schutzhandschuhe aus nahtlosem Polyesterstrick, wei\u00dfer Strick, beschichtet mit orangefarbenem Latex, mit elastischer Stulpe versehen.<\/p>\n<p>Langlebig, flexibel, abrieb- und rei\u00dffest.<\/p>\n<p>Sie liegen perfekt in der Hand und erm\u00f6glichen eine hohe Fingerfertigkeit. Perfekt f\u00fcr Lager-, Umlade- und Gartenarbeiten sowie f\u00fcr pr\u00e4zise und filigrane T\u00e4tigkeiten (Montage, Falten, Verpacken) und f\u00fcr die Montage kleiner Elemente.<\/p>\n<p>Die Latexbeschichtung sorgt f\u00fcr einen festen Halt der gehaltenen Werkzeuge und verringert das Eindringen von Schmutz.<\/p>","protected":false},"excerpt":{"rendered":"<p>Schutzhandschuhe aus nahtlosem Polyesterstrick, Strickfarbe wei\u00df, beschichtet mit orangefarbenem Latex, mit elastischer Stulpe. Langlebig, flexibel, best\u00e4ndig gegen<\/p>","protected":false},"featured_media":18647,"template":"","meta":[],"product_brand":[91],"product_cat":[86,96,126],"product_tag":[],"class_list":{"0":"post-18645","1":"product","2":"type-product","3":"status-publish","4":"has-post-thumbnail","6":"product_brand-artmas","7":"product_cat-sklepbhp","8":"product_cat-rekawice-bhp","9":"product_cat-powlekane","11":"first","12":"instock","13":"product-type-simple"},"yoast_head":"<!-- This site is optimized with the Yoast SEO plugin v25.3 - https:\/\/yoast.com\/wordpress\/plugins\/seo\/ -->\n<title>R\u0119kawice robocze RWE\/RWX kat.1 rozmiar L - Grapil.pl \u2013 Profesjonalna Odzie\u017c S\u0142u\u017cbowa dla Bran\u017cy Kelnerskiej, HoReCa i Medycyny<\/title>\n<meta name=\"robots\" content=\"index, follow, max-snippet:-1, max-image-preview:large, max-video-preview:-1\" \/>\n<link rel=\"canonical\" href=\"https:\/\/grapil.pl\/de\/produkt\/arbeitshandschuhe-rwe-rwx-kat-1-grose-l\/\" \/>\n<meta property=\"og:locale\" content=\"de_DE\" \/>\n<meta property=\"og:type\" content=\"article\" \/>\n<meta property=\"og:title\" content=\"R\u0119kawice robocze RWE\/RWX kat.1 rozmiar L - Grapil.pl \u2013 Profesjonalna Odzie\u017c S\u0142u\u017cbowa dla Bran\u017cy Kelnerskiej, HoReCa i Medycyny\" \/>\n<meta property=\"og:description\" content=\"R\u0119kawice ochronne, wykonane z bezszwowej dzianiny poliestrowej, kolor dzianiny bia\u0142y, powlekane pomara\u0144czowym lateksem, zako\u0144czone elastycznym \u015bci\u0105gaczem. Wytrzyma\u0142e, elastyczne, odporne na\" \/>\n<meta property=\"og:url\" content=\"https:\/\/grapil.pl\/de\/produkt\/arbeitshandschuhe-rwe-rwx-kat-1-grose-l\/\" \/>\n<meta property=\"og:site_name\" content=\"Grapil.pl \u2013 Profesjonalna Odzie\u017c S\u0142u\u017cbowa dla Bran\u017cy Kelnerskiej, HoReCa i Medycyny\" \/>\n<meta property=\"article:modified_time\" content=\"2025-04-09T15:38:18+00:00\" \/>\n<meta property=\"og:image\" content=\"https:\/\/grapil.pl\/wp-content\/uploads\/2025\/04\/16166.jpg\" \/>\n\t<meta property=\"og:image:width\" content=\"661\" \/>\n\t<meta property=\"og:image:height\" content=\"599\" \/>\n\t<meta property=\"og:image:type\" content=\"image\/png\" \/>\n<meta name=\"twitter:card\" content=\"summary_large_image\" \/>\n<script type=\"application\/ld+json\" class=\"yoast-schema-graph\">{\"@context\":\"https:\/\/schema.org\",\"@graph\":[{\"@type\":\"WebPage\",\"@id\":\"https:\/\/grapil.pl\/produkt\/rekawice-robocze-rwe-rwx-kat-1-rozmiar-l\/\",\"url\":\"https:\/\/grapil.pl\/produkt\/rekawice-robocze-rwe-rwx-kat-1-rozmiar-l\/\",\"name\":\"R\u0119kawice robocze RWE\/RWX kat.1 rozmiar L - Grapil.pl \u2013 Profesjonalna Odzie\u017c S\u0142u\u017cbowa dla Bran\u017cy Kelnerskiej, HoReCa i Medycyny\",\"isPartOf\":{\"@id\":\"https:\/\/grapil.pl\/#website\"},\"primaryImageOfPage\":{\"@id\":\"https:\/\/grapil.pl\/produkt\/rekawice-robocze-rwe-rwx-kat-1-rozmiar-l\/#primaryimage\"},\"image\":{\"@id\":\"https:\/\/grapil.pl\/produkt\/rekawice-robocze-rwe-rwx-kat-1-rozmiar-l\/#primaryimage\"},\"thumbnailUrl\":\"https:\/\/grapil.pl\/wp-content\/uploads\/2025\/04\/16166.jpg\",\"datePublished\":\"2025-04-09T15:38:17+00:00\",\"dateModified\":\"2025-04-09T15:38:18+00:00\",\"breadcrumb\":{\"@id\":\"https:\/\/grapil.pl\/produkt\/rekawice-robocze-rwe-rwx-kat-1-rozmiar-l\/#breadcrumb\"},\"inLanguage\":\"de\",\"potentialAction\":[{\"@type\":\"ReadAction\",\"target\":[\"https:\/\/grapil.pl\/produkt\/rekawice-robocze-rwe-rwx-kat-1-rozmiar-l\/\"]}]},{\"@type\":\"ImageObject\",\"inLanguage\":\"de\",\"@id\":\"https:\/\/grapil.pl\/produkt\/rekawice-robocze-rwe-rwx-kat-1-rozmiar-l\/#primaryimage\",\"url\":\"https:\/\/grapil.pl\/wp-content\/uploads\/2025\/04\/16166.jpg\",\"contentUrl\":\"https:\/\/grapil.pl\/wp-content\/uploads\/2025\/04\/16166.jpg\",\"width\":661,\"height\":599},{\"@type\":\"BreadcrumbList\",\"@id\":\"https:\/\/grapil.pl\/produkt\/rekawice-robocze-rwe-rwx-kat-1-rozmiar-l\/#breadcrumb\",\"itemListElement\":[{\"@type\":\"ListItem\",\"position\":1,\"name\":\"Strona g\u0142\u00f3wna\",\"item\":\"https:\/\/grapil.pl\/\"},{\"@type\":\"ListItem\",\"position\":2,\"name\":\"sklep\",\"item\":\"https:\/\/grapil.pl\/sklep\/\"},{\"@type\":\"ListItem\",\"position\":3,\"name\":\"R\u0119kawice robocze RWE\/RWX kat.1 rozmiar L\"}]},{\"@type\":\"WebSite\",\"@id\":\"https:\/\/grapil.pl\/#website\",\"url\":\"https:\/\/grapil.pl\/\",\"name\":\"Grapil.pl \u2013 Profesjonalna Odzie\u017c S\u0142u\u017cbowa dla Bran\u017cy Kelnerskiej, HoReCa i Medycyny\",\"description\":\"\",\"potentialAction\":[{\"@type\":\"SearchAction\",\"target\":{\"@type\":\"EntryPoint\",\"urlTemplate\":\"https:\/\/grapil.pl\/?s={search_term_string}\"},\"query-input\":{\"@type\":\"PropertyValueSpecification\",\"valueRequired\":true,\"valueName\":\"search_term_string\"}}],\"inLanguage\":\"de\"}]}<\/script>\n<!-- \/ Yoast SEO plugin. -->","yoast_head_json":{"title":"R\u0119kawice robocze RWE\/RWX kat.1 rozmiar L - Grapil.pl \u2013 Profesjonalna Odzie\u017c S\u0142u\u017cbowa dla Bran\u017cy Kelnerskiej, HoReCa i Medycyny","robots":{"index":"index","follow":"follow","max-snippet":"max-snippet:-1","max-image-preview":"max-image-preview:large","max-video-preview":"max-video-preview:-1"},"canonical":"https:\/\/grapil.pl\/de\/produkt\/arbeitshandschuhe-rwe-rwx-kat-1-grose-l\/","og_locale":"de_DE","og_type":"article","og_title":"R\u0119kawice robocze RWE\/RWX kat.1 rozmiar L - Grapil.pl \u2013 Profesjonalna Odzie\u017c S\u0142u\u017cbowa dla Bran\u017cy Kelnerskiej, HoReCa i Medycyny","og_description":"R\u0119kawice ochronne, wykonane z bezszwowej dzianiny poliestrowej, kolor dzianiny bia\u0142y, powlekane pomara\u0144czowym lateksem, zako\u0144czone elastycznym \u015bci\u0105gaczem. Wytrzyma\u0142e, elastyczne, odporne na","og_url":"https:\/\/grapil.pl\/de\/produkt\/arbeitshandschuhe-rwe-rwx-kat-1-grose-l\/","og_site_name":"Grapil.pl \u2013 Profesjonalna Odzie\u017c S\u0142u\u017cbowa dla Bran\u017cy Kelnerskiej, HoReCa i Medycyny","article_modified_time":"2025-04-09T15:38:18+00:00","og_image":[{"width":661,"height":599,"url":"https:\/\/grapil.pl\/wp-content\/uploads\/2025\/04\/16166.jpg","type":"image\/png"}],"twitter_card":"summary_large_image","schema":{"@context":"https:\/\/schema.org","@graph":[{"@type":"WebPage","@id":"https:\/\/grapil.pl\/produkt\/rekawice-robocze-rwe-rwx-kat-1-rozmiar-l\/","url":"https:\/\/grapil.pl\/produkt\/rekawice-robocze-rwe-rwx-kat-1-rozmiar-l\/","name":"R\u0119kawice robocze RWE\/RWX kat.1 rozmiar L - Grapil.pl \u2013 Profesjonalna Odzie\u017c S\u0142u\u017cbowa dla Bran\u017cy Kelnerskiej, HoReCa i Medycyny","isPartOf":{"@id":"https:\/\/grapil.pl\/#website"},"primaryImageOfPage":{"@id":"https:\/\/grapil.pl\/produkt\/rekawice-robocze-rwe-rwx-kat-1-rozmiar-l\/#primaryimage"},"image":{"@id":"https:\/\/grapil.pl\/produkt\/rekawice-robocze-rwe-rwx-kat-1-rozmiar-l\/#primaryimage"},"thumbnailUrl":"https:\/\/grapil.pl\/wp-content\/uploads\/2025\/04\/16166.jpg","datePublished":"2025-04-09T15:38:17+00:00","dateModified":"2025-04-09T15:38:18+00:00","breadcrumb":{"@id":"https:\/\/grapil.pl\/produkt\/rekawice-robocze-rwe-rwx-kat-1-rozmiar-l\/#breadcrumb"},"inLanguage":"de","potentialAction":[{"@type":"ReadAction","target":["https:\/\/grapil.pl\/produkt\/rekawice-robocze-rwe-rwx-kat-1-rozmiar-l\/"]}]},{"@type":"ImageObject","inLanguage":"de","@id":"https:\/\/grapil.pl\/produkt\/rekawice-robocze-rwe-rwx-kat-1-rozmiar-l\/#primaryimage","url":"https:\/\/grapil.pl\/wp-content\/uploads\/2025\/04\/16166.jpg","contentUrl":"https:\/\/grapil.pl\/wp-content\/uploads\/2025\/04\/16166.jpg","width":661,"height":599},{"@type":"BreadcrumbList","@id":"https:\/\/grapil.pl\/produkt\/rekawice-robocze-rwe-rwx-kat-1-rozmiar-l\/#breadcrumb","itemListElement":[{"@type":"ListItem","position":1,"name":"Strona g\u0142\u00f3wna","item":"https:\/\/grapil.pl\/"},{"@type":"ListItem","position":2,"name":"sklep","item":"https:\/\/grapil.pl\/sklep\/"},{"@type":"ListItem","position":3,"name":"R\u0119kawice robocze RWE\/RWX kat.1 rozmiar L"}]},{"@type":"WebSite","@id":"https:\/\/grapil.pl\/#website","url":"https:\/\/grapil.pl\/","name":"Grapil.pl \u2013 Profesjonalna Odzie\u017c S\u0142u\u017cbowa dla Bran\u017cy Kelnerskiej, HoReCa i Medycyny","description":"","potentialAction":[{"@type":"SearchAction","target":{"@type":"EntryPoint","urlTemplate":"https:\/\/grapil.pl\/?s={search_term_string}"},"query-input":{"@type":"PropertyValueSpecification","valueRequired":true,"valueName":"search_term_string"}}],"inLanguage":"de"}]}},"_links":{"self":[{"href":"https:\/\/grapil.pl\/de\/wp-json\/wp\/v2\/product\/18645","targetHints":{"allow":["GET"]}}],"collection":[{"href":"https:\/\/grapil.pl\/de\/wp-json\/wp\/v2\/product"}],"about":[{"href":"https:\/\/grapil.pl\/de\/wp-json\/wp\/v2\/types\/product"}],"version-history":[{"count":1,"href":"https:\/\/grapil.pl\/de\/wp-json\/wp\/v2\/product\/18645\/revisions"}],"predecessor-version":[{"id":18646,"href":"https:\/\/grapil.pl\/de\/wp-json\/wp\/v2\/product\/18645\/revisions\/18646"}],"wp:featuredmedia":[{"embeddable":true,"href":"https:\/\/grapil.pl\/de\/wp-json\/wp\/v2\/media\/18647"}],"wp:attachment":[{"href":"https:\/\/grapil.pl\/de\/wp-json\/wp\/v2\/media?parent=18645"}],"wp:term":[{"taxonomy":"product_brand","embeddable":true,"href":"https:\/\/grapil.pl\/de\/wp-json\/wp\/v2\/product_brand?post=18645"},{"taxonomy":"product_cat","embeddable":true,"href":"https:\/\/grapil.pl\/de\/wp-json\/wp\/v2\/product_cat?post=18645"},{"taxonomy":"product_tag","embeddable":true,"href":"https:\/\/grapil.pl\/de\/wp-json\/wp\/v2\/product_tag?post=18645"}],"curies":[{"name":"wp","href":"https:\/\/api.w.org\/{rel}","templated":true}]}}