{"id":18660,"date":"2025-04-09T17:38:17","date_gmt":"2025-04-09T15:38:17","guid":{"rendered":"https:\/\/grapil.pl\/produkt\/apteczka-samochodowa-din\/"},"modified":"2025-10-13T13:22:26","modified_gmt":"2025-10-13T11:22:26","slug":"auto-erste-hilfe-kasten-din","status":"publish","type":"product","link":"https:\/\/grapil.pl\/de\/produkt\/auto-erste-hilfe-kasten-din\/","title":{"rendered":"Din Auto Erste-Hilfe-Set"},"content":{"rendered":"<h1>DIN-Auto-Erste-Hilfe-Set<\/h1>\n<p>ERSTE-HILFE-KASTEN TYP DIN Material<\/p>\n<p>Erste-Hilfe-Kasten-Ausstattung nach Norm\u00a0<strong>DIN13164:<\/strong><\/p>\n<ul>\n<li>14-teiliges Flickenset<\/li>\n<li>Pflaster auf Spule 5m x 2,5cm (1 Stk.)<\/li>\n<li>elastische Binde 4m x 6cm (2Stk)<\/li>\n<li>elastische Binde 4m x 8cm (3Stk)<\/li>\n<li>Vinylhandschuhe (2 Paar)<\/li>\n<li>Binde 60 x 80cm (1 Stk.)<\/li>\n<li>Binde 60 x 40cm (1 Stk.)<\/li>\n<li>Binde mit Kompresse (Einzelverband) 8 x 10cm (2Stk)<\/li>\n<li>Binde mit Kompresse (Einzelverband) 8 x 6cm (1 Stk.)<\/li>\n<li>Binde mit Kompresse (Einzelverband) 10 x 12 cm (1 Stk.)<\/li>\n<li>Mullkompresse 10 x 10cm (6Stk)<\/li>\n<li>Dreieckstuch 96cm x 96cm x 136cm (2Stk)<\/li>\n<li>Feuchtt\u00fccher (2 St\u00fcck)<\/li>\n<li>W\u00e4rmedecke 160cm x 210cm (1 St\u00fcck)<\/li>\n<li>Schere 14,5cm (1 Stk.)<\/li>\n<li>Erste-Hilfe-Anweisungen<\/li>\n<\/ul>","protected":false},"excerpt":{"rendered":"<p>DIN-Auto-Verbandkasten Typ DIN Material Verbandkasten-Ausstattung nach DIN 13164: 14-teiliges Pflasterset Pflaster auf 5m Rolle<\/p>","protected":false},"featured_media":18662,"template":"","meta":[],"product_brand":[91],"product_cat":[86,163,164],"product_tag":[],"class_list":{"0":"post-18660","1":"product","2":"type-product","3":"status-publish","4":"has-post-thumbnail","6":"product_brand-artmas","7":"product_cat-sklepbhp","8":"product_cat-inne","9":"product_cat-apteczki-pierwszej-pomocy","11":"first","12":"instock","13":"product-type-simple"},"yoast_head":"<!-- This site is optimized with the Yoast SEO plugin v25.3 - https:\/\/yoast.com\/wordpress\/plugins\/seo\/ -->\n<title>Apteczka samochodowa Din - Grapil.pl \u2013 Profesjonalna Odzie\u017c S\u0142u\u017cbowa dla Bran\u017cy Kelnerskiej, HoReCa i Medycyny<\/title>\n<meta name=\"robots\" content=\"index, follow, max-snippet:-1, max-image-preview:large, max-video-preview:-1\" \/>\n<link rel=\"canonical\" href=\"https:\/\/grapil.pl\/de\/produkt\/auto-erste-hilfe-kasten-din\/\" \/>\n<meta property=\"og:locale\" content=\"de_DE\" \/>\n<meta property=\"og:type\" content=\"article\" \/>\n<meta property=\"og:title\" content=\"Apteczka samochodowa Din - Grapil.pl \u2013 Profesjonalna Odzie\u017c S\u0142u\u017cbowa dla Bran\u017cy Kelnerskiej, HoReCa i Medycyny\" \/>\n<meta property=\"og:description\" content=\"APTECZKA DIN SAMOCHODOWA APTECZKA PIERWSZEJ POMOCYTYP DIN materia\u0142 Wyposa\u017cenie apteczki wg. normy\u00a0DIN 13164: 14-cz\u0119ciowy zestaw plastr\u00f3w plaster na szpulce 5m\" \/>\n<meta property=\"og:url\" content=\"https:\/\/grapil.pl\/de\/produkt\/auto-erste-hilfe-kasten-din\/\" \/>\n<meta property=\"og:site_name\" content=\"Grapil.pl \u2013 Profesjonalna Odzie\u017c S\u0142u\u017cbowa dla Bran\u017cy Kelnerskiej, HoReCa i Medycyny\" \/>\n<meta property=\"article:modified_time\" content=\"2025-10-13T11:22:26+00:00\" \/>\n<meta property=\"og:image\" content=\"https:\/\/grapil.pl\/wp-content\/uploads\/2025\/04\/20379.jpg\" \/>\n\t<meta property=\"og:image:width\" content=\"700\" \/>\n\t<meta property=\"og:image:height\" content=\"700\" \/>\n\t<meta property=\"og:image:type\" content=\"image\/jpeg\" \/>\n<meta name=\"twitter:card\" content=\"summary_large_image\" \/>\n<meta name=\"twitter:label1\" content=\"Gesch\u00e4tzte Lesezeit\" \/>\n\t<meta name=\"twitter:data1\" content=\"1\u00a0Minute\" \/>\n<script type=\"application\/ld+json\" class=\"yoast-schema-graph\">{\"@context\":\"https:\/\/schema.org\",\"@graph\":[{\"@type\":\"WebPage\",\"@id\":\"https:\/\/grapil.pl\/produkt\/apteczka-samochodowa-din\/\",\"url\":\"https:\/\/grapil.pl\/produkt\/apteczka-samochodowa-din\/\",\"name\":\"Apteczka samochodowa Din - Grapil.pl \u2013 Profesjonalna Odzie\u017c S\u0142u\u017cbowa dla Bran\u017cy Kelnerskiej, HoReCa i Medycyny\",\"isPartOf\":{\"@id\":\"https:\/\/grapil.pl\/#website\"},\"primaryImageOfPage\":{\"@id\":\"https:\/\/grapil.pl\/produkt\/apteczka-samochodowa-din\/#primaryimage\"},\"image\":{\"@id\":\"https:\/\/grapil.pl\/produkt\/apteczka-samochodowa-din\/#primaryimage\"},\"thumbnailUrl\":\"https:\/\/grapil.pl\/wp-content\/uploads\/2025\/04\/20379.jpg\",\"datePublished\":\"2025-04-09T15:38:17+00:00\",\"dateModified\":\"2025-10-13T11:22:26+00:00\",\"breadcrumb\":{\"@id\":\"https:\/\/grapil.pl\/produkt\/apteczka-samochodowa-din\/#breadcrumb\"},\"inLanguage\":\"de\",\"potentialAction\":[{\"@type\":\"ReadAction\",\"target\":[\"https:\/\/grapil.pl\/produkt\/apteczka-samochodowa-din\/\"]}]},{\"@type\":\"ImageObject\",\"inLanguage\":\"de\",\"@id\":\"https:\/\/grapil.pl\/produkt\/apteczka-samochodowa-din\/#primaryimage\",\"url\":\"https:\/\/grapil.pl\/wp-content\/uploads\/2025\/04\/20379.jpg\",\"contentUrl\":\"https:\/\/grapil.pl\/wp-content\/uploads\/2025\/04\/20379.jpg\",\"width\":700,\"height\":700},{\"@type\":\"BreadcrumbList\",\"@id\":\"https:\/\/grapil.pl\/produkt\/apteczka-samochodowa-din\/#breadcrumb\",\"itemListElement\":[{\"@type\":\"ListItem\",\"position\":1,\"name\":\"Strona g\u0142\u00f3wna\",\"item\":\"https:\/\/grapil.pl\/\"},{\"@type\":\"ListItem\",\"position\":2,\"name\":\"sklep\",\"item\":\"https:\/\/grapil.pl\/sklep\/\"},{\"@type\":\"ListItem\",\"position\":3,\"name\":\"Apteczka samochodowa Din\"}]},{\"@type\":\"WebSite\",\"@id\":\"https:\/\/grapil.pl\/#website\",\"url\":\"https:\/\/grapil.pl\/\",\"name\":\"Grapil.pl \u2013 Profesjonalna Odzie\u017c S\u0142u\u017cbowa dla Bran\u017cy Kelnerskiej, HoReCa i Medycyny\",\"description\":\"\",\"potentialAction\":[{\"@type\":\"SearchAction\",\"target\":{\"@type\":\"EntryPoint\",\"urlTemplate\":\"https:\/\/grapil.pl\/?s={search_term_string}\"},\"query-input\":{\"@type\":\"PropertyValueSpecification\",\"valueRequired\":true,\"valueName\":\"search_term_string\"}}],\"inLanguage\":\"de\"}]}<\/script>\n<!-- \/ Yoast SEO plugin. -->","yoast_head_json":{"title":"Apteczka samochodowa Din - Grapil.pl \u2013 Profesjonalna Odzie\u017c S\u0142u\u017cbowa dla Bran\u017cy Kelnerskiej, HoReCa i Medycyny","robots":{"index":"index","follow":"follow","max-snippet":"max-snippet:-1","max-image-preview":"max-image-preview:large","max-video-preview":"max-video-preview:-1"},"canonical":"https:\/\/grapil.pl\/de\/produkt\/auto-erste-hilfe-kasten-din\/","og_locale":"de_DE","og_type":"article","og_title":"Apteczka samochodowa Din - Grapil.pl \u2013 Profesjonalna Odzie\u017c S\u0142u\u017cbowa dla Bran\u017cy Kelnerskiej, HoReCa i Medycyny","og_description":"APTECZKA DIN SAMOCHODOWA APTECZKA PIERWSZEJ POMOCYTYP DIN materia\u0142 Wyposa\u017cenie apteczki wg. normy\u00a0DIN 13164: 14-cz\u0119ciowy zestaw plastr\u00f3w plaster na szpulce 5m","og_url":"https:\/\/grapil.pl\/de\/produkt\/auto-erste-hilfe-kasten-din\/","og_site_name":"Grapil.pl \u2013 Profesjonalna Odzie\u017c S\u0142u\u017cbowa dla Bran\u017cy Kelnerskiej, HoReCa i Medycyny","article_modified_time":"2025-10-13T11:22:26+00:00","og_image":[{"width":700,"height":700,"url":"https:\/\/grapil.pl\/wp-content\/uploads\/2025\/04\/20379.jpg","type":"image\/jpeg"}],"twitter_card":"summary_large_image","twitter_misc":{"Gesch\u00e4tzte Lesezeit":"1\u00a0Minute"},"schema":{"@context":"https:\/\/schema.org","@graph":[{"@type":"WebPage","@id":"https:\/\/grapil.pl\/produkt\/apteczka-samochodowa-din\/","url":"https:\/\/grapil.pl\/produkt\/apteczka-samochodowa-din\/","name":"Apteczka samochodowa Din - Grapil.pl \u2013 Profesjonalna Odzie\u017c S\u0142u\u017cbowa dla Bran\u017cy Kelnerskiej, HoReCa i Medycyny","isPartOf":{"@id":"https:\/\/grapil.pl\/#website"},"primaryImageOfPage":{"@id":"https:\/\/grapil.pl\/produkt\/apteczka-samochodowa-din\/#primaryimage"},"image":{"@id":"https:\/\/grapil.pl\/produkt\/apteczka-samochodowa-din\/#primaryimage"},"thumbnailUrl":"https:\/\/grapil.pl\/wp-content\/uploads\/2025\/04\/20379.jpg","datePublished":"2025-04-09T15:38:17+00:00","dateModified":"2025-10-13T11:22:26+00:00","breadcrumb":{"@id":"https:\/\/grapil.pl\/produkt\/apteczka-samochodowa-din\/#breadcrumb"},"inLanguage":"de","potentialAction":[{"@type":"ReadAction","target":["https:\/\/grapil.pl\/produkt\/apteczka-samochodowa-din\/"]}]},{"@type":"ImageObject","inLanguage":"de","@id":"https:\/\/grapil.pl\/produkt\/apteczka-samochodowa-din\/#primaryimage","url":"https:\/\/grapil.pl\/wp-content\/uploads\/2025\/04\/20379.jpg","contentUrl":"https:\/\/grapil.pl\/wp-content\/uploads\/2025\/04\/20379.jpg","width":700,"height":700},{"@type":"BreadcrumbList","@id":"https:\/\/grapil.pl\/produkt\/apteczka-samochodowa-din\/#breadcrumb","itemListElement":[{"@type":"ListItem","position":1,"name":"Strona g\u0142\u00f3wna","item":"https:\/\/grapil.pl\/"},{"@type":"ListItem","position":2,"name":"sklep","item":"https:\/\/grapil.pl\/sklep\/"},{"@type":"ListItem","position":3,"name":"Apteczka samochodowa Din"}]},{"@type":"WebSite","@id":"https:\/\/grapil.pl\/#website","url":"https:\/\/grapil.pl\/","name":"Grapil.pl \u2013 Profesjonalna Odzie\u017c S\u0142u\u017cbowa dla Bran\u017cy Kelnerskiej, HoReCa i Medycyny","description":"","potentialAction":[{"@type":"SearchAction","target":{"@type":"EntryPoint","urlTemplate":"https:\/\/grapil.pl\/?s={search_term_string}"},"query-input":{"@type":"PropertyValueSpecification","valueRequired":true,"valueName":"search_term_string"}}],"inLanguage":"de"}]}},"_links":{"self":[{"href":"https:\/\/grapil.pl\/de\/wp-json\/wp\/v2\/product\/18660","targetHints":{"allow":["GET"]}}],"collection":[{"href":"https:\/\/grapil.pl\/de\/wp-json\/wp\/v2\/product"}],"about":[{"href":"https:\/\/grapil.pl\/de\/wp-json\/wp\/v2\/types\/product"}],"version-history":[{"count":2,"href":"https:\/\/grapil.pl\/de\/wp-json\/wp\/v2\/product\/18660\/revisions"}],"predecessor-version":[{"id":25611,"href":"https:\/\/grapil.pl\/de\/wp-json\/wp\/v2\/product\/18660\/revisions\/25611"}],"wp:featuredmedia":[{"embeddable":true,"href":"https:\/\/grapil.pl\/de\/wp-json\/wp\/v2\/media\/18662"}],"wp:attachment":[{"href":"https:\/\/grapil.pl\/de\/wp-json\/wp\/v2\/media?parent=18660"}],"wp:term":[{"taxonomy":"product_brand","embeddable":true,"href":"https:\/\/grapil.pl\/de\/wp-json\/wp\/v2\/product_brand?post=18660"},{"taxonomy":"product_cat","embeddable":true,"href":"https:\/\/grapil.pl\/de\/wp-json\/wp\/v2\/product_cat?post=18660"},{"taxonomy":"product_tag","embeddable":true,"href":"https:\/\/grapil.pl\/de\/wp-json\/wp\/v2\/product_tag?post=18660"}],"curies":[{"name":"wp","href":"https:\/\/api.w.org\/{rel}","templated":true}]}}