{"id":18669,"date":"2025-04-09T17:38:17","date_gmt":"2025-04-09T15:38:17","guid":{"rendered":"https:\/\/grapil.pl\/produkt\/nauszniki-ochronne-safelogic-em5001-b\/"},"modified":"2025-04-09T17:38:21","modified_gmt":"2025-04-09T15:38:21","slug":"ohrenschutzer-safelogic-em5001-b","status":"publish","type":"product","link":"https:\/\/grapil.pl\/de\/produkt\/ohrenschutzer-safelogic-em5001-b\/","title":{"rendered":"Safelogic EM5001 B\u00e4rengeh\u00f6rschutz"},"content":{"rendered":"<p><strong>SafeLogic EM5001 B Ohrensch\u00fctzer<\/strong><\/p>\n<p>Geh\u00f6rschutz EM-5001B. Mit Kopfb\u00fcgel. Ohrmuscheln aus ABS-Kunststoff, Polsterf\u00fcllung aus PU-Schaum. Gewicht des Geh\u00f6rschutzes: 265 g.<\/p>\n<p>Der breite, mit sehr weichem Material \u00fcberzogene Kopfb\u00fcgel sorgt f\u00fcr optimalen Tragekomfort. Dank der stufenlosen Einstellung passen sich die Ohrensch\u00fctzer der Kopfform an, dr\u00fccken nicht auf die Ohren, isolieren perfekt und verursachen keine Beschwerden bei der Arbeit.<\/p>\n<p><strong>Sie unterdr\u00fccken Umgebungsger\u00e4usche im Durchschnitt:\u00a0\u00a0<\/strong>28 dB<\/p>\n<ul>\n<li>SNR: 28 dB<\/li>\n<li>H: 34dB<\/li>\n<li>M: 26 dB<\/li>\n<li>L: 17 dB<\/li>\n<\/ul>\n<p>Sie sind f\u00fcr den Einsatz an l\u00e4rmgef\u00e4hrdeten Standorten vorgesehen.<\/p>\n<p>Bei sachgem\u00e4\u00dfer Anwendung und Bedienung bieten sie einen hohen Schutz vor sch\u00e4dlichem L\u00e4rm. Geh\u00f6rschutz ist n\u00fctzlich bei Gartenarbeiten, z. B. Rasenm\u00e4hen, maschinellem Heckenschneiden, Holzf\u00e4llen, Werkstattarbeiten, Lagerhallen, Produktionshallen, Tischlereien, Maschinenbau usw.<\/p>","protected":false},"excerpt":{"rendered":"<p>SafeLogic EM5001 B Kapselgeh\u00f6rschutz Kapselgeh\u00f6rschutz Typ EM-5001B. Mit Kopfb\u00fcgel. Kapseln aus ABS-Kunststoff, F\u00fcllung<\/p>","protected":false},"featured_media":18671,"template":"","meta":[],"product_brand":[91],"product_cat":[86,111,165],"product_tag":[],"class_list":{"0":"post-18669","1":"product","2":"type-product","3":"status-publish","4":"has-post-thumbnail","6":"product_brand-artmas","7":"product_cat-sklepbhp","8":"product_cat-srodki-ochrony-indywidualnej","9":"product_cat-ochrona-sluchu","11":"first","12":"instock","13":"product-type-simple"},"yoast_head":"<!-- This site is optimized with the Yoast SEO plugin v25.3 - https:\/\/yoast.com\/wordpress\/plugins\/seo\/ -->\n<title>Nauszniki ochronne Safelogic EM5001 B - Grapil.pl \u2013 Profesjonalna Odzie\u017c S\u0142u\u017cbowa dla Bran\u017cy Kelnerskiej, HoReCa i Medycyny<\/title>\n<meta name=\"robots\" content=\"index, follow, max-snippet:-1, max-image-preview:large, max-video-preview:-1\" \/>\n<link rel=\"canonical\" href=\"https:\/\/grapil.pl\/de\/produkt\/ohrenschutzer-safelogic-em5001-b\/\" \/>\n<meta property=\"og:locale\" content=\"de_DE\" \/>\n<meta property=\"og:type\" content=\"article\" \/>\n<meta property=\"og:title\" content=\"Nauszniki ochronne Safelogic EM5001 B - Grapil.pl \u2013 Profesjonalna Odzie\u017c S\u0142u\u017cbowa dla Bran\u017cy Kelnerskiej, HoReCa i Medycyny\" \/>\n<meta property=\"og:description\" content=\"Nauszniki SafeLogic EM5001 B Nauszniki przeciwha\u0142asowe typu EM-5001B. Z opask\u0105 zak\u0142adan\u0105 na g\u0142ow\u0119. Czasze (muszle) wykonane z tworzywa ABS, wype\u0142nienie\" \/>\n<meta property=\"og:url\" content=\"https:\/\/grapil.pl\/de\/produkt\/ohrenschutzer-safelogic-em5001-b\/\" \/>\n<meta property=\"og:site_name\" content=\"Grapil.pl \u2013 Profesjonalna Odzie\u017c S\u0142u\u017cbowa dla Bran\u017cy Kelnerskiej, HoReCa i Medycyny\" \/>\n<meta property=\"article:modified_time\" content=\"2025-04-09T15:38:21+00:00\" \/>\n<meta property=\"og:image\" content=\"https:\/\/grapil.pl\/wp-content\/uploads\/2025\/04\/17023.png\" \/>\n\t<meta property=\"og:image:width\" content=\"606\" \/>\n\t<meta property=\"og:image:height\" content=\"686\" \/>\n\t<meta property=\"og:image:type\" content=\"image\/png\" \/>\n<meta name=\"twitter:card\" content=\"summary_large_image\" \/>\n<meta name=\"twitter:label1\" content=\"Gesch\u00e4tzte Lesezeit\" \/>\n\t<meta name=\"twitter:data1\" content=\"1\u00a0Minute\" \/>\n<script type=\"application\/ld+json\" class=\"yoast-schema-graph\">{\"@context\":\"https:\/\/schema.org\",\"@graph\":[{\"@type\":\"WebPage\",\"@id\":\"https:\/\/grapil.pl\/produkt\/nauszniki-ochronne-safelogic-em5001-b\/\",\"url\":\"https:\/\/grapil.pl\/produkt\/nauszniki-ochronne-safelogic-em5001-b\/\",\"name\":\"Nauszniki ochronne Safelogic EM5001 B - Grapil.pl \u2013 Profesjonalna Odzie\u017c S\u0142u\u017cbowa dla Bran\u017cy Kelnerskiej, HoReCa i Medycyny\",\"isPartOf\":{\"@id\":\"https:\/\/grapil.pl\/#website\"},\"primaryImageOfPage\":{\"@id\":\"https:\/\/grapil.pl\/produkt\/nauszniki-ochronne-safelogic-em5001-b\/#primaryimage\"},\"image\":{\"@id\":\"https:\/\/grapil.pl\/produkt\/nauszniki-ochronne-safelogic-em5001-b\/#primaryimage\"},\"thumbnailUrl\":\"https:\/\/grapil.pl\/wp-content\/uploads\/2025\/04\/17023.png\",\"datePublished\":\"2025-04-09T15:38:17+00:00\",\"dateModified\":\"2025-04-09T15:38:21+00:00\",\"breadcrumb\":{\"@id\":\"https:\/\/grapil.pl\/produkt\/nauszniki-ochronne-safelogic-em5001-b\/#breadcrumb\"},\"inLanguage\":\"de\",\"potentialAction\":[{\"@type\":\"ReadAction\",\"target\":[\"https:\/\/grapil.pl\/produkt\/nauszniki-ochronne-safelogic-em5001-b\/\"]}]},{\"@type\":\"ImageObject\",\"inLanguage\":\"de\",\"@id\":\"https:\/\/grapil.pl\/produkt\/nauszniki-ochronne-safelogic-em5001-b\/#primaryimage\",\"url\":\"https:\/\/grapil.pl\/wp-content\/uploads\/2025\/04\/17023.png\",\"contentUrl\":\"https:\/\/grapil.pl\/wp-content\/uploads\/2025\/04\/17023.png\",\"width\":606,\"height\":686},{\"@type\":\"BreadcrumbList\",\"@id\":\"https:\/\/grapil.pl\/produkt\/nauszniki-ochronne-safelogic-em5001-b\/#breadcrumb\",\"itemListElement\":[{\"@type\":\"ListItem\",\"position\":1,\"name\":\"Strona g\u0142\u00f3wna\",\"item\":\"https:\/\/grapil.pl\/\"},{\"@type\":\"ListItem\",\"position\":2,\"name\":\"sklep\",\"item\":\"https:\/\/grapil.pl\/sklep\/\"},{\"@type\":\"ListItem\",\"position\":3,\"name\":\"Nauszniki ochronne Safelogic EM5001 B\"}]},{\"@type\":\"WebSite\",\"@id\":\"https:\/\/grapil.pl\/#website\",\"url\":\"https:\/\/grapil.pl\/\",\"name\":\"Grapil.pl \u2013 Profesjonalna Odzie\u017c S\u0142u\u017cbowa dla Bran\u017cy Kelnerskiej, HoReCa i Medycyny\",\"description\":\"\",\"potentialAction\":[{\"@type\":\"SearchAction\",\"target\":{\"@type\":\"EntryPoint\",\"urlTemplate\":\"https:\/\/grapil.pl\/?s={search_term_string}\"},\"query-input\":{\"@type\":\"PropertyValueSpecification\",\"valueRequired\":true,\"valueName\":\"search_term_string\"}}],\"inLanguage\":\"de\"}]}<\/script>\n<!-- \/ Yoast SEO plugin. -->","yoast_head_json":{"title":"Nauszniki ochronne Safelogic EM5001 B - Grapil.pl \u2013 Profesjonalna Odzie\u017c S\u0142u\u017cbowa dla Bran\u017cy Kelnerskiej, HoReCa i Medycyny","robots":{"index":"index","follow":"follow","max-snippet":"max-snippet:-1","max-image-preview":"max-image-preview:large","max-video-preview":"max-video-preview:-1"},"canonical":"https:\/\/grapil.pl\/de\/produkt\/ohrenschutzer-safelogic-em5001-b\/","og_locale":"de_DE","og_type":"article","og_title":"Nauszniki ochronne Safelogic EM5001 B - Grapil.pl \u2013 Profesjonalna Odzie\u017c S\u0142u\u017cbowa dla Bran\u017cy Kelnerskiej, HoReCa i Medycyny","og_description":"Nauszniki SafeLogic EM5001 B Nauszniki przeciwha\u0142asowe typu EM-5001B. Z opask\u0105 zak\u0142adan\u0105 na g\u0142ow\u0119. Czasze (muszle) wykonane z tworzywa ABS, wype\u0142nienie","og_url":"https:\/\/grapil.pl\/de\/produkt\/ohrenschutzer-safelogic-em5001-b\/","og_site_name":"Grapil.pl \u2013 Profesjonalna Odzie\u017c S\u0142u\u017cbowa dla Bran\u017cy Kelnerskiej, HoReCa i Medycyny","article_modified_time":"2025-04-09T15:38:21+00:00","og_image":[{"width":606,"height":686,"url":"https:\/\/grapil.pl\/wp-content\/uploads\/2025\/04\/17023.png","type":"image\/png"}],"twitter_card":"summary_large_image","twitter_misc":{"Gesch\u00e4tzte Lesezeit":"1\u00a0Minute"},"schema":{"@context":"https:\/\/schema.org","@graph":[{"@type":"WebPage","@id":"https:\/\/grapil.pl\/produkt\/nauszniki-ochronne-safelogic-em5001-b\/","url":"https:\/\/grapil.pl\/produkt\/nauszniki-ochronne-safelogic-em5001-b\/","name":"Nauszniki ochronne Safelogic EM5001 B - Grapil.pl \u2013 Profesjonalna Odzie\u017c S\u0142u\u017cbowa dla Bran\u017cy Kelnerskiej, HoReCa i Medycyny","isPartOf":{"@id":"https:\/\/grapil.pl\/#website"},"primaryImageOfPage":{"@id":"https:\/\/grapil.pl\/produkt\/nauszniki-ochronne-safelogic-em5001-b\/#primaryimage"},"image":{"@id":"https:\/\/grapil.pl\/produkt\/nauszniki-ochronne-safelogic-em5001-b\/#primaryimage"},"thumbnailUrl":"https:\/\/grapil.pl\/wp-content\/uploads\/2025\/04\/17023.png","datePublished":"2025-04-09T15:38:17+00:00","dateModified":"2025-04-09T15:38:21+00:00","breadcrumb":{"@id":"https:\/\/grapil.pl\/produkt\/nauszniki-ochronne-safelogic-em5001-b\/#breadcrumb"},"inLanguage":"de","potentialAction":[{"@type":"ReadAction","target":["https:\/\/grapil.pl\/produkt\/nauszniki-ochronne-safelogic-em5001-b\/"]}]},{"@type":"ImageObject","inLanguage":"de","@id":"https:\/\/grapil.pl\/produkt\/nauszniki-ochronne-safelogic-em5001-b\/#primaryimage","url":"https:\/\/grapil.pl\/wp-content\/uploads\/2025\/04\/17023.png","contentUrl":"https:\/\/grapil.pl\/wp-content\/uploads\/2025\/04\/17023.png","width":606,"height":686},{"@type":"BreadcrumbList","@id":"https:\/\/grapil.pl\/produkt\/nauszniki-ochronne-safelogic-em5001-b\/#breadcrumb","itemListElement":[{"@type":"ListItem","position":1,"name":"Strona g\u0142\u00f3wna","item":"https:\/\/grapil.pl\/"},{"@type":"ListItem","position":2,"name":"sklep","item":"https:\/\/grapil.pl\/sklep\/"},{"@type":"ListItem","position":3,"name":"Nauszniki ochronne Safelogic EM5001 B"}]},{"@type":"WebSite","@id":"https:\/\/grapil.pl\/#website","url":"https:\/\/grapil.pl\/","name":"Grapil.pl \u2013 Profesjonalna Odzie\u017c S\u0142u\u017cbowa dla Bran\u017cy Kelnerskiej, HoReCa i Medycyny","description":"","potentialAction":[{"@type":"SearchAction","target":{"@type":"EntryPoint","urlTemplate":"https:\/\/grapil.pl\/?s={search_term_string}"},"query-input":{"@type":"PropertyValueSpecification","valueRequired":true,"valueName":"search_term_string"}}],"inLanguage":"de"}]}},"_links":{"self":[{"href":"https:\/\/grapil.pl\/de\/wp-json\/wp\/v2\/product\/18669","targetHints":{"allow":["GET"]}}],"collection":[{"href":"https:\/\/grapil.pl\/de\/wp-json\/wp\/v2\/product"}],"about":[{"href":"https:\/\/grapil.pl\/de\/wp-json\/wp\/v2\/types\/product"}],"version-history":[{"count":1,"href":"https:\/\/grapil.pl\/de\/wp-json\/wp\/v2\/product\/18669\/revisions"}],"predecessor-version":[{"id":18670,"href":"https:\/\/grapil.pl\/de\/wp-json\/wp\/v2\/product\/18669\/revisions\/18670"}],"wp:featuredmedia":[{"embeddable":true,"href":"https:\/\/grapil.pl\/de\/wp-json\/wp\/v2\/media\/18671"}],"wp:attachment":[{"href":"https:\/\/grapil.pl\/de\/wp-json\/wp\/v2\/media?parent=18669"}],"wp:term":[{"taxonomy":"product_brand","embeddable":true,"href":"https:\/\/grapil.pl\/de\/wp-json\/wp\/v2\/product_brand?post=18669"},{"taxonomy":"product_cat","embeddable":true,"href":"https:\/\/grapil.pl\/de\/wp-json\/wp\/v2\/product_cat?post=18669"},{"taxonomy":"product_tag","embeddable":true,"href":"https:\/\/grapil.pl\/de\/wp-json\/wp\/v2\/product_tag?post=18669"}],"curies":[{"name":"wp","href":"https:\/\/api.w.org\/{rel}","templated":true}]}}