{"id":18679,"date":"2025-04-09T17:38:17","date_gmt":"2025-04-09T15:38:17","guid":{"rendered":"https:\/\/grapil.pl\/produkt\/buty-robocze-btcrh\/"},"modified":"2025-04-09T17:38:23","modified_gmt":"2025-04-09T15:38:23","slug":"btcrh-arbeitsstiefel","status":"publish","type":"product","link":"https:\/\/grapil.pl\/de\/produkt\/btcrh-arbeitsstiefel\/","title":{"rendered":"BTCRH Arbeitsschuhe"},"content":{"rendered":"<p><strong>Sicherheitsschuh mit attraktivem, modernem Design, hergestellt aus Crazy Horse Narbenleder mit einer Dicke von 2,0\u20132,2 mm\u00a0<\/strong><strong>und impr\u00e4gniertem Oxford-Gewebe,<\/strong><strong>\u00a0ausgestattet\u00a0<\/strong><strong>mit Stahlkappe<\/strong><strong>, schlagfest mit\u00a0<\/strong>Energie von 200 J und Quetschkr\u00e4fte bis zu 15 kN<strong>.<\/strong><\/p>\n<p><strong>Schutzklasse: S1.<\/strong><\/p>\n<ul>\n<li>\n<p><strong>Schaft<\/strong>\u00a0aus braunem und schwarzem Narbenleder gefertigt, rote Accessoires erh\u00f6hen die optische Attraktivit\u00e4t des Schuhs,<\/p>\n<\/li>\n<li>\n<p>Oxford-Stoffelemente und ein bequemes Futter aus atmungsaktivem Textilgewebe in Schwarz und Rot erh\u00f6hen die Bel\u00fcftung,<\/p>\n<\/li>\n<li>\n<p><strong>Hoher Schaft<\/strong>\u00a0und ein zus\u00e4tzliches Verst\u00e4rkungselement aus schwarzem PVC im hinteren Bereich des Schaftes garantieren optimale Passform und Stabilit\u00e4t des Fu\u00dfes.<\/p>\n<\/li>\n<\/ul>\n<ul>\n<li>\n<p><strong>Die weiche Zunge und der Kragen aus schwarzem Oxford-Gewebe erh\u00f6hen den Tragekomfort,<\/strong><\/p>\n<\/li>\n<li>\n<p><strong>5 Paar stabile Schn\u00fcrsenkelhalter,<\/strong><\/p>\n<\/li>\n<li>\n<p><strong>Austauschbarer Einsatz,<\/strong><\/p>\n<\/li>\n<li>\n<p><strong><strong>Geformte Sohle, zweilagiges PU\/PU mit unterschiedlicher Dichte,<\/strong><\/strong><strong>\u00a0Montage durch Direkteinspritzung, best\u00e4ndig gegen \u00d6l, Benzin, Fett und andere organische L\u00f6sungsmittel,<\/strong><\/p>\n<\/li>\n<li>\n<p><strong>sch\u00fctzt vor dem Verrutschen\u00a0<\/strong><strong><strong>(SRC)<\/strong><\/strong><strong>,<\/strong><\/p>\n<\/li>\n<li>\n<p>h\u00f6her an der Spitze mit einem Anti-Rutsch-Protektor an der Spitze, erh\u00f6ht den Schutz des Schuhs vor Besch\u00e4digungen und absorbiert zus\u00e4tzlich St\u00f6\u00dfe,<\/p>\n<\/li>\n<\/ul>\n<ul>\n<li>\n<p><strong>Energieabsorber in der Ferse,<\/strong><\/p>\n<\/li>\n<li>\n<p><strong>Antistatisches Schuhwerk.<\/strong><\/p>\n<\/li>\n<\/ul>","protected":false},"excerpt":{"rendered":"<p><strong>Sicherheitsschuh mit attraktivem, modernem Design, hergestellt aus Crazy Horse Narbenleder mit einer Dicke von 2,0\u20132,2 mm\u00a0<\/strong><strong>und impr\u00e4gniertem Oxford-Gewebe,<\/strong><strong>\u00a0ausgestattet\u00a0<\/strong><strong>mit Stahlkappe<\/strong><strong>, schlagfest mit\u00a0<\/strong>Energie von 200 J und Quetschkr\u00e4fte bis zu 15 kN<strong>.<\/strong><\/p>","protected":false},"featured_media":18681,"template":"","meta":[],"product_brand":[91],"product_cat":[86,87,166],"product_tag":[],"class_list":{"0":"post-18679","1":"product","2":"type-product","3":"status-publish","4":"has-post-thumbnail","6":"product_brand-artmas","7":"product_cat-sklepbhp","8":"product_cat-obuwie-robocze","9":"product_cat-ocieplane-obuwie-robocze","11":"first","12":"instock","13":"product-type-simple"},"yoast_head":"<!-- This site is optimized with the Yoast SEO plugin v25.3 - https:\/\/yoast.com\/wordpress\/plugins\/seo\/ -->\n<title>Buty robocze BTCRH - Grapil.pl \u2013 Profesjonalna Odzie\u017c S\u0142u\u017cbowa dla Bran\u017cy Kelnerskiej, HoReCa i Medycyny<\/title>\n<meta name=\"robots\" content=\"index, follow, max-snippet:-1, max-image-preview:large, max-video-preview:-1\" \/>\n<link rel=\"canonical\" href=\"https:\/\/grapil.pl\/de\/produkt\/btcrh-arbeitsstiefel\/\" \/>\n<meta property=\"og:locale\" content=\"de_DE\" \/>\n<meta property=\"og:type\" content=\"article\" \/>\n<meta property=\"og:title\" content=\"Buty robocze BTCRH - Grapil.pl \u2013 Profesjonalna Odzie\u017c S\u0142u\u017cbowa dla Bran\u017cy Kelnerskiej, HoReCa i Medycyny\" \/>\n<meta property=\"og:description\" content=\"Trzewik ochronny o atrakcyjnym nowoczesnym wzornictwie, wykonany ze sk\u00f3ry licowej Crazy Horse o grubo\u015bci 2,0-2,2 mm\u00a0oraz impregnowanej tkaniny Oxford,\u00a0wyposa\u017cony\u00a0w podnosek stalowy, wytrzyma\u0142y na uderzenia z\u00a0energi\u0105 200 J oraz zgniecenia do 15 kN.\" \/>\n<meta property=\"og:url\" content=\"https:\/\/grapil.pl\/de\/produkt\/btcrh-arbeitsstiefel\/\" \/>\n<meta property=\"og:site_name\" content=\"Grapil.pl \u2013 Profesjonalna Odzie\u017c S\u0142u\u017cbowa dla Bran\u017cy Kelnerskiej, HoReCa i Medycyny\" \/>\n<meta property=\"article:modified_time\" content=\"2025-04-09T15:38:23+00:00\" \/>\n<meta property=\"og:image\" content=\"https:\/\/grapil.pl\/wp-content\/uploads\/2025\/04\/12371.jpg\" \/>\n\t<meta property=\"og:image:width\" content=\"700\" \/>\n\t<meta property=\"og:image:height\" content=\"700\" \/>\n\t<meta property=\"og:image:type\" content=\"image\/jpeg\" \/>\n<meta name=\"twitter:card\" content=\"summary_large_image\" \/>\n<meta name=\"twitter:label1\" content=\"Gesch\u00e4tzte Lesezeit\" \/>\n\t<meta name=\"twitter:data1\" content=\"1\u00a0Minute\" \/>\n<script type=\"application\/ld+json\" class=\"yoast-schema-graph\">{\"@context\":\"https:\/\/schema.org\",\"@graph\":[{\"@type\":\"WebPage\",\"@id\":\"https:\/\/grapil.pl\/produkt\/buty-robocze-btcrh\/\",\"url\":\"https:\/\/grapil.pl\/produkt\/buty-robocze-btcrh\/\",\"name\":\"Buty robocze BTCRH - Grapil.pl \u2013 Profesjonalna Odzie\u017c S\u0142u\u017cbowa dla Bran\u017cy Kelnerskiej, HoReCa i Medycyny\",\"isPartOf\":{\"@id\":\"https:\/\/grapil.pl\/#website\"},\"primaryImageOfPage\":{\"@id\":\"https:\/\/grapil.pl\/produkt\/buty-robocze-btcrh\/#primaryimage\"},\"image\":{\"@id\":\"https:\/\/grapil.pl\/produkt\/buty-robocze-btcrh\/#primaryimage\"},\"thumbnailUrl\":\"https:\/\/grapil.pl\/wp-content\/uploads\/2025\/04\/12371.jpg\",\"datePublished\":\"2025-04-09T15:38:17+00:00\",\"dateModified\":\"2025-04-09T15:38:23+00:00\",\"breadcrumb\":{\"@id\":\"https:\/\/grapil.pl\/produkt\/buty-robocze-btcrh\/#breadcrumb\"},\"inLanguage\":\"de\",\"potentialAction\":[{\"@type\":\"ReadAction\",\"target\":[\"https:\/\/grapil.pl\/produkt\/buty-robocze-btcrh\/\"]}]},{\"@type\":\"ImageObject\",\"inLanguage\":\"de\",\"@id\":\"https:\/\/grapil.pl\/produkt\/buty-robocze-btcrh\/#primaryimage\",\"url\":\"https:\/\/grapil.pl\/wp-content\/uploads\/2025\/04\/12371.jpg\",\"contentUrl\":\"https:\/\/grapil.pl\/wp-content\/uploads\/2025\/04\/12371.jpg\",\"width\":700,\"height\":700},{\"@type\":\"BreadcrumbList\",\"@id\":\"https:\/\/grapil.pl\/produkt\/buty-robocze-btcrh\/#breadcrumb\",\"itemListElement\":[{\"@type\":\"ListItem\",\"position\":1,\"name\":\"Strona g\u0142\u00f3wna\",\"item\":\"https:\/\/grapil.pl\/\"},{\"@type\":\"ListItem\",\"position\":2,\"name\":\"sklep\",\"item\":\"https:\/\/grapil.pl\/sklep\/\"},{\"@type\":\"ListItem\",\"position\":3,\"name\":\"Buty robocze BTCRH\"}]},{\"@type\":\"WebSite\",\"@id\":\"https:\/\/grapil.pl\/#website\",\"url\":\"https:\/\/grapil.pl\/\",\"name\":\"Grapil.pl \u2013 Profesjonalna Odzie\u017c S\u0142u\u017cbowa dla Bran\u017cy Kelnerskiej, HoReCa i Medycyny\",\"description\":\"\",\"potentialAction\":[{\"@type\":\"SearchAction\",\"target\":{\"@type\":\"EntryPoint\",\"urlTemplate\":\"https:\/\/grapil.pl\/?s={search_term_string}\"},\"query-input\":{\"@type\":\"PropertyValueSpecification\",\"valueRequired\":true,\"valueName\":\"search_term_string\"}}],\"inLanguage\":\"de\"}]}<\/script>\n<!-- \/ Yoast SEO plugin. -->","yoast_head_json":{"title":"Buty robocze BTCRH - Grapil.pl \u2013 Profesjonalna Odzie\u017c S\u0142u\u017cbowa dla Bran\u017cy Kelnerskiej, HoReCa i Medycyny","robots":{"index":"index","follow":"follow","max-snippet":"max-snippet:-1","max-image-preview":"max-image-preview:large","max-video-preview":"max-video-preview:-1"},"canonical":"https:\/\/grapil.pl\/de\/produkt\/btcrh-arbeitsstiefel\/","og_locale":"de_DE","og_type":"article","og_title":"Buty robocze BTCRH - Grapil.pl \u2013 Profesjonalna Odzie\u017c S\u0142u\u017cbowa dla Bran\u017cy Kelnerskiej, HoReCa i Medycyny","og_description":"Trzewik ochronny o atrakcyjnym nowoczesnym wzornictwie, wykonany ze sk\u00f3ry licowej Crazy Horse o grubo\u015bci 2,0-2,2 mm\u00a0oraz impregnowanej tkaniny Oxford,\u00a0wyposa\u017cony\u00a0w podnosek stalowy, wytrzyma\u0142y na uderzenia z\u00a0energi\u0105 200 J oraz zgniecenia do 15 kN.","og_url":"https:\/\/grapil.pl\/de\/produkt\/btcrh-arbeitsstiefel\/","og_site_name":"Grapil.pl \u2013 Profesjonalna Odzie\u017c S\u0142u\u017cbowa dla Bran\u017cy Kelnerskiej, HoReCa i Medycyny","article_modified_time":"2025-04-09T15:38:23+00:00","og_image":[{"width":700,"height":700,"url":"https:\/\/grapil.pl\/wp-content\/uploads\/2025\/04\/12371.jpg","type":"image\/jpeg"}],"twitter_card":"summary_large_image","twitter_misc":{"Gesch\u00e4tzte Lesezeit":"1\u00a0Minute"},"schema":{"@context":"https:\/\/schema.org","@graph":[{"@type":"WebPage","@id":"https:\/\/grapil.pl\/produkt\/buty-robocze-btcrh\/","url":"https:\/\/grapil.pl\/produkt\/buty-robocze-btcrh\/","name":"Buty robocze BTCRH - Grapil.pl \u2013 Profesjonalna Odzie\u017c S\u0142u\u017cbowa dla Bran\u017cy Kelnerskiej, HoReCa i Medycyny","isPartOf":{"@id":"https:\/\/grapil.pl\/#website"},"primaryImageOfPage":{"@id":"https:\/\/grapil.pl\/produkt\/buty-robocze-btcrh\/#primaryimage"},"image":{"@id":"https:\/\/grapil.pl\/produkt\/buty-robocze-btcrh\/#primaryimage"},"thumbnailUrl":"https:\/\/grapil.pl\/wp-content\/uploads\/2025\/04\/12371.jpg","datePublished":"2025-04-09T15:38:17+00:00","dateModified":"2025-04-09T15:38:23+00:00","breadcrumb":{"@id":"https:\/\/grapil.pl\/produkt\/buty-robocze-btcrh\/#breadcrumb"},"inLanguage":"de","potentialAction":[{"@type":"ReadAction","target":["https:\/\/grapil.pl\/produkt\/buty-robocze-btcrh\/"]}]},{"@type":"ImageObject","inLanguage":"de","@id":"https:\/\/grapil.pl\/produkt\/buty-robocze-btcrh\/#primaryimage","url":"https:\/\/grapil.pl\/wp-content\/uploads\/2025\/04\/12371.jpg","contentUrl":"https:\/\/grapil.pl\/wp-content\/uploads\/2025\/04\/12371.jpg","width":700,"height":700},{"@type":"BreadcrumbList","@id":"https:\/\/grapil.pl\/produkt\/buty-robocze-btcrh\/#breadcrumb","itemListElement":[{"@type":"ListItem","position":1,"name":"Strona g\u0142\u00f3wna","item":"https:\/\/grapil.pl\/"},{"@type":"ListItem","position":2,"name":"sklep","item":"https:\/\/grapil.pl\/sklep\/"},{"@type":"ListItem","position":3,"name":"Buty robocze BTCRH"}]},{"@type":"WebSite","@id":"https:\/\/grapil.pl\/#website","url":"https:\/\/grapil.pl\/","name":"Grapil.pl \u2013 Profesjonalna Odzie\u017c S\u0142u\u017cbowa dla Bran\u017cy Kelnerskiej, HoReCa i Medycyny","description":"","potentialAction":[{"@type":"SearchAction","target":{"@type":"EntryPoint","urlTemplate":"https:\/\/grapil.pl\/?s={search_term_string}"},"query-input":{"@type":"PropertyValueSpecification","valueRequired":true,"valueName":"search_term_string"}}],"inLanguage":"de"}]}},"_links":{"self":[{"href":"https:\/\/grapil.pl\/de\/wp-json\/wp\/v2\/product\/18679","targetHints":{"allow":["GET"]}}],"collection":[{"href":"https:\/\/grapil.pl\/de\/wp-json\/wp\/v2\/product"}],"about":[{"href":"https:\/\/grapil.pl\/de\/wp-json\/wp\/v2\/types\/product"}],"version-history":[{"count":1,"href":"https:\/\/grapil.pl\/de\/wp-json\/wp\/v2\/product\/18679\/revisions"}],"predecessor-version":[{"id":18680,"href":"https:\/\/grapil.pl\/de\/wp-json\/wp\/v2\/product\/18679\/revisions\/18680"}],"wp:featuredmedia":[{"embeddable":true,"href":"https:\/\/grapil.pl\/de\/wp-json\/wp\/v2\/media\/18681"}],"wp:attachment":[{"href":"https:\/\/grapil.pl\/de\/wp-json\/wp\/v2\/media?parent=18679"}],"wp:term":[{"taxonomy":"product_brand","embeddable":true,"href":"https:\/\/grapil.pl\/de\/wp-json\/wp\/v2\/product_brand?post=18679"},{"taxonomy":"product_cat","embeddable":true,"href":"https:\/\/grapil.pl\/de\/wp-json\/wp\/v2\/product_cat?post=18679"},{"taxonomy":"product_tag","embeddable":true,"href":"https:\/\/grapil.pl\/de\/wp-json\/wp\/v2\/product_tag?post=18679"}],"curies":[{"name":"wp","href":"https:\/\/api.w.org\/{rel}","templated":true}]}}