{"id":18708,"date":"2025-04-09T17:38:25","date_gmt":"2025-04-09T15:38:25","guid":{"rendered":"https:\/\/grapil.pl\/produkt\/kurtka-robocza-classicwariant1\/"},"modified":"2025-04-09T17:38:29","modified_gmt":"2025-04-09T15:38:29","slug":"klassische-arbeitsjackevariante1","status":"publish","type":"product","link":"https:\/\/grapil.pl\/de\/produkt\/klassische-arbeitsjackevariante1\/","title":{"rendered":"Klassische Arbeitsjacke{variant1}"},"content":{"rendered":"<p><strong><span style=\"font-size:14pt;\">Klassische Arbeitsjacke<\/span><\/strong><\/p>\n<p>Die Jacke bietet attraktives Design und hervorragende Funktionalit\u00e4t. Hergestellt aus sehr strapazierf\u00e4higem Spezialgewebe - Canvas (<strong>65% Polyester und 35% Baumwolle<\/strong>) von sehr hoher\u00a0<strong>Grammatur 270 +\/-10 Gramm\/m2<\/strong>\u00a0und ein starkes, dichtes Gewebe.<\/p>\n<p><strong>Merkmal:<\/strong><\/p>\n<ul>\n<li>professionelle N\u00e4harbeit und \u00e4sthetische Verarbeitung,<\/li>\n<li>Dreifachn\u00e4hte und zahlreiche solide Bolzen verst\u00e4rken zus\u00e4tzlich die Stellen, die besonders stark beansprucht werden,<\/li>\n<li>Kragen \u2013 Stehkragen, mit Rei\u00dfverschluss und Klettverschlussleiste verschlossen,<\/li>\n<li><strong>5 Taschen<\/strong>, zus\u00e4tzliche Tasche f\u00fcr Telefon,<\/li>\n<li>zus\u00e4tzliche Verst\u00e4rkungen der Taschen zum Schutz vor Durchstichen durch scharfe Gegenst\u00e4nde aus 600d Polyestergewebe,<\/li>\n<li>\u00c4rmel zus\u00e4tzlich an den Ellenbogen verst\u00e4rkt,<\/li>\n<li>die \u00c4rmelweite l\u00e4sst sich am B\u00fcndchen regulieren,<\/li>\n<li>sehr geringes Einlaufen, auch nach mehrmaligem Waschen,<\/li>\n<li>Farbstabilit\u00e4t.<\/li>\n<\/ul>\n<div class=\"main row\">\n<div class=\"innermain container\">\n<div class=\"s-row\">\n<div class=\"centercol s-grid-12\" itemscope=\"\" itemtype=\"https:\/\/schema.org\/Product\">\n<div class=\"tab-container\">\n<div class=\"product-tabs\">\n<div class=\"product-tab\">\n<div class=\"innerbox\">\n<div class=\"resetcss\" itemprop=\"description\">\n<p><span style=\"color:#ff0000;\">Stickereien m\u00f6glich \u2013 bitte kontaktieren Sie uns!<\/span><\/p>\n<\/p><\/div>\n<\/p><\/div>\n<\/p><\/div>\n<\/p><\/div>\n<\/p><\/div>\n<\/p><\/div>\n<\/p><\/div>\n<\/p><\/div>\n<\/p><\/div>\n<div class=\"bottom-footer row\">\n<div class=\"bottom-footer row\">\u00a0<\/div>\n<table style=\"height:119px;width:828px;\">\n<tbody>\n<tr style=\"height:26px;\">\n<td style=\"width:78.75px;height:26px;text-align:center;\">Gr\u00f6\u00dfe<\/td>\n<td style=\"width:55.1136px;height:26px;text-align:center;\">44<\/td>\n<td style=\"width:55.1136px;height:26px;text-align:center;\">46<\/td>\n<td style=\"width:56.9318px;height:26px;text-align:center;\">48<\/td>\n<td style=\"width:58.75px;height:26px;text-align:center;\">50<\/td>\n<td style=\"width:61.4773px;height:26px;text-align:center;\">52<\/td>\n<td style=\"width:61.4773px;height:26px;text-align:center;\">54<\/td>\n<td style=\"width:61.4773px;height:26px;text-align:center;\">56<\/td>\n<td style=\"width:65.1136px;height:26px;text-align:center;\">58<\/td>\n<td style=\"width:65.1136px;height:26px;text-align:center;\">60<\/td>\n<td style=\"width:66.0227px;height:26px;text-align:center;\">62<\/td>\n<td style=\"width:68.75px;height:26px;text-align:center;\">64<\/td>\n<\/tr>\n<tr style=\"height:23.7415px;\">\n<td style=\"width:78.75px;height:23.7415px;text-align:center;\">Wachstum<\/td>\n<td style=\"width:55.1136px;height:23.7415px;text-align:center;\">167<\/td>\n<td style=\"width:55.1136px;height:23.7415px;text-align:center;\">171<\/td>\n<td style=\"width:56.9318px;height:23.7415px;text-align:center;\">174<\/td>\n<td style=\"width:58.75px;height:23.7415px;text-align:center;\">177<\/td>\n<td style=\"width:61.4773px;height:23.7415px;text-align:center;\">180<\/td>\n<td style=\"width:61.4773px;height:23.7415px;text-align:center;\">182<\/td>\n<td style=\"width:61.4773px;height:23.7415px;text-align:center;\">184<\/td>\n<td style=\"width:65.1136px;height:23.7415px;text-align:center;\">186<\/td>\n<td style=\"width:65.1136px;height:23.7415px;text-align:center;\">188<\/td>\n<td style=\"width:66.0227px;height:23.7415px;text-align:center;\">193<\/td>\n<td style=\"width:68.75px;height:23.7415px;text-align:center;\">197<\/td>\n<\/tr>\n<tr style=\"height:32px;\">\n<td style=\"width:78.75px;height:32px;text-align:center;\">K\u00e4fig<\/td>\n<td style=\"width:55.1136px;height:32px;text-align:center;\">86-90<\/td>\n<td style=\"width:55.1136px;height:32px;text-align:center;\">90-94<\/td>\n<td style=\"width:56.9318px;height:32px;text-align:center;\">94-98<\/td>\n<td style=\"width:58.75px;height:32px;text-align:center;\">98-102<\/td>\n<td style=\"width:61.4773px;height:32px;text-align:center;\">102-108<\/td>\n<td style=\"width:61.4773px;height:32px;text-align:center;\">108-112<\/td>\n<td style=\"width:61.4773px;height:32px;text-align:center;\">112-118<\/td>\n<td style=\"width:65.1136px;height:32px;text-align:center;\">118-122<\/td>\n<td style=\"width:65.1136px;height:32px;text-align:center;\">124-128<\/td>\n<td style=\"width:66.0227px;height:32px;text-align:center;\">128-132<\/td>\n<td style=\"width:68.75px;height:32px;text-align:center;\">132-138<\/td>\n<\/tr>\n<tr style=\"height:33px;\">\n<td style=\"width:78.75px;height:33px;text-align:center;\">Purpurrot<\/td>\n<td style=\"width:55.1136px;height:33px;text-align:center;\">76-80<\/td>\n<td style=\"width:55.1136px;height:33px;text-align:center;\">80-84<\/td>\n<td style=\"width:56.9318px;height:33px;text-align:center;\">84-88<\/td>\n<td style=\"width:58.75px;height:33px;text-align:center;\">88-92<\/td>\n<td style=\"width:61.4773px;height:33px;text-align:center;\">92-98<\/td>\n<td style=\"width:61.4773px;height:33px;text-align:center;\">98-102<\/td>\n<td style=\"width:61.4773px;height:33px;text-align:center;\">102-108<\/td>\n<td style=\"width:65.1136px;height:33px;text-align:center;\">108-112<\/td>\n<td style=\"width:65.1136px;height:33px;text-align:center;\">114-118<\/td>\n<td style=\"width:66.0227px;height:33px;text-align:center;\">118-122<\/td>\n<td style=\"width:68.75px;height:33px;text-align:center;\">122-128<\/td>\n<\/tr>\n<\/tbody>\n<\/table><\/div>","protected":false},"excerpt":{"rendered":"<p>Klassische Arbeitsjacke Die Jacke bietet attraktives Design und hervorragende Funktionalit\u00e4t. Hergestellt aus sehr strapazierf\u00e4higem Spezialgewebe - Canvas (65% Polyester und<\/p>","protected":false},"featured_media":18710,"template":"","meta":[],"product_brand":[91],"product_cat":[86,92,123],"product_tag":[],"class_list":{"0":"post-18708","1":"product","2":"type-product","3":"status-publish","4":"has-post-thumbnail","6":"product_brand-artmas","7":"product_cat-sklepbhp","8":"product_cat-odziez-robocza","9":"product_cat-kurtki","11":"first","12":"instock","13":"product-type-simple"},"yoast_head":"<!-- This site is optimized with the Yoast SEO plugin v25.3 - https:\/\/yoast.com\/wordpress\/plugins\/seo\/ -->\n<title>Kurtka robocza Classic{wariant1} - Grapil.pl \u2013 Profesjonalna Odzie\u017c S\u0142u\u017cbowa dla Bran\u017cy Kelnerskiej, HoReCa i Medycyny<\/title>\n<meta name=\"robots\" content=\"index, follow, max-snippet:-1, max-image-preview:large, max-video-preview:-1\" \/>\n<link rel=\"canonical\" href=\"https:\/\/grapil.pl\/de\/produkt\/klassische-arbeitsjackevariante1\/\" \/>\n<meta property=\"og:locale\" content=\"de_DE\" \/>\n<meta property=\"og:type\" content=\"article\" \/>\n<meta property=\"og:title\" content=\"Kurtka robocza Classic{wariant1} - Grapil.pl \u2013 Profesjonalna Odzie\u017c S\u0142u\u017cbowa dla Bran\u017cy Kelnerskiej, HoReCa i Medycyny\" \/>\n<meta property=\"og:description\" content=\"Kurtka robocza Classic Kurtka oferuje atrakcyjne wzornictwo i doskona\u0142\u0105 funkcjonalno\u015b\u0107. Wykonana z bardzo wytrzyma\u0142ej specjalistycznej tkaniny- p\u0142\u00f3tno (65% poliestru i\" \/>\n<meta property=\"og:url\" content=\"https:\/\/grapil.pl\/de\/produkt\/klassische-arbeitsjackevariante1\/\" \/>\n<meta property=\"og:site_name\" content=\"Grapil.pl \u2013 Profesjonalna Odzie\u017c S\u0142u\u017cbowa dla Bran\u017cy Kelnerskiej, HoReCa i Medycyny\" \/>\n<meta property=\"article:modified_time\" content=\"2025-04-09T15:38:29+00:00\" \/>\n<meta property=\"og:image\" content=\"https:\/\/grapil.pl\/wp-content\/uploads\/2025\/04\/16925.jpg\" \/>\n\t<meta property=\"og:image:width\" content=\"700\" \/>\n\t<meta property=\"og:image:height\" content=\"616\" \/>\n\t<meta property=\"og:image:type\" content=\"image\/jpeg\" \/>\n<meta name=\"twitter:card\" content=\"summary_large_image\" \/>\n<meta name=\"twitter:label1\" content=\"Gesch\u00e4tzte Lesezeit\" \/>\n\t<meta name=\"twitter:data1\" content=\"1\u00a0Minute\" \/>\n<script type=\"application\/ld+json\" class=\"yoast-schema-graph\">{\"@context\":\"https:\/\/schema.org\",\"@graph\":[{\"@type\":\"WebPage\",\"@id\":\"https:\/\/grapil.pl\/produkt\/kurtka-robocza-classicwariant1\/\",\"url\":\"https:\/\/grapil.pl\/produkt\/kurtka-robocza-classicwariant1\/\",\"name\":\"Kurtka robocza Classic{wariant1} - Grapil.pl \u2013 Profesjonalna Odzie\u017c S\u0142u\u017cbowa dla Bran\u017cy Kelnerskiej, HoReCa i Medycyny\",\"isPartOf\":{\"@id\":\"https:\/\/grapil.pl\/#website\"},\"primaryImageOfPage\":{\"@id\":\"https:\/\/grapil.pl\/produkt\/kurtka-robocza-classicwariant1\/#primaryimage\"},\"image\":{\"@id\":\"https:\/\/grapil.pl\/produkt\/kurtka-robocza-classicwariant1\/#primaryimage\"},\"thumbnailUrl\":\"https:\/\/grapil.pl\/wp-content\/uploads\/2025\/04\/16925.jpg\",\"datePublished\":\"2025-04-09T15:38:25+00:00\",\"dateModified\":\"2025-04-09T15:38:29+00:00\",\"breadcrumb\":{\"@id\":\"https:\/\/grapil.pl\/produkt\/kurtka-robocza-classicwariant1\/#breadcrumb\"},\"inLanguage\":\"de\",\"potentialAction\":[{\"@type\":\"ReadAction\",\"target\":[\"https:\/\/grapil.pl\/produkt\/kurtka-robocza-classicwariant1\/\"]}]},{\"@type\":\"ImageObject\",\"inLanguage\":\"de\",\"@id\":\"https:\/\/grapil.pl\/produkt\/kurtka-robocza-classicwariant1\/#primaryimage\",\"url\":\"https:\/\/grapil.pl\/wp-content\/uploads\/2025\/04\/16925.jpg\",\"contentUrl\":\"https:\/\/grapil.pl\/wp-content\/uploads\/2025\/04\/16925.jpg\",\"width\":700,\"height\":616},{\"@type\":\"BreadcrumbList\",\"@id\":\"https:\/\/grapil.pl\/produkt\/kurtka-robocza-classicwariant1\/#breadcrumb\",\"itemListElement\":[{\"@type\":\"ListItem\",\"position\":1,\"name\":\"Strona g\u0142\u00f3wna\",\"item\":\"https:\/\/grapil.pl\/\"},{\"@type\":\"ListItem\",\"position\":2,\"name\":\"sklep\",\"item\":\"https:\/\/grapil.pl\/sklep\/\"},{\"@type\":\"ListItem\",\"position\":3,\"name\":\"Kurtka robocza Classic{wariant1}\"}]},{\"@type\":\"WebSite\",\"@id\":\"https:\/\/grapil.pl\/#website\",\"url\":\"https:\/\/grapil.pl\/\",\"name\":\"Grapil.pl \u2013 Profesjonalna Odzie\u017c S\u0142u\u017cbowa dla Bran\u017cy Kelnerskiej, HoReCa i Medycyny\",\"description\":\"\",\"potentialAction\":[{\"@type\":\"SearchAction\",\"target\":{\"@type\":\"EntryPoint\",\"urlTemplate\":\"https:\/\/grapil.pl\/?s={search_term_string}\"},\"query-input\":{\"@type\":\"PropertyValueSpecification\",\"valueRequired\":true,\"valueName\":\"search_term_string\"}}],\"inLanguage\":\"de\"}]}<\/script>\n<!-- \/ Yoast SEO plugin. -->","yoast_head_json":{"title":"Kurtka robocza Classic{wariant1} - Grapil.pl \u2013 Profesjonalna Odzie\u017c S\u0142u\u017cbowa dla Bran\u017cy Kelnerskiej, HoReCa i Medycyny","robots":{"index":"index","follow":"follow","max-snippet":"max-snippet:-1","max-image-preview":"max-image-preview:large","max-video-preview":"max-video-preview:-1"},"canonical":"https:\/\/grapil.pl\/de\/produkt\/klassische-arbeitsjackevariante1\/","og_locale":"de_DE","og_type":"article","og_title":"Kurtka robocza Classic{wariant1} - Grapil.pl \u2013 Profesjonalna Odzie\u017c S\u0142u\u017cbowa dla Bran\u017cy Kelnerskiej, HoReCa i Medycyny","og_description":"Kurtka robocza Classic Kurtka oferuje atrakcyjne wzornictwo i doskona\u0142\u0105 funkcjonalno\u015b\u0107. Wykonana z bardzo wytrzyma\u0142ej specjalistycznej tkaniny- p\u0142\u00f3tno (65% poliestru i","og_url":"https:\/\/grapil.pl\/de\/produkt\/klassische-arbeitsjackevariante1\/","og_site_name":"Grapil.pl \u2013 Profesjonalna Odzie\u017c S\u0142u\u017cbowa dla Bran\u017cy Kelnerskiej, HoReCa i Medycyny","article_modified_time":"2025-04-09T15:38:29+00:00","og_image":[{"width":700,"height":616,"url":"https:\/\/grapil.pl\/wp-content\/uploads\/2025\/04\/16925.jpg","type":"image\/jpeg"}],"twitter_card":"summary_large_image","twitter_misc":{"Gesch\u00e4tzte Lesezeit":"1\u00a0Minute"},"schema":{"@context":"https:\/\/schema.org","@graph":[{"@type":"WebPage","@id":"https:\/\/grapil.pl\/produkt\/kurtka-robocza-classicwariant1\/","url":"https:\/\/grapil.pl\/produkt\/kurtka-robocza-classicwariant1\/","name":"Kurtka robocza Classic{wariant1} - Grapil.pl \u2013 Profesjonalna Odzie\u017c S\u0142u\u017cbowa dla Bran\u017cy Kelnerskiej, HoReCa i Medycyny","isPartOf":{"@id":"https:\/\/grapil.pl\/#website"},"primaryImageOfPage":{"@id":"https:\/\/grapil.pl\/produkt\/kurtka-robocza-classicwariant1\/#primaryimage"},"image":{"@id":"https:\/\/grapil.pl\/produkt\/kurtka-robocza-classicwariant1\/#primaryimage"},"thumbnailUrl":"https:\/\/grapil.pl\/wp-content\/uploads\/2025\/04\/16925.jpg","datePublished":"2025-04-09T15:38:25+00:00","dateModified":"2025-04-09T15:38:29+00:00","breadcrumb":{"@id":"https:\/\/grapil.pl\/produkt\/kurtka-robocza-classicwariant1\/#breadcrumb"},"inLanguage":"de","potentialAction":[{"@type":"ReadAction","target":["https:\/\/grapil.pl\/produkt\/kurtka-robocza-classicwariant1\/"]}]},{"@type":"ImageObject","inLanguage":"de","@id":"https:\/\/grapil.pl\/produkt\/kurtka-robocza-classicwariant1\/#primaryimage","url":"https:\/\/grapil.pl\/wp-content\/uploads\/2025\/04\/16925.jpg","contentUrl":"https:\/\/grapil.pl\/wp-content\/uploads\/2025\/04\/16925.jpg","width":700,"height":616},{"@type":"BreadcrumbList","@id":"https:\/\/grapil.pl\/produkt\/kurtka-robocza-classicwariant1\/#breadcrumb","itemListElement":[{"@type":"ListItem","position":1,"name":"Strona g\u0142\u00f3wna","item":"https:\/\/grapil.pl\/"},{"@type":"ListItem","position":2,"name":"sklep","item":"https:\/\/grapil.pl\/sklep\/"},{"@type":"ListItem","position":3,"name":"Kurtka robocza Classic{wariant1}"}]},{"@type":"WebSite","@id":"https:\/\/grapil.pl\/#website","url":"https:\/\/grapil.pl\/","name":"Grapil.pl \u2013 Profesjonalna Odzie\u017c S\u0142u\u017cbowa dla Bran\u017cy Kelnerskiej, HoReCa i Medycyny","description":"","potentialAction":[{"@type":"SearchAction","target":{"@type":"EntryPoint","urlTemplate":"https:\/\/grapil.pl\/?s={search_term_string}"},"query-input":{"@type":"PropertyValueSpecification","valueRequired":true,"valueName":"search_term_string"}}],"inLanguage":"de"}]}},"_links":{"self":[{"href":"https:\/\/grapil.pl\/de\/wp-json\/wp\/v2\/product\/18708","targetHints":{"allow":["GET"]}}],"collection":[{"href":"https:\/\/grapil.pl\/de\/wp-json\/wp\/v2\/product"}],"about":[{"href":"https:\/\/grapil.pl\/de\/wp-json\/wp\/v2\/types\/product"}],"version-history":[{"count":1,"href":"https:\/\/grapil.pl\/de\/wp-json\/wp\/v2\/product\/18708\/revisions"}],"predecessor-version":[{"id":18709,"href":"https:\/\/grapil.pl\/de\/wp-json\/wp\/v2\/product\/18708\/revisions\/18709"}],"wp:featuredmedia":[{"embeddable":true,"href":"https:\/\/grapil.pl\/de\/wp-json\/wp\/v2\/media\/18710"}],"wp:attachment":[{"href":"https:\/\/grapil.pl\/de\/wp-json\/wp\/v2\/media?parent=18708"}],"wp:term":[{"taxonomy":"product_brand","embeddable":true,"href":"https:\/\/grapil.pl\/de\/wp-json\/wp\/v2\/product_brand?post=18708"},{"taxonomy":"product_cat","embeddable":true,"href":"https:\/\/grapil.pl\/de\/wp-json\/wp\/v2\/product_cat?post=18708"},{"taxonomy":"product_tag","embeddable":true,"href":"https:\/\/grapil.pl\/de\/wp-json\/wp\/v2\/product_tag?post=18708"}],"curies":[{"name":"wp","href":"https:\/\/api.w.org\/{rel}","templated":true}]}}