{"id":18738,"date":"2025-04-09T17:38:25","date_gmt":"2025-04-09T15:38:25","guid":{"rendered":"https:\/\/grapil.pl\/produkt\/spodnie-robocze-do-pasa-classic-maximus\/"},"modified":"2025-04-09T17:38:34","modified_gmt":"2025-04-09T15:38:34","slug":"klassische-arbeitshose-mit-maximaler-taille","status":"publish","type":"product","link":"https:\/\/grapil.pl\/de\/produkt\/klassische-arbeitshose-mit-maximaler-taille\/","title":{"rendered":"Klassische Arbeitshose mit Maximus-Bund"},"content":{"rendered":"<p><span style=\"font-size:14pt;\">Schutzhose <strong>KLASSISCHER MAXIMUS<\/strong>, h\u00fcftlang, mit au\u00dfergew\u00f6hnlich attraktivem Design und hervorragender Funktionalit\u00e4t.<\/span><\/p>\n<p><span style=\"font-size:12pt;\">Hergestellt aus sehr strapazierf\u00e4higem Canvas-Gewebe mit einer Zusammensetzung aus 65% Polyester und 35% Baumwolle mit einem Gewicht von 270 +\/- 10 g\/m<sup>2<\/sup>\u00a0und ein starkes, dichtes Gewebe.<\/span><\/p>\n<p><strong>Merkmal:<\/strong><\/p>\n<ul>\n<li>professionelle N\u00e4harbeit und \u00e4sthetische Verarbeitung,<\/li>\n<li>Dreifachn\u00e4hte und zahlreiche solide Bolzen verst\u00e4rken besonders beanspruchte Stellen,<\/li>\n<li>reflektierende Elemente auf der Vorder- und R\u00fcckseite der Hose \u2013 erh\u00f6hen die Sicherheit des Tr\u00e4gers<\/li>\n<li>10 Funktionstaschen, Taschen verst\u00e4rkt mit schwarzem Oxford600D Polyestergewebe,<\/li>\n<li>2 Knietaschen mit \u00d6ffnung von oben f\u00fcr Kniesch\u00fctzer und Klappe mit Klettverschluss. Kniesch\u00fctzer werden von oben eingelegt. Die Taschen sind mit 600D Polyester-Oxford-Gewebe verst\u00e4rkt, das sich durch hohe Strapazierf\u00e4higkeit, Abrieb- und Dehnungsfestigkeit sowie Wasserbest\u00e4ndigkeit auszeichnet.<\/li>\n<li>vorne mit Metallknopf und Rei\u00dfverschluss zu schlie\u00dfen,<\/li>\n<li>bequemes und praktisches Taillenverstellsystem mit Gummizug in der Taille,<\/li>\n<li>Beinabschl\u00fcsse mit strapazierf\u00e4higem 600D Oxford-Material verst\u00e4rkt f\u00fcr einfache Reinigung,<\/li>\n<li>sehr geringes Einlaufen, auch nach mehrmaligem Waschen<\/li>\n<li>Farbstabilit\u00e4t<\/li>\n<\/ul>\n<p><strong>Farbe:<\/strong>\u00a0Graphitschwarz mit blauen Eins\u00e4tzen und reflektierenden Elementen<\/p>\n<p><span style=\"font-size:14pt;\">Der G\u00fcrtel ist nicht im Lieferumfang der Hose enthalten.<\/span><\/p>","protected":false},"excerpt":{"rendered":"<p><span style=\"font-size:12pt;\">Schutzhose\u00a0<strong>KLASSISCHER MAXIMUS<\/strong>, h\u00fcftlang, mit au\u00dfergew\u00f6hnlich attraktivem Design und hervorragender Funktionalit\u00e4t.<\/span><\/p>\n<p><span style=\"font-size:12pt;\">Hergestellt aus sehr strapazierf\u00e4higem Canvas-Gewebe mit einer Zusammensetzung aus 65% Polyester und 35% Baumwolle mit einem Gewicht von 270 +\/- 10 g\/m<sup>2<\/sup>\u00a0und ein starkes, dichtes Gewebe.<\/span><\/p>","protected":false},"featured_media":18740,"template":"","meta":[],"product_brand":[91],"product_cat":[86,92,93],"product_tag":[],"class_list":{"0":"post-18738","1":"product","2":"type-product","3":"status-publish","4":"has-post-thumbnail","6":"product_brand-artmas","7":"product_cat-sklepbhp","8":"product_cat-odziez-robocza","9":"product_cat-spodnie-robocze","11":"first","12":"instock","13":"product-type-simple"},"yoast_head":"<!-- This site is optimized with the Yoast SEO plugin v25.3 - https:\/\/yoast.com\/wordpress\/plugins\/seo\/ -->\n<title>Spodnie robocze do pasa Classic Maximus - Grapil.pl \u2013 Profesjonalna Odzie\u017c S\u0142u\u017cbowa dla Bran\u017cy Kelnerskiej, HoReCa i Medycyny<\/title>\n<meta name=\"robots\" content=\"index, follow, max-snippet:-1, max-image-preview:large, max-video-preview:-1\" \/>\n<link rel=\"canonical\" href=\"https:\/\/grapil.pl\/de\/produkt\/klassische-arbeitshose-mit-maximaler-taille\/\" \/>\n<meta property=\"og:locale\" content=\"de_DE\" \/>\n<meta property=\"og:type\" content=\"article\" \/>\n<meta property=\"og:title\" content=\"Spodnie robocze do pasa Classic Maximus - Grapil.pl \u2013 Profesjonalna Odzie\u017c S\u0142u\u017cbowa dla Bran\u017cy Kelnerskiej, HoReCa i Medycyny\" \/>\n<meta property=\"og:description\" content=\"Spodnie ochronne\u00a0CLASSIC MAXIMUS, do pasa, o wyj\u0105tkowo atrakcyjnym wzornictwie i doskona\u0142ej funkcjonalno\u015bci. Wykonane z bardzo wytrzyma\u0142ej tkaniny canvas o sk\u0142adzie 65% poliestru i 35% bawe\u0142ny o gramaturze 270 +\/-10 g\/m2\u00a0oraz mocnym zwartym splocie.\" \/>\n<meta property=\"og:url\" content=\"https:\/\/grapil.pl\/de\/produkt\/klassische-arbeitshose-mit-maximaler-taille\/\" \/>\n<meta property=\"og:site_name\" content=\"Grapil.pl \u2013 Profesjonalna Odzie\u017c S\u0142u\u017cbowa dla Bran\u017cy Kelnerskiej, HoReCa i Medycyny\" \/>\n<meta property=\"article:modified_time\" content=\"2025-04-09T15:38:34+00:00\" \/>\n<meta property=\"og:image\" content=\"https:\/\/grapil.pl\/wp-content\/uploads\/2025\/04\/9741.jpg\" \/>\n\t<meta property=\"og:image:width\" content=\"700\" \/>\n\t<meta property=\"og:image:height\" content=\"700\" \/>\n\t<meta property=\"og:image:type\" content=\"image\/png\" \/>\n<meta name=\"twitter:card\" content=\"summary_large_image\" \/>\n<meta name=\"twitter:label1\" content=\"Gesch\u00e4tzte Lesezeit\" \/>\n\t<meta name=\"twitter:data1\" content=\"1\u00a0Minute\" \/>\n<script type=\"application\/ld+json\" class=\"yoast-schema-graph\">{\"@context\":\"https:\/\/schema.org\",\"@graph\":[{\"@type\":\"WebPage\",\"@id\":\"https:\/\/grapil.pl\/produkt\/spodnie-robocze-do-pasa-classic-maximus\/\",\"url\":\"https:\/\/grapil.pl\/produkt\/spodnie-robocze-do-pasa-classic-maximus\/\",\"name\":\"Spodnie robocze do pasa Classic Maximus - Grapil.pl \u2013 Profesjonalna Odzie\u017c S\u0142u\u017cbowa dla Bran\u017cy Kelnerskiej, HoReCa i Medycyny\",\"isPartOf\":{\"@id\":\"https:\/\/grapil.pl\/#website\"},\"primaryImageOfPage\":{\"@id\":\"https:\/\/grapil.pl\/produkt\/spodnie-robocze-do-pasa-classic-maximus\/#primaryimage\"},\"image\":{\"@id\":\"https:\/\/grapil.pl\/produkt\/spodnie-robocze-do-pasa-classic-maximus\/#primaryimage\"},\"thumbnailUrl\":\"https:\/\/grapil.pl\/wp-content\/uploads\/2025\/04\/9741.jpg\",\"datePublished\":\"2025-04-09T15:38:25+00:00\",\"dateModified\":\"2025-04-09T15:38:34+00:00\",\"breadcrumb\":{\"@id\":\"https:\/\/grapil.pl\/produkt\/spodnie-robocze-do-pasa-classic-maximus\/#breadcrumb\"},\"inLanguage\":\"de\",\"potentialAction\":[{\"@type\":\"ReadAction\",\"target\":[\"https:\/\/grapil.pl\/produkt\/spodnie-robocze-do-pasa-classic-maximus\/\"]}]},{\"@type\":\"ImageObject\",\"inLanguage\":\"de\",\"@id\":\"https:\/\/grapil.pl\/produkt\/spodnie-robocze-do-pasa-classic-maximus\/#primaryimage\",\"url\":\"https:\/\/grapil.pl\/wp-content\/uploads\/2025\/04\/9741.jpg\",\"contentUrl\":\"https:\/\/grapil.pl\/wp-content\/uploads\/2025\/04\/9741.jpg\",\"width\":700,\"height\":700},{\"@type\":\"BreadcrumbList\",\"@id\":\"https:\/\/grapil.pl\/produkt\/spodnie-robocze-do-pasa-classic-maximus\/#breadcrumb\",\"itemListElement\":[{\"@type\":\"ListItem\",\"position\":1,\"name\":\"Strona g\u0142\u00f3wna\",\"item\":\"https:\/\/grapil.pl\/\"},{\"@type\":\"ListItem\",\"position\":2,\"name\":\"sklep\",\"item\":\"https:\/\/grapil.pl\/sklep\/\"},{\"@type\":\"ListItem\",\"position\":3,\"name\":\"Spodnie robocze do pasa Classic Maximus\"}]},{\"@type\":\"WebSite\",\"@id\":\"https:\/\/grapil.pl\/#website\",\"url\":\"https:\/\/grapil.pl\/\",\"name\":\"Grapil.pl \u2013 Profesjonalna Odzie\u017c S\u0142u\u017cbowa dla Bran\u017cy Kelnerskiej, HoReCa i Medycyny\",\"description\":\"\",\"potentialAction\":[{\"@type\":\"SearchAction\",\"target\":{\"@type\":\"EntryPoint\",\"urlTemplate\":\"https:\/\/grapil.pl\/?s={search_term_string}\"},\"query-input\":{\"@type\":\"PropertyValueSpecification\",\"valueRequired\":true,\"valueName\":\"search_term_string\"}}],\"inLanguage\":\"de\"}]}<\/script>\n<!-- \/ Yoast SEO plugin. -->","yoast_head_json":{"title":"Spodnie robocze do pasa Classic Maximus - Grapil.pl \u2013 Profesjonalna Odzie\u017c S\u0142u\u017cbowa dla Bran\u017cy Kelnerskiej, HoReCa i Medycyny","robots":{"index":"index","follow":"follow","max-snippet":"max-snippet:-1","max-image-preview":"max-image-preview:large","max-video-preview":"max-video-preview:-1"},"canonical":"https:\/\/grapil.pl\/de\/produkt\/klassische-arbeitshose-mit-maximaler-taille\/","og_locale":"de_DE","og_type":"article","og_title":"Spodnie robocze do pasa Classic Maximus - Grapil.pl \u2013 Profesjonalna Odzie\u017c S\u0142u\u017cbowa dla Bran\u017cy Kelnerskiej, HoReCa i Medycyny","og_description":"Spodnie ochronne\u00a0CLASSIC MAXIMUS, do pasa, o wyj\u0105tkowo atrakcyjnym wzornictwie i doskona\u0142ej funkcjonalno\u015bci. Wykonane z bardzo wytrzyma\u0142ej tkaniny canvas o sk\u0142adzie 65% poliestru i 35% bawe\u0142ny o gramaturze 270 +\/-10 g\/m2\u00a0oraz mocnym zwartym splocie.","og_url":"https:\/\/grapil.pl\/de\/produkt\/klassische-arbeitshose-mit-maximaler-taille\/","og_site_name":"Grapil.pl \u2013 Profesjonalna Odzie\u017c S\u0142u\u017cbowa dla Bran\u017cy Kelnerskiej, HoReCa i Medycyny","article_modified_time":"2025-04-09T15:38:34+00:00","og_image":[{"width":700,"height":700,"url":"https:\/\/grapil.pl\/wp-content\/uploads\/2025\/04\/9741.jpg","type":"image\/png"}],"twitter_card":"summary_large_image","twitter_misc":{"Gesch\u00e4tzte Lesezeit":"1\u00a0Minute"},"schema":{"@context":"https:\/\/schema.org","@graph":[{"@type":"WebPage","@id":"https:\/\/grapil.pl\/produkt\/spodnie-robocze-do-pasa-classic-maximus\/","url":"https:\/\/grapil.pl\/produkt\/spodnie-robocze-do-pasa-classic-maximus\/","name":"Spodnie robocze do pasa Classic Maximus - Grapil.pl \u2013 Profesjonalna Odzie\u017c S\u0142u\u017cbowa dla Bran\u017cy Kelnerskiej, HoReCa i Medycyny","isPartOf":{"@id":"https:\/\/grapil.pl\/#website"},"primaryImageOfPage":{"@id":"https:\/\/grapil.pl\/produkt\/spodnie-robocze-do-pasa-classic-maximus\/#primaryimage"},"image":{"@id":"https:\/\/grapil.pl\/produkt\/spodnie-robocze-do-pasa-classic-maximus\/#primaryimage"},"thumbnailUrl":"https:\/\/grapil.pl\/wp-content\/uploads\/2025\/04\/9741.jpg","datePublished":"2025-04-09T15:38:25+00:00","dateModified":"2025-04-09T15:38:34+00:00","breadcrumb":{"@id":"https:\/\/grapil.pl\/produkt\/spodnie-robocze-do-pasa-classic-maximus\/#breadcrumb"},"inLanguage":"de","potentialAction":[{"@type":"ReadAction","target":["https:\/\/grapil.pl\/produkt\/spodnie-robocze-do-pasa-classic-maximus\/"]}]},{"@type":"ImageObject","inLanguage":"de","@id":"https:\/\/grapil.pl\/produkt\/spodnie-robocze-do-pasa-classic-maximus\/#primaryimage","url":"https:\/\/grapil.pl\/wp-content\/uploads\/2025\/04\/9741.jpg","contentUrl":"https:\/\/grapil.pl\/wp-content\/uploads\/2025\/04\/9741.jpg","width":700,"height":700},{"@type":"BreadcrumbList","@id":"https:\/\/grapil.pl\/produkt\/spodnie-robocze-do-pasa-classic-maximus\/#breadcrumb","itemListElement":[{"@type":"ListItem","position":1,"name":"Strona g\u0142\u00f3wna","item":"https:\/\/grapil.pl\/"},{"@type":"ListItem","position":2,"name":"sklep","item":"https:\/\/grapil.pl\/sklep\/"},{"@type":"ListItem","position":3,"name":"Spodnie robocze do pasa Classic Maximus"}]},{"@type":"WebSite","@id":"https:\/\/grapil.pl\/#website","url":"https:\/\/grapil.pl\/","name":"Grapil.pl \u2013 Profesjonalna Odzie\u017c S\u0142u\u017cbowa dla Bran\u017cy Kelnerskiej, HoReCa i Medycyny","description":"","potentialAction":[{"@type":"SearchAction","target":{"@type":"EntryPoint","urlTemplate":"https:\/\/grapil.pl\/?s={search_term_string}"},"query-input":{"@type":"PropertyValueSpecification","valueRequired":true,"valueName":"search_term_string"}}],"inLanguage":"de"}]}},"_links":{"self":[{"href":"https:\/\/grapil.pl\/de\/wp-json\/wp\/v2\/product\/18738","targetHints":{"allow":["GET"]}}],"collection":[{"href":"https:\/\/grapil.pl\/de\/wp-json\/wp\/v2\/product"}],"about":[{"href":"https:\/\/grapil.pl\/de\/wp-json\/wp\/v2\/types\/product"}],"version-history":[{"count":1,"href":"https:\/\/grapil.pl\/de\/wp-json\/wp\/v2\/product\/18738\/revisions"}],"predecessor-version":[{"id":18739,"href":"https:\/\/grapil.pl\/de\/wp-json\/wp\/v2\/product\/18738\/revisions\/18739"}],"wp:featuredmedia":[{"embeddable":true,"href":"https:\/\/grapil.pl\/de\/wp-json\/wp\/v2\/media\/18740"}],"wp:attachment":[{"href":"https:\/\/grapil.pl\/de\/wp-json\/wp\/v2\/media?parent=18738"}],"wp:term":[{"taxonomy":"product_brand","embeddable":true,"href":"https:\/\/grapil.pl\/de\/wp-json\/wp\/v2\/product_brand?post=18738"},{"taxonomy":"product_cat","embeddable":true,"href":"https:\/\/grapil.pl\/de\/wp-json\/wp\/v2\/product_cat?post=18738"},{"taxonomy":"product_tag","embeddable":true,"href":"https:\/\/grapil.pl\/de\/wp-json\/wp\/v2\/product_tag?post=18738"}],"curies":[{"name":"wp","href":"https:\/\/api.w.org\/{rel}","templated":true}]}}