{"id":18741,"date":"2025-04-09T17:38:25","date_gmt":"2025-04-09T15:38:25","guid":{"rendered":"https:\/\/grapil.pl\/produkt\/kurtka-robocza-classic-maximus\/"},"modified":"2025-04-09T17:38:35","modified_gmt":"2025-04-09T15:38:35","slug":"klassische-maximus-arbeitsjacke","status":"publish","type":"product","link":"https:\/\/grapil.pl\/de\/produkt\/klassische-maximus-arbeitsjacke\/","title":{"rendered":"Klassische Maximus-Arbeitsjacke"},"content":{"rendered":"<p><span style=\"font-size:12pt;\">CLASSIC MAXIMUS Schutzjacke mit au\u00dfergew\u00f6hnlich attraktivem Design und hervorragender Funktionalit\u00e4t.<\/span><\/p>\n<p><span style=\"font-size:12pt;\">Hergestellt aus sehr strapazierf\u00e4higem Canvas-Gewebe mit einer Zusammensetzung aus 65% Polyester und 35% Baumwolle mit einem Gewicht von 270 +\/- 10 g\/m<sup>2<\/sup>\u00a0und 600D Polyester-Oxford-Gewebe mit einer starken und dichten Webart.<\/span><\/p>\n<p><strong>Merkmal:<\/strong><\/p>\n<ul>\n<li>professionelle N\u00e4harbeit und \u00e4sthetische Verarbeitung,<\/li>\n<li>Doppelte N\u00e4hte und zahlreiche solide Bolzen verst\u00e4rken die Stellen, die besonders stark beansprucht werden,<\/li>\n<li>reflektierende Elemente auf der Vorder- und R\u00fcckseite der Jacke \u2013 erh\u00f6hen die Sicherheit des Tr\u00e4gers,<\/li>\n<li>unter dem Hals mit einem Stehkragen abgeschlossen,<\/li>\n<li>7 Funktionstaschen und Werkzeug\u00f6sen \u2013 darunter 2 Taschen mit Klappen und Klettverschluss und eine zus\u00e4tzliche Tasche mit Rei\u00dfverschluss auf Brusth\u00f6he, 2 Seitentaschen und 2 Taschen mit Klettverschluss unter den Klappen am unteren Ende der Jacke.<\/li>\n<li>Taschen verst\u00e4rkt mit schwarzem Oxford600D Polyestergewebe,<\/li>\n<li>Jacke mit Rei\u00dfverschluss, bedeckt mit einer Klappe mit Klettverschluss,<\/li>\n<li>\u00c4rmel und Schultern bis zum Ellenbogen aus 600D Polyester-Oxford-Gewebe, das \u00e4u\u00dferst strapazierf\u00e4hig, abrieb- und dehnungsbest\u00e4ndig sowie wasserdicht ist.<\/li>\n<li>\u00c4rmel mit Manschetten, mit Druckkn\u00f6pfen befestigt,<\/li>\n<li>sehr geringes Einlaufen, auch nach mehrmaligem Waschen,<\/li>\n<li>Farbstabilit\u00e4t.<\/li>\n<\/ul>\n<p><strong>Farbe:<\/strong>\u00a0Graphitschwarz mit blauen Eins\u00e4tzen und reflektierenden Elementen<\/p>\n<p>\u00a0<\/p>\n<p><strong>GR\u00d6SSE H\u00d6HE TAILLE UMFANG BRUSTUMFANG<\/strong><\/p>\n<p><strong>44\u00a0 \u00a0 \u00a0 \u00a0 \u00a0 \u00a0 \u00a0 \u00a0 \u00a0 \u00a0 \u00a0 \u00a0\u00a0<\/strong>167\u00a0 \u00a0 \u00a0 \u00a0 \u00a0 \u00a0 \u00a0 \u00a0 \u00a0 \u00a0 \u00a0 76-80\u00a0 \u00a0 \u00a0 \u00a0 \u00a0 \u00a0 \u00a0 \u00a0 \u00a0 \u00a0 \u00a0 \u00a0 \u00a0 86-90<\/p>\n<p><strong>46<\/strong>\u00a0 \u00a0 \u00a0 \u00a0 \u00a0 \u00a0 \u00a0 \u00a0 \u00a0 \u00a0 \u00a0 \u00a0 171\u00a0 \u00a0 \u00a0 \u00a0 \u00a0 \u00a0 \u00a0 \u00a0 \u00a0 \u00a0 \u00a0 80-84\u00a0 \u00a0 \u00a0 \u00a0 \u00a0 \u00a0 \u00a0 \u00a0 \u00a0 \u00a0 \u00a0 \u00a0 \u00a0 90-94<\/p>\n<p><strong>48<\/strong>\u00a0 \u00a0 \u00a0 \u00a0 \u00a0 \u00a0 \u00a0 \u00a0 \u00a0 \u00a0 \u00a0 \u00a0 174\u00a0 \u00a0 \u00a0 \u00a0 \u00a0 \u00a0 \u00a0 \u00a0 \u00a0 \u00a0 \u00a0 84-88\u00a0 \u00a0 \u00a0 \u00a0 \u00a0 \u00a0 \u00a0 \u00a0 \u00a0 \u00a0 \u00a0 \u00a0 \u00a0 94-98<\/p>\n<p><strong>50<\/strong>\u00a0 \u00a0 \u00a0 \u00a0 \u00a0 \u00a0 \u00a0 \u00a0 \u00a0 \u00a0 \u00a0 \u00a0 177\u00a0 \u00a0 \u00a0 \u00a0 \u00a0 \u00a0 \u00a0 \u00a0 \u00a0 \u00a0 \u00a0 88-92\u00a0 \u00a0 \u00a0 \u00a0 \u00a0 \u00a0 \u00a0 \u00a0 \u00a0 \u00a0 \u00a0 \u00a0 \u00a0 98-102<\/p>\n<p><strong>52\u00a0<\/strong>\u00a0 \u00a0 \u00a0 \u00a0 \u00a0 \u00a0 \u00a0 \u00a0 \u00a0 \u00a0 \u00a0 \u00a0180\u00a0 \u00a0 \u00a0 \u00a0 \u00a0 \u00a0 \u00a0 \u00a0 \u00a0 \u00a0 \u00a0 92-98\u00a0 \u00a0 \u00a0 \u00a0 \u00a0 \u00a0 \u00a0 \u00a0 \u00a0 \u00a0 \u00a0 \u00a0 \u00a0 102-108<\/p>\n<p><strong>54<\/strong>\u00a0 \u00a0 \u00a0 \u00a0 \u00a0 \u00a0 \u00a0 \u00a0 \u00a0 \u00a0 \u00a0 \u00a0 182\u00a0 \u00a0 \u00a0 \u00a0 \u00a0 \u00a0 \u00a0 \u00a0 \u00a0 \u00a0 \u00a0 98-102\u00a0 \u00a0 \u00a0 \u00a0 \u00a0 \u00a0 \u00a0 \u00a0 \u00a0 \u00a0 \u00a0 \u00a0 108-112<\/p>\n<p><strong>56<\/strong>\u00a0 \u00a0 \u00a0 \u00a0 \u00a0 \u00a0 \u00a0 \u00a0 \u00a0 \u00a0 \u00a0 \u00a0 184\u00a0 \u00a0 \u00a0 \u00a0 \u00a0 \u00a0 \u00a0 \u00a0 \u00a0 \u00a0 \u00a0102-108\u00a0 \u00a0 \u00a0 \u00a0 \u00a0 \u00a0 \u00a0 \u00a0 \u00a0 \u00a0 \u00a0 \u00a0112-118<\/p>\n<p><strong>58\u00a0<\/strong>\u00a0 \u00a0 \u00a0 \u00a0 \u00a0 \u00a0 \u00a0 \u00a0 \u00a0 \u00a0 \u00a0 \u00a0186\u00a0 \u00a0 \u00a0 \u00a0 \u00a0 \u00a0 \u00a0 \u00a0 \u00a0 \u00a0 \u00a0108-112\u00a0 \u00a0 \u00a0 \u00a0 \u00a0 \u00a0 \u00a0 \u00a0 \u00a0 \u00a0 \u00a0 \u00a0118-122<\/p>\n<p><strong>60<\/strong>\u00a0 \u00a0 \u00a0 \u00a0 \u00a0 \u00a0 \u00a0 \u00a0 \u00a0 \u00a0 \u00a0 \u00a0 188\u00a0 \u00a0 \u00a0 \u00a0 \u00a0 \u00a0 \u00a0 \u00a0 \u00a0 \u00a0 \u00a0114-118\u00a0 \u00a0 \u00a0 \u00a0 \u00a0 \u00a0 \u00a0 \u00a0 \u00a0 \u00a0 \u00a0 \u00a0124-128<\/p>\n<p><strong>62<\/strong>\u00a0 \u00a0 \u00a0 \u00a0 \u00a0 \u00a0 \u00a0 \u00a0 \u00a0 \u00a0 \u00a0 \u00a0 193\u00a0 \u00a0 \u00a0 \u00a0 \u00a0 \u00a0 \u00a0 \u00a0 \u00a0 \u00a0 \u00a0118-122\u00a0 \u00a0 \u00a0 \u00a0 \u00a0 \u00a0 \u00a0 \u00a0 \u00a0 \u00a0 \u00a0 128-132<\/p>\n<p><strong>64<\/strong>\u00a0 \u00a0 \u00a0 \u00a0 \u00a0 \u00a0 \u00a0 \u00a0 \u00a0 \u00a0 \u00a0 \u00a0 197\u00a0 \u00a0 \u00a0 \u00a0 \u00a0 \u00a0 \u00a0 \u00a0 \u00a0 \u00a0 \u00a0122-128\u00a0 \u00a0 \u00a0 \u00a0 \u00a0 \u00a0 \u00a0 \u00a0 \u00a0 \u00a0 \u00a0 132-138<\/p>\n<p><strong>AUFMERKSAMKEIT:<\/strong><\/p>\n<p><strong>Die oben genannten Ma\u00dfe entsprechen den Ma\u00dfen eines Menschen, nicht der Kleidung!<\/strong><\/p>","protected":false},"excerpt":{"rendered":"<p>CLASSIC MAXIMUS Schutzjacke mit au\u00dfergew\u00f6hnlich attraktivem Design und hervorragender Funktionalit\u00e4t. Hergestellt aus sehr strapazierf\u00e4higem Canvas-Gewebe mit einer Zusammensetzung von 65%<\/p>","protected":false},"featured_media":18743,"template":"","meta":[],"product_brand":[91],"product_cat":[86,92,123],"product_tag":[],"class_list":{"0":"post-18741","1":"product","2":"type-product","3":"status-publish","4":"has-post-thumbnail","6":"product_brand-artmas","7":"product_cat-sklepbhp","8":"product_cat-odziez-robocza","9":"product_cat-kurtki","11":"first","12":"instock","13":"product-type-simple"},"yoast_head":"<!-- This site is optimized with the Yoast SEO plugin v25.3 - https:\/\/yoast.com\/wordpress\/plugins\/seo\/ -->\n<title>Kurtka robocza Classic Maximus - Grapil.pl \u2013 Profesjonalna Odzie\u017c S\u0142u\u017cbowa dla Bran\u017cy Kelnerskiej, HoReCa i Medycyny<\/title>\n<meta name=\"robots\" content=\"index, follow, max-snippet:-1, max-image-preview:large, max-video-preview:-1\" \/>\n<link rel=\"canonical\" href=\"https:\/\/grapil.pl\/de\/produkt\/klassische-maximus-arbeitsjacke\/\" \/>\n<meta property=\"og:locale\" content=\"de_DE\" \/>\n<meta property=\"og:type\" content=\"article\" \/>\n<meta property=\"og:title\" content=\"Kurtka robocza Classic Maximus - Grapil.pl \u2013 Profesjonalna Odzie\u017c S\u0142u\u017cbowa dla Bran\u017cy Kelnerskiej, HoReCa i Medycyny\" \/>\n<meta property=\"og:description\" content=\"Kurtka ochronna CLASSIC MAXIMUS o wyj\u0105tkowo atrakcyjnym wzornictwie i doskona\u0142ej funkcjonalno\u015bci. Wykonane z bardzo wytrzyma\u0142ej tkaniny canvas o sk\u0142adzie 65%\" \/>\n<meta property=\"og:url\" content=\"https:\/\/grapil.pl\/de\/produkt\/klassische-maximus-arbeitsjacke\/\" \/>\n<meta property=\"og:site_name\" content=\"Grapil.pl \u2013 Profesjonalna Odzie\u017c S\u0142u\u017cbowa dla Bran\u017cy Kelnerskiej, HoReCa i Medycyny\" \/>\n<meta property=\"article:modified_time\" content=\"2025-04-09T15:38:35+00:00\" \/>\n<meta property=\"og:image\" content=\"https:\/\/grapil.pl\/wp-content\/uploads\/2025\/04\/16124.jpg\" \/>\n\t<meta property=\"og:image:width\" content=\"717\" \/>\n\t<meta property=\"og:image:height\" content=\"611\" \/>\n\t<meta property=\"og:image:type\" content=\"image\/png\" \/>\n<meta name=\"twitter:card\" content=\"summary_large_image\" \/>\n<meta name=\"twitter:label1\" content=\"Gesch\u00e4tzte Lesezeit\" \/>\n\t<meta name=\"twitter:data1\" content=\"1\u00a0Minute\" \/>\n<script type=\"application\/ld+json\" class=\"yoast-schema-graph\">{\"@context\":\"https:\/\/schema.org\",\"@graph\":[{\"@type\":\"WebPage\",\"@id\":\"https:\/\/grapil.pl\/produkt\/kurtka-robocza-classic-maximus\/\",\"url\":\"https:\/\/grapil.pl\/produkt\/kurtka-robocza-classic-maximus\/\",\"name\":\"Kurtka robocza Classic Maximus - Grapil.pl \u2013 Profesjonalna Odzie\u017c S\u0142u\u017cbowa dla Bran\u017cy Kelnerskiej, HoReCa i Medycyny\",\"isPartOf\":{\"@id\":\"https:\/\/grapil.pl\/#website\"},\"primaryImageOfPage\":{\"@id\":\"https:\/\/grapil.pl\/produkt\/kurtka-robocza-classic-maximus\/#primaryimage\"},\"image\":{\"@id\":\"https:\/\/grapil.pl\/produkt\/kurtka-robocza-classic-maximus\/#primaryimage\"},\"thumbnailUrl\":\"https:\/\/grapil.pl\/wp-content\/uploads\/2025\/04\/16124.jpg\",\"datePublished\":\"2025-04-09T15:38:25+00:00\",\"dateModified\":\"2025-04-09T15:38:35+00:00\",\"breadcrumb\":{\"@id\":\"https:\/\/grapil.pl\/produkt\/kurtka-robocza-classic-maximus\/#breadcrumb\"},\"inLanguage\":\"de\",\"potentialAction\":[{\"@type\":\"ReadAction\",\"target\":[\"https:\/\/grapil.pl\/produkt\/kurtka-robocza-classic-maximus\/\"]}]},{\"@type\":\"ImageObject\",\"inLanguage\":\"de\",\"@id\":\"https:\/\/grapil.pl\/produkt\/kurtka-robocza-classic-maximus\/#primaryimage\",\"url\":\"https:\/\/grapil.pl\/wp-content\/uploads\/2025\/04\/16124.jpg\",\"contentUrl\":\"https:\/\/grapil.pl\/wp-content\/uploads\/2025\/04\/16124.jpg\",\"width\":717,\"height\":611},{\"@type\":\"BreadcrumbList\",\"@id\":\"https:\/\/grapil.pl\/produkt\/kurtka-robocza-classic-maximus\/#breadcrumb\",\"itemListElement\":[{\"@type\":\"ListItem\",\"position\":1,\"name\":\"Strona g\u0142\u00f3wna\",\"item\":\"https:\/\/grapil.pl\/\"},{\"@type\":\"ListItem\",\"position\":2,\"name\":\"sklep\",\"item\":\"https:\/\/grapil.pl\/sklep\/\"},{\"@type\":\"ListItem\",\"position\":3,\"name\":\"Kurtka robocza Classic Maximus\"}]},{\"@type\":\"WebSite\",\"@id\":\"https:\/\/grapil.pl\/#website\",\"url\":\"https:\/\/grapil.pl\/\",\"name\":\"Grapil.pl \u2013 Profesjonalna Odzie\u017c S\u0142u\u017cbowa dla Bran\u017cy Kelnerskiej, HoReCa i Medycyny\",\"description\":\"\",\"potentialAction\":[{\"@type\":\"SearchAction\",\"target\":{\"@type\":\"EntryPoint\",\"urlTemplate\":\"https:\/\/grapil.pl\/?s={search_term_string}\"},\"query-input\":{\"@type\":\"PropertyValueSpecification\",\"valueRequired\":true,\"valueName\":\"search_term_string\"}}],\"inLanguage\":\"de\"}]}<\/script>\n<!-- \/ Yoast SEO plugin. -->","yoast_head_json":{"title":"Kurtka robocza Classic Maximus - Grapil.pl \u2013 Profesjonalna Odzie\u017c S\u0142u\u017cbowa dla Bran\u017cy Kelnerskiej, HoReCa i Medycyny","robots":{"index":"index","follow":"follow","max-snippet":"max-snippet:-1","max-image-preview":"max-image-preview:large","max-video-preview":"max-video-preview:-1"},"canonical":"https:\/\/grapil.pl\/de\/produkt\/klassische-maximus-arbeitsjacke\/","og_locale":"de_DE","og_type":"article","og_title":"Kurtka robocza Classic Maximus - Grapil.pl \u2013 Profesjonalna Odzie\u017c S\u0142u\u017cbowa dla Bran\u017cy Kelnerskiej, HoReCa i Medycyny","og_description":"Kurtka ochronna CLASSIC MAXIMUS o wyj\u0105tkowo atrakcyjnym wzornictwie i doskona\u0142ej funkcjonalno\u015bci. Wykonane z bardzo wytrzyma\u0142ej tkaniny canvas o sk\u0142adzie 65%","og_url":"https:\/\/grapil.pl\/de\/produkt\/klassische-maximus-arbeitsjacke\/","og_site_name":"Grapil.pl \u2013 Profesjonalna Odzie\u017c S\u0142u\u017cbowa dla Bran\u017cy Kelnerskiej, HoReCa i Medycyny","article_modified_time":"2025-04-09T15:38:35+00:00","og_image":[{"width":717,"height":611,"url":"https:\/\/grapil.pl\/wp-content\/uploads\/2025\/04\/16124.jpg","type":"image\/png"}],"twitter_card":"summary_large_image","twitter_misc":{"Gesch\u00e4tzte Lesezeit":"1\u00a0Minute"},"schema":{"@context":"https:\/\/schema.org","@graph":[{"@type":"WebPage","@id":"https:\/\/grapil.pl\/produkt\/kurtka-robocza-classic-maximus\/","url":"https:\/\/grapil.pl\/produkt\/kurtka-robocza-classic-maximus\/","name":"Kurtka robocza Classic Maximus - Grapil.pl \u2013 Profesjonalna Odzie\u017c S\u0142u\u017cbowa dla Bran\u017cy Kelnerskiej, HoReCa i Medycyny","isPartOf":{"@id":"https:\/\/grapil.pl\/#website"},"primaryImageOfPage":{"@id":"https:\/\/grapil.pl\/produkt\/kurtka-robocza-classic-maximus\/#primaryimage"},"image":{"@id":"https:\/\/grapil.pl\/produkt\/kurtka-robocza-classic-maximus\/#primaryimage"},"thumbnailUrl":"https:\/\/grapil.pl\/wp-content\/uploads\/2025\/04\/16124.jpg","datePublished":"2025-04-09T15:38:25+00:00","dateModified":"2025-04-09T15:38:35+00:00","breadcrumb":{"@id":"https:\/\/grapil.pl\/produkt\/kurtka-robocza-classic-maximus\/#breadcrumb"},"inLanguage":"de","potentialAction":[{"@type":"ReadAction","target":["https:\/\/grapil.pl\/produkt\/kurtka-robocza-classic-maximus\/"]}]},{"@type":"ImageObject","inLanguage":"de","@id":"https:\/\/grapil.pl\/produkt\/kurtka-robocza-classic-maximus\/#primaryimage","url":"https:\/\/grapil.pl\/wp-content\/uploads\/2025\/04\/16124.jpg","contentUrl":"https:\/\/grapil.pl\/wp-content\/uploads\/2025\/04\/16124.jpg","width":717,"height":611},{"@type":"BreadcrumbList","@id":"https:\/\/grapil.pl\/produkt\/kurtka-robocza-classic-maximus\/#breadcrumb","itemListElement":[{"@type":"ListItem","position":1,"name":"Strona g\u0142\u00f3wna","item":"https:\/\/grapil.pl\/"},{"@type":"ListItem","position":2,"name":"sklep","item":"https:\/\/grapil.pl\/sklep\/"},{"@type":"ListItem","position":3,"name":"Kurtka robocza Classic Maximus"}]},{"@type":"WebSite","@id":"https:\/\/grapil.pl\/#website","url":"https:\/\/grapil.pl\/","name":"Grapil.pl \u2013 Profesjonalna Odzie\u017c S\u0142u\u017cbowa dla Bran\u017cy Kelnerskiej, HoReCa i Medycyny","description":"","potentialAction":[{"@type":"SearchAction","target":{"@type":"EntryPoint","urlTemplate":"https:\/\/grapil.pl\/?s={search_term_string}"},"query-input":{"@type":"PropertyValueSpecification","valueRequired":true,"valueName":"search_term_string"}}],"inLanguage":"de"}]}},"_links":{"self":[{"href":"https:\/\/grapil.pl\/de\/wp-json\/wp\/v2\/product\/18741","targetHints":{"allow":["GET"]}}],"collection":[{"href":"https:\/\/grapil.pl\/de\/wp-json\/wp\/v2\/product"}],"about":[{"href":"https:\/\/grapil.pl\/de\/wp-json\/wp\/v2\/types\/product"}],"version-history":[{"count":1,"href":"https:\/\/grapil.pl\/de\/wp-json\/wp\/v2\/product\/18741\/revisions"}],"predecessor-version":[{"id":18742,"href":"https:\/\/grapil.pl\/de\/wp-json\/wp\/v2\/product\/18741\/revisions\/18742"}],"wp:featuredmedia":[{"embeddable":true,"href":"https:\/\/grapil.pl\/de\/wp-json\/wp\/v2\/media\/18743"}],"wp:attachment":[{"href":"https:\/\/grapil.pl\/de\/wp-json\/wp\/v2\/media?parent=18741"}],"wp:term":[{"taxonomy":"product_brand","embeddable":true,"href":"https:\/\/grapil.pl\/de\/wp-json\/wp\/v2\/product_brand?post=18741"},{"taxonomy":"product_cat","embeddable":true,"href":"https:\/\/grapil.pl\/de\/wp-json\/wp\/v2\/product_cat?post=18741"},{"taxonomy":"product_tag","embeddable":true,"href":"https:\/\/grapil.pl\/de\/wp-json\/wp\/v2\/product_tag?post=18741"}],"curies":[{"name":"wp","href":"https:\/\/api.w.org\/{rel}","templated":true}]}}