{"id":18744,"date":"2025-04-09T17:38:25","date_gmt":"2025-04-09T15:38:25","guid":{"rendered":"https:\/\/grapil.pl\/produkt\/maska-ochronna-smartmask-consorte-mch-3-50-szt\/"},"modified":"2025-04-09T17:38:35","modified_gmt":"2025-04-09T15:38:35","slug":"schutzmaske-smartmask-consorte-mch-3-50-stuck","status":"publish","type":"product","link":"https:\/\/grapil.pl\/de\/produkt\/schutzmaske-smartmask-consorte-mch-3-50-stuck\/","title":{"rendered":"Smartmask Consorte MCH-3 Schutzmaske 50 Stk."},"content":{"rendered":"<p>3-lagige Hygienemasken.<\/p>\n<p>Nur zur einmaligen Verwendung bestimmt<\/p>\n<p>Mit zwei Gummib\u00e4ndern hinter den Ohren befestigt.<\/p>","protected":false},"excerpt":{"rendered":"<p>3-lagige Hygienemasken. F\u00fcr den einmaligen Gebrauch konzipiert. Mit zwei Gummib\u00e4ndern hinter den Ohren befestigt.<\/p>","protected":false},"featured_media":18746,"template":"","meta":[],"product_brand":[],"product_cat":[86,99],"product_tag":[],"class_list":{"0":"post-18744","1":"product","2":"type-product","3":"status-publish","4":"has-post-thumbnail","6":"product_cat-sklepbhp","7":"product_cat-maseczki-ochronne","9":"first","10":"instock","11":"product-type-simple"},"yoast_head":"<!-- This site is optimized with the Yoast SEO plugin v25.3 - https:\/\/yoast.com\/wordpress\/plugins\/seo\/ -->\n<title>Maska ochronna Smartmask Consorte MCH-3 50 szt. - Grapil.pl \u2013 Profesjonalna Odzie\u017c S\u0142u\u017cbowa dla Bran\u017cy Kelnerskiej, HoReCa i Medycyny<\/title>\n<meta name=\"robots\" content=\"index, follow, max-snippet:-1, max-image-preview:large, max-video-preview:-1\" \/>\n<link rel=\"canonical\" href=\"https:\/\/grapil.pl\/de\/produkt\/schutzmaske-smartmask-consorte-mch-3-50-stuck\/\" \/>\n<meta property=\"og:locale\" content=\"de_DE\" \/>\n<meta property=\"og:type\" content=\"article\" \/>\n<meta property=\"og:title\" content=\"Maska ochronna Smartmask Consorte MCH-3 50 szt. - Grapil.pl \u2013 Profesjonalna Odzie\u017c S\u0142u\u017cbowa dla Bran\u017cy Kelnerskiej, HoReCa i Medycyny\" \/>\n<meta property=\"og:description\" content=\"Maseczki higieniczne 3 warstwowe. Przeznaczone do jednorazowego u\u017cytku Mocowana za uszami za pomoc\u0105 dw\u00f3ch gumek.\" \/>\n<meta property=\"og:url\" content=\"https:\/\/grapil.pl\/de\/produkt\/schutzmaske-smartmask-consorte-mch-3-50-stuck\/\" \/>\n<meta property=\"og:site_name\" content=\"Grapil.pl \u2013 Profesjonalna Odzie\u017c S\u0142u\u017cbowa dla Bran\u017cy Kelnerskiej, HoReCa i Medycyny\" \/>\n<meta property=\"article:modified_time\" content=\"2025-04-09T15:38:35+00:00\" \/>\n<meta property=\"og:image\" content=\"https:\/\/grapil.pl\/wp-content\/uploads\/2025\/04\/9748.jpg\" \/>\n\t<meta property=\"og:image:width\" content=\"2048\" \/>\n\t<meta property=\"og:image:height\" content=\"1584\" \/>\n\t<meta property=\"og:image:type\" content=\"image\/jpeg\" \/>\n<meta name=\"twitter:card\" content=\"summary_large_image\" \/>\n<script type=\"application\/ld+json\" class=\"yoast-schema-graph\">{\"@context\":\"https:\/\/schema.org\",\"@graph\":[{\"@type\":\"WebPage\",\"@id\":\"https:\/\/grapil.pl\/produkt\/maska-ochronna-smartmask-consorte-mch-3-50-szt\/\",\"url\":\"https:\/\/grapil.pl\/produkt\/maska-ochronna-smartmask-consorte-mch-3-50-szt\/\",\"name\":\"Maska ochronna Smartmask Consorte MCH-3 50 szt. - Grapil.pl \u2013 Profesjonalna Odzie\u017c S\u0142u\u017cbowa dla Bran\u017cy Kelnerskiej, HoReCa i Medycyny\",\"isPartOf\":{\"@id\":\"https:\/\/grapil.pl\/#website\"},\"primaryImageOfPage\":{\"@id\":\"https:\/\/grapil.pl\/produkt\/maska-ochronna-smartmask-consorte-mch-3-50-szt\/#primaryimage\"},\"image\":{\"@id\":\"https:\/\/grapil.pl\/produkt\/maska-ochronna-smartmask-consorte-mch-3-50-szt\/#primaryimage\"},\"thumbnailUrl\":\"https:\/\/grapil.pl\/wp-content\/uploads\/2025\/04\/9748.jpg\",\"datePublished\":\"2025-04-09T15:38:25+00:00\",\"dateModified\":\"2025-04-09T15:38:35+00:00\",\"breadcrumb\":{\"@id\":\"https:\/\/grapil.pl\/produkt\/maska-ochronna-smartmask-consorte-mch-3-50-szt\/#breadcrumb\"},\"inLanguage\":\"de\",\"potentialAction\":[{\"@type\":\"ReadAction\",\"target\":[\"https:\/\/grapil.pl\/produkt\/maska-ochronna-smartmask-consorte-mch-3-50-szt\/\"]}]},{\"@type\":\"ImageObject\",\"inLanguage\":\"de\",\"@id\":\"https:\/\/grapil.pl\/produkt\/maska-ochronna-smartmask-consorte-mch-3-50-szt\/#primaryimage\",\"url\":\"https:\/\/grapil.pl\/wp-content\/uploads\/2025\/04\/9748.jpg\",\"contentUrl\":\"https:\/\/grapil.pl\/wp-content\/uploads\/2025\/04\/9748.jpg\",\"width\":2048,\"height\":1584},{\"@type\":\"BreadcrumbList\",\"@id\":\"https:\/\/grapil.pl\/produkt\/maska-ochronna-smartmask-consorte-mch-3-50-szt\/#breadcrumb\",\"itemListElement\":[{\"@type\":\"ListItem\",\"position\":1,\"name\":\"Strona g\u0142\u00f3wna\",\"item\":\"https:\/\/grapil.pl\/\"},{\"@type\":\"ListItem\",\"position\":2,\"name\":\"sklep\",\"item\":\"https:\/\/grapil.pl\/sklep\/\"},{\"@type\":\"ListItem\",\"position\":3,\"name\":\"Maska ochronna Smartmask Consorte MCH-3 50 szt.\"}]},{\"@type\":\"WebSite\",\"@id\":\"https:\/\/grapil.pl\/#website\",\"url\":\"https:\/\/grapil.pl\/\",\"name\":\"Grapil.pl \u2013 Profesjonalna Odzie\u017c S\u0142u\u017cbowa dla Bran\u017cy Kelnerskiej, HoReCa i Medycyny\",\"description\":\"\",\"potentialAction\":[{\"@type\":\"SearchAction\",\"target\":{\"@type\":\"EntryPoint\",\"urlTemplate\":\"https:\/\/grapil.pl\/?s={search_term_string}\"},\"query-input\":{\"@type\":\"PropertyValueSpecification\",\"valueRequired\":true,\"valueName\":\"search_term_string\"}}],\"inLanguage\":\"de\"}]}<\/script>\n<!-- \/ Yoast SEO plugin. -->","yoast_head_json":{"title":"Maska ochronna Smartmask Consorte MCH-3 50 szt. - Grapil.pl \u2013 Profesjonalna Odzie\u017c S\u0142u\u017cbowa dla Bran\u017cy Kelnerskiej, HoReCa i Medycyny","robots":{"index":"index","follow":"follow","max-snippet":"max-snippet:-1","max-image-preview":"max-image-preview:large","max-video-preview":"max-video-preview:-1"},"canonical":"https:\/\/grapil.pl\/de\/produkt\/schutzmaske-smartmask-consorte-mch-3-50-stuck\/","og_locale":"de_DE","og_type":"article","og_title":"Maska ochronna Smartmask Consorte MCH-3 50 szt. - Grapil.pl \u2013 Profesjonalna Odzie\u017c S\u0142u\u017cbowa dla Bran\u017cy Kelnerskiej, HoReCa i Medycyny","og_description":"Maseczki higieniczne 3 warstwowe. Przeznaczone do jednorazowego u\u017cytku Mocowana za uszami za pomoc\u0105 dw\u00f3ch gumek.","og_url":"https:\/\/grapil.pl\/de\/produkt\/schutzmaske-smartmask-consorte-mch-3-50-stuck\/","og_site_name":"Grapil.pl \u2013 Profesjonalna Odzie\u017c S\u0142u\u017cbowa dla Bran\u017cy Kelnerskiej, HoReCa i Medycyny","article_modified_time":"2025-04-09T15:38:35+00:00","og_image":[{"width":2048,"height":1584,"url":"https:\/\/grapil.pl\/wp-content\/uploads\/2025\/04\/9748.jpg","type":"image\/jpeg"}],"twitter_card":"summary_large_image","schema":{"@context":"https:\/\/schema.org","@graph":[{"@type":"WebPage","@id":"https:\/\/grapil.pl\/produkt\/maska-ochronna-smartmask-consorte-mch-3-50-szt\/","url":"https:\/\/grapil.pl\/produkt\/maska-ochronna-smartmask-consorte-mch-3-50-szt\/","name":"Maska ochronna Smartmask Consorte MCH-3 50 szt. - Grapil.pl \u2013 Profesjonalna Odzie\u017c S\u0142u\u017cbowa dla Bran\u017cy Kelnerskiej, HoReCa i Medycyny","isPartOf":{"@id":"https:\/\/grapil.pl\/#website"},"primaryImageOfPage":{"@id":"https:\/\/grapil.pl\/produkt\/maska-ochronna-smartmask-consorte-mch-3-50-szt\/#primaryimage"},"image":{"@id":"https:\/\/grapil.pl\/produkt\/maska-ochronna-smartmask-consorte-mch-3-50-szt\/#primaryimage"},"thumbnailUrl":"https:\/\/grapil.pl\/wp-content\/uploads\/2025\/04\/9748.jpg","datePublished":"2025-04-09T15:38:25+00:00","dateModified":"2025-04-09T15:38:35+00:00","breadcrumb":{"@id":"https:\/\/grapil.pl\/produkt\/maska-ochronna-smartmask-consorte-mch-3-50-szt\/#breadcrumb"},"inLanguage":"de","potentialAction":[{"@type":"ReadAction","target":["https:\/\/grapil.pl\/produkt\/maska-ochronna-smartmask-consorte-mch-3-50-szt\/"]}]},{"@type":"ImageObject","inLanguage":"de","@id":"https:\/\/grapil.pl\/produkt\/maska-ochronna-smartmask-consorte-mch-3-50-szt\/#primaryimage","url":"https:\/\/grapil.pl\/wp-content\/uploads\/2025\/04\/9748.jpg","contentUrl":"https:\/\/grapil.pl\/wp-content\/uploads\/2025\/04\/9748.jpg","width":2048,"height":1584},{"@type":"BreadcrumbList","@id":"https:\/\/grapil.pl\/produkt\/maska-ochronna-smartmask-consorte-mch-3-50-szt\/#breadcrumb","itemListElement":[{"@type":"ListItem","position":1,"name":"Strona g\u0142\u00f3wna","item":"https:\/\/grapil.pl\/"},{"@type":"ListItem","position":2,"name":"sklep","item":"https:\/\/grapil.pl\/sklep\/"},{"@type":"ListItem","position":3,"name":"Maska ochronna Smartmask Consorte MCH-3 50 szt."}]},{"@type":"WebSite","@id":"https:\/\/grapil.pl\/#website","url":"https:\/\/grapil.pl\/","name":"Grapil.pl \u2013 Profesjonalna Odzie\u017c S\u0142u\u017cbowa dla Bran\u017cy Kelnerskiej, HoReCa i Medycyny","description":"","potentialAction":[{"@type":"SearchAction","target":{"@type":"EntryPoint","urlTemplate":"https:\/\/grapil.pl\/?s={search_term_string}"},"query-input":{"@type":"PropertyValueSpecification","valueRequired":true,"valueName":"search_term_string"}}],"inLanguage":"de"}]}},"_links":{"self":[{"href":"https:\/\/grapil.pl\/de\/wp-json\/wp\/v2\/product\/18744","targetHints":{"allow":["GET"]}}],"collection":[{"href":"https:\/\/grapil.pl\/de\/wp-json\/wp\/v2\/product"}],"about":[{"href":"https:\/\/grapil.pl\/de\/wp-json\/wp\/v2\/types\/product"}],"version-history":[{"count":1,"href":"https:\/\/grapil.pl\/de\/wp-json\/wp\/v2\/product\/18744\/revisions"}],"predecessor-version":[{"id":18745,"href":"https:\/\/grapil.pl\/de\/wp-json\/wp\/v2\/product\/18744\/revisions\/18745"}],"wp:featuredmedia":[{"embeddable":true,"href":"https:\/\/grapil.pl\/de\/wp-json\/wp\/v2\/media\/18746"}],"wp:attachment":[{"href":"https:\/\/grapil.pl\/de\/wp-json\/wp\/v2\/media?parent=18744"}],"wp:term":[{"taxonomy":"product_brand","embeddable":true,"href":"https:\/\/grapil.pl\/de\/wp-json\/wp\/v2\/product_brand?post=18744"},{"taxonomy":"product_cat","embeddable":true,"href":"https:\/\/grapil.pl\/de\/wp-json\/wp\/v2\/product_cat?post=18744"},{"taxonomy":"product_tag","embeddable":true,"href":"https:\/\/grapil.pl\/de\/wp-json\/wp\/v2\/product_tag?post=18744"}],"curies":[{"name":"wp","href":"https:\/\/api.w.org\/{rel}","templated":true}]}}