{"id":18769,"date":"2025-04-09T17:38:41","date_gmt":"2025-04-09T15:38:41","guid":{"rendered":"https:\/\/grapil.pl\/produkt\/bezrekawnik-roboczy-ocieplany\/"},"modified":"2025-10-13T07:56:26","modified_gmt":"2025-10-13T05:56:26","slug":"isolierte-arbeitsweste","status":"publish","type":"product","link":"https:\/\/grapil.pl\/de\/produkt\/isolierte-arbeitsweste\/","title":{"rendered":"Isolierte Arbeitsweste"},"content":{"rendered":"<h1>Isolierte Weste von ArtMas<\/h1>\n<p>Au\u00dfenmaterial aus 80% Polyester und 20% Baumwolle, Isolations-\u00a0<strong>Gewicht 180 g\/m2<\/strong>.<\/p>\n<h2>Merkmal:<\/h2>\n<ul>\n<li>mit Rei\u00dfverschluss und verdeckter Klappe mit Druckkn\u00f6pfen,<\/li>\n<li>mit einem Stehkragen unter dem Hals versehen,<\/li>\n<li><strong>Gummizug um die Schultern, der zus\u00e4tzlichen Schutz vor Wind bietet<\/strong>,<\/li>\n<li>Der Saum der Weste wird mithilfe von Gummib\u00e4ndern an der R\u00fcckseite der Weste, an den Seitenn\u00e4hten, angepasst.<\/li>\n<li><strong>10 funktionelle Au\u00dfentaschen<\/strong>, davon 4 mit Klettverschluss, 3 mit Rei\u00dfverschluss, 2 seitliche Einschubtaschen und 1 Stifttasche,<\/li>\n<li>1 Innentasche mit Klettverschluss,<\/li>\n<li>verl\u00e4ngerte R\u00fcckseite des \u00e4rmellosen Shirts.<\/li>\n<\/ul>\n<p>CE Kat.I EN ISO 13688:2013<\/p>","protected":false},"excerpt":{"rendered":"<h1>Isolierte Weste von ArtMas<\/h1>","protected":false},"featured_media":18771,"template":"","meta":[],"product_brand":[91],"product_cat":[86,92,122],"product_tag":[],"class_list":{"0":"post-18769","1":"product","2":"type-product","3":"status-publish","4":"has-post-thumbnail","6":"product_brand-artmas","7":"product_cat-sklepbhp","8":"product_cat-odziez-robocza","9":"product_cat-kamizelki","11":"first","12":"instock","13":"product-type-simple"},"yoast_head":"<!-- This site is optimized with the Yoast SEO plugin v25.3 - https:\/\/yoast.com\/wordpress\/plugins\/seo\/ -->\n<title>Bezr\u0119kawnik roboczy ocieplany - Grapil.pl \u2013 Profesjonalna Odzie\u017c S\u0142u\u017cbowa dla Bran\u017cy Kelnerskiej, HoReCa i Medycyny<\/title>\n<meta name=\"robots\" content=\"index, follow, max-snippet:-1, max-image-preview:large, max-video-preview:-1\" \/>\n<link rel=\"canonical\" href=\"https:\/\/grapil.pl\/de\/produkt\/isolierte-arbeitsweste\/\" \/>\n<meta property=\"og:locale\" content=\"de_DE\" \/>\n<meta property=\"og:type\" content=\"article\" \/>\n<meta property=\"og:title\" content=\"Bezr\u0119kawnik roboczy ocieplany - Grapil.pl \u2013 Profesjonalna Odzie\u017c S\u0142u\u017cbowa dla Bran\u017cy Kelnerskiej, HoReCa i Medycyny\" \/>\n<meta property=\"og:description\" content=\"Bezr\u0119kawnik ocieplany firmy ArtMas\" \/>\n<meta property=\"og:url\" content=\"https:\/\/grapil.pl\/de\/produkt\/isolierte-arbeitsweste\/\" \/>\n<meta property=\"og:site_name\" content=\"Grapil.pl \u2013 Profesjonalna Odzie\u017c S\u0142u\u017cbowa dla Bran\u017cy Kelnerskiej, HoReCa i Medycyny\" \/>\n<meta property=\"article:modified_time\" content=\"2025-10-13T05:56:26+00:00\" \/>\n<meta property=\"og:image\" content=\"https:\/\/grapil.pl\/wp-content\/uploads\/2025\/04\/9762.jpg\" \/>\n\t<meta property=\"og:image:width\" content=\"700\" \/>\n\t<meta property=\"og:image:height\" content=\"700\" \/>\n\t<meta property=\"og:image:type\" content=\"image\/png\" \/>\n<meta name=\"twitter:card\" content=\"summary_large_image\" \/>\n<script type=\"application\/ld+json\" class=\"yoast-schema-graph\">{\"@context\":\"https:\/\/schema.org\",\"@graph\":[{\"@type\":\"WebPage\",\"@id\":\"https:\/\/grapil.pl\/produkt\/bezrekawnik-roboczy-ocieplany\/\",\"url\":\"https:\/\/grapil.pl\/produkt\/bezrekawnik-roboczy-ocieplany\/\",\"name\":\"Bezr\u0119kawnik roboczy ocieplany - Grapil.pl \u2013 Profesjonalna Odzie\u017c S\u0142u\u017cbowa dla Bran\u017cy Kelnerskiej, HoReCa i Medycyny\",\"isPartOf\":{\"@id\":\"https:\/\/grapil.pl\/#website\"},\"primaryImageOfPage\":{\"@id\":\"https:\/\/grapil.pl\/produkt\/bezrekawnik-roboczy-ocieplany\/#primaryimage\"},\"image\":{\"@id\":\"https:\/\/grapil.pl\/produkt\/bezrekawnik-roboczy-ocieplany\/#primaryimage\"},\"thumbnailUrl\":\"https:\/\/grapil.pl\/wp-content\/uploads\/2025\/04\/9762.jpg\",\"datePublished\":\"2025-04-09T15:38:41+00:00\",\"dateModified\":\"2025-10-13T05:56:26+00:00\",\"breadcrumb\":{\"@id\":\"https:\/\/grapil.pl\/produkt\/bezrekawnik-roboczy-ocieplany\/#breadcrumb\"},\"inLanguage\":\"de\",\"potentialAction\":[{\"@type\":\"ReadAction\",\"target\":[\"https:\/\/grapil.pl\/produkt\/bezrekawnik-roboczy-ocieplany\/\"]}]},{\"@type\":\"ImageObject\",\"inLanguage\":\"de\",\"@id\":\"https:\/\/grapil.pl\/produkt\/bezrekawnik-roboczy-ocieplany\/#primaryimage\",\"url\":\"https:\/\/grapil.pl\/wp-content\/uploads\/2025\/04\/9762.jpg\",\"contentUrl\":\"https:\/\/grapil.pl\/wp-content\/uploads\/2025\/04\/9762.jpg\",\"width\":700,\"height\":700},{\"@type\":\"BreadcrumbList\",\"@id\":\"https:\/\/grapil.pl\/produkt\/bezrekawnik-roboczy-ocieplany\/#breadcrumb\",\"itemListElement\":[{\"@type\":\"ListItem\",\"position\":1,\"name\":\"Strona g\u0142\u00f3wna\",\"item\":\"https:\/\/grapil.pl\/\"},{\"@type\":\"ListItem\",\"position\":2,\"name\":\"sklep\",\"item\":\"https:\/\/grapil.pl\/sklep\/\"},{\"@type\":\"ListItem\",\"position\":3,\"name\":\"Bezr\u0119kawnik roboczy ocieplany\"}]},{\"@type\":\"WebSite\",\"@id\":\"https:\/\/grapil.pl\/#website\",\"url\":\"https:\/\/grapil.pl\/\",\"name\":\"Grapil.pl \u2013 Profesjonalna Odzie\u017c S\u0142u\u017cbowa dla Bran\u017cy Kelnerskiej, HoReCa i Medycyny\",\"description\":\"\",\"potentialAction\":[{\"@type\":\"SearchAction\",\"target\":{\"@type\":\"EntryPoint\",\"urlTemplate\":\"https:\/\/grapil.pl\/?s={search_term_string}\"},\"query-input\":{\"@type\":\"PropertyValueSpecification\",\"valueRequired\":true,\"valueName\":\"search_term_string\"}}],\"inLanguage\":\"de\"}]}<\/script>\n<!-- \/ Yoast SEO plugin. -->","yoast_head_json":{"title":"Bezr\u0119kawnik roboczy ocieplany - Grapil.pl \u2013 Profesjonalna Odzie\u017c S\u0142u\u017cbowa dla Bran\u017cy Kelnerskiej, HoReCa i Medycyny","robots":{"index":"index","follow":"follow","max-snippet":"max-snippet:-1","max-image-preview":"max-image-preview:large","max-video-preview":"max-video-preview:-1"},"canonical":"https:\/\/grapil.pl\/de\/produkt\/isolierte-arbeitsweste\/","og_locale":"de_DE","og_type":"article","og_title":"Bezr\u0119kawnik roboczy ocieplany - Grapil.pl \u2013 Profesjonalna Odzie\u017c S\u0142u\u017cbowa dla Bran\u017cy Kelnerskiej, HoReCa i Medycyny","og_description":"Bezr\u0119kawnik ocieplany firmy ArtMas","og_url":"https:\/\/grapil.pl\/de\/produkt\/isolierte-arbeitsweste\/","og_site_name":"Grapil.pl \u2013 Profesjonalna Odzie\u017c S\u0142u\u017cbowa dla Bran\u017cy Kelnerskiej, HoReCa i Medycyny","article_modified_time":"2025-10-13T05:56:26+00:00","og_image":[{"width":700,"height":700,"url":"https:\/\/grapil.pl\/wp-content\/uploads\/2025\/04\/9762.jpg","type":"image\/png"}],"twitter_card":"summary_large_image","schema":{"@context":"https:\/\/schema.org","@graph":[{"@type":"WebPage","@id":"https:\/\/grapil.pl\/produkt\/bezrekawnik-roboczy-ocieplany\/","url":"https:\/\/grapil.pl\/produkt\/bezrekawnik-roboczy-ocieplany\/","name":"Bezr\u0119kawnik roboczy ocieplany - Grapil.pl \u2013 Profesjonalna Odzie\u017c S\u0142u\u017cbowa dla Bran\u017cy Kelnerskiej, HoReCa i Medycyny","isPartOf":{"@id":"https:\/\/grapil.pl\/#website"},"primaryImageOfPage":{"@id":"https:\/\/grapil.pl\/produkt\/bezrekawnik-roboczy-ocieplany\/#primaryimage"},"image":{"@id":"https:\/\/grapil.pl\/produkt\/bezrekawnik-roboczy-ocieplany\/#primaryimage"},"thumbnailUrl":"https:\/\/grapil.pl\/wp-content\/uploads\/2025\/04\/9762.jpg","datePublished":"2025-04-09T15:38:41+00:00","dateModified":"2025-10-13T05:56:26+00:00","breadcrumb":{"@id":"https:\/\/grapil.pl\/produkt\/bezrekawnik-roboczy-ocieplany\/#breadcrumb"},"inLanguage":"de","potentialAction":[{"@type":"ReadAction","target":["https:\/\/grapil.pl\/produkt\/bezrekawnik-roboczy-ocieplany\/"]}]},{"@type":"ImageObject","inLanguage":"de","@id":"https:\/\/grapil.pl\/produkt\/bezrekawnik-roboczy-ocieplany\/#primaryimage","url":"https:\/\/grapil.pl\/wp-content\/uploads\/2025\/04\/9762.jpg","contentUrl":"https:\/\/grapil.pl\/wp-content\/uploads\/2025\/04\/9762.jpg","width":700,"height":700},{"@type":"BreadcrumbList","@id":"https:\/\/grapil.pl\/produkt\/bezrekawnik-roboczy-ocieplany\/#breadcrumb","itemListElement":[{"@type":"ListItem","position":1,"name":"Strona g\u0142\u00f3wna","item":"https:\/\/grapil.pl\/"},{"@type":"ListItem","position":2,"name":"sklep","item":"https:\/\/grapil.pl\/sklep\/"},{"@type":"ListItem","position":3,"name":"Bezr\u0119kawnik roboczy ocieplany"}]},{"@type":"WebSite","@id":"https:\/\/grapil.pl\/#website","url":"https:\/\/grapil.pl\/","name":"Grapil.pl \u2013 Profesjonalna Odzie\u017c S\u0142u\u017cbowa dla Bran\u017cy Kelnerskiej, HoReCa i Medycyny","description":"","potentialAction":[{"@type":"SearchAction","target":{"@type":"EntryPoint","urlTemplate":"https:\/\/grapil.pl\/?s={search_term_string}"},"query-input":{"@type":"PropertyValueSpecification","valueRequired":true,"valueName":"search_term_string"}}],"inLanguage":"de"}]}},"_links":{"self":[{"href":"https:\/\/grapil.pl\/de\/wp-json\/wp\/v2\/product\/18769","targetHints":{"allow":["GET"]}}],"collection":[{"href":"https:\/\/grapil.pl\/de\/wp-json\/wp\/v2\/product"}],"about":[{"href":"https:\/\/grapil.pl\/de\/wp-json\/wp\/v2\/types\/product"}],"version-history":[{"count":1,"href":"https:\/\/grapil.pl\/de\/wp-json\/wp\/v2\/product\/18769\/revisions"}],"predecessor-version":[{"id":18770,"href":"https:\/\/grapil.pl\/de\/wp-json\/wp\/v2\/product\/18769\/revisions\/18770"}],"wp:featuredmedia":[{"embeddable":true,"href":"https:\/\/grapil.pl\/de\/wp-json\/wp\/v2\/media\/18771"}],"wp:attachment":[{"href":"https:\/\/grapil.pl\/de\/wp-json\/wp\/v2\/media?parent=18769"}],"wp:term":[{"taxonomy":"product_brand","embeddable":true,"href":"https:\/\/grapil.pl\/de\/wp-json\/wp\/v2\/product_brand?post=18769"},{"taxonomy":"product_cat","embeddable":true,"href":"https:\/\/grapil.pl\/de\/wp-json\/wp\/v2\/product_cat?post=18769"},{"taxonomy":"product_tag","embeddable":true,"href":"https:\/\/grapil.pl\/de\/wp-json\/wp\/v2\/product_tag?post=18769"}],"curies":[{"name":"wp","href":"https:\/\/api.w.org\/{rel}","templated":true}]}}